{"id":10288,"date":"2026-02-23T07:24:49","date_gmt":"2026-02-23T07:24:49","guid":{"rendered":"https:\/\/support.alfaview.com\/?page_id=10288"},"modified":"2026-02-23T07:52:57","modified_gmt":"2026-02-23T07:52:57","slug":"generate-api-credentials","status":"publish","type":"page","link":"https:\/\/support.alfaview.com\/de\/developers\/generate-api-credentials\/","title":{"rendered":"API-Zugangsdaten generieren"},"content":{"rendered":"\n<p>Um Ihre API-Zugangsdaten zu generieren, gehen Sie wie folgt vor:<\/p>\n\n\n\n<div class=\"wp-block-columns is-layout-flex wp-container-core-columns-is-layout-9d6595d7 wp-block-columns-is-layout-flex\">\n<div class=\"wp-block-column is-layout-flow wp-block-column-is-layout-flow\" style=\"flex-basis:66.66%\">\n<ul class=\"wp-block-list\">\n<li>Melden Sie sich auf der&nbsp;<a href=\"https:\/\/support.alfaview.com\/de\/administration\/general\/adminstration-interface\/\">Verwaltungsoberfl\u00e4che<\/a>&nbsp;an.<\/li>\n\n\n\n<li>Klicken Sie im Men\u00fc auf der linken Seite auf <strong>Company<\/strong>.<\/li>\n\n\n\n<li>W\u00e4hlen Sie den Reiter <strong>API Keys<\/strong>.<\/li>\n\n\n\n<li>Geben Sie einen Namen in das Alias-Feld ein.<\/li>\n\n\n\n<li>Klicken Sie auf <button class=\"av-button av-button--primary\">Erstellen<\/button>.<\/li>\n\n\n\n<li>Speichern bzw. notieren Sie Alias, Code und Account ID.<\/li>\n\n\n\n<li>Nutzen Sie Alias, Code und Account ID, um sich in Ihrem API-Client zu authentifizieren.<\/li>\n<\/ul>\n<\/div>\n\n\n\n<div class=\"wp-block-column is-layout-flow wp-block-column-is-layout-flow\" style=\"flex-basis:33.33%\"><div class=\"wp-block-image\">\n<figure class=\"alignright size-full\"><a href=\"https:\/\/support.alfaview.com\/wp-content\/uploads\/2026\/02\/alfaview_api-key-generieren_de.png\"><img loading=\"lazy\" decoding=\"async\" width=\"780\" height=\"347\" src=\"https:\/\/support.alfaview.com\/wp-content\/uploads\/2026\/02\/alfaview_api-key-generieren_de.png\" alt=\"Unter dem Men\u00fcpunkt &quot;Company&quot; in der Verwaltungsoberfl\u00e4che k\u00f6nnen API-Zugangsdaten generiert werden.\" class=\"wp-image-10601\" srcset=\"https:\/\/support.alfaview.com\/wp-content\/uploads\/2026\/02\/alfaview_api-key-generieren_de.png 780w, https:\/\/support.alfaview.com\/wp-content\/uploads\/2026\/02\/alfaview_api-key-generieren_de-300x133.png 300w, https:\/\/support.alfaview.com\/wp-content\/uploads\/2026\/02\/alfaview_api-key-generieren_de-768x342.png 768w\" sizes=\"auto, (max-width: 780px) 100vw, 780px\" \/><\/a><figcaption class=\"wp-element-caption\">API-Zugangsdaten generieren<\/figcaption><\/figure>\n<\/div><\/div>\n<\/div>\n\n\n\n<h2 class=\"wp-block-heading\" class=\"wp-block-heading\" id=\"api-dokumentation\">API-Dokumentation<a href=\"#api-dokumentation\" class=\"av-heading-anchor\"><i class=\"bi bi-link\"><\/i><\/a><\/h2>\n\n\n\n<p>Unter <strong>API-Dokumentation<\/strong> finden Sie Links zu den aktuellen API-Versionen und zu den h\u00e4ufigsten <a href=\"https:\/\/apis.alfaview.com\/v2\/docs\/openapi\">Nutzungsm\u00f6glichkeiten<\/a> der API. Hier k\u00f6nnen Sie die Dokumentation au\u00dferdem herunterladen und daraus mit externen Tools Code generieren lassen, den Sie direkt zur Verwendung unserer API nutzen k\u00f6nnen.<\/p>\n\n\n\n<p><strong>OpenAPI 3.1<\/strong><\/p>\n\n\n\n<ul class=\"wp-block-list\">\n<li><a href=\"https:\/\/apis.alfaview.com\/v2\/docs\/openapi.json\">JSON<\/a><\/li>\n\n\n\n<li><a href=\"https:\/\/apis.alfaview.com\/v2\/docs\/openapi.yaml\">YAML<\/a><\/li>\n<\/ul>\n\n\n\n<p><strong>OpenAPI 3.0.3<\/strong><\/p>\n\n\n\n<ul class=\"wp-block-list\">\n<li><a href=\"https:\/\/apis.alfaview.com\/v2\/docs\/openapi-3.0.json\">JSON<\/a><\/li>\n\n\n\n<li><a href=\"https:\/\/apis.alfaview.com\/v2\/docs\/openapi-3.0.yaml\">YAML<\/a><\/li>\n<\/ul>\n\n\n\n<div class=\"wp-block-alfaview-callout\">\n<p>Wir empfehlen Ihnen, schon jetzt auf die neuere <strong><a href=\"https:\/\/apis.alfaview.com\/\">Version 2<\/a><\/strong> umzusteigen. In Version 1 stehen Ihnen nicht mehr alle Funktionen zur Verf\u00fcgung und es werden keine neuen Funktionen mehr hinzugef\u00fcgt.<strong> Version 1 wird im M\u00e4rz 2027 eingestellt.<\/strong><\/p>\n<\/div>\n\n\n\n<p><\/p>\n","protected":false},"excerpt":{"rendered":"<p>Um Ihre API-Zugangsdaten zu generieren, gehen Sie wie folgt vor: Melden Sie sich auf der&nbsp;Verwaltungsoberfl\u00e4che&nbsp;an. Klicken Sie im Men\u00fc auf der linken Seite auf Company. W\u00e4hlen Sie den Reiter API Keys. Geben Sie einen Namen [&hellip;]<\/p>\n","protected":false},"author":9,"featured_media":0,"parent":947,"menu_order":0,"comment_status":"closed","ping_status":"closed","template":"","meta":{"footnotes":""},"class_list":["post-10288","page","type-page","status-publish","hentry"],"_links":{"self":[{"href":"https:\/\/support.alfaview.com\/de\/wp-json\/wp\/v2\/pages\/10288","targetHints":{"allow":["GET"]}}],"collection":[{"href":"https:\/\/support.alfaview.com\/de\/wp-json\/wp\/v2\/pages"}],"about":[{"href":"https:\/\/support.alfaview.com\/de\/wp-json\/wp\/v2\/types\/page"}],"author":[{"embeddable":true,"href":"https:\/\/support.alfaview.com\/de\/wp-json\/wp\/v2\/users\/9"}],"replies":[{"embeddable":true,"href":"https:\/\/support.alfaview.com\/de\/wp-json\/wp\/v2\/comments?post=10288"}],"version-history":[{"count":8,"href":"https:\/\/support.alfaview.com\/de\/wp-json\/wp\/v2\/pages\/10288\/revisions"}],"predecessor-version":[{"id":10602,"href":"https:\/\/support.alfaview.com\/de\/wp-json\/wp\/v2\/pages\/10288\/revisions\/10602"}],"up":[{"embeddable":true,"href":"https:\/\/support.alfaview.com\/de\/wp-json\/wp\/v2\/pages\/947"}],"wp:attachment":[{"href":"https:\/\/support.alfaview.com\/de\/wp-json\/wp\/v2\/media?parent=10288"}],"curies":[{"name":"wp","href":"https:\/\/api.w.org\/{rel}","templated":true}]}}