{"id":10521,"date":"2026-02-24T07:11:15","date_gmt":"2026-02-24T07:11:15","guid":{"rendered":"https:\/\/support.alfaview.com\/?page_id=10521"},"modified":"2026-02-24T07:44:56","modified_gmt":"2026-02-24T07:44:56","slug":"release-notes-2025","status":"publish","type":"page","link":"https:\/\/support.alfaview.com\/de\/release-notes\/release-notes-2025\/","title":{"rendered":"Versionshinweise 2025"},"content":{"rendered":"\n<h2 class=\"wp-block-heading\" class=\"wp-block-heading\" id=\"alfaview-client-version-9-24-1-10-11-2025\">alfaview Client Version 9.24.1 (10.11.2025)<a href=\"#alfaview-client-version-9-24-1-10-11-2025\" class=\"av-heading-anchor\"><i class=\"bi bi-link\"><\/i><\/a><\/h2>\n\n\n\n<figure class=\"wp-block-table\"><table class=\"has-white-background-color has-background\"><tbody><tr><td class=\"has-text-align-left\" data-align=\"left\"><strong><strong><strong><strong><strong>Featu<\/strong><\/strong><\/strong><\/strong>re<\/strong><br><strong>Update<\/strong><\/td><td><strong>Automatischer Pause-Modus bei Bildschirmsperre<\/strong><br>Der Web-Client kann nun automatisch in den Pause-Modus wechseln, wenn der Bildschirm w\u00e4hrend eines Meetings gesperrt wird.<br>Diese Funktion kann in den Feature-Einstellungen aktiviert werden und wird in Chrome- und Edge-Browsern unterst\u00fctzt.<\/td><\/tr><tr><td class=\"has-text-align-left\" data-align=\"left\"><strong><strong><strong><strong><strong>Feature-Update<\/strong><\/strong><\/strong><\/strong><\/strong><\/td><td><strong>Hinweis auf geteilte Inhalte<\/strong><br>Im Web Client wird nun der Hinweis &#8222;Geteilte Inhalte anzeigen&#8220; eingeblendet, wenn die Bildschirmfreigabe aktiv aber nicht sichtbar ist. Durch das Klicken auf diesen Hinweis wird ein Fenster ge\u00f6ffnet.<\/td><\/tr><tr><td class=\"has-text-align-left\" data-align=\"left\"><strong>Feature-Update<\/strong><\/td><td><strong>Hinter den Kulissen<\/strong><br>Verbesserte Videoleistung und reduzierte CPU-Auslastung im Web Client.<\/td><\/tr><tr><td class=\"has-text-align-left\" data-align=\"left\"><strong>Behoben in <br>v9.24.0<\/strong><\/td><td><strong>Dolmetscher<\/strong><br>Problem behoben, bei dem andere Teilnehmende bei der Auswahl eines Dolmetschers nicht mehr stummgeschaltet wurden.<\/td><\/tr><tr><td class=\"has-text-align-left\" data-align=\"left\"><strong>Behoben in <br>v9.24.1<\/strong><\/td><td><strong>macOS-Aufzeichnungsfunktion<\/strong><br>Ein Problem wurde behoben, durch das die Aufzeichnungsfunktion unter macOS 26 nicht funktionierte.<\/td><\/tr><\/tbody><\/table><\/figure>\n\n\n\n<h2 class=\"wp-block-heading\" class=\"wp-block-heading\" id=\"alfaview-client-version-9-23-2-25-09-2025\">alfaview Client Version 9.23.2 (25.09.2025)<a href=\"#alfaview-client-version-9-23-2-25-09-2025\" class=\"av-heading-anchor\"><i class=\"bi bi-link\"><\/i><\/a><\/h2>\n\n\n\n<figure class=\"wp-block-table\"><table class=\"has-white-background-color has-background\"><tbody><tr><td class=\"has-text-align-left\" data-align=\"left\"><strong>Neues<\/strong><br><strong><strong><strong><strong><strong>Featu<\/strong><\/strong><\/strong><\/strong>re<\/strong><\/td><td><strong>Lokale Aufzeichnung &amp; Streaming<\/strong><br><a href=\"\/de\/?page_id=6488\" data-type=\"page\" data-id=\"6488\">Zeichnen Sie Meetings privat auf Ihrem Ger\u00e4t auf<\/a> oder <a href=\"\/de\/?page_id=6490\" data-type=\"page\" data-id=\"6490\">streamen<\/a> Sie sie direkt auf Ihren eigenen Server, YouTube, Twitch oder jeden anderen RTMP-f\u00e4higen Server.<\/td><\/tr><tr><td class=\"has-text-align-left\" data-align=\"left\"><strong><strong><strong><strong><strong>Feature-Update<\/strong><\/strong><\/strong><\/strong><\/strong><\/td><td><strong>Galerie-Ansicht mit Seitenwechsel<\/strong><br>Verbesserte Leistung f\u00fcr gro\u00dfe Meetings: Teilnehmende werden auf mehrere Seiten verteilt. Dadurch sinkt die Systemlast und wichtige Sprecher:innen bleiben im Blick.<\/td><\/tr><tr><td class=\"has-text-align-left\" data-align=\"left\"><strong>Feature-Update<\/strong><\/td><td><strong>Animierte Video-Kacheln<\/strong><br>Die neuen animierten B\u00fchnen-Kacheln erleichtern die Orientierung im Meeting-Raum. Sie sehen sofort, wenn Teilnehmende beitreten, den Raum verlassen oder zu VIPs bef\u00f6rdert werden.<\/td><\/tr><tr><td class=\"has-text-align-left\" data-align=\"left\"><strong>Feature<\/strong><br><strong>Update<\/strong><\/td><td><strong>Ein klarerer Ausstieg<\/strong><br>Um das Verlassen eines Raums noch einfacher zu machen, gibt es nun eine deutlichere und intuitivere Verlassen-Schaltfl\u00e4che. Wer lieber beim klassischen Design bleibt, kann dies in den Feature-Einstellungen ausw\u00e4hlen.<\/td><\/tr><tr><td class=\"has-text-align-left\" data-align=\"left\"><strong><strong><strong><strong><strong>Feature-Update<\/strong><\/strong><\/strong><\/strong><\/strong><\/td><td><strong>Ein frischer Anstrich<\/strong><br>Begr\u00fc\u00dfen Sie die neue alfaview-Markenfarbe und eine aktualisierte Farbpalette. Es ist das alfaview, das Sie kennen, nur klarer und mit besserem Kontrast f\u00fcr mehr Barrierefreiheit. Au\u00dferdem gibt es ein neues alfaview App-Icon.<\/td><\/tr><tr><td class=\"has-text-align-left\" data-align=\"left\"><strong><strong><strong><strong><strong>Feature-Update<\/strong><\/strong><\/strong><\/strong><\/strong><\/td><td><strong>Hinter den Kulissen<\/strong><br>Unterst\u00fctzung f\u00fcr Debian 13 (Linux): Entfernte Abh\u00e4ngigkeit vom&nbsp;<code>fonts-roboto-hinted<\/code>-Paket, wodurch Installation auf Debian 13-Systemen erm\u00f6glicht wird.<\/td><\/tr><tr><td class=\"has-text-align-left\" data-align=\"left\"><strong>Behoben in<br>v9.23.2<\/strong><\/td><td><strong><strong>Kamera- und Mikrofon-Berechtigungen unter macOS<\/strong><\/strong><br>Problem behoben, bei dem alfaview unter macOS keine Kamera- und Mikrofon-Berechtigungen anfordern konnte. Dadurch wurden die System-Berechtigung-Eingabeaufforderungen beim ersten Start der Anwendung wiederhergestellt.<\/td><\/tr><\/tbody><\/table><\/figure>\n\n\n\n<h2 class=\"wp-block-heading\" class=\"wp-block-heading\" id=\"alfaview-client-version-9-22-12-19-08-2025\">alfaview Client Version 9.22.12 (19.08.2025)<a href=\"#alfaview-client-version-9-22-12-19-08-2025\" class=\"av-heading-anchor\"><i class=\"bi bi-link\"><\/i><\/a><\/h2>\n\n\n\n<figure class=\"wp-block-table\"><table class=\"has-white-background-color has-background\"><tbody><tr><td class=\"has-text-align-left\" data-align=\"left\"><strong><strong><strong><strong><strong>Feature-Update<\/strong><\/strong><\/strong><\/strong><\/strong><\/td><td><strong>Verbesserte Audio-Latenz<\/strong><br>Sp\u00fcrbar reduzierte Verz\u00f6gerung bei der Sprachkommunikation. Bessere Audioqualit\u00e4t bei schlechten Netzwerkverbindungen.<\/td><\/tr><tr><td class=\"has-text-align-left\" data-align=\"left\"><strong><strong><strong><strong><strong>Feature-Update<\/strong><\/strong><\/strong><\/strong><\/strong><\/td><td><strong>Aufger\u00e4umtere Meeting-Liste<\/strong><br>Vergangene Meetings, denen man nicht mehr beitreten kann, werden nun automatisch nach 12 Stunden entfernt \u2013 f\u00fcr einen \u00fcbersichtlichen Zeitplan mit Fokus auf bevorstehende Ereignisse.<\/td><\/tr><tr><td class=\"has-text-align-left\" data-align=\"left\"><strong>Feature-Update<\/strong><\/td><td><strong>Neue visuelle Darstellung f\u00fcr gehobene H\u00e4nde<\/strong><br>Bei gehobener Hand erscheint nun ein gut sichtbares Hand-Emoji \u00fcber dem Videobild der jeweiligen Person. Heben mehrere Teilnehmende gleichzeitig die Hand, zeigt das Emoji zus\u00e4tzlich eine Nummer an, die ihre Position in der Warteschlange kennzeichnet.<\/td><\/tr><tr><td class=\"has-text-align-left\" data-align=\"left\"><strong>Feature<\/strong><br><strong>Update<\/strong><\/td><td><strong>Unterdr\u00fcckung von Bildschirmschonern<\/strong><br>Der Web-Client verhindert nun die Aktivierung von Bildschirmschonern w\u00e4hrend Meetings.<\/td><\/tr><tr><td class=\"has-text-align-left\" data-align=\"left\"><strong><strong><strong><strong><strong>Feature-Update<\/strong><\/strong><\/strong><\/strong><\/strong><\/td><td><strong>Allgemeine Leistungsverbesserungen<\/strong><br>Grundlegende Optimierungen auf allen unterst\u00fctzten Plattformen. Deutliche Leistungssteigerungen f\u00fcr den Web-Client. Schnellere App-Starts und Meetingbeitritte.<\/td><\/tr><tr><td class=\"has-text-align-left\" data-align=\"left\"><strong><strong><strong><strong><strong>Feature-Update<\/strong><\/strong><\/strong><\/strong><\/strong><\/td><td><strong>Verbesserungen beim Freigeben des Bildschirms<\/strong><br>Abst\u00fcrze und Einfrierungen w\u00e4hrend der Bildschirmfreigabe behoben.<br>Probleme bei der Audiofreigabe unter macOS gel\u00f6st. Probleme bei der Freigabe von Anwendungsfenstern von Google Chrome\/Microsoft Edge unter Windows behoben.<\/td><\/tr><tr><td class=\"has-text-align-left\" data-align=\"left\"><strong><strong><strong><strong><strong><strong>Feature-Update<\/strong><\/strong><\/strong><\/strong><\/strong><\/strong><\/td><td><strong><strong>Verbesserungen der Benutzeroberfl\u00e4che<\/strong><\/strong><br>Fl\u00fcssigere Navigation und \u00dcberg\u00e4nge zwischen Ansichten. Bessere Reaktionsf\u00e4higkeit von Dropdown-Men\u00fcs und Popups. Seltene Bildschirmflackern-Probleme behoben.<\/td><\/tr><tr><td class=\"has-text-align-left\" data-align=\"left\"><strong><strong><strong><strong><strong>Feature-Update<\/strong><\/strong><\/strong><\/strong><\/strong><\/td><td><strong>Verbesserte Barrierefreiheit<\/strong><br>Lesbarkeit und Verhalten von Tooltips optimiert<\/td><\/tr><tr><td class=\"has-text-align-left\" data-align=\"left\"><strong><strong><strong><strong><strong>Feature-Update<\/strong><\/strong><\/strong><\/strong><\/strong><\/td><td><strong>Aktualisierte Systemanforderungen<\/strong><br>Windows: 10 (1809) oder neuer.<br>macOS: 12 oder neuer.<br>iOS: 16 oder neuer.<br>Android: 9 oder neuer.<br>Linux: Ubuntu 22.04, Debian 11.6, Red Hat 8.6 und neuer.<\/td><\/tr><\/tbody><\/table><\/figure>\n\n\n\n<h2 class=\"wp-block-heading\" class=\"wp-block-heading\" id=\"alfaview-webclient-android-version-9-21-2-26-03-2025\">alfaview Webclient &amp; Android Version 9.21.2 (26.03.2025)<a href=\"#alfaview-webclient-android-version-9-21-2-26-03-2025\" class=\"av-heading-anchor\"><i class=\"bi bi-link\"><\/i><\/a><\/h2>\n\n\n\n<figure class=\"wp-block-table is-style-regular\"><table class=\"has-white-background-color has-background\"><tbody><tr><td class=\"has-text-align-left\" data-align=\"left\"><strong><strong><strong><strong>Gel\u00f6stes<\/strong><\/strong><\/strong><\/strong><br><strong><strong><strong><strong>Problem<\/strong><\/strong><\/strong><\/strong><\/td><td><strong>Android-Ger\u00e4te<br><\/strong>Wir haben eine Absturz behoben, der auf manchen Android-Ger\u00e4ten auftrat.<\/td><\/tr><\/tbody><\/table><\/figure>\n\n\n\n<h2 class=\"wp-block-heading\" class=\"wp-block-heading\" id=\"alfaview-verwaltung-25-03-2025\">alfaview Verwaltung (25.03.2025)<a href=\"#alfaview-verwaltung-25-03-2025\" class=\"av-heading-anchor\"><i class=\"bi bi-link\"><\/i><\/a><\/h2>\n\n\n\n<figure class=\"wp-block-table is-style-regular\"><table class=\"has-white-background-color has-background\"><tbody><tr><td class=\"has-text-align-left\" data-align=\"left\"><strong>Neues Feature<\/strong><\/td><td><strong>Anwesenheit in Meetings<\/strong><br>Als Moderator:in eines Meetings k\u00f6nnen Sie jetzt Anwesenheitslisten erstellen, um einen \u00dcberblick \u00fcber die Anwesenheit in Ihrem laufenden Meeting zu erhalten. Der Anwesenheitsbericht bietet eine detaillierte Dokumentation des gesamten Meetings oder eines bestimmten Zeitraums.<\/td><\/tr><\/tbody><\/table><\/figure>\n\n\n\n<h2 class=\"wp-block-heading\" class=\"wp-block-heading\" id=\"alfaview-client-version-9-21-1-13-03-2025\">alfaview Client Version 9.21.1 (13.03.2025)<a href=\"#alfaview-client-version-9-21-1-13-03-2025\" class=\"av-heading-anchor\"><i class=\"bi bi-link\"><\/i><\/a><\/h2>\n\n\n\n<figure class=\"wp-block-table is-style-regular\"><table class=\"has-white-background-color has-background\"><tbody><tr><td class=\"has-text-align-left\" data-align=\"left\"><strong><strong><strong><strong>Gel\u00f6stes<\/strong><\/strong><\/strong><\/strong><br><strong><strong><strong><strong>Problem<\/strong><\/strong><\/strong><\/strong><\/td><td><strong>Alle Plattformen<\/strong><br>Verbesserungen der Leistung, Benutzbarkeit und Stabilit\u00e4t.<\/td><\/tr><\/tbody><\/table><\/figure>\n\n\n\n<h2 class=\"wp-block-heading\" class=\"wp-block-heading\" id=\"alfaview-verwaltung-24-02-2025\">alfaview Verwaltung (24.02.2025)<a href=\"#alfaview-verwaltung-24-02-2025\" class=\"av-heading-anchor\"><i class=\"bi bi-link\"><\/i><\/a><\/h2>\n\n\n\n<figure class=\"wp-block-table\"><table><tbody><tr><td><strong>Feature-Update<\/strong><\/td><td><strong>Neues Design in der Verwaltung<\/strong><br>Das Design der Verwaltung von Gruppen- und Gastlinks wurde aktualisiert, um die Handhabung zu erleichtern.<\/td><\/tr><tr><td><strong>Feature-Update<\/strong><\/td><td><strong>Gruppenlinks<\/strong><br>Ein neu erstellter Gruppenlink verf\u00e4llt jetzt automatisch nach 24 Stunden. Die G\u00fcltigkeitsdauer kann bei der Erstellung angepasst werden.<\/td><\/tr><\/tbody><\/table><\/figure>\n\n\n\n<h2 class=\"wp-block-heading\" class=\"wp-block-heading\" id=\"alfaview-client-version-9-21-0-10-02-2025\">alfaview Client Version 9.21.0 (10.02.2025)<a href=\"#alfaview-client-version-9-21-0-10-02-2025\" class=\"av-heading-anchor\"><i class=\"bi bi-link\"><\/i><\/a><\/h2>\n\n\n\n<figure class=\"wp-block-table\"><table><tbody><tr><td><strong>Neues Feature<\/strong><\/td><td><strong>Digitaler Dolmetscher<\/strong><br>Mit der neuen Transkriptionsfunktion <a href=\"\/de\/?page_id=5388\">Digitaler Dolmetscher<\/a> k\u00f6nnen die Teilnehmenden jetzt w\u00e4hrend eines Meetings ihre eigene Sprache sprechen.<\/td><\/tr><tr><td><strong>Neues Feature<\/strong><\/td><td><strong>Host Tools<\/strong><br>Die Raum-Features k\u00f6nnen nun auch innerhalb des alfaview-Raums im Statusmen\u00fc \u00fcber die Gastgeberwerkzeuge, Host-Tools, aufgerufen werden.<\/td><\/tr><tr><td><strong>Neues Feature<\/strong><\/td><td><strong>Konfetti-Effekte<\/strong><br>Moderierende k\u00f6nnen jetzt Konfetti-Feiern ausl\u00f6sen, die f\u00fcr alle Teilnehmenden sichtbar sind. Die Schaltfl\u00e4che zur Aktivierung des Konfettis ist ausschlie\u00dflich f\u00fcr Moderierende verf\u00fcgbar.<br>Diese Funktion ist standardm\u00e4\u00dfig aktiviert, kann aber in den&nbsp;<a href=\"https:\/\/support.alfaview.com\/de\/alfaview-app\/alfaview-room\/primary-and-secondary-controls\/settings\/\">Einstellungen<\/a>&nbsp;deaktiviert werden.<\/td><\/tr><tr><td><strong>Feature-Update<\/strong><\/td><td><strong>Neues entdecken<\/strong><br>Der Bereich&nbsp;<a href=\"https:\/\/support.alfaview.com\/de\/alfaview-app\/alfaview-room\/primary-and-secondary-controls\/settings\/#neues-entdecken\">Neues entdecken<\/a>&nbsp;wurde \u00fcberarbeitet und enth\u00e4lt jetzt die neuesten Versionshinweise und Nachrichten von alfaview \u2013 ab sofort auch in der Update-Ansicht verf\u00fcgbar.<\/td><\/tr><tr><td><strong>Feature-Update<\/strong><\/td><td><strong>Personen in der Pause hervorheben<\/strong><br>Personen in der Pause werden nun farblich auf der B\u00fchne gekennzeichnet.<\/td><\/tr><tr><td><strong>Feature-Update<\/strong><\/td><td><strong>Virtuelle Hintergr\u00fcnde<\/strong><br>Die Funktion \u201e<a href=\"https:\/\/support.alfaview.com\/de\/alfaview-app\/alfaview-room\/primary-and-secondary-controls\/settings\/video-settings\/#virtuelle-hintergruende\">Virtuelle Hintergr\u00fcnde<\/a>\u201c ist jetzt auch unter Linux und Mac standardm\u00e4\u00dfig aktiviert. Wir haben die Qualit\u00e4t des Weichzeichnungseffektes bei Verwendung des virtuellen Hintergrundfilters verbessert.<\/td><\/tr><tr><td><strong>Feature-Update<\/strong><\/td><td><strong>Dynamische Skalierung der Teilnehmervideos<\/strong><br>Die Miniaturansichten in der Sprecheransicht passen sich nun automatisch an.<br>Die bisherige Option zum manuellen Anpassen der Gr\u00f6\u00dfe der Miniaturansichten wurde entfernt.<\/td><\/tr><tr><td><strong>Feature-Update<\/strong><\/td><td><strong>\u201eZeige mich zuerst\u201c in der Sprecheransicht<\/strong><br>Eine neue Einstellung erm\u00f6glicht es, ihr eigenes Video in der Sprecheransicht zu priorisieren. Diese Option kann in den&nbsp;<a href=\"https:\/\/support.alfaview.com\/de\/alfaview-app\/alfaview-room\/primary-and-secondary-controls\/settings\/\">Einstellungen<\/a>&nbsp;aktiviert werden, um sich selbst immer zuerst in der Sprecheransicht zu sehen.<\/td><\/tr><tr><td><strong>Technisches Update<\/strong><\/td><td><strong>Lautsprecherauswahl im Webclient<br><\/strong>Der alfaview-Webclient unterst\u00fctzt ab jetzt die Auswahl des Lautsprecherausgabeger\u00e4ts in allen Browsern.<\/td><\/tr><tr><td><strong>Technisches Update<\/strong><\/td><td><strong>Videoqualit\u00e4t<\/strong><br>Verbesserte Videoqualit\u00e4t f\u00fcr bis zu 12 Teilnehmer f\u00fcr ein fl\u00fcssigeres Meeting-Erlebnis. Die verbesserte Videoqualit\u00e4t ist jetzt auch in Chromium-basierten Browsern verf\u00fcgbar.<\/td><\/tr><tr><td><strong>Technisches Update<\/strong><\/td><td><strong>Verbesserte Unterst\u00fctzung f\u00fcr Headsets unter Android<\/strong><br>alfaview unterst\u00fctzt jetzt Bluetooth-Headset-Mikrofone auf Android 12+ Ger\u00e4ten und bietet verbesserte Einstellungen f\u00fcr die Auswahl von Audioger\u00e4ten.<\/td><\/tr><\/tbody><\/table><\/figure>\n\n\n\n<h2 class=\"wp-block-heading\" class=\"wp-block-heading\" id=\"alfaview-client-version-9-20-0-08-01-2025\">alfaview Client Version 9.20.0 (08.01.2025)<a href=\"#alfaview-client-version-9-20-0-08-01-2025\" class=\"av-heading-anchor\"><i class=\"bi bi-link\"><\/i><\/a><\/h2>\n\n\n\n<figure class=\"wp-block-table\"><table><tbody><tr><td><strong>Neues Feature<\/strong><\/td><td><strong><strong>Virtuelle Hintergr\u00fcnde<\/strong><\/strong><br>Die Funktion <a href=\"https:\/\/support.alfaview.com\/de\/alfaview-app\/alfaview-room\/primary-and-secondary-controls\/settings\/video-settings\/#virtuelle-hintergruende\">Virtuelle Hintergr\u00fcnde<\/a> in alfaview erm\u00f6glicht es Ihnen, ein Hintergrundbild aus einer kuratierten Sammlung auszuw\u00e4hlen oder sich f\u00fcr einen Farbverlauf oder eine einfarbige Hintergrundfarbe zu entscheiden. Dar\u00fcber hinaus wurde die Hintergrund-Unsch\u00e4rfe-Funktion verbessert und die Benutzeroberfl\u00e4che neu gestaltet, um ein intuitiveres und benutzerfreundlicheres Erlebnis zu bieten. Diese Funktion gew\u00e4hrleistet Privatsph\u00e4re und hilft Ihnen, w\u00e4hrend Besprechungen ein einheitliches und professionelles Erscheinungsbild zu bewahren.<br>Dieses Feature ist im alfaview Desktop-Client unter Windows standardm\u00e4\u00dfig verf\u00fcgbar und kann auf macOS und Linux \u00fcber die&nbsp;<a href=\"https:\/\/support.alfaview.com\/de\/alfaview-app\/alfaview-room\/primary-and-secondary-controls\/settings\/#feature-vorschau\">Feature-Vorschau<\/a>&nbsp;eingeschaltet werden.<\/td><\/tr><\/tbody><\/table><\/figure>\n","protected":false},"excerpt":{"rendered":"<p>alfaview Client Version 9.24.1 (10.11.2025) FeatureUpdate Automatischer Pause-Modus bei BildschirmsperreDer Web-Client kann nun automatisch in den Pause-Modus wechseln, wenn der Bildschirm w\u00e4hrend eines Meetings gesperrt wird.Diese Funktion kann in den Feature-Einstellungen aktiviert werden und wird [&hellip;]<\/p>\n","protected":false},"author":9,"featured_media":0,"parent":1746,"menu_order":8,"comment_status":"closed","ping_status":"closed","template":"","meta":{"footnotes":""},"class_list":["post-10521","page","type-page","status-publish","hentry"],"_links":{"self":[{"href":"https:\/\/support.alfaview.com\/de\/wp-json\/wp\/v2\/pages\/10521","targetHints":{"allow":["GET"]}}],"collection":[{"href":"https:\/\/support.alfaview.com\/de\/wp-json\/wp\/v2\/pages"}],"about":[{"href":"https:\/\/support.alfaview.com\/de\/wp-json\/wp\/v2\/types\/page"}],"author":[{"embeddable":true,"href":"https:\/\/support.alfaview.com\/de\/wp-json\/wp\/v2\/users\/9"}],"replies":[{"embeddable":true,"href":"https:\/\/support.alfaview.com\/de\/wp-json\/wp\/v2\/comments?post=10521"}],"version-history":[{"count":3,"href":"https:\/\/support.alfaview.com\/de\/wp-json\/wp\/v2\/pages\/10521\/revisions"}],"predecessor-version":[{"id":10616,"href":"https:\/\/support.alfaview.com\/de\/wp-json\/wp\/v2\/pages\/10521\/revisions\/10616"}],"up":[{"embeddable":true,"href":"https:\/\/support.alfaview.com\/de\/wp-json\/wp\/v2\/pages\/1746"}],"wp:attachment":[{"href":"https:\/\/support.alfaview.com\/de\/wp-json\/wp\/v2\/media?parent=10521"}],"curies":[{"name":"wp","href":"https:\/\/api.w.org\/{rel}","templated":true}]}}