{"id":10531,"date":"2026-03-10T15:06:58","date_gmt":"2026-03-10T15:06:58","guid":{"rendered":"https:\/\/support.alfaview.com\/?page_id=10531"},"modified":"2026-04-01T06:20:54","modified_gmt":"2026-04-01T06:20:54","slug":"file-sharing","status":"publish","type":"page","link":"https:\/\/support.alfaview.com\/de\/alfaview-app\/alfaview-room\/primary-and-secondary-controls\/file-sharing\/","title":{"rendered":"File Sharing"},"content":{"rendered":"\n<div class=\"wp-block-alfaview-callout\">\n<p><strong>Bevor Sie beginnen<\/strong><br>Die Funktion File Sharing ist f\u00fcr neu eingerichtete Company-Accounts standardm\u00e4\u00dfig deaktiviert. Wenn Sie die Funktion nutzen m\u00f6chten, muss diese in den <a href=\"https:\/\/support.alfaview.com\/de\/administration\/company\/account-management\/#features\">Company-Einstellungen<\/a> von einem Benutzer mit der Berechtigung &#8222;Company-Einstellungen verwalten&#8220; ausdr\u00fccklich aktiviert werden.<\/p>\n<\/div>\n\n\n\n<p>File Sharing erm\u00f6glicht es Ihnen, Dateien mit anderen Personen im alfaview-Raum auszutauschen.<\/p>\n\n\n\n<ul class=\"wp-block-list\">\n<li><a href=\"#file-sharing-menue\">File Sharing Men\u00fc<\/a><\/li>\n\n\n\n<li><a href=\"#dateien-hochladen\">Dateien hochladen<\/a><\/li>\n\n\n\n<li><a href=\"#dateien-herunterladen\">Dateien herunterladen<\/a><\/li>\n\n\n\n<li><a href=\"#sortieren-und-gruppieren\">Sortieren und gruppieren<\/a><\/li>\n\n\n\n<li><a href=\"#moderator-optionen\">Moderator-Optionen<\/a><\/li>\n\n\n\n<li><a href=\"#administrator-optionen\">Administrator-Optionen<\/a><\/li>\n<\/ul>\n\n\n\n<h2 class=\"wp-block-heading\" class=\"wp-block-heading\" id=\"file-sharing-menue\">File Sharing Men\u00fc<a href=\"#file-sharing-menue\" class=\"av-heading-anchor\"><i class=\"bi bi-link\"><\/i><\/a><\/h2>\n\n\n\n<div class=\"wp-block-columns is-layout-flex wp-container-core-columns-is-layout-9d6595d7 wp-block-columns-is-layout-flex\">\n<div class=\"wp-block-column is-layout-flow wp-block-column-is-layout-flow\" style=\"flex-basis:66.66%\">\n<div class=\"wp-block-columns are-vertically-aligned-top is-not-stacked-on-mobile is-layout-flex wp-container-core-columns-is-layout-9d6595d7 wp-block-columns-is-layout-flex\">\n<div class=\"wp-block-column is-vertically-aligned-top is-layout-flow wp-block-column-is-layout-flow\" style=\"flex-basis:50px\">\n<button class=\"wp-block-alfaview-button av-button-main-menu av-button-grey\" disabled aria-hidden=\"true\"><i class=\"icon icon-ic_account_upload_box_24dp\"><\/i><\/button>\n<\/div>\n\n\n\n<div class=\"wp-block-column is-vertically-aligned-top is-layout-flow wp-block-column-is-layout-flow\">\n<p>Klicken Sie auf das <strong>File Sharing<\/strong> Symbol im Funktionsmen\u00fc oben rechts, um das File Sharing Men\u00fc zu \u00f6ffnen.<\/p>\n<\/div>\n<\/div>\n\n\n\n<div class=\"wp-block-alfaview-callout\">\n<p>Wenn die Funktion File Sharing nicht sichtbar ist, muss diese zun\u00e4chst von Moderator:innen oder Adminstrator:innen \u00fcber die <a href=\"https:\/\/support.alfaview.com\/de\/administration\/room-management\/room-features\/\">Raumverwaltung<\/a> oder die Host-Tools aktiviert werden.<\/p>\n<\/div>\n<\/div>\n\n\n\n<div class=\"wp-block-column is-layout-flow wp-block-column-is-layout-flow\" style=\"flex-basis:33.33%\"><div class=\"wp-block-image\">\n<figure class=\"alignright size-full\"><a href=\"https:\/\/support.alfaview.com\/wp-content\/uploads\/2026\/02\/alfaview_file-sharing_de.png\"><img loading=\"lazy\" decoding=\"async\" width=\"400\" height=\"861\" src=\"https:\/\/support.alfaview.com\/wp-content\/uploads\/2026\/02\/alfaview_file-sharing_de.png\" alt=\"File Sharing Men\u00fc im alfaview Raum.\" class=\"wp-image-10541\" srcset=\"https:\/\/support.alfaview.com\/wp-content\/uploads\/2026\/02\/alfaview_file-sharing_de.png 400w, https:\/\/support.alfaview.com\/wp-content\/uploads\/2026\/02\/alfaview_file-sharing_de-139x300.png 139w\" sizes=\"auto, (max-width: 400px) 100vw, 400px\" \/><\/a><figcaption class=\"wp-element-caption\">File Sharing<\/figcaption><\/figure>\n<\/div><\/div>\n<\/div>\n\n\n\n<h2 class=\"wp-block-heading\" class=\"wp-block-heading\" id=\"dateien-hochladen\">Dateien hochladen<a href=\"#dateien-hochladen\" class=\"av-heading-anchor\"><i class=\"bi bi-link\"><\/i><\/a><\/h2>\n\n\n\n<div class=\"wp-block-columns is-layout-flex wp-container-core-columns-is-layout-9d6595d7 wp-block-columns-is-layout-flex\">\n<div class=\"wp-block-column is-layout-flow wp-block-column-is-layout-flow\" style=\"flex-basis:66.66%\">\n<ul class=\"wp-block-list\">\n<li>\u00d6ffnen Sie im File Sharing den Reiter <strong>Teilnehmende<\/strong>. <\/li>\n<\/ul>\n\n\n\n<div class=\"wp-block-alfaview-callout\">\n<p>Als Moderator:in k\u00f6nnen Sie Dateien auch im Reiter <strong>Moderierende<\/strong> ablegen. Teilnehmende k\u00f6nnen unter diesem Reiter nur durch Moderator:innen kuratiertes Material herunterladen.<\/p>\n<\/div>\n\n\n\n<ul class=\"wp-block-list\">\n<li>Ziehen Sie eine oder gleich mehrere Dateien per Drag-and-Drop in das Fenster. Alternativ klicken Sie unten rechts auf <button class=\"av-button--primary av-button\">Hochladen<\/button> . Es \u00f6ffnet sich der Dokumentenordner auf Ihrem PC. W\u00e4hlen Sie die gew\u00fcnschte Datei mit einem Doppelklick aus oder klicken Sie auf die Datei und dann auf &#8222;\u00d6ffnen&#8220;.<\/li>\n\n\n\n<li>Es \u00f6ffnet sich das Fenster <strong>\u00dcbertragungen<\/strong>, in dem Sie den Upload-Fortschritt f\u00fcr jede Datei live nachverfolgen k\u00f6nnen.<\/li>\n\n\n\n<li>Sobald der Upload erfolgreich abgeschlossen ist, ist die Datei f\u00fcr alle Personen im Raum im File Sharing sichtbar.<\/li>\n<\/ul>\n\n\n\n<div class=\"wp-block-alfaview-callout\">\n<p>Pro Raum k\u00f6nnen maximal 500 Dateien (insgesamt maximal 1 GB) im File Sharing abgelegt werden. Die Dateien haben kein Ablaufdatum, sondern bleiben bis zur L\u00f6schung im File Share.<\/p>\n<\/div>\n\n\n\n<div class=\"wp-block-alfaview-callout\">\n<p>In den <a href=\"https:\/\/support.alfaview.com\/de\/alfaview-app\/alfaview-room\/primary-and-secondary-controls\/settings\/#file-sharing\">Feature-Einstellungen<\/a>, k\u00f6nnen Sie die Upload-Geschwindigkeit begrenzen.<\/p>\n<\/div>\n<\/div>\n\n\n\n<div class=\"wp-block-column is-layout-flow wp-block-column-is-layout-flow\" style=\"flex-basis:33.33%\"><div class=\"wp-block-image\">\n<figure class=\"alignright size-full\"><a href=\"https:\/\/support.alfaview.com\/wp-content\/uploads\/2026\/03\/alfaview_file-sharing_uebertragung_upload-download_de.png\"><img loading=\"lazy\" decoding=\"async\" width=\"400\" height=\"927\" src=\"https:\/\/support.alfaview.com\/wp-content\/uploads\/2026\/03\/alfaview_file-sharing_uebertragung_upload-download_de.png\" alt=\"File Sharing in alfaview. Uploads und Downloads werden im \u00dcbertragungen-Fenster dargestellt.\" class=\"wp-image-10807\" srcset=\"https:\/\/support.alfaview.com\/wp-content\/uploads\/2026\/03\/alfaview_file-sharing_uebertragung_upload-download_de.png 400w, https:\/\/support.alfaview.com\/wp-content\/uploads\/2026\/03\/alfaview_file-sharing_uebertragung_upload-download_de-129x300.png 129w\" sizes=\"auto, (max-width: 400px) 100vw, 400px\" \/><\/a><figcaption class=\"wp-element-caption\">Dateien hochladen im File Sharing<\/figcaption><\/figure>\n<\/div><\/div>\n<\/div>\n\n\n\n<h2 class=\"wp-block-heading\" class=\"wp-block-heading\" id=\"dateien-herunterladen\">Dateien herunterladen<a href=\"#dateien-herunterladen\" class=\"av-heading-anchor\"><i class=\"bi bi-link\"><\/i><\/a><\/h2>\n\n\n\n<div class=\"wp-block-columns is-layout-flex wp-container-core-columns-is-layout-9d6595d7 wp-block-columns-is-layout-flex\">\n<div class=\"wp-block-column is-layout-flow wp-block-column-is-layout-flow\" style=\"flex-basis:66.66%\">\n<ul class=\"wp-block-list\">\n<li>\u00d6ffnen Sie das File Sharing und w\u00e4hlen Sie zwischen den Reitern <strong>Moderierende<\/strong> (durch Moderation kuratiertes Material) und <strong>Teilnehmende<\/strong> (von Teilnehmenden hochgeladenes Material).<\/li>\n\n\n\n<li>Suchen Sie die gew\u00fcnschte Datei in der Liste und klicken Sie auf das Download-Symbol rechts neben der Datei.<\/li>\n\n\n\n<li>Es \u00f6ffnet sich das Fenster &#8222;\u00dcbertragungen&#8220;, in dem Sie den Download-Fortschritt nachverfolgen k\u00f6nnen. <\/li>\n\n\n\n<li>Sobald die Datei heruntergeladen ist, k\u00f6nnen Sie sie mit einem Klick auf <button class=\"av-button--primary av-button\">\u00d6ffnen<\/button> direkt \u00f6ffnen. Mit einem Klick auf das Ordnersymbol \u00f6ffnet sich der Speicherort der Datei.<\/li>\n<\/ul>\n\n\n\n<div class=\"wp-block-alfaview-callout\">\n<p>Sie k\u00f6nnen auch mehrere Dateien auf einmal herunterladen. Sobald Sie einen Dateinamen anklicken, erscheinen Checkboxen vor den Dateien. Alle Dateien mit aktivierten Checkboxen werden gleichzeitig mit einem Klick auf <button class=\"av-button--primary av-button\">Download<\/button> heruntergeladen. <\/p>\n\n\n\n<p>Aktivieren Sie die Checkbox vor &#8222;Dateien von Teilnehmenden&#8220; bzw. &#8222;Dateien von Moderierenden&#8220; so werden alle Dateien ausgew\u00e4hlt, die zur Auswahl passen.<\/p>\n<\/div>\n<\/div>\n\n\n\n<div class=\"wp-block-column is-layout-flow wp-block-column-is-layout-flow\" style=\"flex-basis:33.33%\"><div class=\"wp-block-image\">\n<figure class=\"alignright size-full\"><a href=\"https:\/\/support.alfaview.com\/wp-content\/uploads\/2026\/03\/alfaview_file-sharing_download_uebertragung_de.png\"><img loading=\"lazy\" decoding=\"async\" width=\"400\" height=\"948\" src=\"https:\/\/support.alfaview.com\/wp-content\/uploads\/2026\/03\/alfaview_file-sharing_download_uebertragung_de.png\" alt=\"Im File Sharing k\u00f6nnen Dateien heruntergeladen werden. Unterteilt ist das File Sharing in Moderierende und Teilnehmende.\" class=\"wp-image-10808\" srcset=\"https:\/\/support.alfaview.com\/wp-content\/uploads\/2026\/03\/alfaview_file-sharing_download_uebertragung_de.png 400w, https:\/\/support.alfaview.com\/wp-content\/uploads\/2026\/03\/alfaview_file-sharing_download_uebertragung_de-127x300.png 127w\" sizes=\"auto, (max-width: 400px) 100vw, 400px\" \/><\/a><figcaption class=\"wp-element-caption\">Dateien herunterladen<\/figcaption><\/figure>\n<\/div><\/div>\n<\/div>\n\n\n\n<h3 class=\"wp-block-heading\" class=\"wp-block-heading\" id=\"sortieren-und-gruppieren\">Sortieren und gruppieren<a href=\"#sortieren-und-gruppieren\" class=\"av-heading-anchor\"><i class=\"bi bi-link\"><\/i><\/a><\/h3>\n\n\n\n<div class=\"wp-block-columns is-layout-flex wp-container-core-columns-is-layout-9d6595d7 wp-block-columns-is-layout-flex\">\n<div class=\"wp-block-column is-layout-flow wp-block-column-is-layout-flow\" style=\"flex-basis:66.66%\">\n<p>F\u00fcr eine bessere \u00dcbersicht, k\u00f6nnen Sie die Dateien im File Sharing sortieren und gruppieren.<\/p>\n\n\n\n<p>Dabei stehen Ihnen die folgenden Optionen zur Verf\u00fcgung:<\/p>\n\n\n\n<ul class=\"wp-block-list\">\n<li>Sortierung nach Datum des Uploads<\/li>\n\n\n\n<li>Sortierung nach Name der Datei<\/li>\n\n\n\n<li>Sortierung nach Gr\u00f6\u00dfe der Datei<\/li>\n<\/ul>\n\n\n\n<div style=\"height:30px\" aria-hidden=\"true\" class=\"wp-block-spacer\"><\/div>\n\n\n\n<ul class=\"wp-block-list\">\n<li>Gruppierung nach Uploader<\/li>\n\n\n\n<li>Gruppierung nach Gruppe<\/li>\n\n\n\n<li>Gruppierung nach Dateityp<\/li>\n<\/ul>\n<\/div>\n\n\n\n<div class=\"wp-block-column is-layout-flow wp-block-column-is-layout-flow\" style=\"flex-basis:33.33%\"><div class=\"wp-block-image\">\n<figure class=\"alignright size-full\"><a href=\"https:\/\/support.alfaview.com\/wp-content\/uploads\/2026\/02\/alfaview_file-sharing_sortiert_de.png\"><img loading=\"lazy\" decoding=\"async\" width=\"400\" height=\"881\" src=\"https:\/\/support.alfaview.com\/wp-content\/uploads\/2026\/02\/alfaview_file-sharing_sortiert_de.png\" alt=\"Die Dateien k\u00f6nnen von jeder Person im Raum nach Datum, Name oder Gr\u00f6\u00dfe sortiert und nach Dateityp oder Uploader gruppiert werden.\" class=\"wp-image-10681\" srcset=\"https:\/\/support.alfaview.com\/wp-content\/uploads\/2026\/02\/alfaview_file-sharing_sortiert_de.png 400w, https:\/\/support.alfaview.com\/wp-content\/uploads\/2026\/02\/alfaview_file-sharing_sortiert_de-136x300.png 136w\" sizes=\"auto, (max-width: 400px) 100vw, 400px\" \/><\/a><figcaption class=\"wp-element-caption\">Sortieren und gruppieren von Dateien<\/figcaption><\/figure>\n<\/div><\/div>\n<\/div>\n\n\n\n<h3 class=\"wp-block-heading\" class=\"wp-block-heading\" id=\"dateioptionen\">Dateioptionen<a href=\"#dateioptionen\" class=\"av-heading-anchor\"><i class=\"bi bi-link\"><\/i><\/a><\/h3>\n\n\n\n<div class=\"wp-block-columns is-layout-flex wp-container-core-columns-is-layout-9d6595d7 wp-block-columns-is-layout-flex\">\n<div class=\"wp-block-column is-layout-flow wp-block-column-is-layout-flow\" style=\"flex-basis:66.66%\">\n<p>Das Optionsmen\u00fc der Datei befindet sich als Drei-Punkt-Men\u00fc links neben dem Downloadbutton. Hier k\u00f6nnen Sie die Datei an der Lobby anpinnen, den Zugriff auf die Datei bearbeiten, die Datei melden oder l\u00f6schen.<\/p>\n\n\n\n<div class=\"wp-block-alfaview-callout\">\n<p>Die Dateioptionen k\u00f6nnen f\u00fcr jede Datei einzeln ausgew\u00e4hlt werden. Sie k\u00f6nnen auch mehrere Dateien auf einmal bearbeiten. Sobald Sie einen Dateinamen anklicken, erscheinen Checkboxen vor den Dateien. Das Drei-Punkt-Men\u00fc erscheint nun unten im Reiter gleich neben <button class=\"av-button--primary av-button\">Herunterladen<\/button>.<\/p>\n\n\n\n<p>Aktivieren Sie die Checkbox vor &#8222;Dateien von Teilnehmenden&#8220; bzw. &#8222;Dateien von Moderierenden&#8220; so werden alle Dateien ausgew\u00e4hlt, die zur Auswahl passen.<\/p>\n<\/div>\n\n\n\n<h4 class=\"wp-block-heading\" class=\"wp-block-heading\" id=\"an-lobby-pinnen\">An Lobby pinnen<a href=\"#an-lobby-pinnen\" class=\"av-heading-anchor\"><i class=\"bi bi-link\"><\/i><\/a><\/h4>\n\n\n\n<p>Die Datei erscheint am oberen Rand des Reiters &#8222;Teilnehmende&#8220; im File Sharing. <\/p>\n\n\n\n<h4 class=\"wp-block-heading\" class=\"wp-block-heading\" id=\"mehr\">Mehr<a href=\"#mehr\" class=\"av-heading-anchor\"><i class=\"bi bi-link\"><\/i><\/a><\/h4>\n\n\n\n<p>Unter <strong>Mehr<\/strong> finden Sie die M\u00f6glichkeit Dateien zu melden, wenn sie beispielsweise unangemessene Inhalte verbreiten. Sobald Sie eine Datei melden, wird sie an den alfaview Support geschickt, der sie \u00fcberpr\u00fcft und bei Bedarf l\u00f6scht.<\/p>\n<\/div>\n\n\n\n<div class=\"wp-block-column is-layout-flow wp-block-column-is-layout-flow\" style=\"flex-basis:33.33%\"><div class=\"wp-block-image\">\n<figure class=\"alignright size-full\"><a href=\"https:\/\/support.alfaview.com\/wp-content\/uploads\/2026\/02\/alfaview_file-sharing_dateioptionen_de.png\"><img loading=\"lazy\" decoding=\"async\" width=\"400\" height=\"894\" src=\"https:\/\/support.alfaview.com\/wp-content\/uploads\/2026\/02\/alfaview_file-sharing_dateioptionen_de.png\" alt=\"Mit den Dateioptionen im File Sharing kann der Zugriff eingestellt, die Datei an die Lobby gepinnt, gemeldet oder gel\u00f6scht werden.\" class=\"wp-image-10730\" srcset=\"https:\/\/support.alfaview.com\/wp-content\/uploads\/2026\/02\/alfaview_file-sharing_dateioptionen_de.png 400w, https:\/\/support.alfaview.com\/wp-content\/uploads\/2026\/02\/alfaview_file-sharing_dateioptionen_de-134x300.png 134w\" sizes=\"auto, (max-width: 400px) 100vw, 400px\" \/><\/a><figcaption class=\"wp-element-caption\">Dateioptionen<\/figcaption><\/figure>\n<\/div><\/div>\n<\/div>\n\n\n\n<h4 class=\"wp-block-heading\" class=\"wp-block-heading\" id=\"loeschen\">L\u00f6schen<a href=\"#loeschen\" class=\"av-heading-anchor\"><i class=\"bi bi-link\"><\/i><\/a><\/h4>\n\n\n\n<p>Sie k\u00f6nnen Ihre Datei jederzeit l\u00f6schen. Sobald Sie auf L\u00f6schen klicken, \u00f6ffnet sich ein Fenster, in dem Sie die L\u00f6schung best\u00e4tigen m\u00fcssen. Erst dann wird die Datei aus dem File Sharing gel\u00f6scht.<\/p>\n\n\n\n<h4 class=\"wp-block-heading\" class=\"wp-block-heading\" id=\"zugriff\">Zugriff<a href=\"#zugriff\" class=\"av-heading-anchor\"><i class=\"bi bi-link\"><\/i><\/a><\/h4>\n\n\n\n<div class=\"wp-block-columns is-layout-flex wp-container-core-columns-is-layout-9d6595d7 wp-block-columns-is-layout-flex\">\n<div class=\"wp-block-column is-layout-flow wp-block-column-is-layout-flow\" style=\"flex-basis:66.66%\">\n<ul class=\"wp-block-list\">\n<li><strong>Herunterladbar<\/strong>: Die Datei kann durch Moderator:innen und Teilnehmende im Raum heruntergeladen werden.<\/li>\n\n\n\n<li><strong>Gelistet<\/strong>: Die Datei ist im File Sharing sichtbar, kann jedoch nicht heruntergeladen werden.<\/li>\n\n\n\n<li><strong>Verborgen<\/strong>: Nur die Person, die die Datei hochgeladen hat, sowie Moderator:innen k\u00f6nnen sie sehen. F\u00fcr alle anderen Personen im Raum ist die Datei unsichtbar.<\/li>\n<\/ul>\n<\/div>\n\n\n\n<div class=\"wp-block-column is-layout-flow wp-block-column-is-layout-flow\" style=\"flex-basis:33.33%\"><div class=\"wp-block-image\">\n<figure class=\"alignright size-full\"><a href=\"https:\/\/support.alfaview.com\/wp-content\/uploads\/2026\/02\/alfaview_file-sharing_zugriffoptionen_de-1.png\"><img loading=\"lazy\" decoding=\"async\" width=\"400\" height=\"266\" src=\"https:\/\/support.alfaview.com\/wp-content\/uploads\/2026\/02\/alfaview_file-sharing_zugriffoptionen_de-1.png\" alt=\"Der Zugriff auf die Dateien ist als &quot;herunterladbar&quot;, &quot;gelistet&quot; und &quot;verborgen&quot; einstellbar.\" class=\"wp-image-10731\" srcset=\"https:\/\/support.alfaview.com\/wp-content\/uploads\/2026\/02\/alfaview_file-sharing_zugriffoptionen_de-1.png 400w, https:\/\/support.alfaview.com\/wp-content\/uploads\/2026\/02\/alfaview_file-sharing_zugriffoptionen_de-1-300x200.png 300w\" sizes=\"auto, (max-width: 400px) 100vw, 400px\" \/><\/a><figcaption class=\"wp-element-caption\">Zugriff auf Dateien<\/figcaption><\/figure>\n<\/div><\/div>\n<\/div>\n\n\n\n<h2 class=\"wp-block-heading\" class=\"wp-block-heading\" id=\"moderator-optionen\">Moderator-Optionen<a href=\"#moderator-optionen\" class=\"av-heading-anchor\"><i class=\"bi bi-link\"><\/i><\/a><\/h2>\n\n\n\n<div class=\"wp-block-columns is-layout-flex wp-container-core-columns-is-layout-9d6595d7 wp-block-columns-is-layout-flex\">\n<div class=\"wp-block-column is-layout-flow wp-block-column-is-layout-flow\" style=\"flex-basis:66.66%\">\n<p><br>Als Moderator:in k\u00f6nnen Sie mithilfe der Moderator-Optionen zus\u00e4tzliche Einstellungen vornehmen. <\/p>\n\n\n\n<ul class=\"wp-block-list\">\n<li><strong>Dateien aller Gruppen f\u00fcr mich anzeigen: <\/strong>W\u00e4hrend Teilnehmende nur die Dateien aus dem Raum sehen k\u00f6nnen, in dem sie sich befinden, hat die Moderation die M\u00f6glichkeit, sich alle Dateien aus allen Raumgruppen anzeigen zu lassen.<\/li>\n\n\n\n<li><strong>Uploads erlauben: <\/strong>Hier kann die Moderation den Datei-Upload durch Teilnehmende aktivieren und deaktivieren. Wurde die Erlaubnis entzogen erscheint der Hinweis &#8222;Uploads von Teilnehmenden sind deaktiviert&#8220; im Reiter <strong>Teilnehmende<\/strong>.<\/li>\n<\/ul>\n<\/div>\n\n\n\n<div class=\"wp-block-column is-layout-flow wp-block-column-is-layout-flow\" style=\"flex-basis:33.33%\"><div class=\"wp-block-image\">\n<figure class=\"alignright size-full\"><a href=\"https:\/\/support.alfaview.com\/wp-content\/uploads\/2026\/02\/alfaview_file-sharing_moderatoroptionen_de.png\"><img loading=\"lazy\" decoding=\"async\" width=\"400\" height=\"760\" src=\"https:\/\/support.alfaview.com\/wp-content\/uploads\/2026\/02\/alfaview_file-sharing_moderatoroptionen_de.png\" alt=\"Die Moderator-Optionen umfassen &quot;Dateien aller Gruppen f\u00fcr mich anzeigen&quot; und &quot;Uploads erlauben&quot;.\" class=\"wp-image-10680\" srcset=\"https:\/\/support.alfaview.com\/wp-content\/uploads\/2026\/02\/alfaview_file-sharing_moderatoroptionen_de.png 400w, https:\/\/support.alfaview.com\/wp-content\/uploads\/2026\/02\/alfaview_file-sharing_moderatoroptionen_de-158x300.png 158w\" sizes=\"auto, (max-width: 400px) 100vw, 400px\" \/><\/a><figcaption class=\"wp-element-caption\">Moderator-Optionen<\/figcaption><\/figure>\n<\/div><\/div>\n<\/div>\n\n\n\n<h2 class=\"wp-block-heading\" class=\"wp-block-heading\" id=\"administrator-optionen\">Administrator-Optionen<a href=\"#administrator-optionen\" class=\"av-heading-anchor\"><i class=\"bi bi-link\"><\/i><\/a><\/h2>\n\n\n\n<div class=\"wp-block-columns is-layout-flex wp-container-core-columns-is-layout-9d6595d7 wp-block-columns-is-layout-flex\">\n<div class=\"wp-block-column is-layout-flow wp-block-column-is-layout-flow\" style=\"flex-basis:66.66%\">\n<p>Als Moderator:in und auch als Administrator:in f\u00fcr einen einzelnen Raum k\u00f6nnen Sie <strong>File Sharing pro Raum aktivieren und deaktivieren<\/strong>. Gehen Sie dazu in die Host-Tools im Statusmen\u00fc und schalten Sie die <strong>Funktion File Sharing erlauben<\/strong> ein.<\/p>\n\n\n\n<div class=\"wp-block-alfaview-callout\">\n<p>Wenn Sie die Funktion File Sharing vollst\u00e4ndig aktivieren oder deaktivieren, oder die Standardeinstellung im <strong>gesamten Company-Accoun<\/strong>t \u00e4ndern m\u00f6chten, k\u00f6nnen Sie dies in den <a href=\"https:\/\/support.alfaview.com\/de\/administration\/company\/account-management\/#features\">Company-Einstellungen<\/a> tun.<\/p>\n<\/div>\n<\/div>\n\n\n\n<div class=\"wp-block-column is-layout-flow wp-block-column-is-layout-flow\" style=\"flex-basis:33.3%\"><div class=\"wp-block-image\">\n<figure class=\"alignright size-full\"><a href=\"https:\/\/support.alfaview.com\/wp-content\/uploads\/2026\/03\/Screenshot-2026-03-17-at-13.19.57.png\"><img loading=\"lazy\" decoding=\"async\" width=\"412\" height=\"893\" src=\"https:\/\/support.alfaview.com\/wp-content\/uploads\/2026\/03\/Screenshot-2026-03-17-at-13.19.57.png\" alt=\"Die Host-Tools im alfaview-Raum. Hier kann File Sharing aktiviert werden.\" class=\"wp-image-10893\" srcset=\"https:\/\/support.alfaview.com\/wp-content\/uploads\/2026\/03\/Screenshot-2026-03-17-at-13.19.57.png 412w, https:\/\/support.alfaview.com\/wp-content\/uploads\/2026\/03\/Screenshot-2026-03-17-at-13.19.57-138x300.png 138w\" sizes=\"auto, (max-width: 412px) 100vw, 412px\" \/><\/a><figcaption class=\"wp-element-caption\">File Sharing erlauben in den Host-Tools<\/figcaption><\/figure>\n<\/div><\/div>\n<\/div>\n","protected":false},"excerpt":{"rendered":"<p>Bevor Sie beginnenDie Funktion File Sharing ist f\u00fcr neu eingerichtete Company-Accounts standardm\u00e4\u00dfig deaktiviert. Wenn Sie die Funktion nutzen m\u00f6chten, muss diese in den Company-Einstellungen von einem Benutzer mit der Berechtigung &#8222;Company-Einstellungen verwalten&#8220; ausdr\u00fccklich aktiviert werden. [&hellip;]<\/p>\n","protected":false},"author":9,"featured_media":0,"parent":715,"menu_order":20,"comment_status":"closed","ping_status":"closed","template":"","meta":{"footnotes":""},"class_list":["post-10531","page","type-page","status-publish","hentry"],"_links":{"self":[{"href":"https:\/\/support.alfaview.com\/de\/wp-json\/wp\/v2\/pages\/10531","targetHints":{"allow":["GET"]}}],"collection":[{"href":"https:\/\/support.alfaview.com\/de\/wp-json\/wp\/v2\/pages"}],"about":[{"href":"https:\/\/support.alfaview.com\/de\/wp-json\/wp\/v2\/types\/page"}],"author":[{"embeddable":true,"href":"https:\/\/support.alfaview.com\/de\/wp-json\/wp\/v2\/users\/9"}],"replies":[{"embeddable":true,"href":"https:\/\/support.alfaview.com\/de\/wp-json\/wp\/v2\/comments?post=10531"}],"version-history":[{"count":49,"href":"https:\/\/support.alfaview.com\/de\/wp-json\/wp\/v2\/pages\/10531\/revisions"}],"predecessor-version":[{"id":11240,"href":"https:\/\/support.alfaview.com\/de\/wp-json\/wp\/v2\/pages\/10531\/revisions\/11240"}],"up":[{"embeddable":true,"href":"https:\/\/support.alfaview.com\/de\/wp-json\/wp\/v2\/pages\/715"}],"wp:attachment":[{"href":"https:\/\/support.alfaview.com\/de\/wp-json\/wp\/v2\/media?parent=10531"}],"curies":[{"name":"wp","href":"https:\/\/api.w.org\/{rel}","templated":true}]}}