{"id":11007,"date":"2026-03-26T09:59:17","date_gmt":"2026-03-26T09:59:17","guid":{"rendered":"https:\/\/support.alfaview.com\/?page_id=11007"},"modified":"2026-04-16T14:05:41","modified_gmt":"2026-04-16T14:05:41","slug":"host-tools","status":"publish","type":"page","link":"https:\/\/support.alfaview.com\/de\/alfaview-app\/alfaview-room\/primary-and-secondary-controls\/host-tools\/","title":{"rendered":"Host-Tools"},"content":{"rendered":"\n<div class=\"wp-block-columns is-not-stacked-on-mobile is-layout-flex wp-container-core-columns-is-layout-9d6595d7 wp-block-columns-is-layout-flex\">\n<div class=\"wp-block-column is-layout-flow wp-block-column-is-layout-flow\" style=\"flex-basis:50px\">\n<button class=\"wp-block-alfaview-button av-button-status-menu av-button-grey\" disabled aria-hidden=\"true\" aria-label=\"Host-Tools\"><i class=\"icon icon-ic_security_24dp\"><\/i><\/button>\n<\/div>\n\n\n\n<div class=\"wp-block-column is-layout-flow wp-block-column-is-layout-flow\">\n<p>Mithilfe der Host-Tools im Statusmen\u00fc k\u00f6nnen Sie die Raum-Features aktivieren bzw. deaktivieren. Raum-Features bieten die M\u00f6glichkeit, zus\u00e4tzliche Einstellungen f\u00fcr einen Raum vorzunehmen. Weitere <a href=\"https:\/\/support.alfaview.com\/de\/administration\/room-management\/room-features\/\">Raum-Features<\/a> wie &#8222;Browserzugang f\u00fcr G\u00e4ste deaktivieren&#8220; finden Sie in der Raumverwaltung.<\/p>\n<\/div>\n<\/div>\n\n\n\n<h2 class=\"wp-block-heading\" class=\"wp-block-heading\" id=\"raum-features-im-alfaview-raum\">Raum-Features im alfaview-Raum<a href=\"#raum-features-im-alfaview-raum\" class=\"av-heading-anchor\"><i class=\"bi bi-link\"><\/i><\/a><\/h2>\n\n\n\n<div class=\"wp-block-columns is-layout-flex wp-container-core-columns-is-layout-9d6595d7 wp-block-columns-is-layout-flex\">\n<div class=\"wp-block-column is-layout-flow wp-block-column-is-layout-flow\" style=\"flex-basis:66.66%\">\n<p>Sie k\u00f6nnen einige ausgew\u00e4hlte Raum-Features \u00fcber die <img loading=\"lazy\" decoding=\"async\" width=\"25\" height=\"25\" class=\"wp-image-6636\" style=\"width: 25px;\" src=\"https:\/\/support.alfaview.com\/wp-content\/uploads\/2025\/09\/alfaview_hosttools_button.png\" alt=\"\">Host-Tools im Statusmen\u00fc verwalten.<\/p>\n\n\n\n<ul class=\"wp-block-list\">\n<li>Betreten Sie den Raum, dessen Features Sie anpassen m\u00f6chten.<\/li>\n\n\n\n<li>Klicken Sie auf das Symbol <img loading=\"lazy\" decoding=\"async\" width=\"25\" height=\"25\" class=\"wp-image-6636\" style=\"width: 25px;\" src=\"https:\/\/support.alfaview.com\/wp-content\/uploads\/2025\/09\/alfaview_hosttools_button.png\" alt=\"\"><strong>Host-Tools<\/strong> im Statusmen\u00fc unten links.<\/li>\n\n\n\n<li>Setzen Sie nun H\u00e4kchen in den Checkboxen vor all den Raum-Features, die Sie f\u00fcr den Raum aktivieren m\u00f6chten.<\/li>\n<\/ul>\n\n\n\n<p>Die Features sind in die vier Kategorien <strong>Zugang, Moderation<\/strong>, <strong>Erscheinungsbild<\/strong> und <strong>Aufzeichnung<\/strong> unterteilt. <\/p>\n\n\n\n<h2 class=\"wp-block-heading\" class=\"wp-block-heading\" id=\"zugang\">Zugang<a href=\"#zugang\" class=\"av-heading-anchor\"><i class=\"bi bi-link\"><\/i><\/a><\/h2>\n\n\n\n<div class=\"wp-block-columns is-not-stacked-on-mobile is-layout-flex wp-container-core-columns-is-layout-9d6595d7 wp-block-columns-is-layout-flex\">\n<div class=\"wp-block-column is-layout-flow wp-block-column-is-layout-flow\" style=\"flex-basis:50px\">\n<button class=\"wp-block-alfaview-button av-button-main-menu av-button-grey\" disabled aria-hidden=\"true\" aria-label=\"Warteraum\"><i class=\"icon icon-ic_waiting_room_24dp\"><\/i><\/button>\n<\/div>\n\n\n\n<div class=\"wp-block-column is-layout-flow wp-block-column-is-layout-flow\">\n<p><strong>Warteraum<\/strong><br>Aktivieren Sie den Warteraum, um Teilnehmer:innen gezielt zu Ihrem Meeting zuzulassen.<br>Sie finden weitere Informationen auf der Seite <a href=\"https:\/\/support.alfaview.com\/de\/alfaview-app\/alfaview-room\/primary-and-secondary-controls\/participant-list-and-breakout-groups\/waiting-room\/\">Warteraum<\/a>.<\/p>\n<\/div>\n<\/div>\n<\/div>\n\n\n\n<div class=\"wp-block-column is-layout-flow wp-block-column-is-layout-flow\" style=\"flex-basis:33.33%\"><div class=\"wp-block-image\">\n<figure class=\"alignright size-full\"><a href=\"https:\/\/support.alfaview.com\/wp-content\/uploads\/2026\/03\/alfaview_app_hosttools_de.png\"><img loading=\"lazy\" decoding=\"async\" width=\"400\" height=\"960\" src=\"https:\/\/support.alfaview.com\/wp-content\/uploads\/2026\/03\/alfaview_app_hosttools_de.png\" alt=\"Die Raum-Features sind \u00fcber das Statusmen\u00fc in der alfaview-App erreichbar und k\u00f6nnen dort aktiviert bzw. deaktiviert werden.\" class=\"wp-image-11014\" srcset=\"https:\/\/support.alfaview.com\/wp-content\/uploads\/2026\/03\/alfaview_app_hosttools_de.png 400w, https:\/\/support.alfaview.com\/wp-content\/uploads\/2026\/03\/alfaview_app_hosttools_de-125x300.png 125w\" sizes=\"auto, (max-width: 400px) 100vw, 400px\" \/><\/a><figcaption class=\"wp-element-caption\">Host-Tools im alfaview-Raum<\/figcaption><\/figure>\n<\/div><\/div>\n<\/div>\n\n\n\n<h2 class=\"wp-block-heading\" class=\"wp-block-heading\" id=\"moderation\">Moderation<a href=\"#moderation\" class=\"av-heading-anchor\"><i class=\"bi bi-link\"><\/i><\/a><\/h2>\n\n\n\n<div class=\"wp-block-columns is-not-stacked-on-mobile is-layout-flex wp-container-core-columns-is-layout-9d6595d7 wp-block-columns-is-layout-flex\">\n<div class=\"wp-block-column is-layout-flow wp-block-column-is-layout-flow\" style=\"flex-basis:50px\">\n<button class=\"wp-block-alfaview-button av-button-main-menu av-button-grey\" disabled aria-hidden=\"true\" aria-label=\"Handheben erlauben\"><i class=\"icon icon-ic_hand_front_right_24dp\"><\/i><\/button>\n<\/div>\n\n\n\n<div class=\"wp-block-column is-layout-flow wp-block-column-is-layout-flow\">\n<p><strong>Handheben erlauben<\/strong><br>Diese Einstellung erlaubt den Teilnehmenden und Zuschauer:innen sich zu melden.<\/p>\n<\/div>\n<\/div>\n\n\n\n<div class=\"wp-block-columns is-not-stacked-on-mobile is-layout-flex wp-container-core-columns-is-layout-9d6595d7 wp-block-columns-is-layout-flex\">\n<div class=\"wp-block-column is-layout-flow wp-block-column-is-layout-flow\" style=\"flex-basis:50px\">\n<button class=\"wp-block-alfaview-button av-button-main-menu av-button-grey\" disabled aria-hidden=\"true\" aria-label=\"gehobene H\u00e4nde nur Moderator:innen anzeigen\"><i class=\"icon icon-ic_hand_front_right_24dp\"><\/i><\/button>\n<\/div>\n\n\n\n<div class=\"wp-block-column is-layout-flow wp-block-column-is-layout-flow\">\n<p><strong>Gehobene H\u00e4nde nur Moderierenden anzeigen<\/strong><br>Diese Einstellung sorgt daf\u00fcr, dass nur Moderator:innen sehen k\u00f6nnen, wer aktuell eine Hand hebt.<\/p>\n<\/div>\n<\/div>\n\n\n\n<div class=\"wp-block-columns is-not-stacked-on-mobile is-layout-flex wp-container-core-columns-is-layout-9d6595d7 wp-block-columns-is-layout-flex\">\n<div class=\"wp-block-column is-layout-flow wp-block-column-is-layout-flow\" style=\"flex-basis:50px\">\n<button class=\"wp-block-alfaview-button av-button-main-menu av-button-grey\" disabled aria-hidden=\"true\" aria-label=\"Zugriff auf Anwesenheitsliste erlauben\"><i class=\"icon icon-ic_content_copy_24dp\"><\/i><\/button>\n<\/div>\n\n\n\n<div class=\"wp-block-column is-layout-flow wp-block-column-is-layout-flow\">\n<p><strong>Zugriff auf Anwesenheitsliste erlauben<\/strong><br>Diese Einstellung erlaubt Moderator:innen die Inhalte der Teilnehmerliste in die Zwischenablage zu kopieren.<br>Weitere Informationen zur Erstellung einer Anwesenheitsliste finden Sie auf der Seite <a href=\"https:\/\/support.alfaview.com\/de\/administration\/room-management\/attendance-list-and-attendance-report\/\">Anwesenheitsliste und Anwesenheitsbericht<\/a>.<\/p>\n<\/div>\n<\/div>\n\n\n\n<div class=\"wp-block-columns is-not-stacked-on-mobile is-layout-flex wp-container-core-columns-is-layout-9d6595d7 wp-block-columns-is-layout-flex\">\n<div class=\"wp-block-column is-layout-flow wp-block-column-is-layout-flow\" style=\"flex-basis:50px\">\n<button class=\"wp-block-alfaview-button av-button-main-menu av-button-grey\" disabled aria-hidden=\"true\" aria-label=\"Benachrichtigungen bei Betreten und Verlassen deaktivieren\"><i class=\"icon icon-ic_notifications_off_24dp\"><\/i><\/button>\n<\/div>\n\n\n\n<div class=\"wp-block-column is-layout-flow wp-block-column-is-layout-flow\">\n<p><strong>Beitritts- und Austrittsmeldungen aus<\/strong><br>Diese Einstellung deaktiviert die Benachrichtigung, wenn Teilnehmende den Raum betreten oder verlassen.<\/p>\n<\/div>\n<\/div>\n\n\n\n<div class=\"wp-block-columns is-not-stacked-on-mobile is-layout-flex wp-container-core-columns-is-layout-9d6595d7 wp-block-columns-is-layout-flex\">\n<div class=\"wp-block-column is-layout-flow wp-block-column-is-layout-flow\" style=\"flex-basis:50px\">\n<button class=\"wp-block-alfaview-button av-button-main-menu av-button-grey\" disabled aria-hidden=\"true\" aria-label=\"Minifenster verhindern\"><i class=\"icon icon-ic_mini_window_filled_24dp\"><\/i><\/button>\n<\/div>\n\n\n\n<div class=\"wp-block-column is-layout-flow wp-block-column-is-layout-flow\">\n<p><strong>Schwebendes Minifenster verhindern<\/strong><br>Diese Einstellung verhindert, dass sich das Minifenster \u00f6ffnet, wenn die alfaview-App minimiert wird.<\/p>\n<\/div>\n<\/div>\n\n\n\n<div class=\"wp-block-columns is-not-stacked-on-mobile is-layout-flex wp-container-core-columns-is-layout-9d6595d7 wp-block-columns-is-layout-flex\">\n<div class=\"wp-block-column is-layout-flow wp-block-column-is-layout-flow\" style=\"flex-basis:50px\">\n<button class=\"wp-block-alfaview-button av-button-main-menu av-button-grey\" disabled aria-hidden=\"true\" aria-label=\"Kamera aus deaktivieren\"><i class=\"icon icon-ic_videocam_24dp\"><\/i><\/button>\n<\/div>\n\n\n\n<div class=\"wp-block-column is-layout-flow wp-block-column-is-layout-flow\">\n<p><strong>\u201cKamera aus\u201d-Funktion deaktivieren<\/strong><br>Unterbindet, dass die Kamera ausgeschaltet wird.<\/p>\n<\/div>\n<\/div>\n\n\n\n<div class=\"wp-block-columns is-not-stacked-on-mobile is-layout-flex wp-container-core-columns-is-layout-9d6595d7 wp-block-columns-is-layout-flex\">\n<div class=\"wp-block-column is-layout-flow wp-block-column-is-layout-flow\" style=\"flex-basis:50px\">\n<button class=\"wp-block-alfaview-button av-button-main-menu av-button-grey\" disabled aria-hidden=\"true\" aria-label=\"Inhalte nur mit Moderator:innen teilen\"><i class=\"icon icon-ic_account_upload_box_24dp\"><\/i><\/button>\n<\/div>\n\n\n\n<div class=\"wp-block-column is-layout-flow wp-block-column-is-layout-flow\">\n<p><strong>File Sharing erlauben<br><\/strong>Diese Einstellung aktiviert das <a href=\"https:\/\/support.alfaview.com\/de\/alfaview-app\/alfaview-room\/primary-and-secondary-controls\/file-sharing\/\">File Sharing<\/a> im Raum.  <\/p>\n\n\n\n<div class=\"wp-block-alfaview-callout\">\n<p>Die Funktion File Sharing ist standardm\u00e4\u00dfig deaktiviert.&nbsp;Wenn Sie die Funktion nutzen m\u00f6chten, muss diese zun\u00e4chst in den&nbsp;<a href=\"https:\/\/support.alfaview.com\/de\/administration\/company\/account-management\/#features\">Company-Einstellungen<\/a> aktiviert werden. Daf\u00fcr ist die Berechtigung \u201eCompany-Einstellungen verwalten\u201c notwendig. Erst dann erscheint <strong>File Sharing erlauben<\/strong> in den Host-Tools.<\/p>\n<\/div>\n<\/div>\n<\/div>\n\n\n\n<h2 class=\"wp-block-heading\" class=\"wp-block-heading\" id=\"erscheinungsbild\">Erscheinungsbild<a href=\"#erscheinungsbild\" class=\"av-heading-anchor\"><i class=\"bi bi-link\"><\/i><\/a><\/h2>\n\n\n\n<div class=\"wp-block-columns is-not-stacked-on-mobile is-layout-flex wp-container-core-columns-is-layout-9d6595d7 wp-block-columns-is-layout-flex\">\n<div class=\"wp-block-column is-layout-flow wp-block-column-is-layout-flow\" style=\"flex-basis:50px\">\n<button class=\"wp-block-alfaview-button av-button-main-menu av-button-grey\" disabled aria-hidden=\"true\" aria-label=\"16:9 Video-Seitenverh\u00e4ltnis\"><i class=\"icon icon-ic_16to9_24dp\"><\/i><\/button>\n<\/div>\n\n\n\n<div class=\"wp-block-column is-layout-flow wp-block-column-is-layout-flow\">\n<p><strong>F\u00fcr Videos 16:9 Format verwenden<\/strong><br>Der Raum verwendet das breitere Seitenverh\u00e4ltnis 16:9 f\u00fcr Teilnehmervideos.<\/p>\n<\/div>\n<\/div>\n\n\n\n<div class=\"wp-block-columns is-not-stacked-on-mobile is-layout-flex wp-container-core-columns-is-layout-9d6595d7 wp-block-columns-is-layout-flex\">\n<div class=\"wp-block-column is-layout-flow wp-block-column-is-layout-flow\" style=\"flex-basis:50px\">\n<button class=\"wp-block-alfaview-button av-button-main-menu av-button-grey\" disabled aria-hidden=\"true\" aria-label=\"Videos in alphabetischer Reihenfolge darstellen\"><i class=\"icon icon-ic_sort_by_alpha_24dp\"><\/i><\/button>\n<\/div>\n\n\n\n<div class=\"wp-block-column is-layout-flow wp-block-column-is-layout-flow\">\n<p><strong>Teilnehmendenvideos alphabetisch sortieren<\/strong><br>Diese Einstellung hebt das Standardverhalten der Sortierung nach Zutrittszeit auf.<\/p>\n<\/div>\n<\/div>\n\n\n\n<div class=\"wp-block-columns is-not-stacked-on-mobile is-layout-flex wp-container-core-columns-is-layout-9d6595d7 wp-block-columns-is-layout-flex\">\n<div class=\"wp-block-column is-layout-flow wp-block-column-is-layout-flow\" style=\"flex-basis:50px\">\n<button class=\"wp-block-alfaview-button av-button-main-menu av-button-grey\" disabled aria-hidden=\"true\" aria-label=\"Videos zentriert darstellen\"><i class=\"icon icon-ic_centered_video_24dp\"><\/i><\/button>\n<\/div>\n\n\n\n<div class=\"wp-block-column is-layout-flow wp-block-column-is-layout-flow\">\n<p><strong>Videos auf der B\u00fchne zentrieren<\/strong><br>Dies erm\u00f6glicht ein ausgewogeneres Erscheinungsbild, erh\u00f6ht aber die Bewegung im Videoraster.<\/p>\n<\/div>\n<\/div>\n\n\n\n<h3 class=\"wp-block-heading\" class=\"wp-block-heading\" id=\"aufzeichnung\">Aufzeichnung<a href=\"#aufzeichnung\" class=\"av-heading-anchor\"><i class=\"bi bi-link\"><\/i><\/a><\/h3>\n\n\n\n<div class=\"wp-block-columns is-not-stacked-on-mobile is-layout-flex wp-container-core-columns-is-layout-9d6595d7 wp-block-columns-is-layout-flex\">\n<div class=\"wp-block-column is-layout-flow wp-block-column-is-layout-flow\" style=\"flex-basis:50px\">\n<button class=\"wp-block-alfaview-button av-button-main-menu av-button-grey\" disabled aria-hidden=\"true\" aria-label=\"Videos in alphabetischer Reihenfolge darstellen\"><i class=\"icon icon-ic_radio_button_checked_24dp\"><\/i><\/button>\n<\/div>\n\n\n\n<div class=\"wp-block-column is-layout-flow wp-block-column-is-layout-flow\">\n<p><strong>Aufzeichnung erlauben<\/strong><br>Die Moderator:innen d\u00fcrfen Meetings in diesem Raum <a href=\"https:\/\/support.alfaview.com\/de\/alfaview-app\/alfaview-room\/primary-and-secondary-controls\/recording-and-streaming\/local-recording\/\" data-type=\"page\" data-id=\"6488\">lokal aufzeichnen<\/a>.<\/p>\n<\/div>\n<\/div>\n\n\n\n<div class=\"wp-block-columns is-not-stacked-on-mobile is-layout-flex wp-container-core-columns-is-layout-9d6595d7 wp-block-columns-is-layout-flex\">\n<div class=\"wp-block-column is-layout-flow wp-block-column-is-layout-flow\" style=\"flex-basis:50px\">\n<button class=\"wp-block-alfaview-button av-button-main-menu av-button-grey\" disabled aria-hidden=\"true\" aria-label=\"Videos in alphabetischer Reihenfolge darstellen\"><i class=\"icon icon-ic_sensors_24dp\"><\/i><\/button>\n<\/div>\n\n\n\n<div class=\"wp-block-column is-layout-flow wp-block-column-is-layout-flow\">\n<p><strong>Live-Streaming erlauben<\/strong><br>Die Moderator:innen d\u00fcrfen das Meeting live auf externe Plattformen <a href=\"https:\/\/support.alfaview.com\/de\/alfaview-app\/alfaview-room\/primary-and-secondary-controls\/recording-and-streaming\/live-stream\/\" data-type=\"page\" data-id=\"6490\">streamen<\/a>.<\/p>\n<\/div>\n<\/div>\n\n\n\n<h3 class=\"wp-block-heading\" class=\"wp-block-heading\" id=\"weitere-einstellungen\">Weitere Einstellungen <a href=\"#weitere-einstellungen\" class=\"av-heading-anchor\"><i class=\"bi bi-link\"><\/i><\/a><\/h3>\n\n\n\n<div class=\"wp-block-columns is-not-stacked-on-mobile is-layout-flex wp-container-core-columns-is-layout-9d6595d7 wp-block-columns-is-layout-flex\">\n<div class=\"wp-block-column is-layout-flow wp-block-column-is-layout-flow\" style=\"flex-basis:50px\">\n<button class=\"wp-block-alfaview-button av-button-main-menu av-button-grey\" disabled aria-hidden=\"true\" aria-label=\"Videos in alphabetischer Reihenfolge darstellen\"><i class=\"icon icon-ic_settings_room_24dp\"><\/i><\/button>\n<\/div>\n\n\n\n<div class=\"wp-block-column is-layout-flow wp-block-column-is-layout-flow\">\n<p><strong>Raum verwalten<\/strong><br>Sie gelangen direkt in den Raumverwaltung des aktuellen Raums.<\/p>\n<\/div>\n<\/div>\n\n\n\n<div class=\"wp-block-columns is-not-stacked-on-mobile is-layout-flex wp-container-core-columns-is-layout-9d6595d7 wp-block-columns-is-layout-flex\">\n<div class=\"wp-block-column is-layout-flow wp-block-column-is-layout-flow\" style=\"flex-basis:50px\">\n<button class=\"wp-block-alfaview-button av-button-main-menu av-button-grey\" disabled aria-hidden=\"true\" aria-label=\"Videos in alphabetischer Reihenfolge darstellen\"><i class=\"icon icon-ic_link_variant_24dp\"><\/i><\/button>\n<\/div>\n\n\n\n<div class=\"wp-block-column is-layout-flow wp-block-column-is-layout-flow\">\n<p><strong>Gastlinks verwalten<br><\/strong>Direktlink zu den Gastlinks des aktuellen Raums.<\/p>\n<\/div>\n<\/div>\n\n\n\n<div class=\"wp-block-columns is-not-stacked-on-mobile is-layout-flex wp-container-core-columns-is-layout-9d6595d7 wp-block-columns-is-layout-flex\">\n<div class=\"wp-block-column is-layout-flow wp-block-column-is-layout-flow\" style=\"flex-basis:50px\">\n<button class=\"wp-block-alfaview-button av-button-main-menu av-button-grey\" disabled aria-hidden=\"true\" aria-label=\"Videos in alphabetischer Reihenfolge darstellen\"><i class=\"icon icon-ic_link_variant_24dp\"><\/i><\/button>\n<\/div>\n\n\n\n<div class=\"wp-block-column is-layout-flow wp-block-column-is-layout-flow\">\n<p><strong>Gruppenlinks verwalten<\/strong><br>Direktlink zu den Gruppenlinks des aktuellen Raums.<\/p>\n<\/div>\n<\/div>\n\n\n\n<div class=\"wp-block-columns is-not-stacked-on-mobile is-layout-flex wp-container-core-columns-is-layout-9d6595d7 wp-block-columns-is-layout-flex\">\n<div class=\"wp-block-column is-layout-flow wp-block-column-is-layout-flow\" style=\"flex-basis:50px\">\n<button class=\"wp-block-alfaview-button av-button-main-menu av-button-grey\" disabled aria-hidden=\"true\" aria-label=\"Videos in alphabetischer Reihenfolge darstellen\"><i class=\"icon icon-ic_file_copy_24dp\"><\/i><\/button>\n<\/div>\n\n\n\n<div class=\"wp-block-column is-layout-flow wp-block-column-is-layout-flow\">\n<p><strong>Anwesenheitsliste kopieren<\/strong><br>Die Anwesenheitsliste des Raums wird direkt in die Zwischenablage kopiert und kann in ein beliebiges Textverarbeitungs- oder Listenprogramm eingef\u00fcgt werden.<\/p>\n<\/div>\n<\/div>\n\n\n\n<p><\/p>\n","protected":false},"excerpt":{"rendered":"<p>Mithilfe der Host-Tools im Statusmen\u00fc k\u00f6nnen Sie die Raum-Features aktivieren bzw. deaktivieren. Raum-Features bieten die M\u00f6glichkeit, zus\u00e4tzliche Einstellungen f\u00fcr einen Raum vorzunehmen. Weitere Raum-Features wie &#8222;Browserzugang f\u00fcr G\u00e4ste deaktivieren&#8220; finden Sie in der Raumverwaltung. Raum-Features [&hellip;]<\/p>\n","protected":false},"author":9,"featured_media":0,"parent":715,"menu_order":40,"comment_status":"closed","ping_status":"closed","template":"","meta":{"footnotes":""},"class_list":["post-11007","page","type-page","status-publish","hentry"],"_links":{"self":[{"href":"https:\/\/support.alfaview.com\/de\/wp-json\/wp\/v2\/pages\/11007","targetHints":{"allow":["GET"]}}],"collection":[{"href":"https:\/\/support.alfaview.com\/de\/wp-json\/wp\/v2\/pages"}],"about":[{"href":"https:\/\/support.alfaview.com\/de\/wp-json\/wp\/v2\/types\/page"}],"author":[{"embeddable":true,"href":"https:\/\/support.alfaview.com\/de\/wp-json\/wp\/v2\/users\/9"}],"replies":[{"embeddable":true,"href":"https:\/\/support.alfaview.com\/de\/wp-json\/wp\/v2\/comments?post=11007"}],"version-history":[{"count":3,"href":"https:\/\/support.alfaview.com\/de\/wp-json\/wp\/v2\/pages\/11007\/revisions"}],"predecessor-version":[{"id":11392,"href":"https:\/\/support.alfaview.com\/de\/wp-json\/wp\/v2\/pages\/11007\/revisions\/11392"}],"up":[{"embeddable":true,"href":"https:\/\/support.alfaview.com\/de\/wp-json\/wp\/v2\/pages\/715"}],"wp:attachment":[{"href":"https:\/\/support.alfaview.com\/de\/wp-json\/wp\/v2\/media?parent=11007"}],"curies":[{"name":"wp","href":"https:\/\/api.w.org\/{rel}","templated":true}]}}