{"id":1262,"date":"2023-11-20T09:43:03","date_gmt":"2023-11-20T09:43:03","guid":{"rendered":"https:\/\/support.alfaview.com\/?page_id=1262"},"modified":"2026-03-30T13:37:22","modified_gmt":"2026-03-30T13:37:22","slug":"accessibility","status":"publish","type":"page","link":"https:\/\/support.alfaview.com\/de\/alfaview-app\/alfaview-room\/participant-videos-and-presentation-area\/accessibility\/","title":{"rendered":"Barrierefreiheit"},"content":{"rendered":"\n<div class=\"wp-block-columns is-layout-flex wp-container-core-columns-is-layout-9d6595d7 wp-block-columns-is-layout-flex\">\n<div class=\"wp-block-column is-layout-flow wp-block-column-is-layout-flow\">\n<p>Die Anleitung in leichter Sprache erkl\u00e4rt Ihnen, wie Sie alfaview benutzen k\u00f6nnen.<\/p>\n\n\n\n<div class=\"wp-block-file\"><a id=\"wp-block-file--media-7291df0d-d7f2-4c84-bd75-09cb4ebadd31\" href=\"https:\/\/support.alfaview.com\/wp-content\/uploads\/2025\/02\/Anleitung_alfaview_Leichte_Sprache.pdf\">Anleitung_alfaview_Leichte_Sprache<\/a><a href=\"https:\/\/support.alfaview.com\/wp-content\/uploads\/2025\/02\/Anleitung_alfaview_Leichte_Sprache.pdf\" class=\"wp-block-file__button wp-element-button\" download aria-describedby=\"wp-block-file--media-7291df0d-d7f2-4c84-bd75-09cb4ebadd31\">Download<\/a><\/div>\n<\/div>\n<\/div>\n\n\n\n<div class=\"wp-block-alfaview-callout\">\n<p>Seit dem Update auf alfaview 9.0 sind umfangreiche Optionen zur Gew\u00e4hrleistung der Barrierefreiheit verf\u00fcgbar.<br>In diesem Artikel werden die Funktionen zur Barrierefreiheit vorgestellt und erkl\u00e4rt.<br>Sie finden alle Funktionen in alfaview in den Einstellungen unter \u201cBarrierefreiheit\u201d.<br>Weitere Informationen zum kompletten Update erhalten Sie in unseren&nbsp;<a href=\"https:\/\/support.alfaview.com\/de\/release-notes\/#alfaview-client-version-9-0-3-31-07-2023\"><strong>Versionshinweisen<\/strong><\/a>.<\/p>\n<\/div>\n\n\n\n<h2 class=\"wp-block-heading\" class=\"wp-block-heading\" id=\"tastatur-navigationsschema\">Tastatur-Navigationsschema<a href=\"https:\/\/support.alfaview.com\/de\/alfaview-app\/accessibility\/#tastatur-navigation\"><\/a><a href=\"https:\/\/support.alfaview.com\/en\/alfaview-app\/accessibility\/#screen-reader\"><\/a><a href=\"#tastatur-navigationsschema\" class=\"av-heading-anchor\"><i class=\"bi bi-link\"><\/i><\/a><\/h2>\n\n\n\n<div class=\"wp-block-columns is-layout-flex wp-container-core-columns-is-layout-9d6595d7 wp-block-columns-is-layout-flex\">\n<div class=\"wp-block-column is-layout-flow wp-block-column-is-layout-flow\" style=\"flex-basis:66.66%\">\n<p>Mithilfe der Tastaturnavigation k\u00f6nnen Benutzer:innen alfaview schnell und einfach auch ohne Maus bedienen.<br>In den Einstellungen k\u00f6nnen Sie zwischen zwei Navigationsarten w\u00e4hlen:<\/p>\n\n\n\n<ul class=\"wp-block-list\">\n<li><strong>Tab-Navigation<\/strong><br>Hier kann mit der \u201eTab\u201c-Taste auf alle Steuerelemente zugegriffen werden.<\/li>\n\n\n\n<li><strong>Tab-Pfeiltasten-Navigation<\/strong><br>In dieser Navigation verwenden Sie die \u201eTab\u201c-Taste, um von einer Gruppe zur n\u00e4chsten zu wechseln (z. B. zum Funktionsmen\u00fc), und die Pfeiltasten, um durch die Elemente zu navigieren (z. B. Kamera- oder Mikrofonbuttons im sekund\u00e4ren Men\u00fc).<\/li>\n<\/ul>\n<\/div>\n\n\n\n<div class=\"wp-block-column is-layout-flow wp-block-column-is-layout-flow\" style=\"flex-basis:33.33%\"><div class=\"wp-block-image\">\n<figure class=\"alignright size-full\"><a href=\"https:\/\/support.alfaview.com\/wp-content\/uploads\/2025\/09\/alfaview_barrierefreiheit_tastaturnavigation_de.png\"><img loading=\"lazy\" decoding=\"async\" width=\"421\" height=\"330\" src=\"https:\/\/support.alfaview.com\/wp-content\/uploads\/2025\/09\/alfaview_barrierefreiheit_tastaturnavigation_de.png\" alt=\"Barrierefreiheiteinstellungen in alfaview. Es kann eine Tab- oder eine Tab-Pfeiltasten-Navigation gew\u00e4hlt werden.\" class=\"wp-image-7228\" srcset=\"https:\/\/support.alfaview.com\/wp-content\/uploads\/2025\/09\/alfaview_barrierefreiheit_tastaturnavigation_de.png 421w, https:\/\/support.alfaview.com\/wp-content\/uploads\/2025\/09\/alfaview_barrierefreiheit_tastaturnavigation_de-300x235.png 300w\" sizes=\"auto, (max-width: 421px) 100vw, 421px\" \/><\/a><figcaption class=\"wp-element-caption\">Auswahlm\u00f6glichkeiten der Tastaturnavigation<\/figcaption><\/figure>\n<\/div><\/div>\n<\/div>\n\n\n\n<h2 class=\"wp-block-heading\" class=\"wp-block-heading\" id=\"schriftgroesse-der-benutzeroberflaeche\">Schriftgr\u00f6\u00dfe der Benutzeroberfl\u00e4che<a href=\"#schriftgroesse-der-benutzeroberflaeche\" class=\"av-heading-anchor\"><i class=\"bi bi-link\"><\/i><\/a><\/h2>\n\n\n\n<div class=\"wp-block-columns is-layout-flex wp-container-core-columns-is-layout-9d6595d7 wp-block-columns-is-layout-flex\">\n<div class=\"wp-block-column is-layout-flow wp-block-column-is-layout-flow\" style=\"flex-basis:66.66%\">\n<p>Mit dieser Einstellung ver\u00e4ndern Sie die Schriftgr\u00f6\u00dfe in der Benutzeroberfl\u00e4che. Sie k\u00f6nnen zwischen den Einstellungsgr\u00f6\u00dfen <strong>Standard, 120 %, 135 %<\/strong> und <strong>150 %<\/strong> w\u00e4hlen.<a href=\"https:\/\/support.alfaview.com\/de\/alfaview-app\/accessibility\/#schriftgr%C3%B6%C3%9Fe-der-benutzeroberfl%C3%A4che\"><\/a><\/p>\n<\/div>\n\n\n\n<div class=\"wp-block-column is-layout-flow wp-block-column-is-layout-flow\" style=\"flex-basis:33.33%\"><div class=\"wp-block-image\">\n<figure class=\"alignright size-full\"><a href=\"https:\/\/support.alfaview.com\/wp-content\/uploads\/2025\/09\/alfaview_barrierefreiheit_schriftgroesse-oberflaeche_de.png\"><img loading=\"lazy\" decoding=\"async\" width=\"430\" height=\"307\" src=\"https:\/\/support.alfaview.com\/wp-content\/uploads\/2025\/09\/alfaview_barrierefreiheit_schriftgroesse-oberflaeche_de.png\" alt=\"Die Schriftgr\u00f6\u00dfeneinstellung der Benutzeroberfl\u00e4che. Hier kann bis zu 150 % vergr\u00f6\u00dfert werden.\" class=\"wp-image-7230\" srcset=\"https:\/\/support.alfaview.com\/wp-content\/uploads\/2025\/09\/alfaview_barrierefreiheit_schriftgroesse-oberflaeche_de.png 430w, https:\/\/support.alfaview.com\/wp-content\/uploads\/2025\/09\/alfaview_barrierefreiheit_schriftgroesse-oberflaeche_de-300x214.png 300w\" sizes=\"auto, (max-width: 430px) 100vw, 430px\" \/><\/a><figcaption class=\"wp-element-caption\">Skalierung der Schriftgr\u00f6\u00dfe der Benutzeroberfl\u00e4che<\/figcaption><\/figure>\n<\/div><\/div>\n<\/div>\n\n\n\n<h2 class=\"wp-block-heading\" class=\"wp-block-heading\" id=\"schriftgroesse-des-chats\">Schriftgr\u00f6\u00dfe des Chats<a href=\"#schriftgroesse-des-chats\" class=\"av-heading-anchor\"><i class=\"bi bi-link\"><\/i><\/a><\/h2>\n\n\n\n<div class=\"wp-block-columns is-layout-flex wp-container-core-columns-is-layout-9d6595d7 wp-block-columns-is-layout-flex\">\n<div class=\"wp-block-column is-layout-flow wp-block-column-is-layout-flow\" style=\"flex-basis:66.66%\">\n<p>Mit dieser Einstellung ver\u00e4ndern Sie die Schriftgr\u00f6\u00dfe der Gruppennachrichten und privaten Nachrichten. W\u00e4hlen Sie zwischen den Einstellungsgr\u00f6\u00dfen <strong>Automatisch, 120 %, 150 %<\/strong> und <strong>200 %<\/strong>.<\/p>\n<\/div>\n\n\n\n<div class=\"wp-block-column is-layout-flow wp-block-column-is-layout-flow\" style=\"flex-basis:33.33%\"><div class=\"wp-block-image\">\n<figure class=\"alignright size-full\"><a href=\"https:\/\/support.alfaview.com\/wp-content\/uploads\/2025\/09\/alfaview_barrierefreiheit_schriftgroesse-chat_de.png\"><img loading=\"lazy\" decoding=\"async\" width=\"425\" height=\"305\" src=\"https:\/\/support.alfaview.com\/wp-content\/uploads\/2025\/09\/alfaview_barrierefreiheit_schriftgroesse-chat_de.png\" alt=\"Die Schriftgr\u00f6\u00dfeneinstellung des Chats. Hier kann bis zu 200 % vergr\u00f6\u00dfert werden.\" class=\"wp-image-7232\" srcset=\"https:\/\/support.alfaview.com\/wp-content\/uploads\/2025\/09\/alfaview_barrierefreiheit_schriftgroesse-chat_de.png 425w, https:\/\/support.alfaview.com\/wp-content\/uploads\/2025\/09\/alfaview_barrierefreiheit_schriftgroesse-chat_de-300x215.png 300w\" sizes=\"auto, (max-width: 425px) 100vw, 425px\" \/><\/a><figcaption class=\"wp-element-caption\">Skalierung der Schriftgr\u00f6\u00dfe des Chats<\/figcaption><\/figure>\n<\/div><\/div>\n<\/div>\n\n\n\n<h2 class=\"wp-block-heading\" class=\"wp-block-heading\" id=\"schrifteinstellungen\">Schrifteinstellungen<a href=\"#schrifteinstellungen\" class=\"av-heading-anchor\"><i class=\"bi bi-link\"><\/i><\/a><\/h2>\n\n\n\n<p>Hier k\u00f6nnen Sie sowohl die Schriftdarstellung als auch das Schrift-Hinting anpassen. Mit der Darstellung k\u00f6nnen Sie beispielsweise Formen der Buchstaben klarer herausstellen oder die Kanten gl\u00e4tten lassen. Das Hinting sorgt f\u00fcr eine bessere Lesbarkeit.<\/p>\n\n\n\n<div class=\"wp-block-columns is-layout-flex wp-container-core-columns-is-layout-9d6595d7 wp-block-columns-is-layout-flex\">\n<div class=\"wp-block-column is-layout-flow wp-block-column-is-layout-flow\" style=\"flex-basis:66.66%\">\n<h3 class=\"wp-block-heading\" class=\"wp-block-heading\" id=\"schriftdarstellung\">Schriftdarstellung<a href=\"#schriftdarstellung\" class=\"av-heading-anchor\"><i class=\"bi bi-link\"><\/i><\/a><\/h3>\n\n\n\n<ul class=\"wp-block-list\">\n<li><strong>Automatisch: <\/strong>Das System entscheidet selbst, welche Schriftdarstellung am besten passt. Diese Einstellung ist voreingestellt.<\/li>\n\n\n\n<li><strong>Native Darstellung: <\/strong>Die Schrift wird so angezeigt, wie das Betriebssystem sie standardm\u00e4\u00dfig anzeigt.<\/li>\n\n\n\n<li><strong>Glatte Darstellung:<\/strong> Die Kanten der Schrift werden gegl\u00e4ttet. Dadurch sieht die Schrift weicher aus.<\/li>\n\n\n\n<li><strong>Kurven-Darstellung: <\/strong>Die Form der Buchstaben wird optimiert dargestellt.<\/li>\n<\/ul>\n\n\n\n<h3 class=\"wp-block-heading\" class=\"wp-block-heading\" id=\"schrift-hinting\">Schrift-Hinting<a href=\"#schrift-hinting\" class=\"av-heading-anchor\"><i class=\"bi bi-link\"><\/i><\/a><\/h3>\n\n\n\n<ul class=\"wp-block-list\">\n<li><strong>Automatisch: <\/strong>Das System entscheidet \u00fcber das Hinting der Schrift.<\/li>\n\n\n\n<li><strong>Standard-Hinting: <\/strong>Es wird eine leichte Optimierung der Schrift vorgenommen.<\/li>\n\n\n\n<li><strong>Kein Hinting<\/strong><\/li>\n\n\n\n<li><strong>Vertikales Hinting: <\/strong>Nur die vertikalen Linien der Schrift werden angepasst.<\/li>\n\n\n\n<li><strong>Vollst\u00e4ndiges Hinting: <\/strong>Die Schrift bekommt die maximale Sch\u00e4rfe.<\/li>\n<\/ul>\n<\/div>\n\n\n\n<div class=\"wp-block-column is-layout-flow wp-block-column-is-layout-flow\" style=\"flex-basis:33.33%\"><div class=\"wp-block-image\">\n<figure class=\"alignright size-full\"><a href=\"https:\/\/support.alfaview.com\/wp-content\/uploads\/2026\/03\/alfaview_barrierefreiheit_schrifteinstellungen_de.png\"><img loading=\"lazy\" decoding=\"async\" width=\"400\" height=\"893\" src=\"https:\/\/support.alfaview.com\/wp-content\/uploads\/2026\/03\/alfaview_barrierefreiheit_schrifteinstellungen_de.png\" alt=\"Screenshot der Barrierefreiheiteinstellungen in der alfaview App. Die Schrift kann mithilfe von Einstellungen in der Darstellung und im Hinting angepasst werden.\" class=\"wp-image-11113\" srcset=\"https:\/\/support.alfaview.com\/wp-content\/uploads\/2026\/03\/alfaview_barrierefreiheit_schrifteinstellungen_de.png 400w, https:\/\/support.alfaview.com\/wp-content\/uploads\/2026\/03\/alfaview_barrierefreiheit_schrifteinstellungen_de-134x300.png 134w\" sizes=\"auto, (max-width: 400px) 100vw, 400px\" \/><\/a><figcaption class=\"wp-element-caption\">Barrierefreie Schrifteinstellungen<\/figcaption><\/figure>\n<\/div><\/div>\n<\/div>\n\n\n\n<h2 class=\"wp-block-heading\" class=\"wp-block-heading\" id=\"screenreader-ankuendigungen\">Screenreader-Ank\u00fcndigungen<a href=\"#screenreader-ankuendigungen\" class=\"av-heading-anchor\"><i class=\"bi bi-link\"><\/i><\/a><\/h2>\n\n\n\n<p>alfaview bietet eine umfassende Unterst\u00fctzung f\u00fcr Screenreader-Anwendungen in der Desktop- und den mobilen Apps.<br>F\u00fcr den Webclient steht diese Funktion vorerst noch nicht zur Verf\u00fcgung.<br>Wenn Sie auf Screenreader angewiesen sind, k\u00f6nnen Sie problemlos durch alfaview navigieren, an Besprechungen teilnehmen und Sprachbenachrichtigungen \u00fcber Ereignisse w\u00e4hrend der Besprechung erhalten.<br>alfaview unterst\u00fctzt alle g\u00e4ngigen Screenreader-Anwendungen wie JAWS, NVDA, VoiceOver und TalkBack.<\/p>\n\n\n\n<p>Die Screenreader-Unterst\u00fctzung umfasst folgende Funktionen:<\/p>\n\n\n\n<div class=\"wp-block-columns is-layout-flex wp-container-core-columns-is-layout-9d6595d7 wp-block-columns-is-layout-flex\">\n<div class=\"wp-block-column is-layout-flow wp-block-column-is-layout-flow\" style=\"flex-basis:66.66%\">\n<ul class=\"wp-block-list\">\n<li><strong>Benachrichtigung \u00fcber Teilnehmeraktivit\u00e4ten:<\/strong><br>Der Screenreader benachrichtigt, wenn andere Benutzer:innen den Raum betreten oder verlassen haben.<\/li>\n\n\n\n<li><strong>Benachrichtigung \u00fcber und Vorlesen von privaten Nachrichten:<\/strong><br>Der Screenreader benachrichtigt \u00fcber den Eingang privater Nachrichten und liest deren Inhalt vor, um Nutzer:innen von Screenreader-Anwendungen die pers\u00f6nliche Kommunikation zu erleichtern.<\/li>\n\n\n\n<li><strong>Dynamisches Feedback:<\/strong><br>Der Screenreader gibt R\u00fcckmeldungen in Echtzeit und sorgt so daf\u00fcr, dass die Benutzer:innen \u00fcber die Ereignisse in der Anwendung auf dem Laufenden gehalten werden.<\/li>\n\n\n\n<li><strong>Identifikation der aktiven Sprecher:innen:<\/strong><br>Der Screenreader identifiziert und liest den Namen der sprechenden Person vor, um Benutzer:innen dar\u00fcber zu informieren, wer gerade spricht.<\/li>\n\n\n\n<li><strong>Benachrichtigung \u00fcber und Vorlesen von Gruppennachrichten:<\/strong><br>Der Screenreader benachrichtigt \u00fcber den Eingang von Gruppennachrichten und liest deren Inhalt vor. Dies stellt sicher, dass Nutzer:innen von Screenreader-Anwendungen der Gruppenkommunikation folgen k\u00f6nnen.<\/li>\n\n\n\n<li><strong>Kontinuierliches Vorlesen von Transkriptionen:<\/strong><br>Wenn in Meetings die Transkriptions- oder \u00dcbersetzungsdienste aktiviert sind, liest der Screenreader den Inhalt kontinuierlich vor. Diese Funktion unterst\u00fctzt alle Benutzer:innen, die auf diese akustischen Informationen angewiesen sind.<\/li>\n\n\n\n<li><strong>Schnelle Navigation:<\/strong><br>Der Screenreader unterst\u00fctzt Benutzer:innen bei der Navigation durch alfaview. Alle Elemente der Benutzeroberfl\u00e4che werden vorgelesen. Dies erleichtert die Navigation in der Anwendung, das Starten oder Betreten von alfaview-R\u00e4umen und den Zugriff auf verschiedene Funktionen.<\/li>\n<\/ul>\n<\/div>\n\n\n\n<div class=\"wp-block-column is-layout-flow wp-block-column-is-layout-flow\" style=\"flex-basis:33.33%\"><div class=\"wp-block-image\">\n<figure class=\"alignright size-full\"><a href=\"https:\/\/support.alfaview.com\/wp-content\/uploads\/2025\/09\/alfaview_barrierefreiheit_screenreader_de.png\"><img loading=\"lazy\" decoding=\"async\" width=\"417\" height=\"440\" src=\"https:\/\/support.alfaview.com\/wp-content\/uploads\/2025\/09\/alfaview_barrierefreiheit_screenreader_de.png\" alt=\"Die Einstellungen f\u00fcr Screenreader-Ank\u00fcndigungen f\u00fcr Barrierefreiheit in alfaview. Die Ank\u00fcndigungen k\u00f6nnen einzeln ein- bzw. ausgeschaltet werden.\" class=\"wp-image-7234\" srcset=\"https:\/\/support.alfaview.com\/wp-content\/uploads\/2025\/09\/alfaview_barrierefreiheit_screenreader_de.png 417w, https:\/\/support.alfaview.com\/wp-content\/uploads\/2025\/09\/alfaview_barrierefreiheit_screenreader_de-284x300.png 284w\" sizes=\"auto, (max-width: 417px) 100vw, 417px\" \/><\/a><figcaption class=\"wp-element-caption\">Auswahlm\u00f6glichkeiten der Screenreader-Ank\u00fcndigungen<\/figcaption><\/figure>\n<\/div><\/div>\n<\/div>\n\n\n\n<h2 class=\"wp-block-heading\" class=\"wp-block-heading\" id=\"barrierefreie-darstellung\">Barrierefreie Darstellung<a href=\"https:\/\/support.alfaview.com\/de\/alfaview-app\/accessibility\/#barrierefreie-darstellung\"><\/a><a href=\"https:\/\/support.alfaview.com\/en\/alfaview-app\/accessibility\/#keyboard-navigation\"><\/a><a href=\"#barrierefreie-darstellung\" class=\"av-heading-anchor\"><i class=\"bi bi-link\"><\/i><\/a><\/h2>\n\n\n\n<div class=\"wp-block-columns is-layout-flex wp-container-core-columns-is-layout-9d6595d7 wp-block-columns-is-layout-flex\">\n<div class=\"wp-block-column is-layout-flow wp-block-column-is-layout-flow\" style=\"flex-basis:66.66%\">\n<p>Das kontrastreiche Design der Benutzeroberfl\u00e4che erleichtert die allgemeine Navigation und die Textlesbarkeit.<br>Mit dieser Einstellung werden die einzelnen Elemente der Benutzeroberfl\u00e4che klar abgegrenzt dargestellt und erleichtert dadurch das Ausw\u00e4hlen mit Maus und\/oder Tastatur.<\/p>\n<\/div>\n\n\n\n<div class=\"wp-block-column is-layout-flow wp-block-column-is-layout-flow\" style=\"flex-basis:33.33%\"><div class=\"wp-block-image\">\n<figure class=\"alignright size-full\"><a href=\"https:\/\/support.alfaview.com\/wp-content\/uploads\/2026\/03\/alfaview_barrierefreiheit_barrierefreie-darstellung_de.png\"><img loading=\"lazy\" decoding=\"async\" width=\"1000\" height=\"538\" src=\"https:\/\/support.alfaview.com\/wp-content\/uploads\/2026\/03\/alfaview_barrierefreiheit_barrierefreie-darstellung_de.png\" alt=\"Die barrierefreie Darstellung von alfaview. Mit einem kontrastreicherem Design und klarerer Abgrenzung der Elemente.\" class=\"wp-image-11112\" srcset=\"https:\/\/support.alfaview.com\/wp-content\/uploads\/2026\/03\/alfaview_barrierefreiheit_barrierefreie-darstellung_de.png 1000w, https:\/\/support.alfaview.com\/wp-content\/uploads\/2026\/03\/alfaview_barrierefreiheit_barrierefreie-darstellung_de-300x161.png 300w, https:\/\/support.alfaview.com\/wp-content\/uploads\/2026\/03\/alfaview_barrierefreiheit_barrierefreie-darstellung_de-768x413.png 768w\" sizes=\"auto, (max-width: 1000px) 100vw, 1000px\" \/><\/a><figcaption class=\"wp-element-caption\">Barrierefreie Darstellung<\/figcaption><\/figure>\n<\/div><\/div>\n<\/div>\n\n\n\n<h2 class=\"wp-block-heading\" class=\"wp-block-heading\" id=\"responsive-registerkarten\">Responsive Registerkarten<a href=\"https:\/\/support.alfaview.com\/de\/alfaview-app\/accessibility\/#responsive-registerkarten\"><\/a><a href=\"https:\/\/support.alfaview.com\/en\/alfaview-app\/accessibility\/#improved-contrast-and-universal-design\"><\/a><a href=\"#responsive-registerkarten\" class=\"av-heading-anchor\"><i class=\"bi bi-link\"><\/i><\/a><\/h2>\n\n\n\n<p>Responsive Registerkarten zeigen Inhalte nebeneinander an, wenn gen\u00fcgend Platz vorhanden ist. So k\u00f6nnen Sie beispielsweise den Chat auf der rechten Seite der App \u00f6ffnen und gleichzeitig die Videos der anderen Teilnehmenden sehen. Auf diese Weise k\u00f6nnen Sie alle Funktionen nutzen, ohne etwas von der Konferenz zu verpassen.<\/p>\n\n\n\n<h2 class=\"wp-block-heading\" class=\"wp-block-heading\" id=\"erweiterte-ui-animationen\">Erweiterte UI Animationen<a href=\"#erweiterte-ui-animationen\" class=\"av-heading-anchor\"><i class=\"bi bi-link\"><\/i><\/a><\/h2>\n\n\n\n<p>Mithilfe von Animationen werden Teile der App-Oberfl\u00e4che ein- bzw. ausgeblendet.<\/p>\n\n\n\n<h2 class=\"wp-block-heading\" class=\"wp-block-heading\" id=\"animierte-kacheln-fuer-teilnehmende\">Animierte Kacheln f\u00fcr Teilnehmende<a href=\"#animierte-kacheln-fuer-teilnehmende\" class=\"av-heading-anchor\"><i class=\"bi bi-link\"><\/i><\/a><\/h2>\n\n\n\n<p>Beim Beitreten, Verlassen oder VIP-Wechsel werden die Teilnehmendenkacheln animiert. Das sorgt f\u00fcr eine verbesserte visuelle Orientierung und macht Ver\u00e4nderungen auf der B\u00fchne leichter nachvollziehbar.<\/p>\n\n\n\n<h2 class=\"wp-block-heading\" class=\"wp-block-heading\" id=\"tastaturkuerzel\">Tastaturk\u00fcrzel<a href=\"https:\/\/support.alfaview.com\/en\/alfaview-app\/accessibility\/#keyboard-shortcuts\"><\/a><a href=\"#tastaturkuerzel\" class=\"av-heading-anchor\"><i class=\"bi bi-link\"><\/i><\/a><\/h2>\n\n\n\n<p>Benutzerfreundliche Tastaturk\u00fcrzel erleichtern die Interaktion mit alfaview und erm\u00f6glichen einen schnellen Zugriff auf Bedienelemente.<br>Eine umfassende Dokumentation ist direkt in der alfaview-Desktopanwendung und im Artikel&nbsp;<a href=\"https:\/\/support.alfaview.com\/de\/alfaview-app\/shortcuts\/\">Tastenk\u00fcrzel<\/a>&nbsp;verf\u00fcgbar.<\/p>\n","protected":false},"excerpt":{"rendered":"<p>alfaview steht f\u00fcr eine gelungene barrierefreie digitale Kommunikation. Erfahren Sie hier mehr \u00fcber alle Funktionen, die die Barrierefreiheit unterst\u00fctzen.<\/p>\n","protected":false},"author":5,"featured_media":0,"parent":917,"menu_order":5,"comment_status":"closed","ping_status":"closed","template":"","meta":{"footnotes":""},"class_list":["post-1262","page","type-page","status-publish","hentry"],"_links":{"self":[{"href":"https:\/\/support.alfaview.com\/de\/wp-json\/wp\/v2\/pages\/1262","targetHints":{"allow":["GET"]}}],"collection":[{"href":"https:\/\/support.alfaview.com\/de\/wp-json\/wp\/v2\/pages"}],"about":[{"href":"https:\/\/support.alfaview.com\/de\/wp-json\/wp\/v2\/types\/page"}],"author":[{"embeddable":true,"href":"https:\/\/support.alfaview.com\/de\/wp-json\/wp\/v2\/users\/5"}],"replies":[{"embeddable":true,"href":"https:\/\/support.alfaview.com\/de\/wp-json\/wp\/v2\/comments?post=1262"}],"version-history":[{"count":4,"href":"https:\/\/support.alfaview.com\/de\/wp-json\/wp\/v2\/pages\/1262\/revisions"}],"predecessor-version":[{"id":11126,"href":"https:\/\/support.alfaview.com\/de\/wp-json\/wp\/v2\/pages\/1262\/revisions\/11126"}],"up":[{"embeddable":true,"href":"https:\/\/support.alfaview.com\/de\/wp-json\/wp\/v2\/pages\/917"}],"wp:attachment":[{"href":"https:\/\/support.alfaview.com\/de\/wp-json\/wp\/v2\/media?parent=1262"}],"curies":[{"name":"wp","href":"https:\/\/api.w.org\/{rel}","templated":true}]}}