{"id":1317,"date":"2023-11-20T11:28:43","date_gmt":"2023-11-20T11:28:43","guid":{"rendered":"https:\/\/support.alfaview.com\/?page_id=1317"},"modified":"2025-11-20T08:57:09","modified_gmt":"2025-11-20T08:57:09","slug":"room-structure-and-departments","status":"publish","type":"page","link":"https:\/\/support.alfaview.com\/de\/administration\/room-management\/room-structure-and-departments\/","title":{"rendered":"Raumstruktur und Abteilungen"},"content":{"rendered":"\n<p>Passen Sie die Raumstruktur an, um mehrere R\u00e4ume \u00fcbersichtlich zu ordnen oder die Struktur an Ihre pers\u00f6nlichen Vorstellungen anzupassen.<\/p>\n\n\n\n<h2 class=\"wp-block-heading\" class=\"wp-block-heading\" id=\"abteilung-erstellen\">Abteilung erstellen<a href=\"https:\/\/support.alfaview.com\/de\/administration\/room-management\/room-structure-and-departments\/#abteilungen-erstellen\"><\/a><a href=\"https:\/\/support.alfaview.com\/de\/administration\/room-management\/room-structure-and-departments\/#create-departments\"><\/a><a href=\"#abteilung-erstellen\" class=\"av-heading-anchor\"><i class=\"bi bi-link\"><\/i><\/a><\/h2>\n\n\n\n<p>Gruppieren Sie R\u00e4ume in Abteilungen, um eine bessere \u00dcbersichtlichkeit zu erreichen.<\/p>\n\n\n\n<div class=\"wp-block-columns is-layout-flex wp-container-core-columns-is-layout-9d6595d7 wp-block-columns-is-layout-flex\">\n<div class=\"wp-block-column is-layout-flow wp-block-column-is-layout-flow\" style=\"flex-basis:66.66%\">\n<ul class=\"wp-block-list\">\n<li>Klicken Sie im Men\u00fc der <a href=\"https:\/\/app.alfaview.com\/\">Verwaltungsoberfl\u00e4che<\/a> auf <strong>R\u00e4ume<\/strong>.<\/li>\n\n\n\n<li>Klicken Sie dann auf die Schaltfl\u00e4che <button class=\"av-button av-button--default\">Neue Abteilung<\/button>.<\/li>\n\n\n\n<li>Legen Sie eine Abteilung an der Stelle, an der sie platziert werden soll, mit einem Klick auf <strong>Hier hinzuf\u00fcgen<\/strong> an.<\/li>\n\n\n\n<li>Geben Sie den Namen der neuen Abteilung ein. Klicken Sie anschlie\u00dfend auf die Schaltfl\u00e4che <button class=\"av-button av-button--primary\">Erstellen<\/button>.<\/li>\n<\/ul>\n<\/div>\n\n\n\n<div class=\"wp-block-column is-layout-flow wp-block-column-is-layout-flow\" style=\"flex-basis:33.33%\"><div class=\"wp-block-image\">\n<figure class=\"alignright size-large\"><a href=\"https:\/\/support.alfaview.com\/wp-content\/uploads\/2025\/10\/alfaview_abteilung-erstellen_de-1024x550.png\"><img loading=\"lazy\" decoding=\"async\" width=\"1024\" height=\"550\" src=\"https:\/\/support.alfaview.com\/wp-content\/uploads\/2025\/10\/alfaview_abteilung-erstellen_de-1024x550.png\" alt=\"In der Verwaltungsoberfl\u00e4che kann man seine Raumstruktur durch Abteilungen strukturieren. Eine Abteilung kann man durch einen Klick auf &quot;Neue Abteilung&quot; hinzuf\u00fcgen.\" class=\"wp-image-7420\" srcset=\"https:\/\/support.alfaview.com\/wp-content\/uploads\/2025\/10\/alfaview_abteilung-erstellen_de-1024x550.png 1024w, https:\/\/support.alfaview.com\/wp-content\/uploads\/2025\/10\/alfaview_abteilung-erstellen_de-300x161.png 300w, https:\/\/support.alfaview.com\/wp-content\/uploads\/2025\/10\/alfaview_abteilung-erstellen_de-768x413.png 768w, https:\/\/support.alfaview.com\/wp-content\/uploads\/2025\/10\/alfaview_abteilung-erstellen_de-1536x826.png 1536w, https:\/\/support.alfaview.com\/wp-content\/uploads\/2025\/10\/alfaview_abteilung-erstellen_de.png 1920w\" sizes=\"auto, (max-width: 1024px) 100vw, 1024px\" \/><\/a><figcaption class=\"wp-element-caption\">Abteilung erstellen<\/figcaption><\/figure>\n<\/div><\/div>\n<\/div>\n\n\n\n<p>Sie k\u00f6nnen den Namen der Abteilung \u00e4ndern, indem Sie auf das Symbol <img decoding=\"async\" class=\"wp-image-2116\" style=\"width: 20px;\" src=\"https:\/\/support.alfaview.com\/wp-content\/uploads\/2023\/12\/icon-settings.png\" alt=\"\"> <strong>Einstellungen<\/strong> klicken. Wenn sich kein Raum in der Abteilung befindet, k\u00f6nnen Sie diese auch l\u00f6schen.<\/p>\n\n\n\n<h2 class=\"wp-block-heading\" class=\"wp-block-heading\" id=\"raum-erstellen\">Raum erstellen<a href=\"#raum-erstellen\" class=\"av-heading-anchor\"><i class=\"bi bi-link\"><\/i><\/a><\/h2>\n\n\n\n<p>Je nach verf\u00fcgbarem Kontingent k\u00f6nnen Sie neue R\u00e4ume erstellen.<\/p>\n\n\n\n<div class=\"wp-block-columns is-layout-flex wp-container-core-columns-is-layout-9d6595d7 wp-block-columns-is-layout-flex\">\n<div class=\"wp-block-column is-layout-flow wp-block-column-is-layout-flow\" style=\"flex-basis:66.66%\">\n<ul class=\"wp-block-list\">\n<li>Klicken Sie im Men\u00fc der <a href=\"https:\/\/app.alfaview.com\/\">Verwaltungsoberfl\u00e4che<\/a> auf <strong>R\u00e4ume<\/strong>.<\/li>\n\n\n\n<li>Klicken Sie auf die Schaltfl\u00e4che <button class=\"av-button av-button--primary\">Neuer Raum<\/button>.<\/li>\n\n\n\n<li>Wenn Sie mehrere Abteilungen haben, w\u00e4hlen Sie aus, an welcher Stelle Sie den Raum einf\u00fcgen m\u00f6chten. Klicken Sie dann auf <strong>Hier hinzuf\u00fcgen<\/strong>.<\/li>\n\n\n\n<li>Geben Sie einen Raumnamen ein und w\u00e4hlen Sie die Gruppenanzahl aus.<\/li>\n\n\n\n<li>Klicken Sie anschlie\u00dfend auf die Schaltfl\u00e4che <button class=\"av-button av-button--primary\">Erstellen<\/button>.<\/li>\n<\/ul>\n<\/div>\n\n\n\n<div class=\"wp-block-column is-layout-flow wp-block-column-is-layout-flow\" style=\"flex-basis:33.33%\"><div class=\"wp-block-image\">\n<figure class=\"alignright size-large\"><a href=\"https:\/\/support.alfaview.com\/wp-content\/uploads\/2025\/10\/alfaview_raum-erstellen_de-1024x550.png\"><img loading=\"lazy\" decoding=\"async\" width=\"1024\" height=\"550\" src=\"https:\/\/support.alfaview.com\/wp-content\/uploads\/2025\/10\/alfaview_raum-erstellen_de-1024x550.png\" alt=\"In der Verwaltungsoberfl\u00e4che kann man neue R\u00e4ume hinzuf\u00fcgen. Daf\u00fcr klickt man auf den Button &quot;Neuer Raum&quot;.\" class=\"wp-image-7422\" srcset=\"https:\/\/support.alfaview.com\/wp-content\/uploads\/2025\/10\/alfaview_raum-erstellen_de-1024x550.png 1024w, https:\/\/support.alfaview.com\/wp-content\/uploads\/2025\/10\/alfaview_raum-erstellen_de-300x161.png 300w, https:\/\/support.alfaview.com\/wp-content\/uploads\/2025\/10\/alfaview_raum-erstellen_de-768x413.png 768w, https:\/\/support.alfaview.com\/wp-content\/uploads\/2025\/10\/alfaview_raum-erstellen_de-1536x826.png 1536w, https:\/\/support.alfaview.com\/wp-content\/uploads\/2025\/10\/alfaview_raum-erstellen_de.png 1920w\" sizes=\"auto, (max-width: 1024px) 100vw, 1024px\" \/><\/a><figcaption class=\"wp-element-caption\">Raumverwaltung: Raum erstellen<\/figcaption><\/figure>\n<\/div><\/div>\n<\/div>\n\n\n\n<h2 class=\"wp-block-heading\" class=\"wp-block-heading\" id=\"raumstruktur-anpassen\">Raumstruktur anpassen<a href=\"https:\/\/support.alfaview.com\/de\/administration\/room-management\/room-structure-and-departments\/#raumstruktur-anpassen\"><\/a><a href=\"https:\/\/support.alfaview.com\/de\/administration\/room-management\/room-structure-and-departments\/#adjust-room-structure\"><\/a><a href=\"#raumstruktur-anpassen\" class=\"av-heading-anchor\"><i class=\"bi bi-link\"><\/i><\/a><\/h2>\n\n\n\n<div class=\"wp-block-columns is-layout-flex wp-container-core-columns-is-layout-9d6595d7 wp-block-columns-is-layout-flex\">\n<div class=\"wp-block-column is-layout-flow wp-block-column-is-layout-flow\" style=\"flex-basis:66.66%\">\n<ul class=\"wp-block-list\">\n<li>Klicken Sie im Men\u00fc der <a href=\"https:\/\/app.alfaview.com\/\">Verwaltungsoberfl\u00e4che<\/a> auf <strong>R\u00e4ume<\/strong>.<\/li>\n\n\n\n<li>Klicken Sie dann auf&nbsp;das Symbol <img loading=\"lazy\" decoding=\"async\" width=\"20\" height=\"20\" class=\"wp-image-2111\" style=\"width: 20px;\" src=\"https:\/\/support.alfaview.com\/wp-content\/uploads\/2023\/12\/move-room-arrow.png\" alt=\"\"><strong>Sortieren<\/strong>.<\/li>\n\n\n\n<li>Jetzt k\u00f6nnen Sie R\u00e4ume und Abteilungen mit der Maus verschieben und neu anordnen.<\/li>\n\n\n\n<li>Best\u00e4tigen Sie die \u00c4nderungen mit einem Klick auf die Schaltfl\u00e4che <button class=\"av-button av-button--primary\">Speichern<\/button>.<\/li>\n<\/ul>\n<\/div>\n\n\n\n<div class=\"wp-block-column is-layout-flow wp-block-column-is-layout-flow\" style=\"flex-basis:33.33%\"><div class=\"wp-block-image\">\n<figure class=\"alignright size-large\"><a href=\"https:\/\/support.alfaview.com\/wp-content\/uploads\/2025\/10\/alfaview_raum-anordnen_de-1024x550.png\"><img loading=\"lazy\" decoding=\"async\" width=\"1024\" height=\"550\" src=\"https:\/\/support.alfaview.com\/wp-content\/uploads\/2025\/10\/alfaview_raum-anordnen_de-1024x550.png\" alt=\"In der Verwaltungsoberfl\u00e4che kann man die R\u00e4ume au\u00dferdem neu sortieren und anordnen. Daf\u00fcr klickt man auf den Button &quot;Sortieren&quot;. Danach kann man die R\u00e4ume mit der Maus verschieben.\" class=\"wp-image-7424\" srcset=\"https:\/\/support.alfaview.com\/wp-content\/uploads\/2025\/10\/alfaview_raum-anordnen_de-1024x550.png 1024w, https:\/\/support.alfaview.com\/wp-content\/uploads\/2025\/10\/alfaview_raum-anordnen_de-300x161.png 300w, https:\/\/support.alfaview.com\/wp-content\/uploads\/2025\/10\/alfaview_raum-anordnen_de-768x413.png 768w, https:\/\/support.alfaview.com\/wp-content\/uploads\/2025\/10\/alfaview_raum-anordnen_de-1536x826.png 1536w, https:\/\/support.alfaview.com\/wp-content\/uploads\/2025\/10\/alfaview_raum-anordnen_de.png 1920w\" sizes=\"auto, (max-width: 1024px) 100vw, 1024px\" \/><\/a><figcaption class=\"wp-element-caption\">R\u00e4ume anordnen<\/figcaption><\/figure>\n<\/div><\/div>\n<\/div>\n","protected":false},"excerpt":{"rendered":"<p>alfaview setzt nicht allein auf einzelne Meetings, sondern stellt eine virtuelle Company mit Abteilungen und R\u00e4umen bereit. Erstellen Sie neue R\u00e4ume, organisieren Sie diese in Abteilungen f\u00fcr eine klarere Struktur und laden Sie G\u00e4ste f\u00fcr einzelne Meetings oder dauerhaft in Ihre R\u00e4ume ein.<br \/>\nBilden Sie Ihre B\u00fcrostruktur in einer virtuellen Umgebung ab, um eine bessere Zusammenarbeit und Kommunikation zu erm\u00f6glichen.<\/p>\n","protected":false},"author":5,"featured_media":0,"parent":938,"menu_order":0,"comment_status":"closed","ping_status":"closed","template":"","meta":{"footnotes":""},"class_list":["post-1317","page","type-page","status-publish","hentry"],"_links":{"self":[{"href":"https:\/\/support.alfaview.com\/de\/wp-json\/wp\/v2\/pages\/1317","targetHints":{"allow":["GET"]}}],"collection":[{"href":"https:\/\/support.alfaview.com\/de\/wp-json\/wp\/v2\/pages"}],"about":[{"href":"https:\/\/support.alfaview.com\/de\/wp-json\/wp\/v2\/types\/page"}],"author":[{"embeddable":true,"href":"https:\/\/support.alfaview.com\/de\/wp-json\/wp\/v2\/users\/5"}],"replies":[{"embeddable":true,"href":"https:\/\/support.alfaview.com\/de\/wp-json\/wp\/v2\/comments?post=1317"}],"version-history":[{"count":0,"href":"https:\/\/support.alfaview.com\/de\/wp-json\/wp\/v2\/pages\/1317\/revisions"}],"up":[{"embeddable":true,"href":"https:\/\/support.alfaview.com\/de\/wp-json\/wp\/v2\/pages\/938"}],"wp:attachment":[{"href":"https:\/\/support.alfaview.com\/de\/wp-json\/wp\/v2\/media?parent=1317"}],"curies":[{"name":"wp","href":"https:\/\/api.w.org\/{rel}","templated":true}]}}