{"id":1333,"date":"2023-11-20T12:48:15","date_gmt":"2023-11-20T12:48:15","guid":{"rendered":"https:\/\/support.alfaview.com\/?page_id=1333"},"modified":"2026-03-09T11:03:13","modified_gmt":"2026-03-09T11:03:13","slug":"create-room","status":"publish","type":"page","link":"https:\/\/support.alfaview.com\/de\/administration\/room-management\/create-room\/","title":{"rendered":"Raum erstellen"},"content":{"rendered":"\n<div class=\"wp-block-columns is-layout-flex wp-container-core-columns-is-layout-9d6595d7 wp-block-columns-is-layout-flex\">\n<div class=\"wp-block-column is-layout-flow wp-block-column-is-layout-flow\" style=\"flex-basis:66.66%\">\n<p>\u00d6ffnen Sie in der <a href=\"https:\/\/support.alfaview.com\/de\/administration\/general\/adminstration-interface\/\">Verwaltungsoberfl\u00e4che<\/a> den Men\u00fcpunkt <strong>R\u00e4ume. <\/strong>Alternativ k\u00f6nnen Sie die Verwaltungsoberfl\u00e4che auch \u00fcber die Startseite der alfaview-App aufrufen. Klicken Sie dazu auf der Startseite der App auf die Schaltfl\u00e4che&nbsp;<button class=\"av-button av-button--default\">Neuer Raum<\/button>, um die Raumverwaltung direkt zu \u00f6ffnen.<\/p>\n\n\n\n<p>Klicken Sie anschlie\u00dfend auf die Schaltfl\u00e4che&nbsp;<button class=\"av-button av-button--primary\">Neuer Raum<\/button>&nbsp;und dann auf <strong>Hier hinzuf\u00fcgen<\/strong>.<br><br>Geben Sie den Namen des Raumes ein. Speichern Sie Ihre Eingabe durch einen Klick auf die Schaltfl\u00e4che&nbsp;<button class=\"av-button av-button--primary\">Erstellen<\/button>.<\/p>\n\n\n\n<div class=\"wp-block-alfaview-callout\">\n<p>Bitte beachten Sie, dass Sie einen neuen Raum nur erstellen k\u00f6nnen, wenn Sie \u00fcber ein entsprechendes Kontingent verf\u00fcgen.<\/p>\n<\/div>\n<\/div>\n\n\n\n<div class=\"wp-block-column is-layout-flow wp-block-column-is-layout-flow\" style=\"flex-basis:33.33%\"><div class=\"wp-block-image\">\n<figure class=\"alignright size-large\"><a href=\"https:\/\/support.alfaview.com\/wp-content\/uploads\/2025\/10\/alfaview_raumliste_de-1024x550.png\"><img loading=\"lazy\" decoding=\"async\" width=\"1024\" height=\"550\" src=\"https:\/\/support.alfaview.com\/wp-content\/uploads\/2025\/10\/alfaview_raumliste_de-1024x550.png\" alt=\"Die Raumliste in der alfaview App. Diese erscheint, sobald man sich in der App oder im Webclient einloggt. Hier finden Sie alle betretbaren Meetings und R\u00e4ume. Au\u00dferdem k\u00f6nnen hier auch Meetings und R\u00e4ume durch Administrator:innen erstellt werden.\" class=\"wp-image-7439\" srcset=\"https:\/\/support.alfaview.com\/wp-content\/uploads\/2025\/10\/alfaview_raumliste_de-1024x550.png 1024w, https:\/\/support.alfaview.com\/wp-content\/uploads\/2025\/10\/alfaview_raumliste_de-300x161.png 300w, https:\/\/support.alfaview.com\/wp-content\/uploads\/2025\/10\/alfaview_raumliste_de-768x413.png 768w, https:\/\/support.alfaview.com\/wp-content\/uploads\/2025\/10\/alfaview_raumliste_de-1536x826.png 1536w, https:\/\/support.alfaview.com\/wp-content\/uploads\/2025\/10\/alfaview_raumliste_de.png 1920w\" sizes=\"auto, (max-width: 1024px) 100vw, 1024px\" \/><\/a><figcaption class=\"wp-element-caption\">Die Raumliste in der alfaview App<\/figcaption><\/figure>\n<\/div>\n\n<div class=\"wp-block-image\">\n<figure class=\"alignright size-full\"><a href=\"https:\/\/support.alfaview.com\/wp-content\/uploads\/2026\/03\/alfaview_verwaltung_raum-erstellen_de.png\"><img loading=\"lazy\" decoding=\"async\" width=\"1000\" height=\"538\" src=\"https:\/\/support.alfaview.com\/wp-content\/uploads\/2026\/03\/alfaview_verwaltung_raum-erstellen_de.png\" alt=\"In der Raumverwaltung kann unter dem Reiter &quot;R\u00e4ume&quot; ein neuer Raum erstellt werden, indem man auf &quot;Neuer Raum&quot; klickt.\" class=\"wp-image-10748\" srcset=\"https:\/\/support.alfaview.com\/wp-content\/uploads\/2026\/03\/alfaview_verwaltung_raum-erstellen_de.png 1000w, https:\/\/support.alfaview.com\/wp-content\/uploads\/2026\/03\/alfaview_verwaltung_raum-erstellen_de-300x161.png 300w, https:\/\/support.alfaview.com\/wp-content\/uploads\/2026\/03\/alfaview_verwaltung_raum-erstellen_de-768x413.png 768w\" sizes=\"auto, (max-width: 1000px) 100vw, 1000px\" \/><\/a><figcaption class=\"wp-element-caption\">Raumverwaltung: Raum erstellen<\/figcaption><\/figure>\n<\/div><\/div>\n<\/div>\n","protected":false},"excerpt":{"rendered":"<p>Erstellen Sie einen neuen Raum in Ihrer Company.<br \/>\nBitte beachten Sie, dass Sie nur neue R\u00e4ume erstellen k\u00f6nnen, wie Sie \u00fcber ein entsprechendes Kontingent verf\u00fcgen.<\/p>\n","protected":false},"author":5,"featured_media":0,"parent":938,"menu_order":5,"comment_status":"closed","ping_status":"closed","template":"","meta":{"footnotes":""},"class_list":["post-1333","page","type-page","status-publish","hentry"],"_links":{"self":[{"href":"https:\/\/support.alfaview.com\/de\/wp-json\/wp\/v2\/pages\/1333","targetHints":{"allow":["GET"]}}],"collection":[{"href":"https:\/\/support.alfaview.com\/de\/wp-json\/wp\/v2\/pages"}],"about":[{"href":"https:\/\/support.alfaview.com\/de\/wp-json\/wp\/v2\/types\/page"}],"author":[{"embeddable":true,"href":"https:\/\/support.alfaview.com\/de\/wp-json\/wp\/v2\/users\/5"}],"replies":[{"embeddable":true,"href":"https:\/\/support.alfaview.com\/de\/wp-json\/wp\/v2\/comments?post=1333"}],"version-history":[{"count":1,"href":"https:\/\/support.alfaview.com\/de\/wp-json\/wp\/v2\/pages\/1333\/revisions"}],"predecessor-version":[{"id":10750,"href":"https:\/\/support.alfaview.com\/de\/wp-json\/wp\/v2\/pages\/1333\/revisions\/10750"}],"up":[{"embeddable":true,"href":"https:\/\/support.alfaview.com\/de\/wp-json\/wp\/v2\/pages\/938"}],"wp:attachment":[{"href":"https:\/\/support.alfaview.com\/de\/wp-json\/wp\/v2\/media?parent=1333"}],"curies":[{"name":"wp","href":"https:\/\/api.w.org\/{rel}","templated":true}]}}