{"id":1372,"date":"2023-11-20T13:24:00","date_gmt":"2023-11-20T13:24:00","guid":{"rendered":"https:\/\/support.alfaview.com\/?page_id=1372"},"modified":"2025-11-20T10:18:38","modified_gmt":"2025-11-20T10:18:38","slug":"delete-room","status":"publish","type":"page","link":"https:\/\/support.alfaview.com\/de\/administration\/room-management\/delete-room\/","title":{"rendered":"Raum l\u00f6schen"},"content":{"rendered":"\n<p>Als Raumadministrator:in k\u00f6nnen Sie einen Raum in der Verwaltung l\u00f6schen:<\/p>\n\n\n\n<div class=\"wp-block-columns is-layout-flex wp-container-core-columns-is-layout-9d6595d7 wp-block-columns-is-layout-flex\">\n<div class=\"wp-block-column is-layout-flow wp-block-column-is-layout-flow\" style=\"flex-basis:66.66%\">\n<ul class=\"wp-block-list\">\n<li>\u00d6ffnen Sie in der <a href=\"https:\/\/support.alfaview.com\/de\/administration\/general\/adminstration-interface\/\">Verwaltungsoberfl\u00e4che<\/a> den Men\u00fcpunkt <strong>R\u00e4ume<\/strong>.<\/li>\n\n\n\n<li>W\u00e4hlen Sie den Raum aus, den Sie l\u00f6schen m\u00f6chten.<\/li>\n\n\n\n<li>Klicken Sie neben dem Namen des Raums auf das Symbol <img decoding=\"async\" class=\"wp-image-2116\" style=\"width: 20px;\" src=\"https:\/\/support.alfaview.com\/wp-content\/uploads\/2023\/12\/icon-settings.png\" alt=\"Symbol Einstellungen\"> <strong>Einstellungen<\/strong>.<\/li>\n\n\n\n<li>Klicken Sie im Reiter <strong>Raum <\/strong>auf die Schaltfl\u00e4che <button class=\"av-button av-button--default\">Raum l\u00f6schen<\/button>.<\/li>\n\n\n\n<li>Best\u00e4tigen Sie den L\u00f6schvorgang im neuen Fenster mit einem Klick auf die Schaltfl\u00e4che <button class=\"av-button av-button--error\">L\u00f6schen<\/button>.<\/li>\n<\/ul>\n<\/div>\n\n\n\n<div class=\"wp-block-column is-layout-flow wp-block-column-is-layout-flow\" style=\"flex-basis:33.33%\"><div class=\"wp-block-image\">\n<figure class=\"alignright size-large\"><a href=\"https:\/\/support.alfaview.com\/wp-content\/uploads\/2025\/10\/alfaview_verwaltung-raum-loeschen_de-1024x550.png\"><img loading=\"lazy\" decoding=\"async\" width=\"1024\" height=\"550\" src=\"https:\/\/support.alfaview.com\/wp-content\/uploads\/2025\/10\/alfaview_verwaltung-raum-loeschen_de-1024x550.png\" alt=\"\u00dcber die Verwaltungsoberfl\u00e4che k\u00f6nnen Sie im Reiter &quot;R\u00e4ume&quot; R\u00e4ume l\u00f6schen. In den Einstellungen zum Raum steht daf\u00fcr unten links der Button &quot;Raum l\u00f6schen&quot;.\" class=\"wp-image-7476\" srcset=\"https:\/\/support.alfaview.com\/wp-content\/uploads\/2025\/10\/alfaview_verwaltung-raum-loeschen_de-1024x550.png 1024w, https:\/\/support.alfaview.com\/wp-content\/uploads\/2025\/10\/alfaview_verwaltung-raum-loeschen_de-300x161.png 300w, https:\/\/support.alfaview.com\/wp-content\/uploads\/2025\/10\/alfaview_verwaltung-raum-loeschen_de-768x413.png 768w, https:\/\/support.alfaview.com\/wp-content\/uploads\/2025\/10\/alfaview_verwaltung-raum-loeschen_de-1536x826.png 1536w, https:\/\/support.alfaview.com\/wp-content\/uploads\/2025\/10\/alfaview_verwaltung-raum-loeschen_de.png 1920w\" sizes=\"auto, (max-width: 1024px) 100vw, 1024px\" \/><\/a><figcaption class=\"wp-element-caption\">Raum l\u00f6schen<\/figcaption><\/figure>\n<\/div><\/div>\n<\/div>\n\n\n\n<div class=\"wp-block-alfaview-callout\">\n<p>Bitte beachten Sie, dass die L\u00f6schung eines Raumes nicht r\u00fcckg\u00e4ngig gemacht werden kann.<\/p>\n<\/div>\n\n\n\n<p><\/p>\n","protected":false},"excerpt":{"rendered":"<p>Folgen Sie unserer Anleitung, um einen Raum zu l\u00f6schen.<\/p>\n","protected":false},"author":5,"featured_media":0,"parent":938,"menu_order":15,"comment_status":"closed","ping_status":"closed","template":"","meta":{"footnotes":""},"class_list":["post-1372","page","type-page","status-publish","hentry"],"_links":{"self":[{"href":"https:\/\/support.alfaview.com\/de\/wp-json\/wp\/v2\/pages\/1372","targetHints":{"allow":["GET"]}}],"collection":[{"href":"https:\/\/support.alfaview.com\/de\/wp-json\/wp\/v2\/pages"}],"about":[{"href":"https:\/\/support.alfaview.com\/de\/wp-json\/wp\/v2\/types\/page"}],"author":[{"embeddable":true,"href":"https:\/\/support.alfaview.com\/de\/wp-json\/wp\/v2\/users\/5"}],"replies":[{"embeddable":true,"href":"https:\/\/support.alfaview.com\/de\/wp-json\/wp\/v2\/comments?post=1372"}],"version-history":[{"count":0,"href":"https:\/\/support.alfaview.com\/de\/wp-json\/wp\/v2\/pages\/1372\/revisions"}],"up":[{"embeddable":true,"href":"https:\/\/support.alfaview.com\/de\/wp-json\/wp\/v2\/pages\/938"}],"wp:attachment":[{"href":"https:\/\/support.alfaview.com\/de\/wp-json\/wp\/v2\/media?parent=1372"}],"curies":[{"name":"wp","href":"https:\/\/api.w.org\/{rel}","templated":true}]}}