{"id":1467,"date":"2023-11-20T15:17:37","date_gmt":"2023-11-20T15:17:37","guid":{"rendered":"https:\/\/support.alfaview.com\/?page_id=1467"},"modified":"2025-11-20T10:48:12","modified_gmt":"2025-11-20T10:48:12","slug":"invite-user","status":"publish","type":"page","link":"https:\/\/support.alfaview.com\/de\/administration\/user-management\/invite-user\/","title":{"rendered":"Benutzer einladen"},"content":{"rendered":"\n<p>Je nach Berechtigung steht Ihnen die Funktion&nbsp;<strong>Benutzer einladen<\/strong>&nbsp;zur Verf\u00fcgung. Innerhalb einer alfaview-Company k\u00f6nnen mehrere Benutzer:innen eingeladen werden. Um einen Benutzer oder eine Benutzerin einzuladen, gehen Sie wie folgt vor:<\/p>\n\n\n\n<div class=\"wp-block-columns is-layout-flex wp-container-core-columns-is-layout-9d6595d7 wp-block-columns-is-layout-flex\">\n<div class=\"wp-block-column is-layout-flow wp-block-column-is-layout-flow\" style=\"flex-basis:66.66%\">\n<ul class=\"wp-block-list\">\n<li>Klicken Sie auf der Verwaltungsoberfl\u00e4che im Men\u00fc auf der rechten Seite auf&nbsp;<strong>Benutzer<\/strong>.<\/li>\n\n\n\n<li>Klicken Sie anschlie\u00dfend auf die Schaltfl\u00e4che <button class=\"av-button av-button--primary\">Benutzer einladen<\/button>.<\/li>\n\n\n\n<li>\u00dcber die zus\u00e4tzlich angezeigte Eingabezeile k\u00f6nnen Sie mehrere Benutzer:innen gleichzeitig einladen.<\/li>\n\n\n\n<li>F\u00fcllen Sie das Formular entsprechend aus und schlie\u00dfen Sie die Einladung mit einem Klick auf die Schaltfl\u00e4che <button class=\"av-button av-button--primary\">Benutzer einladen<\/button>&nbsp;ab.<\/li>\n<\/ul>\n<\/div>\n\n\n\n<div class=\"wp-block-column is-layout-flow wp-block-column-is-layout-flow\" style=\"flex-basis:33.33%\"><div class=\"wp-block-image\">\n<figure class=\"alignright size-full\"><a href=\"https:\/\/support.alfaview.com\/wp-content\/uploads\/2025\/10\/alfaview_benutzer-einladen_de-1.png\"><img loading=\"lazy\" decoding=\"async\" width=\"780\" height=\"470\" src=\"https:\/\/support.alfaview.com\/wp-content\/uploads\/2025\/10\/alfaview_benutzer-einladen_de-1.png\" alt=\"\u00dcber die Verwaltungsoberfl\u00e4che k\u00f6nnen Sie im Reiter &quot;Benutzer&quot; Personen zur Company einladen.\" class=\"wp-image-8289\" srcset=\"https:\/\/support.alfaview.com\/wp-content\/uploads\/2025\/10\/alfaview_benutzer-einladen_de-1.png 780w, https:\/\/support.alfaview.com\/wp-content\/uploads\/2025\/10\/alfaview_benutzer-einladen_de-1-300x181.png 300w, https:\/\/support.alfaview.com\/wp-content\/uploads\/2025\/10\/alfaview_benutzer-einladen_de-1-768x463.png 768w\" sizes=\"auto, (max-width: 780px) 100vw, 780px\" \/><\/a><figcaption class=\"wp-element-caption\">Benutzer einladen<\/figcaption><\/figure>\n<\/div><\/div>\n<\/div>\n\n\n\n<p>In der Folge erhalten alle eingeladenen Benutzer:innen zur Best\u00e4tigung eine E-Mail. Der darin enthaltene Link muss im Browser aufgerufen werden, um das Benutzerkonto zu aktivieren. Zur Aktivierung muss auch ein Passwort festgelegt werden.<\/p>\n\n\n\n<div class=\"wp-block-alfaview-callout\">\n<ul class=\"wp-block-list\">\n<li>Benutzer:innen k\u00f6nnen nur per E-Mail eingeladen werden.<\/li>\n\n\n\n<li>Es ist nicht m\u00f6glich, ein Benutzerkonto mit vordefiniertem Passwort festzulegen.<\/li>\n<\/ul>\n<\/div>\n","protected":false},"excerpt":{"rendered":"<p>Laden Sie Benutzer:innen in Ihre Company ein und passen Sie die Berechtigungen individuell an.<\/p>\n","protected":false},"author":5,"featured_media":0,"parent":1530,"menu_order":1,"comment_status":"closed","ping_status":"closed","template":"","meta":{"footnotes":""},"class_list":["post-1467","page","type-page","status-publish","hentry"],"_links":{"self":[{"href":"https:\/\/support.alfaview.com\/de\/wp-json\/wp\/v2\/pages\/1467","targetHints":{"allow":["GET"]}}],"collection":[{"href":"https:\/\/support.alfaview.com\/de\/wp-json\/wp\/v2\/pages"}],"about":[{"href":"https:\/\/support.alfaview.com\/de\/wp-json\/wp\/v2\/types\/page"}],"author":[{"embeddable":true,"href":"https:\/\/support.alfaview.com\/de\/wp-json\/wp\/v2\/users\/5"}],"replies":[{"embeddable":true,"href":"https:\/\/support.alfaview.com\/de\/wp-json\/wp\/v2\/comments?post=1467"}],"version-history":[{"count":0,"href":"https:\/\/support.alfaview.com\/de\/wp-json\/wp\/v2\/pages\/1467\/revisions"}],"up":[{"embeddable":true,"href":"https:\/\/support.alfaview.com\/de\/wp-json\/wp\/v2\/pages\/1530"}],"wp:attachment":[{"href":"https:\/\/support.alfaview.com\/de\/wp-json\/wp\/v2\/media?parent=1467"}],"curies":[{"name":"wp","href":"https:\/\/api.w.org\/{rel}","templated":true}]}}