{"id":1479,"date":"2023-11-20T15:28:23","date_gmt":"2023-11-20T15:28:23","guid":{"rendered":"https:\/\/support.alfaview.com\/?page_id=1479"},"modified":"2025-11-20T10:49:20","modified_gmt":"2025-11-20T10:49:20","slug":"delete-user","status":"publish","type":"page","link":"https:\/\/support.alfaview.com\/de\/administration\/user-management\/delete-user\/","title":{"rendered":"Benutzer l\u00f6schen"},"content":{"rendered":"\n<p>Je nach Berechtigung k\u00f6nnen Sie einen Benutzer oder eine Benutzerin l\u00f6schen. Gehen Sie dazu wie folgt vor:<\/p>\n\n\n\n<div class=\"wp-block-columns is-layout-flex wp-container-core-columns-is-layout-9d6595d7 wp-block-columns-is-layout-flex\">\n<div class=\"wp-block-column is-layout-flow wp-block-column-is-layout-flow\" style=\"flex-basis:66.66%\">\n<ul class=\"wp-block-list\">\n<li>Klicken Sie auf der Administrationsoberfl\u00e4che im Men\u00fc auf der rechten Seite auf&nbsp;<strong>Benutzer<\/strong>.<\/li>\n\n\n\n<li>Suchen Sie in der Liste das Benutzerkonto, das Sie l\u00f6schen m\u00f6chten.<\/li>\n\n\n\n<li>Klicken Sie auf das Kontextmen\u00fc&nbsp;<img decoding=\"async\" class=\"wp-image-2122\" style=\"width: 20px;\" src=\"https:\/\/support.alfaview.com\/wp-content\/uploads\/2023\/12\/dots.png\" alt=\"\">&nbsp;, um dieses zu \u00f6ffnen.<\/li>\n\n\n\n<li>Klicken Sie anschlie\u00dfend auf&nbsp;<strong>L\u00f6schen<\/strong>.<\/li>\n\n\n\n<li>Um den L\u00f6schvorgang zu best\u00e4tigen, klicken Sie im neuen Fenster auf die Schaltfl\u00e4che <button class=\"av-button av-button--error\">L\u00f6schen<\/button>.<\/li>\n<\/ul>\n<\/div>\n\n\n\n<div class=\"wp-block-column is-layout-flow wp-block-column-is-layout-flow\" style=\"flex-basis:33.33%\"><div class=\"wp-block-image\">\n<figure class=\"alignright size-full\"><a href=\"https:\/\/support.alfaview.com\/wp-content\/uploads\/2025\/10\/alfaview_benutzer-loeschen_de-1.png\"><img loading=\"lazy\" decoding=\"async\" width=\"1000\" height=\"538\" src=\"https:\/\/support.alfaview.com\/wp-content\/uploads\/2025\/10\/alfaview_benutzer-loeschen_de-1.png\" alt=\"\u00dcber die Verwaltungsoberfl\u00e4che k\u00f6nnen Sie im Reiter &quot;Benutzer&quot; Benutzerkonten aus der Company l\u00f6schen.\" class=\"wp-image-8293\" srcset=\"https:\/\/support.alfaview.com\/wp-content\/uploads\/2025\/10\/alfaview_benutzer-loeschen_de-1.png 1000w, https:\/\/support.alfaview.com\/wp-content\/uploads\/2025\/10\/alfaview_benutzer-loeschen_de-1-300x161.png 300w, https:\/\/support.alfaview.com\/wp-content\/uploads\/2025\/10\/alfaview_benutzer-loeschen_de-1-768x413.png 768w\" sizes=\"auto, (max-width: 1000px) 100vw, 1000px\" \/><\/a><figcaption class=\"wp-element-caption\">Benutzer:in l\u00f6schen<\/figcaption><\/figure>\n<\/div><\/div>\n<\/div>\n","protected":false},"excerpt":{"rendered":"<p>L\u00f6schen Sie Benutzer:innen aus Ihrer Company.<br \/>\nDiese verlieren direkt nach der L\u00f6schung den Zugang zu Ihrer Company.<\/p>\n","protected":false},"author":5,"featured_media":0,"parent":1530,"menu_order":10,"comment_status":"closed","ping_status":"closed","template":"","meta":{"footnotes":""},"class_list":["post-1479","page","type-page","status-publish","hentry"],"_links":{"self":[{"href":"https:\/\/support.alfaview.com\/de\/wp-json\/wp\/v2\/pages\/1479","targetHints":{"allow":["GET"]}}],"collection":[{"href":"https:\/\/support.alfaview.com\/de\/wp-json\/wp\/v2\/pages"}],"about":[{"href":"https:\/\/support.alfaview.com\/de\/wp-json\/wp\/v2\/types\/page"}],"author":[{"embeddable":true,"href":"https:\/\/support.alfaview.com\/de\/wp-json\/wp\/v2\/users\/5"}],"replies":[{"embeddable":true,"href":"https:\/\/support.alfaview.com\/de\/wp-json\/wp\/v2\/comments?post=1479"}],"version-history":[{"count":0,"href":"https:\/\/support.alfaview.com\/de\/wp-json\/wp\/v2\/pages\/1479\/revisions"}],"up":[{"embeddable":true,"href":"https:\/\/support.alfaview.com\/de\/wp-json\/wp\/v2\/pages\/1530"}],"wp:attachment":[{"href":"https:\/\/support.alfaview.com\/de\/wp-json\/wp\/v2\/media?parent=1479"}],"curies":[{"name":"wp","href":"https:\/\/api.w.org\/{rel}","templated":true}]}}