{"id":1504,"date":"2023-11-20T15:39:59","date_gmt":"2023-11-20T15:39:59","guid":{"rendered":"https:\/\/support.alfaview.com\/?page_id=1504"},"modified":"2025-11-19T14:39:41","modified_gmt":"2025-11-19T14:39:41","slug":"leave-company","status":"publish","type":"page","link":"https:\/\/support.alfaview.com\/de\/administration\/general\/personal-profile\/leave-company\/","title":{"rendered":"Company verlassen"},"content":{"rendered":"\n<p>Um eine Company zu verlassen, zu der Sie eingeladen wurden, melden Sie sich bitte auf der\u00a0<a href=\"https:\/\/support.alfaview.com\/de\/administration\/general\/adminstration-interface\/\">Verwaltungsoberfl\u00e4che<\/a>\u00a0an.<br>Stellen Sie sicher, dass Sie sich in der Company befinden, die Sie verlassen m\u00f6chten. Den Namen der Company sehen Sie unten im Men\u00fc auf der linken Seite.<\/p>\n\n\n\n<div class=\"wp-block-columns is-layout-flex wp-container-core-columns-is-layout-9d6595d7 wp-block-columns-is-layout-flex\">\n<div class=\"wp-block-column is-layout-flow wp-block-column-is-layout-flow\" style=\"flex-basis:66.66%\">\n<ul class=\"wp-block-list\">\n<li>Klicken Sie nun auf&nbsp;<strong>Profil<\/strong>&nbsp;im Men\u00fc auf der linken Seite<\/li>\n\n\n\n<li>Klicken Sie anschlie\u00dfend auf den Reiter&nbsp;<strong>Erweitert<\/strong>.<\/li>\n\n\n\n<li>Durch einen Klick auf die Schaltfl\u00e4che&nbsp;<button class=\"av-button av-button--error\">Company verlassen<\/button>&nbsp;k\u00f6nnen Sie die gew\u00e4hlte Company verlassen.<\/li>\n\n\n\n<li>Best\u00e4tigen Sie den Vorgang durch einen erneuten Klick auf die Schaltfl\u00e4che&nbsp;<button class=\"av-button av-button--error\">Company verlassen<\/button>,&nbsp;um die Company endg\u00fcltig zu verlassen.<\/li>\n<\/ul>\n<\/div>\n\n\n\n<div class=\"wp-block-column is-layout-flow wp-block-column-is-layout-flow\" style=\"flex-basis:33.33%\"><div class=\"wp-block-image\">\n<figure class=\"alignright size-full\"><a href=\"https:\/\/support.alfaview.com\/wp-content\/uploads\/2025\/10\/alfaview_verwaltung_company-verlassen_de.png\"><img loading=\"lazy\" decoding=\"async\" width=\"1000\" height=\"538\" src=\"https:\/\/support.alfaview.com\/wp-content\/uploads\/2025\/10\/alfaview_verwaltung_company-verlassen_de.png\" alt=\"\u00dcber das Benutzerprofil in der Verwaltungsoberfl\u00e4che kann man Companies auch verlassen.\" class=\"wp-image-8093\" srcset=\"https:\/\/support.alfaview.com\/wp-content\/uploads\/2025\/10\/alfaview_verwaltung_company-verlassen_de.png 1000w, https:\/\/support.alfaview.com\/wp-content\/uploads\/2025\/10\/alfaview_verwaltung_company-verlassen_de-300x161.png 300w, https:\/\/support.alfaview.com\/wp-content\/uploads\/2025\/10\/alfaview_verwaltung_company-verlassen_de-768x413.png 768w\" sizes=\"auto, (max-width: 1000px) 100vw, 1000px\" \/><\/a><figcaption class=\"wp-element-caption\">Company verlassen<\/figcaption><\/figure>\n<\/div><\/div>\n<\/div>\n\n\n\n<div class=\"wp-block-alfaview-callout\">\n<p>Bitte beachten Sie, dass Sie nach dem Verlassen einer Company nicht mehr auf die alfaview-R\u00e4ume dieser Company zugreifen k\u00f6nnen.<br><strong>Sollten Sie wieder Zugriff zu den alfaview-R\u00e4umen ben\u00f6tigen, m\u00fcssen Sie von einer Person mit Administrationsrechten erneut eingeladen werden.<\/strong><\/p>\n<\/div>\n","protected":false},"excerpt":{"rendered":"<p>Um eine Company zu verlassen, zu der Sie eingeladen wurden, melden Sie sich bitte auf der\u00a0Verwaltungsoberfl\u00e4che\u00a0an.Stellen Sie sicher, dass Sie sich in der Company befinden, die Sie verlassen m\u00f6chten. Den Namen der Company sehen Sie [&hellip;]<\/p>\n","protected":false},"author":5,"featured_media":0,"parent":557,"menu_order":5,"comment_status":"closed","ping_status":"closed","template":"","meta":{"footnotes":""},"class_list":["post-1504","page","type-page","status-publish","hentry"],"_links":{"self":[{"href":"https:\/\/support.alfaview.com\/de\/wp-json\/wp\/v2\/pages\/1504","targetHints":{"allow":["GET"]}}],"collection":[{"href":"https:\/\/support.alfaview.com\/de\/wp-json\/wp\/v2\/pages"}],"about":[{"href":"https:\/\/support.alfaview.com\/de\/wp-json\/wp\/v2\/types\/page"}],"author":[{"embeddable":true,"href":"https:\/\/support.alfaview.com\/de\/wp-json\/wp\/v2\/users\/5"}],"replies":[{"embeddable":true,"href":"https:\/\/support.alfaview.com\/de\/wp-json\/wp\/v2\/comments?post=1504"}],"version-history":[{"count":0,"href":"https:\/\/support.alfaview.com\/de\/wp-json\/wp\/v2\/pages\/1504\/revisions"}],"up":[{"embeddable":true,"href":"https:\/\/support.alfaview.com\/de\/wp-json\/wp\/v2\/pages\/557"}],"wp:attachment":[{"href":"https:\/\/support.alfaview.com\/de\/wp-json\/wp\/v2\/media?parent=1504"}],"curies":[{"name":"wp","href":"https:\/\/api.w.org\/{rel}","templated":true}]}}