{"id":1511,"date":"2023-11-21T07:29:33","date_gmt":"2023-11-21T07:29:33","guid":{"rendered":"https:\/\/support.alfaview.com\/?page_id=1511"},"modified":"2026-04-17T12:56:12","modified_gmt":"2026-04-17T12:56:12","slug":"single-sign-on","status":"publish","type":"page","link":"https:\/\/support.alfaview.com\/de\/miscellaneous\/for-it-administrators\/single-sign-on\/","title":{"rendered":"Single Sign-On"},"content":{"rendered":"\n<p>Mit Single Sign-On k\u00f6nnen Sie Ihren eigenen Identit\u00e4tsanbieter (\u201cIdentity Provider\u201d) nutzen, um sich in alfaview anzumelden.<\/p>\n\n\n\n<ul class=\"wp-block-list\">\n<li><a href=\"#voraussetzungen\" data-type=\"link\" data-id=\"https:\/\/support.alfaview.com\/de\/miscellaneous\/for-it-administrators\/single-sign-on\/#voraussetzungen\">Voraussetzungen<\/a><\/li>\n\n\n\n<li><a href=\"#einrichtung\" data-type=\"link\" data-id=\"https:\/\/support.alfaview.com\/de\/miscellaneous\/for-it-administrators\/single-sign-on\/#einrichtung\">Einrichtung<\/a><\/li>\n\n\n\n<li><a href=\"#gruppen-verwalten-fuer-nutzer-der-single-sign-on-authentifizierung\" data-type=\"link\" data-id=\"https:\/\/support.alfaview.com\/de\/miscellaneous\/for-it-administrators\/single-sign-on\/#gruppen-verwalten-fuer-nutzer-der-single-sign-on-authentifizierung\">Gruppen verwalten f\u00fcr Nutzer der Single Sign-on Authentifizierung<\/a><\/li>\n<\/ul>\n\n\n\n<h2 class=\"wp-block-heading\" class=\"wp-block-heading\" id=\"voraussetzungen\">Voraussetzungen<a href=\"#voraussetzungen\" class=\"av-heading-anchor\"><i class=\"bi bi-link\"><\/i><\/a><\/h2>\n\n\n\n<p>Wenn Sie Single Sign-On mit Ihrem Account nutzen m\u00f6chten, ben\u00f6tigen Sie einen kompatiblen Identit\u00e4tsanbieter (\u201cIdentity Provider\u201d). Dieser muss einen der folgenden Standards unterst\u00fctzen:<\/p>\n\n\n\n<ul class=\"wp-block-list\">\n<li>OpenID Connect<\/li>\n\n\n\n<li>SAML V2.0<\/li>\n<\/ul>\n\n\n\n<h3 class=\"wp-block-heading\" class=\"wp-block-heading\" id=\"benoetigte-informationen\">Ben\u00f6tigte Informationen<a href=\"https:\/\/support.alfaview.com\/de\/administration\/single-sign-on\/requirements-and-limitations\/#ben%C3%B6tigte-informationen\"><\/a><a href=\"https:\/\/support.alfaview.com\/en\/administration\/single-sign-on\/requirements-and-limitations\/#required-information\"><\/a><a href=\"#benoetigte-informationen\" class=\"av-heading-anchor\"><i class=\"bi bi-link\"><\/i><\/a><\/h3>\n\n\n\n<p>Um unseren alfaview Authentifizierungsdienst zu konfigurieren, ben\u00f6tigen wir folgende Informationen:<\/p>\n\n\n\n<ul class=\"wp-block-list\">\n<li>den Endpunkt Ihres Identit\u00e4tsanbieters (z. B.&nbsp;<code>https:\/\/idp.example.com\/redirect<\/code>)\n<ul class=\"wp-block-list\">\n<li>falls vorhanden: Testkonten und einen zus\u00e4tzlichen Endpunkt des Identit\u00e4tsanbieters zum Testen<\/li>\n<\/ul>\n<\/li>\n\n\n\n<li>wenn Sie SAML verwenden m\u00f6chten: die URL zur Metadaten-XML-Datei Ihres Identit\u00e4tsanbieters<\/li>\n\n\n\n<li>die Identity Claims oder die Attributzuordnung der SAML\/OIDC-Response Ihres Identit\u00e4tsanbieters\n<ul class=\"wp-block-list\">\n<li>erforderlich: Vorname, Nachname und Anzeigename des Benutzers<\/li>\n\n\n\n<li>optional: Benutzergruppen-Attribut, wenn Sie die&nbsp;<a href=\"\/de\/administration\/single-sign-on\/manage-groups\/\">gruppenbasierte Rechteverwaltung<\/a>&nbsp;in alfaview verwenden m\u00f6chten<\/li>\n<\/ul>\n<\/li>\n\n\n\n<li>Ihre Wunsch-Login-Domain, von der Ihre Nutzer den Single Sign-On Login-Vorgang starten (Beispiel:&nbsp;<code>mustermann-gmbh.alfaview.com<\/code>)<\/li>\n<\/ul>\n\n\n\n<h3 class=\"wp-block-heading\" class=\"wp-block-heading\" id=\"einschraenkungen\">Einschr\u00e4nkungen<a href=\"#einschraenkungen\" class=\"av-heading-anchor\"><i class=\"bi bi-link\"><\/i><\/a><\/h3>\n\n\n\n<ul class=\"wp-block-list\">\n<li>Die SAML-XML-Signatur Ihres Identit\u00e4tsanbieters muss mit dem SHA256-Algorithmus signiert sein. Wenn keine Informationen zum verwendeten Signatur-Algorithmus vorliegen, k\u00f6nnen wir Ihnen dabei helfen, den verwendeten Algorithmus herauszufinden.<\/li>\n\n\n\n<li>Wir unterst\u00fctzen kein so genanntes \u201cprovider initiated\u201d SAML V2.0. Als Alternative k\u00f6nnen wir einen Start-Link bereitstellen, der den alfaview-Login Prozess initiiert und direkt auf die Login-Seite Ihres Identit\u00e4tsanbieters umleitet.<\/li>\n\n\n\n<li>Die Login-Domain wird von alfaview gehostet.<\/li>\n<\/ul>\n\n\n\n<h3 class=\"wp-block-heading\" class=\"wp-block-heading\" id=\"kompatible-identitaetsanbieter\">Kompatible Identit\u00e4tsanbieter<a href=\"https:\/\/support.alfaview.com\/de\/administration\/single-sign-on\/requirements-and-limitations\/#kompatible-identit%C3%A4tsanbieter\"><\/a><a href=\"https:\/\/support.alfaview.com\/en\/administration\/single-sign-on\/requirements-and-limitations\/#compatible-identity-providers\"><\/a><a href=\"#kompatible-identitaetsanbieter\" class=\"av-heading-anchor\"><i class=\"bi bi-link\"><\/i><\/a><\/h3>\n\n\n\n<p>Die folgenden Identit\u00e4tsanbieter wurden bereits erfolgreich integriert und funktionieren mit alfaview:<\/p>\n\n\n\n<ul class=\"wp-block-list\">\n<li>GitLab \u2013 OpenID Connect basiert<\/li>\n\n\n\n<li>Google Work \u2013 SAML V2.0 basiert<\/li>\n\n\n\n<li>Shibboleth \u2013 SAML V2.0 basiert<\/li>\n<\/ul>\n\n\n\n<h2 class=\"wp-block-heading\" class=\"wp-block-heading\" id=\"einrichtung\">Einrichtung<a href=\"#einrichtung\" class=\"av-heading-anchor\"><i class=\"bi bi-link\"><\/i><\/a><\/h2>\n\n\n\n<p>Wenn Sie an der Nutzung von Single Sign-On interessiert sind, nutzen Sie unser <a href=\"https:\/\/alfaview.com\/de\/contact\/\">Kontaktformular<\/a>, um mit uns in Kontakt zu treten.<\/p>\n\n\n\n<ul class=\"wp-block-list\">\n<li><a href=\"https:\/\/alfaview.com\/de\/contact\/\">Kontaktseite<\/a><\/li>\n<\/ul>\n\n\n\n<h2 class=\"wp-block-heading\" class=\"wp-block-heading\" id=\"gruppen-verwalten-fuer-nutzer-der-single-sign-on-authentifizierung\">Gruppen verwalten f\u00fcr Nutzer der Single Sign-on Authentifizierung<a href=\"#gruppen-verwalten-fuer-nutzer-der-single-sign-on-authentifizierung\" class=\"av-heading-anchor\"><i class=\"bi bi-link\"><\/i><\/a><\/h2>\n\n\n\n<div class=\"wp-block-columns is-layout-flex wp-container-core-columns-is-layout-9d6595d7 wp-block-columns-is-layout-flex\">\n<div class=\"wp-block-column is-layout-flow wp-block-column-is-layout-flow\" style=\"flex-basis:66.66%\">\n<p>Benutzer:innen, die Single Sign-on (SSO) verwenden, um sich bei alfaview anzumelden, k\u00f6nnen \u00fcber den Identity Provider (IdP) Gruppen zugeordnet werden. \u00dcber diese Zuordnung k\u00f6nnen einer Gruppe bestimmte Benutzer-Berechtigungen in alfaview sowie spezifische Berechtigungen in alfaview-R\u00e4umen und Abteilungen zugeordnet werden. Dies kann beim Verwalten gro\u00dfer Nutzergruppen hilfreich sein.<\/p>\n<\/div>\n\n\n\n<div class=\"wp-block-column is-layout-flow wp-block-column-is-layout-flow\" style=\"flex-basis:33.33%\"><div class=\"wp-block-image\">\n<figure class=\"alignright size-full\"><a href=\"https:\/\/support.alfaview.com\/wp-content\/uploads\/2025\/11\/alfaview_sso_gruppen-verwalten_de-1.png\"><img loading=\"lazy\" decoding=\"async\" width=\"780\" height=\"372\" src=\"https:\/\/support.alfaview.com\/wp-content\/uploads\/2025\/11\/alfaview_sso_gruppen-verwalten_de-1.png\" alt=\"Screenshot des Reiters Gruppen verwalten der Single Sign-on Funktion in der Verwaltung\" class=\"wp-image-10193\" srcset=\"https:\/\/support.alfaview.com\/wp-content\/uploads\/2025\/11\/alfaview_sso_gruppen-verwalten_de-1.png 780w, https:\/\/support.alfaview.com\/wp-content\/uploads\/2025\/11\/alfaview_sso_gruppen-verwalten_de-1-300x143.png 300w, https:\/\/support.alfaview.com\/wp-content\/uploads\/2025\/11\/alfaview_sso_gruppen-verwalten_de-1-768x366.png 768w\" sizes=\"auto, (max-width: 780px) 100vw, 780px\" \/><\/a><figcaption class=\"wp-element-caption\">Gruppen verwalten<\/figcaption><\/figure>\n<\/div><\/div>\n<\/div>\n\n\n\n<div class=\"wp-block-alfaview-callout\">\n<p>Um diese Einstellung konfigurieren zu k\u00f6nnen, m\u00fcssen Sie \u00fcber die Berechtigung&nbsp;<strong>Company-Einstellungen verwalten<\/strong>&nbsp;verf\u00fcgen. Zus\u00e4tzlich muss f\u00fcr Ihre Company eine eigene alfaview Login-Subdomain konfiguriert sein, um diese Einstellung angezeigt zu bekommen.<\/p>\n<\/div>\n\n\n\n<h3 class=\"wp-block-heading\" class=\"wp-block-heading\" id=\"gruppen-erstellen\">Gruppen erstellen<a href=\"https:\/\/support.alfaview.com\/de\/administration\/single-sign-on\/manage-groups\/#gruppen-erstellen\"><\/a><a href=\"https:\/\/support.alfaview.com\/en\/administration\/single-sign-on\/manage-groups\/#creating-groups\"><\/a><a href=\"#gruppen-erstellen\" class=\"av-heading-anchor\"><i class=\"bi bi-link\"><\/i><\/a><\/h3>\n\n\n\n<p>W\u00e4hlen Sie auf der&nbsp;<a href=\"https:\/\/support.alfaview.com\/de\/administration\/general\/adminstration-interface\/\">Verwaltungsoberfl\u00e4che<\/a>&nbsp;unter <strong>Company<\/strong> den Reiter <strong>Gruppen verwalten<\/strong>. Klicken Sie auf die Schaltfl\u00e4che <button class=\"av-button av-button--primary\">Hinzuf\u00fcgen<\/button> und f\u00fcllen Sie die ben\u00f6tigten Felder aus.<\/p>\n\n\n\n<div class=\"wp-block-columns is-layout-flex wp-container-core-columns-is-layout-9d6595d7 wp-block-columns-is-layout-flex\">\n<div class=\"wp-block-column is-layout-flow wp-block-column-is-layout-flow\" style=\"flex-basis:66.66%\">\n<ul class=\"wp-block-list\">\n<li><strong>Name:<\/strong>&nbsp;Dieser Name ist nur in der Verwaltungsoberfl\u00e4che sichtbar und dient der einfacheren Unterscheidung von Gruppen. (Beispiel: Sch\u00fcler, Lehrer, usw.)<\/li>\n\n\n\n<li><strong>Externe ID:<\/strong>&nbsp;Eine eindeutige ID, die durch den IdP verwaltet und bei jedem Login \u00fcbermittelt wird. Die ID muss genau mit der Antwort des IdP \u00fcbereinstimmen und kann nicht leer bleiben. Zudem muss diese ID eindeutig sein: zwei alfaview Gruppen Ihrer Company k\u00f6nnen nicht dieselbe Externe ID haben.<\/li>\n\n\n\n<li><strong>Zugangsebene:<\/strong>&nbsp;Entscheiden Sie hier, ob bzw. welche Art Profile f\u00fcr die Gruppe erstellt werden sollen.\n<ul class=\"wp-block-list\">\n<li><strong>Keine Benutzerprofile:<\/strong> Teilnehmende der Gruppe k\u00f6nnen R\u00e4umen beitreten, haben jedoch kein eigenes Profil.<\/li>\n\n\n\n<li><strong>Benutzerprofile anlegen: <\/strong>Teilnehmende bekommen ein eigenes Benutzerprofil, um individuelle Berechtigungen zuzuweisen.<\/li>\n\n\n\n<li><strong>Zugang zu Administrationsoberfl\u00e4che:<\/strong> Teilnehmende bekommen ein Benutzerprofil und Zugriff auf die alfaview-Verwaltungsoberfl\u00e4che.<\/li>\n<\/ul>\n<\/li>\n\n\n\n<li><strong>Berechtigungen:<\/strong>&nbsp;Die ausgew\u00e4hlten Berechtigungen werden allen Nutzer:innen dieser Gruppe gew\u00e4hrt.<\/li>\n<\/ul>\n<\/div>\n\n\n\n<div class=\"wp-block-column is-layout-flow wp-block-column-is-layout-flow\" style=\"flex-basis:33.33%\"><div class=\"wp-block-image\">\n<figure class=\"alignright size-full\"><a href=\"https:\/\/support.alfaview.com\/wp-content\/uploads\/2025\/11\/alfaview_sso_gruppen-erstellen_de-1.png\"><img loading=\"lazy\" decoding=\"async\" width=\"400\" height=\"611\" src=\"https:\/\/support.alfaview.com\/wp-content\/uploads\/2025\/11\/alfaview_sso_gruppen-erstellen_de-1.png\" alt=\"Screenshot des Fensters Gruppe erstellen der Single Sign-on Funktion in der Verwaltung\" class=\"wp-image-10195\" srcset=\"https:\/\/support.alfaview.com\/wp-content\/uploads\/2025\/11\/alfaview_sso_gruppen-erstellen_de-1.png 400w, https:\/\/support.alfaview.com\/wp-content\/uploads\/2025\/11\/alfaview_sso_gruppen-erstellen_de-1-196x300.png 196w\" sizes=\"auto, (max-width: 400px) 100vw, 400px\" \/><\/a><figcaption class=\"wp-element-caption\">Gruppe erstellen<\/figcaption><\/figure>\n<\/div><\/div>\n<\/div>\n\n\n\n<div class=\"wp-block-alfaview-callout\">\n<p>Die Berechtigungen werden&nbsp;<strong>immer global gew\u00e4hrt<\/strong>. Sie sind nicht auf einen Raum oder eine Abteilung beschr\u00e4nkt.<\/p>\n<\/div>\n\n\n\n<h3 class=\"wp-block-heading\" class=\"wp-block-heading\" id=\"gruppen-bearbeiten\">Gruppen bearbeiten<a href=\"https:\/\/support.alfaview.com\/de\/administration\/single-sign-on\/manage-groups\/#gruppen-bearbeiten\"><\/a><a href=\"https:\/\/support.alfaview.com\/en\/administration\/single-sign-on\/manage-groups\/#editing-groups\"><\/a><a href=\"#gruppen-bearbeiten\" class=\"av-heading-anchor\"><i class=\"bi bi-link\"><\/i><\/a><\/h3>\n\n\n\n<div class=\"wp-block-columns is-layout-flex wp-container-core-columns-is-layout-9d6595d7 wp-block-columns-is-layout-flex\">\n<div class=\"wp-block-column is-layout-flow wp-block-column-is-layout-flow\" style=\"flex-basis:66.66%\">\n<p>Bestehende Gruppen k\u00f6nnen in der Gruppenliste auf der Hauptseite bearbeitet werden. Klicken Sie daf\u00fcr auf das Kontextmen\u00fc <img decoding=\"async\" class=\"wp-image-2122\" style=\"width: 20px;\" src=\"https:\/\/support.alfaview.com\/wp-content\/uploads\/2023\/12\/dots.png\" alt=\"\"> neben der entsprechenden Gruppe und w\u00e4hlen Sie&nbsp;<strong>Bearbeiten<\/strong>. Alle Einstellungen, die beim Erstellen einer Gruppe gemacht werden k\u00f6nnen, sind auch hier verf\u00fcgbar.<\/p>\n\n\n\n<h3 class=\"wp-block-heading\" class=\"wp-block-heading\" id=\"gruppen-loeschen\">Gruppen l\u00f6schen<a href=\"https:\/\/support.alfaview.com\/de\/administration\/single-sign-on\/manage-groups\/#gruppen-l%C3%B6schen\"><\/a><a href=\"https:\/\/support.alfaview.com\/en\/administration\/single-sign-on\/manage-groups\/#deleting-groups\"><\/a><a href=\"#gruppen-loeschen\" class=\"av-heading-anchor\"><i class=\"bi bi-link\"><\/i><\/a><\/h3>\n\n\n\n<p>Bestehende Gruppen k\u00f6nnen in der Gruppenliste auf der Hauptseite gel\u00f6scht werden. Klicken Sie daf\u00fcr auf das Kontextmen\u00fc <img decoding=\"async\" class=\"wp-image-2122\" style=\"width: 20px;\" src=\"https:\/\/support.alfaview.com\/wp-content\/uploads\/2023\/12\/dots.png\" alt=\"\"> neben der entsprechenden Gruppe und w\u00e4hlen Sie&nbsp;<strong>L\u00f6schen<\/strong>. Best\u00e4tigen Sie den L\u00f6schvorgang im neu ge\u00f6ffneten Fenster. Der Vorgang kann nicht r\u00fcckg\u00e4ngig gemacht werden und die Gruppe muss bei Bedarf erneut erstellt werden.<\/p>\n<\/div>\n\n\n\n<div class=\"wp-block-column is-layout-flow wp-block-column-is-layout-flow\" style=\"flex-basis:33.33%\"><div class=\"wp-block-image\">\n<figure class=\"alignright size-full\"><a href=\"https:\/\/support.alfaview.com\/wp-content\/uploads\/2025\/11\/alfaview_sso_gruppen-bearbeiten_de-1.png\"><img loading=\"lazy\" decoding=\"async\" width=\"400\" height=\"611\" src=\"https:\/\/support.alfaview.com\/wp-content\/uploads\/2025\/11\/alfaview_sso_gruppen-bearbeiten_de-1.png\" alt=\"Screenshot des Fensters Gruppe bearbeiten der Single Sign-on Funktion in der Verwaltung\" class=\"wp-image-10198\" srcset=\"https:\/\/support.alfaview.com\/wp-content\/uploads\/2025\/11\/alfaview_sso_gruppen-bearbeiten_de-1.png 400w, https:\/\/support.alfaview.com\/wp-content\/uploads\/2025\/11\/alfaview_sso_gruppen-bearbeiten_de-1-196x300.png 196w\" sizes=\"auto, (max-width: 400px) 100vw, 400px\" \/><\/a><figcaption class=\"wp-element-caption\">Gruppe bearbeiten<\/figcaption><\/figure>\n<\/div><\/div>\n<\/div>\n\n\n\n<h3 class=\"wp-block-heading\" class=\"wp-block-heading\" id=\"gruppen-einer-abteilung-zuordnen\">Gruppen einer Abteilung zuordnen<a href=\"https:\/\/support.alfaview.com\/de\/administration\/single-sign-on\/manage-groups\/#gruppen-einer-abteilung-zuordnen\"><\/a><a href=\"https:\/\/support.alfaview.com\/en\/administration\/single-sign-on\/manage-groups\/#assigning-groups-to-departments\"><\/a><a href=\"#gruppen-einer-abteilung-zuordnen\" class=\"av-heading-anchor\"><i class=\"bi bi-link\"><\/i><\/a><\/h3>\n\n\n\n<div class=\"wp-block-columns is-layout-flex wp-container-core-columns-is-layout-9d6595d7 wp-block-columns-is-layout-flex\">\n<div class=\"wp-block-column is-layout-flow wp-block-column-is-layout-flow\" style=\"flex-basis:66.66%\">\n<p>Bestehende Gruppen k\u00f6nnen in der Gruppenliste auf der Hauptseite einer Abteilung zugeordnet werden. Klicken Sie auf die Schaltfl\u00e4che <button class=\"av-button av-button--primary\">Zuordnen<\/button> neben der jeweiligen Gruppe, um den Auswahldialog zu \u00f6ffnen. Alle bestehenden Zuordnungen k\u00f6nnen hier bearbeitet oder gel\u00f6scht werden.<\/p>\n<\/div>\n\n\n\n<div class=\"wp-block-column is-layout-flow wp-block-column-is-layout-flow\" style=\"flex-basis:33.33%\"><div class=\"wp-block-image\">\n<figure class=\"alignright size-full\"><a href=\"https:\/\/support.alfaview.com\/wp-content\/uploads\/2025\/11\/alfaview_sso_gruppe-abteilung-zuordnen_de-1.png\"><img loading=\"lazy\" decoding=\"async\" width=\"400\" height=\"169\" src=\"https:\/\/support.alfaview.com\/wp-content\/uploads\/2025\/11\/alfaview_sso_gruppe-abteilung-zuordnen_de-1.png\" alt=\"Screenshot des Fensters Gruppe einer Abteilung zuordnen der Single Sign-on Funktion in der Verwaltung\" class=\"wp-image-10200\" srcset=\"https:\/\/support.alfaview.com\/wp-content\/uploads\/2025\/11\/alfaview_sso_gruppe-abteilung-zuordnen_de-1.png 400w, https:\/\/support.alfaview.com\/wp-content\/uploads\/2025\/11\/alfaview_sso_gruppe-abteilung-zuordnen_de-1-300x127.png 300w\" sizes=\"auto, (max-width: 400px) 100vw, 400px\" \/><\/a><figcaption class=\"wp-element-caption\">Gruppe zuordnen<\/figcaption><\/figure>\n<\/div><\/div>\n<\/div>\n\n\n\n<ul class=\"wp-block-list\">\n<li><strong>Zuordnen:<\/strong>&nbsp;W\u00e4hlen Sie eine Abteilung aus der Liste. W\u00e4hlen Sie dann die Raumberechtigung f\u00fcr diese Abteilung und klicken Sie auf die Schaltfl\u00e4che <button class=\"av-button av-button--primary\">Hinzuf\u00fcgen<\/button>.<\/li>\n\n\n\n<li><strong>Entfernen:<\/strong>&nbsp;Klicken Sie auf das L\u00f6schen-Symbol <img decoding=\"async\" class=\"wp-image-2145\" style=\"width: 20px;\" src=\"https:\/\/support.alfaview.com\/wp-content\/uploads\/2023\/12\/delete-red.png\" alt=\"\"> neben einer Abteilung, um die Zuordnung zu l\u00f6schen.<\/li>\n\n\n\n<li><strong>Berechtigungen festlegen:<\/strong>&nbsp;W\u00e4hlen Sie die entsprechende Raumberechtigung aus der Liste, um eine neue Berechtigung zuzuordnen.<\/li>\n<\/ul>\n","protected":false},"excerpt":{"rendered":"<p>Mit Single Sign-On k\u00f6nnen Sie Ihren eigenen Identit\u00e4tsanbieter (\u201cIdentity Provider\u201d) nutzen, um sich in alfaview anzumelden. Voraussetzungen Einrichtung Gruppen verwalten f\u00fcr Nutzer der Single Sign-on Authentifizierung Voraussetzungen Wenn Sie Single Sign-On mit Ihrem Account nutzen [&hellip;]<\/p>\n","protected":false},"author":9,"featured_media":0,"parent":4552,"menu_order":10,"comment_status":"closed","ping_status":"closed","template":"","meta":{"footnotes":""},"class_list":["post-1511","page","type-page","status-publish","hentry"],"_links":{"self":[{"href":"https:\/\/support.alfaview.com\/de\/wp-json\/wp\/v2\/pages\/1511","targetHints":{"allow":["GET"]}}],"collection":[{"href":"https:\/\/support.alfaview.com\/de\/wp-json\/wp\/v2\/pages"}],"about":[{"href":"https:\/\/support.alfaview.com\/de\/wp-json\/wp\/v2\/types\/page"}],"author":[{"embeddable":true,"href":"https:\/\/support.alfaview.com\/de\/wp-json\/wp\/v2\/users\/9"}],"replies":[{"embeddable":true,"href":"https:\/\/support.alfaview.com\/de\/wp-json\/wp\/v2\/comments?post=1511"}],"version-history":[{"count":3,"href":"https:\/\/support.alfaview.com\/de\/wp-json\/wp\/v2\/pages\/1511\/revisions"}],"predecessor-version":[{"id":11574,"href":"https:\/\/support.alfaview.com\/de\/wp-json\/wp\/v2\/pages\/1511\/revisions\/11574"}],"up":[{"embeddable":true,"href":"https:\/\/support.alfaview.com\/de\/wp-json\/wp\/v2\/pages\/4552"}],"wp:attachment":[{"href":"https:\/\/support.alfaview.com\/de\/wp-json\/wp\/v2\/media?parent=1511"}],"curies":[{"name":"wp","href":"https:\/\/api.w.org\/{rel}","templated":true}]}}