{"id":152,"date":"2023-10-04T11:56:32","date_gmt":"2023-10-04T11:56:32","guid":{"rendered":"https:\/\/support.alfaview.com\/?page_id=152"},"modified":"2026-04-17T08:19:56","modified_gmt":"2026-04-17T08:19:56","slug":"setup-camera-and-microphone","status":"publish","type":"page","link":"https:\/\/support.alfaview.com\/de\/alfaview-app\/home-screen\/setup-camera-and-microphone\/","title":{"rendered":"Kamera und Mikrofon einrichten"},"content":{"rendered":"\n<h2 class=\"wp-block-heading\" class=\"wp-block-heading\" id=\"vor-dem-betreten-des-meetings-oder-des-alfaview-raums\">Vor dem Betreten des Meetings oder des alfaview-Raums<a href=\"https:\/\/support.alfaview.com\/de\/first-steps\/your-first-meeting\/setup-camera-and-microphone\/#vor-dem-betreten-des-konferenzraumes\"><\/a><a href=\"#vor-dem-betreten-des-meetings-oder-des-alfaview-raums\" class=\"av-heading-anchor\"><i class=\"bi bi-link\"><\/i><\/a><\/h2>\n\n\n\n<p>Bevor Sie einen alfaview-Raum oder -Meeting betreten, werden Ihnen die Schnelleinstellungen angezeigt, in denen Sie Einstellungen an Ihren Audioger\u00e4ten und Ihrer Kamera vornehmen k\u00f6nnen.<\/p>\n\n\n\n<h2 class=\"wp-block-heading\" class=\"wp-block-heading\" id=\"kamera-einrichten\">Kamera einrichten<a href=\"#kamera-einrichten\" class=\"av-heading-anchor\"><i class=\"bi bi-link\"><\/i><\/a><\/h2>\n\n\n\n<p>Im Fenster der Schnelleinstellungen wird ein Vorschauvideo der Kamera angezeigt, die Ihr Ger\u00e4t als Standardkamera ausgew\u00e4hlt hat. W\u00e4hlen Sie im Men\u00fc auf der rechten Seite die Kamera aus, deren Videobild Sie im alfaview-Raum anzeigen m\u00f6chten.<\/p>\n\n\n\n<div class=\"wp-block-alfaview-callout\">\n<p>Wenn Sie statt eines Videos die Meldung <strong>Kamera ist ausgeschaltet<\/strong> sehen, aktivieren Sie bitte Ihre Kamera.<\/p>\n\n\n\n<ul class=\"wp-block-list\">\n<li>Klicken Sie auf das graue Symbol <img decoding=\"async\" class=\"wp-image-658\" style=\"width: 20px;\" src=\"https:\/\/support.alfaview.com\/wp-content\/uploads\/2023\/10\/icon-camera-off.png\" alt=\"amera aus Symbol\"> <strong>Kamera aus<\/strong> \u00fcber dem Vorschauvideo.<\/li>\n\n\n\n<li>Klicken Sie anschlie\u00dfend auf die Schaltfl\u00e4che <strong>Kamera an<\/strong>.<\/li>\n<\/ul>\n\n\n\n<p>Sobald das Kamerasymbol \u00fcber dem Videos blau angezeigt wird, ist Ihre Kamera aktiviert.<\/p>\n<\/div>\n\n\n\n<h3 class=\"wp-block-heading\" class=\"wp-block-heading\" id=\"kamera-auswaehlen\">Kamera ausw\u00e4hlen<a href=\"#kamera-auswaehlen\" class=\"av-heading-anchor\"><i class=\"bi bi-link\"><\/i><\/a><\/h3>\n\n\n\n<div class=\"wp-block-columns is-layout-flex wp-container-core-columns-is-layout-9d6595d7 wp-block-columns-is-layout-flex\">\n<div class=\"wp-block-column is-layout-flow wp-block-column-is-layout-flow\" style=\"flex-basis:66.66%\">\n<ul class=\"wp-block-list\">\n<li>Klicken Sie daf\u00fcr im Men\u00fc auf die Schaltfl\u00e4che mit dem Kamerasymbol und dem Namen der verwendeten Kamera.<\/li>\n\n\n\n<li>Das Auswahlmen\u00fc \u00f6ffnet sich. W\u00e4hlen Sie die Kamera aus, die Sie verwenden m\u00f6chten.<\/li>\n\n\n\n<li>Das Vorschauvideo neben dem Men\u00fc zeigt nun das Video der ausgew\u00e4hlten Kamera.<\/li>\n<\/ul>\n<\/div>\n\n\n\n<div class=\"wp-block-column is-layout-flow wp-block-column-is-layout-flow\" style=\"flex-basis:33.33%\"><div class=\"wp-block-image\">\n<figure class=\"alignright size-full\"><a href=\"https:\/\/support.alfaview.com\/wp-content\/uploads\/2025\/10\/alfaview_kamera-einstellung_de-2.png\"><img loading=\"lazy\" decoding=\"async\" width=\"780\" height=\"416\" src=\"https:\/\/support.alfaview.com\/wp-content\/uploads\/2025\/10\/alfaview_kamera-einstellung_de-2.png\" alt=\"Auswahlmen\u00fc der Kamera von alfaview. \" class=\"wp-image-7805\" srcset=\"https:\/\/support.alfaview.com\/wp-content\/uploads\/2025\/10\/alfaview_kamera-einstellung_de-2.png 780w, https:\/\/support.alfaview.com\/wp-content\/uploads\/2025\/10\/alfaview_kamera-einstellung_de-2-300x160.png 300w, https:\/\/support.alfaview.com\/wp-content\/uploads\/2025\/10\/alfaview_kamera-einstellung_de-2-768x410.png 768w\" sizes=\"auto, (max-width: 780px) 100vw, 780px\" \/><\/a><figcaption class=\"wp-element-caption\">Kamera ausw\u00e4hlen<\/figcaption><\/figure>\n<\/div><\/div>\n<\/div>\n\n\n\n<h3 class=\"wp-block-heading\" class=\"wp-block-heading\" id=\"virtuelle-hintergruende\">Virtuelle Hintergr\u00fcnde<a href=\"#virtuelle-hintergruende\" class=\"av-heading-anchor\"><i class=\"bi bi-link\"><\/i><\/a><\/h3>\n\n\n\n<div class=\"wp-block-columns is-layout-flex wp-container-core-columns-is-layout-9d6595d7 wp-block-columns-is-layout-flex\">\n<div class=\"wp-block-column is-layout-flow wp-block-column-is-layout-flow\" style=\"flex-basis:66.66%\">\n<p>Mit der Funktion <strong>Virtuelle Hintergr\u00fcnde<\/strong> k\u00f6nnen Sie Ihren Videohintergrund unkenntlich machen und so f\u00fcr mehr Privatsph\u00e4re sorgen.<\/p>\n\n\n\n<ul class=\"wp-block-list\">\n<li>Klicken Sie im Men\u00fc auf <strong>Virtuelle Hintergr\u00fcnde<\/strong>.<\/li>\n\n\n\n<li>W\u00e4hlen Sie aus, wie Sie Ihre Umgebung bearbeiten wollen. Hierbei stehen Ihnen <strong>Farbige Hintergr\u00fcnde<\/strong>, <strong>Standard Hintergr\u00fcnde<\/strong> sowie <strong>Arbeitszimmer Hintergr\u00fcnde<\/strong> zur Verf\u00fcgung.<\/li>\n\n\n\n<li>Unter <strong>Standard Hintergr\u00fcnde<\/strong> k\u00f6nnen Sie au\u00dferdem <strong>Weichzeichnen<\/strong> in drei Abstufungen ausw\u00e4hlen. Um die St\u00e4rke der Unsch\u00e4rfe auszuw\u00e4hlen, klicken Sie bitte auf das Tropfen-Symbol.<\/li>\n\n\n\n<li>Sie k\u00f6nnen Ihr eigenes Video spiegeln. F\u00fcr andere Teilnehmer:innen im alfaview-Raum ist Ihr Video ungespiegelt zu sehen. Klicken Sie auf den Schieberegler, um die Funktion zu aktivieren oder deaktivieren.<a id=\"_msocom_1\"><\/a><\/li>\n<\/ul>\n<\/div>\n\n\n\n<div class=\"wp-block-column is-layout-flow wp-block-column-is-layout-flow\" style=\"flex-basis:33.33%\"><div class=\"wp-block-image\">\n<figure class=\"alignright size-full\"><a href=\"https:\/\/support.alfaview.com\/wp-content\/uploads\/2025\/10\/alfaview_hintergruende_de-2.png\"><img loading=\"lazy\" decoding=\"async\" width=\"780\" height=\"416\" src=\"https:\/\/support.alfaview.com\/wp-content\/uploads\/2025\/10\/alfaview_hintergruende_de-2.png\" alt=\"Auswahl der virtuellen Hintergr\u00fcnde in der alfaview-app.\" class=\"wp-image-7808\" srcset=\"https:\/\/support.alfaview.com\/wp-content\/uploads\/2025\/10\/alfaview_hintergruende_de-2.png 780w, https:\/\/support.alfaview.com\/wp-content\/uploads\/2025\/10\/alfaview_hintergruende_de-2-300x160.png 300w, https:\/\/support.alfaview.com\/wp-content\/uploads\/2025\/10\/alfaview_hintergruende_de-2-768x410.png 768w\" sizes=\"auto, (max-width: 780px) 100vw, 780px\" \/><\/a><figcaption class=\"wp-element-caption\">Arbeitszimmer Hintergr\u00fcnde<\/figcaption><\/figure>\n<\/div>\n\n<div class=\"wp-block-image\">\n<figure class=\"alignright size-full\"><a href=\"https:\/\/support.alfaview.com\/wp-content\/uploads\/2025\/10\/alfaview_weichzeichner_de-1.png\"><img loading=\"lazy\" decoding=\"async\" width=\"780\" height=\"424\" src=\"https:\/\/support.alfaview.com\/wp-content\/uploads\/2025\/10\/alfaview_weichzeichner_de-1.png\" alt=\"Neben virtuellen Hintergr\u00fcnden, k\u00f6nnen Sie Ihre Umgebung auch weichzeichnen. Die Weichzeichung wird in drei Abstufungen angeboten.\" class=\"wp-image-7810\" srcset=\"https:\/\/support.alfaview.com\/wp-content\/uploads\/2025\/10\/alfaview_weichzeichner_de-1.png 780w, https:\/\/support.alfaview.com\/wp-content\/uploads\/2025\/10\/alfaview_weichzeichner_de-1-300x163.png 300w, https:\/\/support.alfaview.com\/wp-content\/uploads\/2025\/10\/alfaview_weichzeichner_de-1-768x417.png 768w\" sizes=\"auto, (max-width: 780px) 100vw, 780px\" \/><\/a><figcaption class=\"wp-element-caption\">Umgebung weichzeichnen<\/figcaption><\/figure>\n<\/div><\/div>\n<\/div>\n\n\n\n<div class=\"wp-block-alfaview-callout\">\n<p>Ihre Einstellungen werden gespeichert und beim n\u00e4chsten Start von alfaview wieder angewendet.<\/p>\n\n\n\n<p>Weitere Einstellungen finden Sie unter <a href=\"https:\/\/support.alfaview.com\/de\/alfaview-app\/alfaview-room\/primary-and-secondary-controls\/settings\/general-settings\/\">Alle Einstellungen<\/a>.<\/p>\n<\/div>\n\n\n\n<p>Entscheiden Sie, wer Ihr Video im alfaview-Raum sehen kann. Klicken Sie auf das Kamerasymbol \u00fcber dem Vorschauvideo und w\u00e4hlen Sie eine Option.<\/p>\n\n\n\n<div class=\"wp-block-columns is-not-stacked-on-mobile is-layout-flex wp-container-core-columns-is-layout-9d6595d7 wp-block-columns-is-layout-flex\">\n<div class=\"wp-block-column is-layout-flow wp-block-column-is-layout-flow\" style=\"flex-basis:50px\">\n<button class=\"wp-block-alfaview-button av-button-main-menu av-button-blue\" disabled aria-hidden=\"true\" aria-label=\"Kamera an\"><i class=\"icon icon-ic_videocam_24dp\"><\/i><\/button>\n<\/div>\n\n\n\n<div class=\"wp-block-column is-layout-flow wp-block-column-is-layout-flow\">\n<p><strong>Kamera an<\/strong><br>Alle Teilnehmenden sowie Zuschauer:innen im alfaview-Raum k\u00f6nnen Ihr Video sehen.<\/p>\n<\/div>\n<\/div>\n\n\n\n<div class=\"wp-block-columns is-not-stacked-on-mobile is-layout-flex wp-container-core-columns-is-layout-9d6595d7 wp-block-columns-is-layout-flex\">\n<div class=\"wp-block-column is-layout-flow wp-block-column-is-layout-flow\" style=\"flex-basis:50px\">\n<button class=\"wp-block-alfaview-button av-button-main-menu av-button-blue\" disabled aria-hidden=\"true\" aria-label=\"Kamera an VIP\"><i class=\"icon icon-ic_videocam_vip_24dp\"><\/i><\/button>\n<\/div>\n\n\n\n<div class=\"wp-block-column is-layout-flow wp-block-column-is-layout-flow\">\n<p><strong>Video nur an VIP senden<\/strong><br>Ihr Video kann nur von VIPs im alfaview-Raum gesehen werden. Das bedeutet auch, dass Sie nur die Videos von VIPs sehen k\u00f6nnen.<\/p>\n<\/div>\n<\/div>\n\n\n\n<div class=\"wp-block-columns is-not-stacked-on-mobile is-layout-flex wp-container-core-columns-is-layout-9d6595d7 wp-block-columns-is-layout-flex\">\n<div class=\"wp-block-column is-layout-flow wp-block-column-is-layout-flow\" style=\"flex-basis:50px\">\n<button class=\"wp-block-alfaview-button av-button-main-menu av-button-grey\" disabled aria-hidden=\"true\" aria-label=\"Kamera aus\"><i class=\"icon icon-ic_videocam_off_24dp\"><\/i><\/button>\n<\/div>\n\n\n\n<div class=\"wp-block-column is-layout-flow wp-block-column-is-layout-flow\">\n<p><strong>Kamera aus<\/strong><br>Niemand kann Ihr Video sehen und Sie sehen keine Videos.<\/p>\n<\/div>\n<\/div>\n\n\n\n<div class=\"wp-block-alfaview-callout\">\n<p>alfaview arbeitet nach dem Prinzip&nbsp;<strong>Siehst du mich, sehe ich dich<\/strong>. Wenn Sie sich dazu entscheiden, Ihre Kamera auszuschalten, k\u00f6nnen Sie selbst niemanden im alfaview-Raum sehen.<\/p>\n<\/div>\n\n\n\n<h2 class=\"wp-block-heading\" class=\"wp-block-heading\" id=\"audio-einrichten\">Audio einrichten<a href=\"#audio-einrichten\" class=\"av-heading-anchor\"><i class=\"bi bi-link\"><\/i><\/a><\/h2>\n\n\n\n<div class=\"wp-block-columns is-layout-flex wp-container-core-columns-is-layout-9d6595d7 wp-block-columns-is-layout-flex\">\n<div class=\"wp-block-column is-layout-flow wp-block-column-is-layout-flow\" style=\"flex-basis:66.66%\">\n<p>W\u00e4hlen Sie im Men\u00fc rechts neben dem Vorschauvideo Ihr Audioger\u00e4t aus. Klicken Sie dazu auf die Schaltfl\u00e4che mit dem Mikrofon-Symbol, um die Auswahlliste zu \u00f6ffnen.<\/p>\n\n\n\n<p>Die Auswahlliste ist in die Kategorien <strong>Headset<\/strong>, <strong>Mikrofon <\/strong>und <strong>Lautsprecher<\/strong> unterteilt. Wechseln Sie in den entsprechenden Reiter, um Ihre Ger\u00e4te auszuw\u00e4hlen.<\/p>\n\n\n\n<div class=\"wp-block-alfaview-callout\">\n<p>Wenn Sie nach dem Start von alfaview ein neues Audioger\u00e4t mit Ihrem Computer verbinden, erscheint ein Hinweisfenster. In diesem Fenster k\u00f6nnen Sie das neue Ger\u00e4t als Audioger\u00e4t ausw\u00e4hlen.<\/p>\n<\/div>\n\n\n\n<h3 class=\"wp-block-heading\" class=\"wp-block-heading\" id=\"headset\">Headset<a href=\"#headset\" class=\"av-heading-anchor\"><i class=\"bi bi-link\"><\/i><\/a><\/h3>\n\n\n\n<ul class=\"wp-block-list\">\n<li>In diesem Reiter k\u00f6nnen Sie das Headset ausw\u00e4hlen, das Sie im alfaview-Raum verwenden m\u00f6chten.<\/li>\n\n\n\n<li>Au\u00dferdem k\u00f6nnen Sie die <strong>Echo<\/strong>&#8211; und <strong>Ger\u00e4uschunterdr\u00fcckung <\/strong>aktivieren. Klicken Sie daf\u00fcr auf den jeweiligen Schalter neben der Funktion.<\/li>\n<\/ul>\n<\/div>\n\n\n\n<div class=\"wp-block-column is-layout-flow wp-block-column-is-layout-flow\" style=\"flex-basis:33.33%\"><div class=\"wp-block-image\">\n<figure class=\"alignright size-full\"><a href=\"https:\/\/support.alfaview.com\/wp-content\/uploads\/2025\/10\/alfaview_audiogeraete_de.png\"><img loading=\"lazy\" decoding=\"async\" width=\"400\" height=\"515\" src=\"https:\/\/support.alfaview.com\/wp-content\/uploads\/2025\/10\/alfaview_audiogeraete_de.png\" alt=\"W\u00e4hlen Sie im Audiomen\u00fc, welches Mikrofon, Headset oder welchen Lautsprecher Sie verwenden wollen. Alle angeschlossenen Ger\u00e4te werden aufgef\u00fchrt.\" class=\"wp-image-7814\" srcset=\"https:\/\/support.alfaview.com\/wp-content\/uploads\/2025\/10\/alfaview_audiogeraete_de.png 400w, https:\/\/support.alfaview.com\/wp-content\/uploads\/2025\/10\/alfaview_audiogeraete_de-233x300.png 233w\" sizes=\"auto, (max-width: 400px) 100vw, 400px\" \/><\/a><figcaption class=\"wp-element-caption\">Audioger\u00e4t ausw\u00e4hlen<\/figcaption><\/figure>\n<\/div><\/div>\n<\/div>\n\n\n\n<div class=\"wp-block-alfaview-callout\">\n<p>Der Headset-Reiter erscheint erst, wenn ein Headset am PC angeschlossen ist. Wenn kein Headset erkannt wird, besteht das Men\u00fc aus den Reitern Mikrofon und Lautsprecher.<\/p>\n<\/div>\n\n\n\n<h3 class=\"wp-block-heading\" class=\"wp-block-heading\" id=\"mikrofon-und-lautsprecher\">Mikrofon und Lautsprecher<a href=\"#mikrofon-und-lautsprecher\" class=\"av-heading-anchor\"><i class=\"bi bi-link\"><\/i><\/a><\/h3>\n\n\n\n<p>Wenn Sie statt eines Headsets ein separates Mikrofon und einen separaten Lautsprecher verwenden m\u00f6chten, w\u00e4hlen Sie die entsprechenden Ger\u00e4te in den Reitern <strong>Mikrofon <\/strong>und <strong>Lautsprecher <\/strong>aus. Um die Funktionalit\u00e4t Ihres Lautsprechers zu testen, klicken Sie auf <strong>Testton abspielen<\/strong>.<\/p>\n\n\n\n<p>Wir empfehlen Ihnen, bei Verwendung eines separaten Mikrofons die <strong>Ger\u00e4usch<\/strong>&#8211; und <strong>Echounterdr\u00fcckung <\/strong>zu aktivieren. Dadurch werden st\u00f6rende Nebenger\u00e4usche minimiert.<\/p>\n\n\n\n<h3 class=\"wp-block-heading\" class=\"wp-block-heading\" id=\"echounterdrueckung\">Echounterdr\u00fcckung<a href=\"#echounterdrueckung\" class=\"av-heading-anchor\"><i class=\"bi bi-link\"><\/i><\/a><\/h3>\n\n\n\n<p>Aktivieren Sie die <strong>Echounterdr\u00fcckung<\/strong>, wenn Sie ein separates Mikrofon und einen separaten Lautsprecher verwenden. Diese Einstellung verhindert, dass die Audio\u00fcbertragung Ihres Lautsprechers von Ihrem Mikrofon aufgenommen und wieder \u00fcbertragen wird.<\/p>\n\n\n\n<div class=\"wp-block-alfaview-callout\">\n<p>Bei der Nutzung eines Headsets wird die Echounterdr\u00fcckung automatisch deaktiviert.<\/p>\n<\/div>\n\n\n\n<h3 class=\"wp-block-heading\" class=\"wp-block-heading\" id=\"geraeuschunterdrueckung\">Ger\u00e4uschunterdr\u00fcckung<a href=\"#geraeuschunterdrueckung\" class=\"av-heading-anchor\"><i class=\"bi bi-link\"><\/i><\/a><\/h3>\n\n\n\n<p>Die Ger\u00e4uschunterdr\u00fcckung filtert unerw\u00fcnschte Nebenger\u00e4usche aus der Mikrofon\u00fcbertragung heraus und verbessert so die Audioqualit\u00e4t.<\/p>\n\n\n\n<h3 class=\"wp-block-heading\" class=\"wp-block-heading\" id=\"mikrofon-vor-dem-betreten-aktivieren\">Mikrofon vor dem Betreten aktivieren<a href=\"#mikrofon-vor-dem-betreten-aktivieren\" class=\"av-heading-anchor\"><i class=\"bi bi-link\"><\/i><\/a><\/h3>\n\n\n\n<div class=\"wp-block-columns is-layout-flex wp-container-core-columns-is-layout-9d6595d7 wp-block-columns-is-layout-flex\">\n<div class=\"wp-block-column is-layout-flow wp-block-column-is-layout-flow\" style=\"flex-basis:66.66%\">\n<p>Sie k\u00f6nnen entscheiden, ob Sie dem alfaview-Raum mit eingeschaltetem Mikrofon beitreten m\u00f6chten oder nicht.<\/p>\n\n\n\n<ul class=\"wp-block-list\">\n<li>Klicken Sie dazu auf das Mikrofonsymbol \u00fcber dem Vorschauvideo.<\/li>\n\n\n\n<li>Wenn die Schaltfl\u00e4che blau ist, ist Ihr Mikrofon eingeschaltet. Au\u00dferdem pulsiert das Symbol, wenn Sie sprechen.<\/li>\n<\/ul>\n<\/div>\n\n\n\n<div class=\"wp-block-column is-layout-flow wp-block-column-is-layout-flow\" style=\"flex-basis:33.33%\"><div class=\"wp-block-image\">\n<figure class=\"alignright size-full\"><a href=\"https:\/\/support.alfaview.com\/wp-content\/uploads\/2025\/10\/alfaview_meeting-betreten-mikroaktivierung_de-2.png\"><img loading=\"lazy\" decoding=\"async\" width=\"780\" height=\"407\" src=\"https:\/\/support.alfaview.com\/wp-content\/uploads\/2025\/10\/alfaview_meeting-betreten-mikroaktivierung_de-2.png\" alt=\"Im Auswahlmen\u00fc k\u00f6nnen Sie entscheiden, ob Ihr Mikrofon und die Kamera bei Beitritt eingeschaltet sein sollen. Hier sehen Sie au\u00dferdem ein Vorschaubild der Kamera. Wenn die Schaltfl\u00e4chen f\u00fcr Mikrofon und Kamera eingeschaltet sind, erscheinen sie blau.\" class=\"wp-image-7818\" srcset=\"https:\/\/support.alfaview.com\/wp-content\/uploads\/2025\/10\/alfaview_meeting-betreten-mikroaktivierung_de-2.png 780w, https:\/\/support.alfaview.com\/wp-content\/uploads\/2025\/10\/alfaview_meeting-betreten-mikroaktivierung_de-2-300x157.png 300w, https:\/\/support.alfaview.com\/wp-content\/uploads\/2025\/10\/alfaview_meeting-betreten-mikroaktivierung_de-2-768x401.png 768w\" sizes=\"auto, (max-width: 780px) 100vw, 780px\" \/><\/a><figcaption class=\"wp-element-caption\">Mikrofon vor dem Betreten aktivieren<\/figcaption><\/figure>\n<\/div><\/div>\n<\/div>\n\n\n\n<div class=\"wp-block-alfaview-callout\">\n<p>Ihre Einstellungen werden gespeichert und beim n\u00e4chsten Start von alfaview wieder angewendet.<\/p>\n\n\n\n<p>Weitere Einstellungen finden Sie unter <a href=\"https:\/\/support.alfaview.com\/de\/alfaview-app\/alfaview-room\/primary-and-secondary-controls\/settings\/general-settings\/\">Alle Einstellungen<\/a>.<\/p>\n<\/div>\n\n\n\n<h2 class=\"wp-block-heading\" class=\"wp-block-heading\" id=\"im-meeting-oder-alfaview-raum\">Im Meeting- oder alfaview-Raum<a href=\"https:\/\/support.alfaview.com\/de\/first-steps\/your-first-meeting\/setup-camera-and-microphone\/#w\u00e4hrend-einer-konferenz\"><\/a><a href=\"#im-meeting-oder-alfaview-raum\" class=\"av-heading-anchor\"><i class=\"bi bi-link\"><\/i><\/a><\/h2>\n\n\n\n<p>Sie k\u00f6nnen Video- und Audioeinstellungen auch anpassen, wenn Sie bereits einen Meeting- oder alfaview-Raum betreten haben.<\/p>\n\n\n\n<div class=\"wp-block-columns is-layout-flex wp-container-core-columns-is-layout-9d6595d7 wp-block-columns-is-layout-flex\">\n<div class=\"wp-block-column is-layout-flow wp-block-column-is-layout-flow\" style=\"flex-basis:66.66%\">\n<ul class=\"wp-block-list\">\n<li>Klicken auf das Symbol <strong>Einstellungen<\/strong> <img decoding=\"async\" class=\"wp-image-2116\" style=\"width: 20px;\" src=\"https:\/\/support.alfaview.com\/wp-content\/uploads\/2023\/12\/icon-settings.png\" alt=\"Einstellungen Symbol\"> im <a href=\"https:\/\/support.alfaview.com\/de\/alfaview-app\/alfaview-room\/primary-and-secondary-controls\/#funktionsmenue\">Funktionsmen\u00fc<\/a>.<\/li>\n\n\n\n<li>Audioeinstellungen:\n<ul class=\"wp-block-list\">\n<li>Klicken Sie auf die Schaltfl\u00e4che <strong>Audio<\/strong>.<\/li>\n\n\n\n<li>W\u00e4hlen Sie Ihr <strong>Mikrofon<\/strong>, Ihren <strong>Lautsprecher<\/strong> und Ihr <strong>Headset<\/strong> in den entsprechenden Auswahlmen\u00fcs aus.<\/li>\n\n\n\n<li>Aktivieren oder deaktivieren Sie die Funktionen <strong>Echounterdr\u00fcckung <\/strong>und <strong>Ger\u00e4uschunterdr\u00fcckung <\/strong>mit einem Klick auf die Schieberegler.<\/li>\n\n\n\n<li>In den <strong>Erweiterten Einstellungen<\/strong> k\u00f6nnen Sie die <strong>Mikrofonoptimierung<\/strong> vornehmen und den Grad der <strong>Rauschunterdr\u00fcckung<\/strong> festlegen.<\/li>\n<\/ul>\n<\/li>\n\n\n\n<li>Videoeinstellungen:\n<ul class=\"wp-block-list\">\n<li>Klicken Sie auf die Schaltfl\u00e4che <strong>Video<\/strong>.<\/li>\n\n\n\n<li>W\u00e4hlen Sie Ihre <strong>Kamera<\/strong> im entsprechenden Auswahlmen\u00fc aus.<\/li>\n\n\n\n<li>Sch\u00fctzen Sie Ihre Privatsph\u00e4re, indem Sie <strong>Virtuelle Hintergr\u00fcnde <\/strong>benutzen.<\/li>\n<\/ul>\n<\/li>\n<\/ul>\n\n\n\n<div class=\"wp-block-alfaview-callout\">\n<p>Wir empfehlen die automatische Ger\u00e4uschunterdr\u00fcckung.<\/p>\n\n\n\n<p>Wenn Sie Ihr Mikrofon selbst optimieren m\u00f6chten, erleichtert Ihnen die <strong>Mikrofonoptimierung<\/strong> die Einstellung.<\/p>\n<\/div>\n<\/div>\n\n\n\n<div class=\"wp-block-column is-layout-flow wp-block-column-is-layout-flow\" style=\"flex-basis:33.33%\"><div class=\"wp-block-image\">\n<figure class=\"alignright size-full\"><a href=\"https:\/\/support.alfaview.com\/wp-content\/uploads\/2026\/03\/alfaview_app_einstellungen_de-2.png\"><img loading=\"lazy\" decoding=\"async\" width=\"400\" height=\"883\" src=\"https:\/\/support.alfaview.com\/wp-content\/uploads\/2026\/03\/alfaview_app_einstellungen_de-2.png\" alt=\"Das Funktionsmen\u00fc enth\u00e4lt alle Einstellungen, die Sie im Raum anpassen k\u00f6nnen.\" class=\"wp-image-11106\" srcset=\"https:\/\/support.alfaview.com\/wp-content\/uploads\/2026\/03\/alfaview_app_einstellungen_de-2.png 400w, https:\/\/support.alfaview.com\/wp-content\/uploads\/2026\/03\/alfaview_app_einstellungen_de-2-136x300.png 136w\" sizes=\"auto, (max-width: 400px) 100vw, 400px\" \/><\/a><figcaption class=\"wp-element-caption\">Einstellungen im Funktionsmen\u00fc<\/figcaption><\/figure>\n<\/div><\/div>\n<\/div>\n\n\n\n<h3 class=\"wp-block-heading\" class=\"wp-block-heading\" id=\"mikrofonoptimierung\">Mikrofonoptimierung<a href=\"#mikrofonoptimierung\" class=\"av-heading-anchor\"><i class=\"bi bi-link\"><\/i><\/a><\/h3>\n\n\n\n<div class=\"wp-block-columns is-layout-flex wp-container-core-columns-is-layout-9d6595d7 wp-block-columns-is-layout-flex\">\n<div class=\"wp-block-column is-layout-flow wp-block-column-is-layout-flow\" style=\"flex-basis:66.66%\">\n<p>Mit der Mikrofonoptimierung k\u00f6nnen Sie die Einstellungen der Ger\u00e4uschunterdr\u00fcckung manuell einstellen und an Ihr Ger\u00e4t anpassen. <\/p>\n\n\n\n<ul class=\"wp-block-list\">\n<li>Deaktivieren Sie die <strong>Ger\u00e4uschunterdr\u00fcckung<\/strong>.<\/li>\n\n\n\n<li>Klicken Sie auf <strong>Erweiterte Einstellungen<\/strong> und dort auf <strong>Mikrofonoptimierung<\/strong>, mit der Sie die Ger\u00e4uschunterdr\u00fcckung f\u00fcr Ihr Mikrofon manuell einstellen k\u00f6nnen.<\/li>\n\n\n\n<li>Nutzen Sie den Optimierungsassistenten. Klicken Sie daf\u00fcr auf die Schaltfl\u00e4che <button class=\"av-button av-button--primary\">Ausf\u00fchren<\/button>.<\/li>\n\n\n\n<li>Lesen Sie den Text in normaler Lautst\u00e4rke vor.<\/li>\n\n\n\n<li>Ihr Mikrofon ist nun entsprechend optimiert.<\/li>\n<\/ul>\n<\/div>\n\n\n\n<div class=\"wp-block-column is-layout-flow wp-block-column-is-layout-flow\" style=\"flex-basis:33.33%\"><div class=\"wp-block-image\">\n<figure class=\"alignright size-full\"><a href=\"https:\/\/support.alfaview.com\/wp-content\/uploads\/2026\/03\/alfaview_app_audio_de.png\"><img loading=\"lazy\" decoding=\"async\" width=\"400\" height=\"890\" src=\"https:\/\/support.alfaview.com\/wp-content\/uploads\/2026\/03\/alfaview_app_audio_de.png\" alt=\"Im Audiomen\u00fc k\u00f6nnen Sie Ihre Audioger\u00e4te anpassen. Au\u00dferdem finden Sie hier die Echo- und Ger\u00e4uschunterdr\u00fcckung.\" class=\"wp-image-10978\" srcset=\"https:\/\/support.alfaview.com\/wp-content\/uploads\/2026\/03\/alfaview_app_audio_de.png 400w, https:\/\/support.alfaview.com\/wp-content\/uploads\/2026\/03\/alfaview_app_audio_de-135x300.png 135w\" sizes=\"auto, (max-width: 400px) 100vw, 400px\" \/><\/a><figcaption class=\"wp-element-caption\">Echo- und Ger\u00e4uschunterdr\u00fcckung<\/figcaption><\/figure>\n<\/div><\/div>\n<\/div>\n\n\n\n<div class=\"wp-block-columns is-layout-flex wp-container-core-columns-is-layout-9d6595d7 wp-block-columns-is-layout-flex\">\n<div class=\"wp-block-column is-layout-flow wp-block-column-is-layout-flow\" style=\"flex-basis:66.66%\">\n<p>Alternativ k\u00f6nnen Sie die Optimierung Ihres Mikrofons auch eigenst\u00e4ndig vornehmen.<\/p>\n\n\n\n<ul class=\"wp-block-list\">\n<li>Sprechen Sie in Ihr Mikrofon.<\/li>\n\n\n\n<li>Bewegen Sie nun den Schieberegler, um die Mikrofonempfindlichkeit einzustellen. Vergewissern Sie sich, dass der Indikatorbalken blau wird und sich \u00fcber den Schieberegler hinaus nach rechts bewegt.<\/li>\n\n\n\n<li>Wenn Sie nicht sprechen, sollte der Indikatorbalken orange oder unsichtbar sein. Das bedeutet, dass Ihr Ton nicht \u00fcbertragen wird.<\/li>\n<\/ul>\n<\/div>\n\n\n\n<div class=\"wp-block-column is-layout-flow wp-block-column-is-layout-flow\" style=\"flex-basis:33.33%\"><div class=\"wp-block-image\">\n<figure class=\"alignright size-full\"><a href=\"https:\/\/support.alfaview.com\/wp-content\/uploads\/2026\/03\/alfaview_app_audio_optimierung_de.png\"><img loading=\"lazy\" decoding=\"async\" width=\"400\" height=\"901\" src=\"https:\/\/support.alfaview.com\/wp-content\/uploads\/2026\/03\/alfaview_app_audio_optimierung_de.png\" alt=\"Bei alfaview haben Sie auch die M\u00f6glichkeit, das Mikrofon manuell anzupassen. Diese finden Sie in den erweiterten Einstellungen.\" class=\"wp-image-10980\" srcset=\"https:\/\/support.alfaview.com\/wp-content\/uploads\/2026\/03\/alfaview_app_audio_optimierung_de.png 400w, https:\/\/support.alfaview.com\/wp-content\/uploads\/2026\/03\/alfaview_app_audio_optimierung_de-133x300.png 133w\" sizes=\"auto, (max-width: 400px) 100vw, 400px\" \/><\/a><figcaption class=\"wp-element-caption\">Mikrofon-Optimierung<\/figcaption><\/figure>\n<\/div><\/div>\n<\/div>\n","protected":false},"excerpt":{"rendered":"<p>Sie m\u00f6chten wissen, wie Sie Ihre Kamera oder Ihr Mikrofon einrichten?<br \/>\nHier finden Sie unsere Hilfestellungen.<\/p>\n","protected":false},"author":6,"featured_media":0,"parent":493,"menu_order":20,"comment_status":"closed","ping_status":"closed","template":"","meta":{"footnotes":""},"class_list":["post-152","page","type-page","status-publish","hentry"],"_links":{"self":[{"href":"https:\/\/support.alfaview.com\/de\/wp-json\/wp\/v2\/pages\/152","targetHints":{"allow":["GET"]}}],"collection":[{"href":"https:\/\/support.alfaview.com\/de\/wp-json\/wp\/v2\/pages"}],"about":[{"href":"https:\/\/support.alfaview.com\/de\/wp-json\/wp\/v2\/types\/page"}],"author":[{"embeddable":true,"href":"https:\/\/support.alfaview.com\/de\/wp-json\/wp\/v2\/users\/6"}],"replies":[{"embeddable":true,"href":"https:\/\/support.alfaview.com\/de\/wp-json\/wp\/v2\/comments?post=152"}],"version-history":[{"count":3,"href":"https:\/\/support.alfaview.com\/de\/wp-json\/wp\/v2\/pages\/152\/revisions"}],"predecessor-version":[{"id":11383,"href":"https:\/\/support.alfaview.com\/de\/wp-json\/wp\/v2\/pages\/152\/revisions\/11383"}],"up":[{"embeddable":true,"href":"https:\/\/support.alfaview.com\/de\/wp-json\/wp\/v2\/pages\/493"}],"wp:attachment":[{"href":"https:\/\/support.alfaview.com\/de\/wp-json\/wp\/v2\/media?parent=152"}],"curies":[{"name":"wp","href":"https:\/\/api.w.org\/{rel}","templated":true}]}}