{"id":1599,"date":"2023-11-21T09:23:25","date_gmt":"2023-11-21T09:23:25","guid":{"rendered":"https:\/\/support.alfaview.com\/?page_id=1599"},"modified":"2026-04-17T10:48:46","modified_gmt":"2026-04-17T10:48:46","slug":"room-features","status":"publish","type":"page","link":"https:\/\/support.alfaview.com\/de\/administration\/room-management\/room-features\/","title":{"rendered":"Raum-Features"},"content":{"rendered":"\n<div class=\"wp-block-columns is-not-stacked-on-mobile is-layout-flex wp-container-core-columns-is-layout-9d6595d7 wp-block-columns-is-layout-flex\">\n<div class=\"wp-block-column is-layout-flow wp-block-column-is-layout-flow\" style=\"flex-basis:50px\">\n<button class=\"wp-block-alfaview-button av-button-status-menu av-button-grey\" disabled aria-hidden=\"true\" aria-label=\"Host-Tools\"><i class=\"icon icon-ic_security_24dp\"><\/i><\/button>\n<\/div>\n\n\n\n<div class=\"wp-block-column is-layout-flow wp-block-column-is-layout-flow\">\n<p>Die Raum-Features bieten die M\u00f6glichkeit, Einstellungen f\u00fcr einen Raum vorzunehmen. Sie k\u00f6nnen die Features \u00fcber die Verwaltung oder direkt im alfaview-Raum \u00fcber die <a href=\"https:\/\/support.alfaview.com\/de\/alfaview-app\/alfaview-room\/primary-and-secondary-controls\/host-tools\/\">Host-Tools im Statusmen\u00fc<\/a> anpassen.<\/p>\n<\/div>\n<\/div>\n\n\n\n<h2 class=\"wp-block-heading\" class=\"wp-block-heading\" id=\"in-der-verwaltung\">In der Verwaltung<a href=\"#in-der-verwaltung\" class=\"av-heading-anchor\"><i class=\"bi bi-link\"><\/i><\/a><\/h2>\n\n\n\n<div class=\"wp-block-columns is-layout-flex wp-container-core-columns-is-layout-9d6595d7 wp-block-columns-is-layout-flex\">\n<div class=\"wp-block-column is-layout-flow wp-block-column-is-layout-flow\" style=\"flex-basis:66.66%\">\n<ul class=\"wp-block-list\">\n<li>\u00d6ffnen Sie in der&nbsp;<a href=\"https:\/\/support.alfaview.com\/de\/administration\/general\/adminstration-interface\/\">Verwaltung<\/a> den Men\u00fcpunkt <strong>R\u00e4ume<\/strong>.<\/li>\n\n\n\n<li>Klicken Sie auf das Symbol&nbsp;<img decoding=\"async\" class=\"wp-image-2116\" style=\"width: 20px;\" src=\"https:\/\/support.alfaview.com\/wp-content\/uploads\/2023\/12\/icon-settings.png\" alt=\"Symbol Einstellungen\">&nbsp;<strong>Einstellungen<\/strong>&nbsp;des Raumes, dessen Features Sie einstellen m\u00f6chten.<\/li>\n\n\n\n<li>Klicken Sie anschlie\u00dfend auf den Reiter&nbsp;<strong>Features<\/strong>.<\/li>\n<\/ul>\n\n\n\n<p>Die Features sind in die f\u00fcnf Kategorien <strong>Zugang, Erscheinungsbild<\/strong>, <strong>Moderation<\/strong>, <strong>Aufzeichnung<\/strong> und <strong>Datei<\/strong> unterteilt. Nutzen Sie die Suchleiste, um einzelne Features zu finden.<\/p>\n<\/div>\n\n\n\n<div class=\"wp-block-column is-layout-flow wp-block-column-is-layout-flow\" style=\"flex-basis:33.33%\"><div class=\"wp-block-image\">\n<figure class=\"alignright size-full\"><a href=\"https:\/\/support.alfaview.com\/wp-content\/uploads\/2025\/10\/alfaview_raum-features_de-1.png\"><img loading=\"lazy\" decoding=\"async\" width=\"780\" height=\"661\" src=\"https:\/\/support.alfaview.com\/wp-content\/uploads\/2025\/10\/alfaview_raum-features_de-1.png\" alt=\"Die Raum-Features k\u00f6nnen auch \u00fcber die Raumverwaltung aktiviert und deaktiviert werden.\" class=\"wp-image-8274\" srcset=\"https:\/\/support.alfaview.com\/wp-content\/uploads\/2025\/10\/alfaview_raum-features_de-1.png 780w, https:\/\/support.alfaview.com\/wp-content\/uploads\/2025\/10\/alfaview_raum-features_de-1-300x254.png 300w, https:\/\/support.alfaview.com\/wp-content\/uploads\/2025\/10\/alfaview_raum-features_de-1-768x651.png 768w\" sizes=\"auto, (max-width: 780px) 100vw, 780px\" \/><\/a><figcaption class=\"wp-element-caption\">Raum-Features<\/figcaption><\/figure>\n<\/div><\/div>\n<\/div>\n\n\n\n<p>Folgende Features k\u00f6nnen eingestellt werden:<\/p>\n\n\n\n<h2 class=\"wp-block-heading\" class=\"wp-block-heading\" id=\"zugang\">Zugang<a href=\"#zugang\" class=\"av-heading-anchor\"><i class=\"bi bi-link\"><\/i><\/a><\/h2>\n\n\n\n<div class=\"wp-block-columns is-not-stacked-on-mobile is-layout-flex wp-container-core-columns-is-layout-9d6595d7 wp-block-columns-is-layout-flex\">\n<div class=\"wp-block-column is-layout-flow wp-block-column-is-layout-flow\" style=\"flex-basis:50px\">\n<button class=\"wp-block-alfaview-button av-button-main-menu av-button-grey\" disabled aria-hidden=\"true\" aria-label=\"Warteraum\"><i class=\"icon icon-ic_waiting_room_24dp\"><\/i><\/button>\n<\/div>\n\n\n\n<div class=\"wp-block-column is-layout-flow wp-block-column-is-layout-flow\">\n<p><strong>Warteraum<\/strong><br>Aktivieren Sie den Warteraum, um gezielt Teilnehmer:innen zu Ihrem Meeting zuzulassen.<br>Sie finden weitere Informationen auf der Seite <a href=\"https:\/\/support.alfaview.com\/de\/?page_id=1069\">Warteraum<\/a>.<\/p>\n<\/div>\n<\/div>\n\n\n\n<div class=\"wp-block-columns is-not-stacked-on-mobile is-layout-flex wp-container-core-columns-is-layout-9d6595d7 wp-block-columns-is-layout-flex\">\n<div class=\"wp-block-column is-layout-flow wp-block-column-is-layout-flow\" style=\"flex-basis:50px\">\n<button class=\"wp-block-alfaview-button av-button-main-menu av-button-grey\" disabled aria-hidden=\"true\" aria-label=\"Browserzugang deaktivieren\"><i class=\"icon icon-ic_browser_off_24dp\"><\/i><\/button>\n<\/div>\n\n\n\n<div class=\"wp-block-column is-layout-flow wp-block-column-is-layout-flow\">\n<p><strong>Browserzugang f\u00fcr G\u00e4ste deaktivieren<\/strong><br>Diese Einstellung deaktiviert die M\u00f6glichkeit, den alfaview-Raum oder das alfaview-Meeting \u00fcber den Webclient zu betreten.<\/p>\n<\/div>\n<\/div>\n\n\n\n<h2 class=\"wp-block-heading\" class=\"wp-block-heading\" id=\"erscheinungsbild\">Erscheinungsbild<a href=\"#erscheinungsbild\" class=\"av-heading-anchor\"><i class=\"bi bi-link\"><\/i><\/a><\/h2>\n\n\n\n<div class=\"wp-block-columns is-not-stacked-on-mobile is-layout-flex wp-container-core-columns-is-layout-9d6595d7 wp-block-columns-is-layout-flex\">\n<div class=\"wp-block-column is-layout-flow wp-block-column-is-layout-flow\" style=\"flex-basis:50px\">\n<button class=\"wp-block-alfaview-button av-button-main-menu av-button-grey\" disabled aria-hidden=\"true\" aria-label=\"Videos in alphabetischer Reihenfolge darstellen\"><i class=\"icon icon-ic_sort_by_alpha_24dp\"><\/i><\/button>\n<\/div>\n\n\n\n<div class=\"wp-block-column is-layout-flow wp-block-column-is-layout-flow\">\n<p><strong>Teilnehmervideos in alphabetischer Reihenfolge darstellen<\/strong><br>Diese Einstellung hebt das Standardverhalten der Sortierung nach Zutrittszeit auf.<\/p>\n<\/div>\n<\/div>\n\n\n\n<div class=\"wp-block-columns is-not-stacked-on-mobile is-layout-flex wp-container-core-columns-is-layout-9d6595d7 wp-block-columns-is-layout-flex\">\n<div class=\"wp-block-column is-layout-flow wp-block-column-is-layout-flow\" style=\"flex-basis:50px\">\n<button class=\"wp-block-alfaview-button av-button-main-menu av-button-grey\" disabled aria-hidden=\"true\" aria-label=\"Videos zentriert darstellen\"><i class=\"icon icon-ic_centered_video_24dp\"><\/i><\/button>\n<\/div>\n\n\n\n<div class=\"wp-block-column is-layout-flow wp-block-column-is-layout-flow\">\n<p><strong>Teilnehmervideos auf der B\u00fchne zentriert darstellen<\/strong><br>Dies erm\u00f6glicht ein ausgewogeneres Erscheinungsbild, erh\u00f6ht aber die Bewegung im Videoraster.<\/p>\n<\/div>\n<\/div>\n\n\n\n<div class=\"wp-block-columns is-not-stacked-on-mobile is-layout-flex wp-container-core-columns-is-layout-9d6595d7 wp-block-columns-is-layout-flex\">\n<div class=\"wp-block-column is-layout-flow wp-block-column-is-layout-flow\" style=\"flex-basis:50px\">\n<button class=\"wp-block-alfaview-button av-button-main-menu av-button-grey\" disabled aria-hidden=\"true\" aria-label=\"16:9 Video-Seitenverh\u00e4ltnis\"><i class=\"icon icon-ic_16to9_24dp\"><\/i><\/button>\n<\/div>\n\n\n\n<div class=\"wp-block-column is-layout-flow wp-block-column-is-layout-flow\">\n<p><strong>16:9 Seitenverh\u00e4ltnis f\u00fcr Teilnehmervideos verwenden<\/strong><br>Der Raum verwendet das breitere Seitenverh\u00e4ltnis 16:9 f\u00fcr Teilnehmervideos.<\/p>\n<\/div>\n<\/div>\n\n\n\n<h2 class=\"wp-block-heading\" class=\"wp-block-heading\" id=\"moderation\">Moderation<a href=\"#moderation\" class=\"av-heading-anchor\"><i class=\"bi bi-link\"><\/i><\/a><\/h2>\n\n\n\n<div class=\"wp-block-columns is-not-stacked-on-mobile is-layout-flex wp-container-core-columns-is-layout-9d6595d7 wp-block-columns-is-layout-flex\">\n<div class=\"wp-block-column is-layout-flow wp-block-column-is-layout-flow\" style=\"flex-basis:50px\">\n<button class=\"wp-block-alfaview-button av-button-main-menu av-button-grey\" disabled aria-hidden=\"true\" aria-label=\"Kamera aus deaktivieren\"><i class=\"icon icon-ic_videocam_24dp\"><\/i><\/button>\n<\/div>\n\n\n\n<div class=\"wp-block-column is-layout-flow wp-block-column-is-layout-flow\">\n<p><strong>\u201cKamera aus\u201d-Funktion deaktivieren<\/strong><br>Unterbindet, dass die Kamera ausgeschaltet wird.<\/p>\n<\/div>\n<\/div>\n\n\n\n<div class=\"wp-block-columns is-not-stacked-on-mobile is-layout-flex wp-container-core-columns-is-layout-9d6595d7 wp-block-columns-is-layout-flex\">\n<div class=\"wp-block-column is-layout-flow wp-block-column-is-layout-flow\" style=\"flex-basis:50px\">\n<button class=\"wp-block-alfaview-button av-button-main-menu av-button-grey\" disabled aria-hidden=\"true\" aria-label=\"Inhalte nur mit Moderator:innen teilen\"><i class=\"icon icon-ic_media_share_24dp\"><\/i><\/button>\n<\/div>\n\n\n\n<div class=\"wp-block-column is-layout-flow wp-block-column-is-layout-flow\">\n<p><strong>Inhalte nur mit Moderator:innen teilen<\/strong><br>Diese Einstellung sorgt daf\u00fcr, dass nur Moderator:innen eine laufende Bildschirm\u00fcbertragung sehen k\u00f6nnen.<\/p>\n<\/div>\n<\/div>\n\n\n\n<div class=\"wp-block-columns is-not-stacked-on-mobile is-layout-flex wp-container-core-columns-is-layout-9d6595d7 wp-block-columns-is-layout-flex\">\n<div class=\"wp-block-column is-layout-flow wp-block-column-is-layout-flow\" style=\"flex-basis:50px\">\n<button class=\"wp-block-alfaview-button av-button-main-menu av-button-grey\" disabled aria-hidden=\"true\" aria-label=\"Benachrichtigungen bei Betreten und Verlassen deaktivieren\"><i class=\"icon icon-ic_notifications_off_24dp\"><\/i><\/button>\n<\/div>\n\n\n\n<div class=\"wp-block-column is-layout-flow wp-block-column-is-layout-flow\">\n<p><strong>Benachrichtigungen bei Betreten und Verlassen deaktivieren<\/strong><br>Diese Einstellung deaktiviert die Benachrichtigung, wenn Teilnehmende den Raum betreten oder verlassen.<\/p>\n<\/div>\n<\/div>\n\n\n\n<div class=\"wp-block-columns is-not-stacked-on-mobile is-layout-flex wp-container-core-columns-is-layout-9d6595d7 wp-block-columns-is-layout-flex\">\n<div class=\"wp-block-column is-layout-flow wp-block-column-is-layout-flow\" style=\"flex-basis:50px\">\n<button class=\"wp-block-alfaview-button av-button-main-menu av-button-grey\" disabled aria-hidden=\"true\" aria-label=\"Minifenster verhindern\"><i class=\"icon icon-ic_mini_window_filled_24dp\"><\/i><\/button>\n<\/div>\n\n\n\n<div class=\"wp-block-column is-layout-flow wp-block-column-is-layout-flow\">\n<p><strong>Schwebendes Minifenster verhindern<\/strong><br>Diese Einstellung verhindert, dass sich das Minifenster \u00f6ffnet, wenn die alfaview-App minimiert wird.<\/p>\n<\/div>\n<\/div>\n\n\n\n<div class=\"wp-block-columns is-not-stacked-on-mobile is-layout-flex wp-container-core-columns-is-layout-9d6595d7 wp-block-columns-is-layout-flex\">\n<div class=\"wp-block-column is-layout-flow wp-block-column-is-layout-flow\" style=\"flex-basis:50px\">\n<button class=\"wp-block-alfaview-button av-button-main-menu av-button-grey\" disabled aria-hidden=\"true\" aria-label=\"Handheben erlauben\"><i class=\"icon icon-ic_hand_front_right_24dp\"><\/i><\/button>\n<\/div>\n\n\n\n<div class=\"wp-block-column is-layout-flow wp-block-column-is-layout-flow\">\n<p><strong>Handheben erlauben<\/strong><br>Diese Einstellung erlaubt den Teilnehmenden und Zuschauer:innen sich zu melden.<\/p>\n<\/div>\n<\/div>\n\n\n\n<div class=\"wp-block-columns is-not-stacked-on-mobile is-layout-flex wp-container-core-columns-is-layout-9d6595d7 wp-block-columns-is-layout-flex\">\n<div class=\"wp-block-column is-layout-flow wp-block-column-is-layout-flow\" style=\"flex-basis:50px\">\n<button class=\"wp-block-alfaview-button av-button-main-menu av-button-grey\" disabled aria-hidden=\"true\" aria-label=\"gehobene H\u00e4nde nur Moderator:innen anzeigen\"><i class=\"icon icon-ic_hand_front_right_24dp\"><\/i><\/button>\n<\/div>\n\n\n\n<div class=\"wp-block-column is-layout-flow wp-block-column-is-layout-flow\">\n<p><strong>Gehobene H\u00e4nde nur Moderator:innen anzeigen<\/strong><br>Diese Einstellung sorgt daf\u00fcr, dass nur Moderator:innen sehen k\u00f6nnen, wer aktuell eine Hand hebt.<\/p>\n<\/div>\n<\/div>\n\n\n\n<div class=\"wp-block-columns is-not-stacked-on-mobile is-layout-flex wp-container-core-columns-is-layout-9d6595d7 wp-block-columns-is-layout-flex\">\n<div class=\"wp-block-column is-layout-flow wp-block-column-is-layout-flow\" style=\"flex-basis:50px\">\n<button class=\"wp-block-alfaview-button av-button-main-menu av-button-grey\" disabled aria-hidden=\"true\" aria-label=\"Zugriff auf Anwesenheitsliste erlauben\"><i class=\"icon icon-ic_content_copy_24dp\"><\/i><\/button>\n<\/div>\n\n\n\n<div class=\"wp-block-column is-layout-flow wp-block-column-is-layout-flow\">\n<p><strong>Zugriff auf Anwesenheitsliste erlauben<\/strong><br>Diese Einstellung erlaubt Moderator:innen die Inhalte der Teilnehmerliste in die Zwischenablage zu kopieren.<br>Weitere Informationen zur Erstellung einer Anwesenheitsliste finden Sie auf der Seite <a href=\"https:\/\/support.alfaview.com\/de\/administration\/room-management\/attendance-list-and-attendance-report\/\">Anwesenheitsliste und Anwesenheitsbericht<\/a>.<\/p>\n<\/div>\n<\/div>\n\n\n\n<h3 class=\"wp-block-heading\" class=\"wp-block-heading\" id=\"aufzeichnung\">Aufzeichnung<a href=\"#aufzeichnung\" class=\"av-heading-anchor\"><i class=\"bi bi-link\"><\/i><\/a><\/h3>\n\n\n\n<div class=\"wp-block-columns is-not-stacked-on-mobile is-layout-flex wp-container-core-columns-is-layout-9d6595d7 wp-block-columns-is-layout-flex\">\n<div class=\"wp-block-column is-layout-flow wp-block-column-is-layout-flow\" style=\"flex-basis:50px\">\n<button class=\"wp-block-alfaview-button av-button-main-menu av-button-grey\" disabled aria-hidden=\"true\" aria-label=\"Videos in alphabetischer Reihenfolge darstellen\"><i class=\"icon icon-ic_radio_button_checked_24dp\"><\/i><\/button>\n<\/div>\n\n\n\n<div class=\"wp-block-column is-layout-flow wp-block-column-is-layout-flow\">\n<p><strong>Aufzeichnung erlauben<\/strong><br>Die Moderator:innen d\u00fcrfen Meetings in diesem Raum <a href=\"https:\/\/support.alfaview.com\/de\/?page_id=6488\" data-type=\"page\" data-id=\"6488\">lokal aufzeichnen<\/a>.<\/p>\n<\/div>\n<\/div>\n\n\n\n<div class=\"wp-block-columns is-not-stacked-on-mobile is-layout-flex wp-container-core-columns-is-layout-9d6595d7 wp-block-columns-is-layout-flex\">\n<div class=\"wp-block-column is-layout-flow wp-block-column-is-layout-flow\" style=\"flex-basis:50px\">\n<button class=\"wp-block-alfaview-button av-button-main-menu av-button-grey\" disabled aria-hidden=\"true\" aria-label=\"Videos in alphabetischer Reihenfolge darstellen\"><i class=\"icon icon-ic_sensors_24dp\"><\/i><\/button>\n<\/div>\n\n\n\n<div class=\"wp-block-column is-layout-flow wp-block-column-is-layout-flow\">\n<p><strong>Live-Streaming erlauben<\/strong><br>Die Moderator:innen d\u00fcrfen das Meeting live auf externe Plattformen <a href=\"https:\/\/support.alfaview.com\/de\/?page_id=6490\" data-type=\"page\" data-id=\"6490\">streamen<\/a>.<\/p>\n<\/div>\n<\/div>\n\n\n\n<h2 class=\"wp-block-heading\" class=\"wp-block-heading\" id=\"datei\">Datei<a href=\"#datei\" class=\"av-heading-anchor\"><i class=\"bi bi-link\"><\/i><\/a><\/h2>\n\n\n\n<div class=\"wp-block-columns is-not-stacked-on-mobile is-layout-flex wp-container-core-columns-is-layout-9d6595d7 wp-block-columns-is-layout-flex\">\n<div class=\"wp-block-column is-layout-flow wp-block-column-is-layout-flow\" style=\"flex-basis:50px\">\n<button class=\"wp-block-alfaview-button av-button-main-menu av-button-grey\" disabled aria-hidden=\"true\" aria-label=\"Videos in alphabetischer Reihenfolge darstellen\"><i class=\"icon icon-ic_account_upload_box_24dp\"><\/i><\/button>\n<\/div>\n\n\n\n<div class=\"wp-block-column is-layout-flow wp-block-column-is-layout-flow\">\n<p><strong>File Sharing aktivieren<br><\/strong>Aktiviert Datei-Uploads f\u00fcr diesen Raum.<\/p>\n<\/div>\n<\/div>\n\n\n\n<div class=\"wp-block-columns is-not-stacked-on-mobile is-layout-flex wp-container-core-columns-is-layout-9d6595d7 wp-block-columns-is-layout-flex\">\n<div class=\"wp-block-column is-layout-flow wp-block-column-is-layout-flow\" style=\"flex-basis:50px\">\n<button class=\"wp-block-alfaview-button av-button-main-menu av-button-grey\" disabled aria-hidden=\"true\" aria-label=\"Videos in alphabetischer Reihenfolge darstellen\"><i class=\"icon icon-ic_how_to_reg_24dp\"><\/i><\/button>\n<\/div>\n\n\n\n<div class=\"wp-block-column is-layout-flow wp-block-column-is-layout-flow\">\n<p><strong>Upload f\u00fcr Teilnehmer:innen erlauben<\/strong><br>Erlaubt Teilnehmer:innen das Hochladen von Dateien. Benutzer:innen ben\u00f6tigen zus\u00e4tzlich die Upload-Berechtigung f\u00fcr den Raum.<\/p>\n<\/div>\n<\/div>\n\n\n\n<div class=\"wp-block-columns is-not-stacked-on-mobile is-layout-flex wp-container-core-columns-is-layout-9d6595d7 wp-block-columns-is-layout-flex\">\n<div class=\"wp-block-column is-layout-flow wp-block-column-is-layout-flow\" style=\"flex-basis:50px\">\n<button class=\"wp-block-alfaview-button av-button-main-menu av-button-grey\" disabled aria-hidden=\"true\" aria-label=\"Videos in alphabetischer Reihenfolge darstellen\"><i class=\"icon icon-ic_file_document_24dp\"><\/i><\/button>\n<\/div>\n\n\n\n<div class=\"wp-block-column is-layout-flow wp-block-column-is-layout-flow\">\n<p><strong>Standard Zugriffsstufe<\/strong><br>Hier k\u00f6nnen Sie die Standard Zugriffsstufe f\u00fcr Datei-Uploads und -Downloads von Teilnehmer:innen einstellen.<\/p>\n\n\n\n<ul class=\"wp-block-list\">\n<li><strong>Verborgen<\/strong>: Nur der oder die urspr\u00fcngliche Eigent\u00fcmer:in und Moderator:innen k\u00f6nnen die Datei sehen und herunterladen.<\/li>\n\n\n\n<li><strong>Gelistet<\/strong>: Die Datei ist f\u00fcr alle sichtbar. Nur der oder die urspr\u00fcngliche Eigent\u00fcmer:in und Moderator:innen k\u00f6nnen die Datei herunterladen.<\/li>\n\n\n\n<li><strong>Herunterladbar<\/strong>: Die Datei ist f\u00fcr alle sichtbar und kann von allen heruntergeladen werden.<\/li>\n<\/ul>\n<\/div>\n<\/div>\n","protected":false},"excerpt":{"rendered":"<p>Passen Sie den Raumzugang, das Erscheinungsbild und die Moderationsfunktionen f\u00fcr jeden alfaview-Raum individuell an.<br \/>\nSie k\u00f6nnen die Raum-Features in der Verwaltungsoberfl\u00e4che oder \u00fcber die Host-Tools in der alfaview-App anpassen.<\/p>\n","protected":false},"author":5,"featured_media":0,"parent":938,"menu_order":20,"comment_status":"closed","ping_status":"closed","template":"","meta":{"footnotes":""},"class_list":["post-1599","page","type-page","status-publish","hentry"],"_links":{"self":[{"href":"https:\/\/support.alfaview.com\/de\/wp-json\/wp\/v2\/pages\/1599","targetHints":{"allow":["GET"]}}],"collection":[{"href":"https:\/\/support.alfaview.com\/de\/wp-json\/wp\/v2\/pages"}],"about":[{"href":"https:\/\/support.alfaview.com\/de\/wp-json\/wp\/v2\/types\/page"}],"author":[{"embeddable":true,"href":"https:\/\/support.alfaview.com\/de\/wp-json\/wp\/v2\/users\/5"}],"replies":[{"embeddable":true,"href":"https:\/\/support.alfaview.com\/de\/wp-json\/wp\/v2\/comments?post=1599"}],"version-history":[{"count":8,"href":"https:\/\/support.alfaview.com\/de\/wp-json\/wp\/v2\/pages\/1599\/revisions"}],"predecessor-version":[{"id":11526,"href":"https:\/\/support.alfaview.com\/de\/wp-json\/wp\/v2\/pages\/1599\/revisions\/11526"}],"up":[{"embeddable":true,"href":"https:\/\/support.alfaview.com\/de\/wp-json\/wp\/v2\/pages\/938"}],"wp:attachment":[{"href":"https:\/\/support.alfaview.com\/de\/wp-json\/wp\/v2\/media?parent=1599"}],"curies":[{"name":"wp","href":"https:\/\/api.w.org\/{rel}","templated":true}]}}