{"id":1616,"date":"2023-10-13T08:34:15","date_gmt":"2023-10-13T08:34:15","guid":{"rendered":"https:\/\/support.alfaview.com\/?page_id=1616"},"modified":"2026-04-17T12:53:56","modified_gmt":"2026-04-17T12:53:56","slug":"outlook-add-in","status":"publish","type":"page","link":"https:\/\/support.alfaview.com\/de\/miscellaneous\/for-it-administrators\/outlook-add-in\/","title":{"rendered":"Add-In f\u00fcr Microsoft Outlook 365"},"content":{"rendered":"\n<h2 class=\"wp-block-heading\" class=\"wp-block-heading\" id=\"hinweise-zur-installation-des-outlook-add-ins\">Hinweise zur Installation des Outlook Add-Ins<a href=\"#hinweise-zur-installation-des-outlook-add-ins\" class=\"av-heading-anchor\"><i class=\"bi bi-link\"><\/i><\/a><\/h2>\n\n\n\n<p>Zum Kapitel <a href=\"#nutzung-des-outlook-add-ins\" data-type=\"link\" data-id=\"https:\/\/support.alfaview.com\/de\/miscellaneous\/for-it-administrators\/outlook-add-in\/#nutzung-des-outlook-add-ins\">Nutzung des Outlook Add-Ins<\/a> springen.<\/p>\n\n\n\n<div class=\"wp-block-alfaview-callout\">\n<p>Das alfaview Outlook Add-In steht f\u00fcr folgende Anwendungen zur Verf\u00fcgung:<\/p>\n\n\n\n<ul class=\"wp-block-list\">\n<li>Outlook 2016 auf Mac und Windows<\/li>\n\n\n\n<li>Outlook 2019 auf Mac und Windows<\/li>\n\n\n\n<li>Outlook 2021 auf Mac und Windows<\/li>\n\n\n\n<li>Outlook auf Mac und Windows (Microsoft 365)<\/li>\n\n\n\n<li>Outlook im Web<\/li>\n<\/ul>\n\n\n\n<p>Damit Sie das alfaview Outlook Add-In mit einer Exchange On-Premise-L\u00f6sung nutzen k\u00f6nnen, muss mindestens der <strong>Exchange Server 2016<\/strong> genutzt werden. \u00c4ltere Versionen werden nicht unterst\u00fctzt.<\/p>\n\n\n\n<p><br>Aktuell kann das Add-In noch nicht auf den mobilen Betriebssystemen (iOS\/Android) genutzt werden.<\/p>\n<\/div>\n\n\n\n<p>Wir stellen ein alfaview Add-In f\u00fcr Microsoft Outlook 365 zur Verf\u00fcgung. Das Add-In erm\u00f6glicht es Ihnen, alfaview-Meetings direkt in Ihrem Microsoft Outlook 365 Kalender zu erstellen und den Link zu Ihrem Meeting an Ihre Teilnehmenden zu versenden.<br>Weitere Informationen zu den alfaview-Meetings finden Sie unter&nbsp;<a href=\"https:\/\/support.alfaview.com\/de\/administration\/meetings\/\">Meetings<\/a>.<\/p>\n\n\n\n<p>Sobald Sie sich in das Add-In eingeloggt haben, bleiben Sie automatisch 30 Tage lang eingeloggt.<\/p>\n\n\n\n<h3 class=\"wp-block-heading\" class=\"wp-block-heading\" id=\"installation-ueber-microsoft-appsource\">Installation \u00fcber Microsoft AppSource<a href=\"https:\/\/support.alfaview.com\/de\/miscellaneous\/outlook-add-in\/outlook-add-installation\/#installation-%C3%BCber-microsoft-appsource\"><\/a><a href=\"https:\/\/support.alfaview.com\/en\/miscellaneous\/outlook-add-in\/outlook-add-installation\/#installation-via-microsoft-appsource\"><\/a><a href=\"#installation-ueber-microsoft-appsource\" class=\"av-heading-anchor\"><i class=\"bi bi-link\"><\/i><\/a><\/h3>\n\n\n\n<p>Sie finden das alfaview Outlook Add-In im Microsoft AppSource unter folgendem Link:<br><a href=\"https:\/\/appsource.microsoft.com\/product\/office\/WA200005288\">https:\/\/appsource.microsoft.com\/product\/office\/WA200005288<\/a><\/p>\n\n\n\n<h3 class=\"wp-block-heading\" class=\"wp-block-heading\" id=\"manuelle-installation-mittels-xml-manifest-datei\">Manuelle Installation mittels XML-Manifest Datei<a href=\"https:\/\/support.alfaview.com\/de\/miscellaneous\/outlook-add-in\/outlook-add-installation\/#manuelle-installation-mittels-xml-manifest-datei\"><\/a><a href=\"https:\/\/support.alfaview.com\/en\/miscellaneous\/outlook-add-in\/outlook-add-installation\/#manual-installation-using-the-xml-manifest-file\"><\/a><a href=\"#manuelle-installation-mittels-xml-manifest-datei\" class=\"av-heading-anchor\"><i class=\"bi bi-link\"><\/i><\/a><\/h3>\n\n\n\n<p>Zur manuellen Installation des alfaview Add-Ins ben\u00f6tigen Sie die XML-Manifest Datei.<br>Um die Manifest-Datei herunterzuladen, gehen Sie wie folgt vor:<\/p>\n\n\n\n<ul class=\"wp-block-list\">\n<li>Melden Sie sich bei der&nbsp;<a href=\"https:\/\/app.alfaview.com\/#\/login\">Verwaltungsoberfl\u00e4che&nbsp;<\/a>an.<\/li>\n\n\n\n<li>Klicken Sie im Men\u00fc auf der linken Seite auf <strong>Company<\/strong>.<\/li>\n\n\n\n<li>W\u00e4hlen Sie den Reiter <strong>Add-Ins<\/strong>.<\/li>\n\n\n\n<li>Klicken Sie auf <button class=\"av-button--primary av-button\">Download Manifest-Datei<\/button>, um die Datei zu speichern.<\/li>\n<\/ul>\n\n\n\n<h3 class=\"wp-block-heading\" class=\"wp-block-heading\" id=\"als-outlook-365-benutzerin\">Als Outlook 365 Benutzer:in<a href=\"https:\/\/support.alfaview.com\/de\/miscellaneous\/outlook-add-in\/outlook-add-installation\/#als-outlook-365-benutzer\"><\/a><a href=\"https:\/\/support.alfaview.com\/en\/miscellaneous\/outlook-add-in\/outlook-add-installation\/#as-an-outlook-365-user\"><\/a><a href=\"#als-outlook-365-benutzerin\" class=\"av-heading-anchor\"><i class=\"bi bi-link\"><\/i><\/a><\/h3>\n\n\n\n<p>Bitte beachten Sie, dass die Installation von Add-Ins von Ihrer Administration freigegeben sein muss.<br>Mehr Informationen zur Installation von Outlook Add-Ins finden Sie im&nbsp;<a href=\"https:\/\/support.microsoft.com\/de-de\/office\/abrufen-eines-office-add-ins-f%C3%BCr-outlook-1ee261f9-49bf-4ba6-b3e2-2ba7bcab64c8\"><strong>Microsoft Supportcenter<\/strong><\/a>.<\/p>\n\n\n\n<ul class=\"wp-block-list\">\n<li>\u00d6ffnen Sie Microsoft Outlook 365.<\/li>\n\n\n\n<li>Klicken Sie auf <strong>Add-Ins abrufen<\/strong>.<\/li>\n\n\n\n<li>W\u00e4hlen Sie <strong>Meine Add-Ins<\/strong> im Men\u00fc aus.<\/li>\n\n\n\n<li>Scrollen Sie zum Bereich <strong>Benutzerdefinierte Add-Ins<\/strong>.<\/li>\n\n\n\n<li>Klicken Sie auf <strong>Benutzerdefiniertes Add-In hinzuf\u00fcgen<\/strong>.<\/li>\n\n\n\n<li>Klicken Sie auf <strong>Aus Datei hinzuf\u00fcgen\u2026<\/strong> .<\/li>\n\n\n\n<li>\u00d6ffnen Sie die heruntergeladene XML-Datei.<\/li>\n\n\n\n<li>Best\u00e4tigen Sie die Datenschutz-Warnung durch einen Klick auf <strong>Installieren<\/strong>.<\/li>\n\n\n\n<li>Das Add-In ist nun installiert und erscheint unter <strong>Benutzerdefiniertes Add-Ins<\/strong>.<\/li>\n<\/ul>\n\n\n\n<h3 class=\"wp-block-heading\" class=\"wp-block-heading\" id=\"als-outlook-365-administratorin\">Als Outlook 365 Administrator:in<a href=\"https:\/\/support.alfaview.com\/en\/miscellaneous\/outlook-add-in\/outlook-add-installation\/#as-an-outlook-365-administrator\"><\/a><a href=\"#als-outlook-365-administratorin\" class=\"av-heading-anchor\"><i class=\"bi bi-link\"><\/i><\/a><\/h3>\n\n\n\n<p>Als Administrator:in von Microsoft Office 365 k\u00f6nnen Sie das alfaview Add-In f\u00fcr Ihre Nutzer:innen ausrollen.<br>Mehr Informationen zur Bereitstellung von Outlook Add-Ins finden Sie im&nbsp;<a href=\"https:\/\/learn.microsoft.com\/de-de\/microsoft-365\/admin\/manage\/manage-deployment-of-add-ins?view=o365-worldwide\"><strong>Microsoft Supportcenter<\/strong><\/a>.<\/p>\n\n\n\n<ul class=\"wp-block-list\">\n<li>\u00d6ffnen Sie das Microsoft Office 365 Admin Center.<\/li>\n\n\n\n<li>W\u00e4hlen Sie <strong>Einstellungen<\/strong> im Men\u00fc aus.<\/li>\n\n\n\n<li>W\u00e4hlen Sie <strong>Integrierte Apps<\/strong> im Men\u00fc aus.<\/li>\n\n\n\n<li>Klicken Sie auf <strong>Benutzerdefinierte Apps hochladen<\/strong>.<\/li>\n\n\n\n<li>W\u00e4hlen Sie den App-Typ <strong>Office-Add-In<\/strong> im Dropdown-Men\u00fc aus.<\/li>\n\n\n\n<li>W\u00e4hlen Sie <strong>Manifestdatei (.xml) vom Ger\u00e4t hochladen<\/strong>.<\/li>\n\n\n\n<li>Klicken Sie auf <strong>Datei ausw\u00e4hlen<\/strong>.<\/li>\n\n\n\n<li>\u00d6ffnen Sie die heruntergeladene XML-Datei und klicken Sie auf <strong>Weiter<\/strong>.<\/li>\n\n\n\n<li>Weisen Sie die gew\u00fcnschten Benutzer oder Gruppen zu und klicken Sie auf <strong>Weiter<\/strong>.<\/li>\n\n\n\n<li>Akzeptieren Sie die Berechtigungsanforderungen und klicken Sie auf <strong>Weiter<\/strong>.<\/li>\n\n\n\n<li>\u00dcberpr\u00fcfen Sie die Details und klicken Sie auf <strong>Bereitstellung fertig stellen<\/strong>.<\/li>\n\n\n\n<li>Das Add-In steht Ihren Nutzer:innen nun zur Verf\u00fcgung.<\/li>\n<\/ul>\n\n\n\n<h3 class=\"wp-block-heading\" class=\"wp-block-heading\" id=\"zusaetzliche-firewall-und-proxykonfiguration\">Zus\u00e4tzliche Firewall- und Proxykonfiguration<a href=\"#zusaetzliche-firewall-und-proxykonfiguration\" class=\"av-heading-anchor\"><i class=\"bi bi-link\"><\/i><\/a><\/h3>\n\n\n\n<p>Bei der Verwendung eines Proxys \/ einer Firewall kann es erforderlich sein, dass bestimmte Microsoft-Endpunkte von Ihnen freigegeben bzw. konfiguriert werden m\u00fcssen.<\/p>\n\n\n\n<p>Weitere Informationen entnehmen Sie bitte der Webseite <a href=\"https:\/\/learn.microsoft.com\/de-de\/microsoft-365\/enterprise\/urls-and-ip-address-ranges?view=o365-worldwide#microsoft-365-common-and-office-online\">Microsoft 365-URLs und-IP-Adressbereiche<\/a>.<\/p>\n\n\n\n<h3 class=\"wp-block-heading\" class=\"wp-block-heading\" id=\"informationen-zur-installation-mit-exchange-servern\">Informationen zur Installation mit Exchange Servern<a href=\"#informationen-zur-installation-mit-exchange-servern\" class=\"av-heading-anchor\"><i class=\"bi bi-link\"><\/i><\/a><\/h3>\n\n\n\n<div class=\"wp-block-alfaview-callout\">\n<p>Bitte beachten Sie, dass es bis zu 72 Stunden dauern kann, bis eine neue Add-In-Bereitstellung, Add-In-Aktualisierung, eine \u00c4nderung oder die Entfernung eines Add-Ins f\u00fcr die Benutzer:innen sichtbar werden.<\/p>\n<\/div>\n\n\n\n<p>Weitere Informationen finden Sie in den folgenden Microsoft-Supportartikeln:<\/p>\n\n\n\n<ul class=\"wp-block-list\">\n<li><a href=\"https:\/\/learn.microsoft.com\/de-de\/exchange\/install-or-remove-outlook-add-ins-2013-help\">Installieren oder Entfernen von Add-Ins f\u00fcr Outlook f\u00fcr Ihre Exchange 2013-Organisation<\/a><\/li>\n\n\n\n<li><a href=\"https:\/\/learn.microsoft.com\/de-de\/exchange\/add-ins-for-outlook-2013-help\">Add-Ins f\u00fcr Outlook in Exchange Server<\/a><\/li>\n<\/ul>\n\n\n\n<h2 class=\"wp-block-heading\" class=\"wp-block-heading\" id=\"nutzung-des-outlook-add-ins\">Nutzung des Outlook Add-Ins<a href=\"#nutzung-des-outlook-add-ins\" class=\"av-heading-anchor\"><i class=\"bi bi-link\"><\/i><\/a><\/h2>\n\n\n\n<p>Wir stellen ein alfaview Add-In f\u00fcr Microsoft Outlook 365 zur Verf\u00fcgung. Das Add-In erm\u00f6glicht es Ihnen, alfaview Meetings direkt in jedem von Ihnen verwalteten Microsoft Outlook 365 Kalender zu erstellen und den Meeting-Link an Teilnehmer:innen zu versenden. <br>Weitere Informationen zur alfaview Meetingfunktion finden Sie unter&nbsp;<a href=\"https:\/\/support.alfaview.com\/de\/administration\/meetings\/\">Meetings<\/a>.<\/p>\n\n\n\n<h3 class=\"wp-block-heading\" class=\"wp-block-heading\" id=\"erste-anmeldung\">Erste Anmeldung<a href=\"https:\/\/support.alfaview.com\/de\/miscellaneous\/outlook-add-in\/outlook-add-in-usage\/#erste-anmeldung\"><\/a><a href=\"https:\/\/support.alfaview.com\/en\/miscellaneous\/outlook-add-in\/outlook-add-in-usage\/#first-login\"><\/a><a href=\"https:\/\/support.alfaview.com\/en\/miscellaneous\/outlook-add-in\/outlook-add-installation\/#installation-via-microsoft-appsource\"><\/a><a href=\"#erste-anmeldung\" class=\"av-heading-anchor\"><i class=\"bi bi-link\"><\/i><\/a><\/h3>\n\n\n\n<div class=\"wp-block-columns is-layout-flex wp-container-core-columns-is-layout-9d6595d7 wp-block-columns-is-layout-flex\">\n<div class=\"wp-block-column is-layout-flow wp-block-column-is-layout-flow\" style=\"flex-basis:66.66%\">\n<ul class=\"wp-block-list\">\n<li>\u00d6ffnen Sie Ihren Microsoft Outlook 365 Kalender und erstellen Sie einen neuen Kalendereintrag.<\/li>\n\n\n\n<li>Klicken Sie auf das alfaview Symbol im Men\u00fcband (eventuell befindet sich das alfaview-Symbol unter dem Drei-Punkte-Men\u00fc).<\/li>\n\n\n\n<li>Bei der ersten Nutzung des Add-Ins m\u00fcssen Sie sich zun\u00e4chst anmelden. Klicken Sie dazu auf <button class=\"av-button av-button--primary\">Anmelden<\/button>.<\/li>\n\n\n\n<li>Melden Sie sich mit Ihrem alfaview Benutzerkonto an.<\/li>\n<\/ul>\n<\/div>\n\n\n\n<div class=\"wp-block-column is-layout-flow wp-block-column-is-layout-flow\" style=\"flex-basis:33.33%\"><div class=\"wp-block-image\">\n<figure class=\"alignright size-full\"><a href=\"https:\/\/support.alfaview.com\/wp-content\/uploads\/2026\/01\/alfaview_outlook-addin-login_de.png\"><img loading=\"lazy\" decoding=\"async\" width=\"780\" height=\"622\" src=\"https:\/\/support.alfaview.com\/wp-content\/uploads\/2026\/01\/alfaview_outlook-addin-login_de.png\" alt=\"Die erste Anmeldung mit dem Outlook Add-In von alfaview.\" class=\"wp-image-10324\" srcset=\"https:\/\/support.alfaview.com\/wp-content\/uploads\/2026\/01\/alfaview_outlook-addin-login_de.png 780w, https:\/\/support.alfaview.com\/wp-content\/uploads\/2026\/01\/alfaview_outlook-addin-login_de-300x239.png 300w, https:\/\/support.alfaview.com\/wp-content\/uploads\/2026\/01\/alfaview_outlook-addin-login_de-768x612.png 768w\" sizes=\"auto, (max-width: 780px) 100vw, 780px\" \/><\/a><figcaption class=\"wp-element-caption\">Die erste Anmeldung<\/figcaption><\/figure>\n<\/div><\/div>\n<\/div>\n\n\n\n<div class=\"wp-block-alfaview-callout\">\n<p>Sobald Sie sich in das Add-In eingeloggt haben, bleiben Sie automatisch 30 Tage lang eingeloggt.<\/p>\n<\/div>\n\n\n\n<h3 class=\"wp-block-heading\" class=\"wp-block-heading\" id=\"ein-meeting-erstellen\">Ein Meeting erstellen<a href=\"https:\/\/support.alfaview.com\/de\/miscellaneous\/outlook-add-in\/outlook-add-in-usage\/#ein-meeting-erstellen\"><\/a><a href=\"https:\/\/support.alfaview.com\/en\/miscellaneous\/outlook-add-in\/outlook-add-in-usage\/#create-a-meeting\"><\/a><a href=\"https:\/\/support.alfaview.com\/en\/miscellaneous\/outlook-add-in\/outlook-add-installation\/#manual-installation-using-the-xml-manifest-file\"><\/a><a href=\"#ein-meeting-erstellen\" class=\"av-heading-anchor\"><i class=\"bi bi-link\"><\/i><\/a><\/h3>\n\n\n\n<div class=\"wp-block-columns is-layout-flex wp-container-core-columns-is-layout-9d6595d7 wp-block-columns-is-layout-flex\">\n<div class=\"wp-block-column is-layout-flow wp-block-column-is-layout-flow\" style=\"flex-basis:66.66%\">\n<ul class=\"wp-block-list\">\n<li>\u00d6ffnen Sie Ihren Microsoft Outlook 365 Kalender und erstellen Sie einen neuen Kalendereintrag.<\/li>\n\n\n\n<li>Bearbeiten Sie Ihre Termindetails und f\u00fcgen Sie die gew\u00fcnschten Teilnehmer:innen hinzu.<\/li>\n\n\n\n<li>Klicken Sie auf das alfaview Symbol im Men\u00fcband (eventuell befindet sich das alfaview-Symbol unter dem Drei-Punkte-Men\u00fc).<\/li>\n\n\n\n<li>Klicken Sie auf <button class=\"av-button av-button--primary\">Meeting hinzuf\u00fcgen<\/button>.<\/li>\n\n\n\n<li>Ihr Meeting wird nun erstellt und kann mit den Termindetails versendet werden.<\/li>\n\n\n\n<li>Ihr Meeting wird Ihnen jetzt in der alfaview Raumliste angezeigt.<\/li>\n<\/ul>\n<\/div>\n\n\n\n<div class=\"wp-block-column is-layout-flow wp-block-column-is-layout-flow\" style=\"flex-basis:33.33%\"><div class=\"wp-block-image\">\n<figure class=\"alignright size-full\"><a href=\"https:\/\/support.alfaview.com\/wp-content\/uploads\/2026\/01\/alfaview_outlook-addin-meeting-erstellen_de.png\"><img loading=\"lazy\" decoding=\"async\" width=\"780\" height=\"622\" src=\"https:\/\/support.alfaview.com\/wp-content\/uploads\/2026\/01\/alfaview_outlook-addin-meeting-erstellen_de.png\" alt=\"Ein Meeting \u00fcber das Outlook Add-in erstellen.\" class=\"wp-image-10327\" srcset=\"https:\/\/support.alfaview.com\/wp-content\/uploads\/2026\/01\/alfaview_outlook-addin-meeting-erstellen_de.png 780w, https:\/\/support.alfaview.com\/wp-content\/uploads\/2026\/01\/alfaview_outlook-addin-meeting-erstellen_de-300x239.png 300w, https:\/\/support.alfaview.com\/wp-content\/uploads\/2026\/01\/alfaview_outlook-addin-meeting-erstellen_de-768x612.png 768w\" sizes=\"auto, (max-width: 780px) 100vw, 780px\" \/><\/a><figcaption class=\"wp-element-caption\">Meeting erstellen<\/figcaption><\/figure>\n<\/div><\/div>\n<\/div>\n\n\n\n<div class=\"wp-block-alfaview-callout\">\n<p>Die Ortsangabe darf nicht entfernt werden, damit Ihre Teilnehmer:innen Ihren Meetingraum betreten k\u00f6nnen.<\/p>\n<\/div>\n\n\n\n<h3 class=\"wp-block-heading\" class=\"wp-block-heading\" id=\"wiederkehrendes-meeting-erstellen\">Wiederkehrendes Meeting erstellen<a href=\"https:\/\/support.alfaview.com\/en\/miscellaneous\/outlook-add-in\/outlook-add-installation\/#as-an-outlook-365-user\"><\/a><a href=\"#wiederkehrendes-meeting-erstellen\" class=\"av-heading-anchor\"><i class=\"bi bi-link\"><\/i><\/a><\/h3>\n\n\n\n<div class=\"wp-block-columns is-layout-flex wp-container-core-columns-is-layout-9d6595d7 wp-block-columns-is-layout-flex\">\n<div class=\"wp-block-column is-layout-flow wp-block-column-is-layout-flow\" style=\"flex-basis:66.66%\">\n<ul class=\"wp-block-list\">\n<li>\u00d6ffnen Sie Ihren Microsoft Outlook 365 Kalender und erstellen Sie einen neuen Kalendereintrag.<\/li>\n\n\n\n<li>Bearbeiten Sie Ihre Termindetails und klicken Sie auf &#8222;Periodisch wiederkehrend machen&#8220;. Es \u00f6ffnet sich ein Fenster, in dem Sie die Wiederholungsrate Ihres Meetings einstellen k\u00f6nnen.<\/li>\n\n\n\n<li>F\u00fcgen Sie die gew\u00fcnschten Teilnehmer:innen hinzu.<\/li>\n\n\n\n<li>Klicken Sie auf das alfaview Symbol im Men\u00fcband (eventuell befindet sich das alfaview-Symbol unter dem Drei-Punkte-Men\u00fc).<\/li>\n\n\n\n<li>Klicken Sie auf <button class=\"av-button av-button--primary\">Meeting hinzuf\u00fcgen<\/button>.<\/li>\n\n\n\n<li>Ihre Meetingreihe wird nun erstellt und kann mit den Termindetails versendet werden.<\/li>\n\n\n\n<li>Ihre Meetingreihe wird in der alfaview Raumliste angezeigt.<\/li>\n<\/ul>\n<\/div>\n\n\n\n<div class=\"wp-block-column is-layout-flow wp-block-column-is-layout-flow\" style=\"flex-basis:33.33%\"><div class=\"wp-block-image\">\n<figure class=\"alignright size-full\"><a href=\"https:\/\/support.alfaview.com\/wp-content\/uploads\/2026\/01\/alfaview_outlook-addin-meeting-wiederholend_de.png\"><img loading=\"lazy\" decoding=\"async\" width=\"780\" height=\"624\" src=\"https:\/\/support.alfaview.com\/wp-content\/uploads\/2026\/01\/alfaview_outlook-addin-meeting-wiederholend_de.png\" alt=\"Die Wiederholungsrate eines Meetings \u00fcber das Outlook Add-in bearbeiten.\" class=\"wp-image-10333\" srcset=\"https:\/\/support.alfaview.com\/wp-content\/uploads\/2026\/01\/alfaview_outlook-addin-meeting-wiederholend_de.png 780w, https:\/\/support.alfaview.com\/wp-content\/uploads\/2026\/01\/alfaview_outlook-addin-meeting-wiederholend_de-300x240.png 300w, https:\/\/support.alfaview.com\/wp-content\/uploads\/2026\/01\/alfaview_outlook-addin-meeting-wiederholend_de-768x614.png 768w\" sizes=\"auto, (max-width: 780px) 100vw, 780px\" \/><\/a><figcaption class=\"wp-element-caption\">Wiederkehrende Meetings erstellen<\/figcaption><\/figure>\n<\/div><\/div>\n<\/div>\n\n\n\n<div class=\"wp-block-alfaview-callout\">\n<p>Wiederkehrende Meetings finden immer im gleichen Meetingraum statt.<\/p>\n<\/div>\n\n\n\n<h3 class=\"wp-block-heading\" class=\"wp-block-heading\" id=\"ein-meeting-bearbeiten\">Ein Meeting bearbeiten<a href=\"https:\/\/support.alfaview.com\/de\/miscellaneous\/outlook-add-in\/outlook-add-in-usage\/#ein-meeting-bearbeiten\"><\/a><a href=\"https:\/\/support.alfaview.com\/en\/miscellaneous\/outlook-add-in\/outlook-add-in-usage\/#edit-a-meeting\"><\/a><a href=\"https:\/\/support.alfaview.com\/en\/miscellaneous\/outlook-add-in\/outlook-add-installation\/#as-an-outlook-365-user\"><\/a><a href=\"#ein-meeting-bearbeiten\" class=\"av-heading-anchor\"><i class=\"bi bi-link\"><\/i><\/a><\/h3>\n\n\n\n<div class=\"wp-block-columns is-layout-flex wp-container-core-columns-is-layout-9d6595d7 wp-block-columns-is-layout-flex\">\n<div class=\"wp-block-column is-layout-flow wp-block-column-is-layout-flow\" style=\"flex-basis:66.66%\">\n<ul class=\"wp-block-list\">\n<li>\u00d6ffnen Sie Ihren Microsoft Outlook 365 Kalender und w\u00e4hlen Sie den Kalendereintrag, den Sie \u00e4ndern m\u00f6chten.<\/li>\n\n\n\n<li>Klicken Sie auf \u201cBearbeiten\u201d. Es \u00f6ffnet sich ein Fenster. Klicken Sie hier auf &#8222;Weitere Optionen&#8220; und passen Sie im neuen Fenster Ihre Termindetails an.<\/li>\n\n\n\n<li>Klicken Sie auf das alfaview Symbol im Men\u00fcband (eventuell befindet sich das alfaview-Symbol unter dem Drei-Punkte-Men\u00fc).<\/li>\n\n\n\n<li>Klicken Sie auf <button class=\"av-button--primary av-button\">Aktualisieren<\/button>, um Ihre \u00c4nderungen f\u00fcr das alfaview Meeting zu \u00fcbernehmen.<\/li>\n<\/ul>\n<\/div>\n\n\n\n<div class=\"wp-block-column is-layout-flow wp-block-column-is-layout-flow\" style=\"flex-basis:33.33%\"><div class=\"wp-block-image\">\n<figure class=\"alignright size-full\"><a href=\"https:\/\/support.alfaview.com\/wp-content\/uploads\/2026\/01\/alfaview_outlook-addin-meeting-bearbeiten_de.png\"><img loading=\"lazy\" decoding=\"async\" width=\"780\" height=\"624\" src=\"https:\/\/support.alfaview.com\/wp-content\/uploads\/2026\/01\/alfaview_outlook-addin-meeting-bearbeiten_de.png\" alt=\"Ein Meeting \u00fcber das Outlook Add-in bearbeiten und l\u00f6schen.\" class=\"wp-image-10329\" srcset=\"https:\/\/support.alfaview.com\/wp-content\/uploads\/2026\/01\/alfaview_outlook-addin-meeting-bearbeiten_de.png 780w, https:\/\/support.alfaview.com\/wp-content\/uploads\/2026\/01\/alfaview_outlook-addin-meeting-bearbeiten_de-300x240.png 300w, https:\/\/support.alfaview.com\/wp-content\/uploads\/2026\/01\/alfaview_outlook-addin-meeting-bearbeiten_de-768x614.png 768w\" sizes=\"auto, (max-width: 780px) 100vw, 780px\" \/><\/a><figcaption class=\"wp-element-caption\">Meeting bearbeiten oder l\u00f6schen<\/figcaption><\/figure>\n<\/div><\/div>\n<\/div>\n\n\n\n<h3 class=\"wp-block-heading\" id=\"ein-meeting-l\u00f6schen\">Ein Meeting l\u00f6schen<a href=\"https:\/\/support.alfaview.com\/de\/miscellaneous\/outlook-add-in\/outlook-add-in-usage\/#ein-meeting-l%C3%B6schen\"><\/a><a href=\"https:\/\/support.alfaview.com\/en\/miscellaneous\/outlook-add-in\/outlook-add-in-usage\/#delete-a-meeting\"><\/a><a href=\"https:\/\/support.alfaview.com\/en\/miscellaneous\/outlook-add-in\/outlook-add-installation\/#as-an-outlook-365-administrator\"><\/a><\/h3>\n\n\n\n<ul class=\"wp-block-list\">\n<li>\u00d6ffnen Sie Ihren Microsoft Outlook 365 Kalender und w\u00e4hlen Sie den Kalendereintrag, den Sie l\u00f6schen m\u00f6chten.<\/li>\n\n\n\n<li>Klicken Sie auf \u201cBearbeiten\u201d, um die Termindetails zu \u00f6ffnen.<\/li>\n\n\n\n<li>Klicken Sie auf das alfaview Symbol im Men\u00fcband (eventuell befindet sich das alfaview-Symbol unter dem Drei-Punkte-Men\u00fc).<\/li>\n\n\n\n<li>Klicken Sie auf <button class=\"av-button av-button--default\">L\u00f6schen<\/button>.<\/li>\n\n\n\n<li>Klicken Sie zur Best\u00e4tigung auf <button class=\"av-button av-button--error\">l\u00f6schen<\/button> , um Ihr alfaview Meeting zu l\u00f6schen.<\/li>\n<\/ul>\n","protected":false},"excerpt":{"rendered":"<p>Hinweise zur Installation des Outlook Add-Ins Zum Kapitel Nutzung des Outlook Add-Ins springen. Wir stellen ein alfaview Add-In f\u00fcr Microsoft Outlook 365 zur Verf\u00fcgung. Das Add-In erm\u00f6glicht es Ihnen, alfaview-Meetings direkt in Ihrem Microsoft Outlook [&hellip;]<\/p>\n","protected":false},"author":5,"featured_media":0,"parent":4552,"menu_order":5,"comment_status":"closed","ping_status":"closed","template":"","meta":{"footnotes":""},"class_list":["post-1616","page","type-page","status-publish","hentry"],"_links":{"self":[{"href":"https:\/\/support.alfaview.com\/de\/wp-json\/wp\/v2\/pages\/1616","targetHints":{"allow":["GET"]}}],"collection":[{"href":"https:\/\/support.alfaview.com\/de\/wp-json\/wp\/v2\/pages"}],"about":[{"href":"https:\/\/support.alfaview.com\/de\/wp-json\/wp\/v2\/types\/page"}],"author":[{"embeddable":true,"href":"https:\/\/support.alfaview.com\/de\/wp-json\/wp\/v2\/users\/5"}],"replies":[{"embeddable":true,"href":"https:\/\/support.alfaview.com\/de\/wp-json\/wp\/v2\/comments?post=1616"}],"version-history":[{"count":4,"href":"https:\/\/support.alfaview.com\/de\/wp-json\/wp\/v2\/pages\/1616\/revisions"}],"predecessor-version":[{"id":11567,"href":"https:\/\/support.alfaview.com\/de\/wp-json\/wp\/v2\/pages\/1616\/revisions\/11567"}],"up":[{"embeddable":true,"href":"https:\/\/support.alfaview.com\/de\/wp-json\/wp\/v2\/pages\/4552"}],"wp:attachment":[{"href":"https:\/\/support.alfaview.com\/de\/wp-json\/wp\/v2\/media?parent=1616"}],"curies":[{"name":"wp","href":"https:\/\/api.w.org\/{rel}","templated":true}]}}