{"id":1691,"date":"2023-11-21T11:37:52","date_gmt":"2023-11-21T11:37:52","guid":{"rendered":"https:\/\/support.alfaview.com\/?page_id=1691"},"modified":"2025-11-21T13:45:46","modified_gmt":"2025-11-21T13:45:46","slug":"authorize-screen-recording-on-macos","status":"publish","type":"page","link":"https:\/\/support.alfaview.com\/de\/miscellaneous\/settings-for-apple-devices\/authorize-screen-recording-on-macos\/","title":{"rendered":"Freigabe von Bildschirmaufnahmen auf Apple-Ger\u00e4ten"},"content":{"rendered":"\n<h2 class=\"wp-block-heading\" class=\"wp-block-heading\" id=\"freigabe-von-bildschirmaufnahmen-unter-macos\">Freigabe von Bildschirmaufnahmen unter macOS<a href=\"#freigabe-von-bildschirmaufnahmen-unter-macos\" class=\"av-heading-anchor\"><i class=\"bi bi-link\"><\/i><\/a><\/h2>\n\n\n\n<p>Unter macOS muss es Anwendungen systemseitig erlaubt werden, den Bildschirm aufzunehmen.<\/p>\n\n\n\n<div class=\"wp-block-columns is-layout-flex wp-container-core-columns-is-layout-9d6595d7 wp-block-columns-is-layout-flex\">\n<div class=\"wp-block-column is-layout-flow wp-block-column-is-layout-flow\" style=\"flex-basis:66.66%\">\n<ul class=\"wp-block-list\">\n<li>\u00d6ffnen Sie die Systemeinstellungen.<\/li>\n\n\n\n<li>W\u00e4hlen den Punkt Datenschutz &amp; Sicherheit. Hier finden Sie den Punkt Aufnahme von Bildschirm &amp; Systemaudio.<\/li>\n\n\n\n<li>Gestatten Sie alfaview die Bildschirmaufnahme, indem Sie den Regler hinter dem alfaview-Symbol aktivieren.<\/li>\n<\/ul>\n<\/div>\n\n\n\n<div class=\"wp-block-column is-layout-flow wp-block-column-is-layout-flow\" style=\"flex-basis:33.33%\"><div class=\"wp-block-image\">\n<figure class=\"alignright size-full\"><a href=\"https:\/\/support.alfaview.com\/wp-content\/uploads\/2025\/11\/alfaview_mac_bildschirmaufnahme-erlauben_de.png\"><img loading=\"lazy\" decoding=\"async\" width=\"780\" height=\"577\" src=\"https:\/\/support.alfaview.com\/wp-content\/uploads\/2025\/11\/alfaview_mac_bildschirmaufnahme-erlauben_de.png\" alt=\"Einstellungen f\u00fcr die Freigabe von Bildschirmaufnahmen unter macOS.\" class=\"wp-image-8450\" srcset=\"https:\/\/support.alfaview.com\/wp-content\/uploads\/2025\/11\/alfaview_mac_bildschirmaufnahme-erlauben_de.png 780w, https:\/\/support.alfaview.com\/wp-content\/uploads\/2025\/11\/alfaview_mac_bildschirmaufnahme-erlauben_de-300x222.png 300w, https:\/\/support.alfaview.com\/wp-content\/uploads\/2025\/11\/alfaview_mac_bildschirmaufnahme-erlauben_de-768x568.png 768w\" sizes=\"auto, (max-width: 780px) 100vw, 780px\" \/><\/a><figcaption class=\"wp-element-caption\">Freigabe der Bildschirmaufnahme macOS<\/figcaption><\/figure>\n<\/div><\/div>\n<\/div>\n\n\n\n<p>Sie m\u00fcssen alfaview neu starten, damit die Freigabe wirksam wird.<\/p>\n\n\n\n<div class=\"wp-block-alfaview-callout\">\n<p>Sollte das alfaview-Symbol in der Liste ausgegraut sein, klicken Sie bitte auf das Schloss in der linken unteren Ecke des Fensters. Geben Sie dann Ihr Passwort ein.<\/p>\n\n\n\n<p>Nun k\u00f6nnen Sie in das K\u00e4stchen neben dem alfaview-Symbol klicken.<\/p>\n<\/div>\n\n\n\n<h2 class=\"wp-block-heading\" class=\"wp-block-heading\" id=\"bildschirmaufnahme-auf-ipad-oder-iphone\">Bildschirmaufnahme auf iPad oder iPhone<a href=\"#bildschirmaufnahme-auf-ipad-oder-iphone\" class=\"av-heading-anchor\"><i class=\"bi bi-link\"><\/i><\/a><\/h2>\n\n\n\n<p>Damit Sie Ihren Bildschirm auf Ihrem iPhone oder iPad teilen k\u00f6nnen, m\u00fcssen Sie auf Ihrem mobilen Endger\u00e4t einige Einstellungen anpassen. Dies liegt daran, dass das Betriebssystem iOS eine eigene Funktion besitzt, mit der der Bildschirm Ihres Ger\u00e4tes aufgenommen wird.<\/p>\n\n\n\n<ul class=\"wp-block-list\">\n<li>Starten Sie alfaview und betreten Sie einen alfaview-Raum.<\/li>\n\n\n\n<li>\u00d6ffnen Sie nun das Kontrollzentrum Ihres Ger\u00e4tes. Dabei muss alfaview im Hintergrund zu sehen sein. Um Ihr Kontrollzentrum zu \u00f6ffnen, folgen Sie den Anweisungen f\u00fcr <a href=\"https:\/\/support.apple.com\/de-de\/HT202769\">iPhone<\/a> und <a href=\"https:\/\/support.apple.com\/de-de\/111790\">iPad<\/a>.<\/li>\n\n\n\n<li>Dr\u00fccken Sie in Ihrem Kontrollzentrum f\u00fcr eine l\u00e4ngere Zeit (Longpress) auf das Symbol <strong>Bildschirmaufnahme<\/strong>, damit Sie \u00c4nderungen an Ihren Einstellungen vornehmen k\u00f6nnen. W\u00e4hlen Sie alfaview als Ziel der Bildschirmaufnahme aus. Sie \u00fcbertragen nun Ihren Bildschirm.<\/li>\n\n\n\n<li>Schlie\u00dfen Sie das Kontrollzentrum wieder. Wechseln Sie nun in die Anwendung, die Sie mit den anderen Teilnehmenden teilen m\u00f6chten.<\/li>\n\n\n\n<li>Zum Beenden der Bildschirm\u00fcbertragung \u00f6ffnen Sie Ihr Kontrollzentrum und tippen Sie dort auf das Symbol  <strong>Bildschirmaufnahme<\/strong>. Sie haben die \u00dcbertragung nun beendet.<\/li>\n<\/ul>\n\n\n\n<div class=\"wp-block-alfaview-callout\">\n<p>Falls Ihnen das <strong>Bildschirmaufnahmesymbol<\/strong> in Ihrem Kontrollzentrum nicht angezeigt wird, wechseln Sie in Ihre Einstellungen und f\u00fcgen Sie die Funktion zu Ihrem Kontrollzentrum hinzu.<\/p>\n<\/div>\n","protected":false},"excerpt":{"rendered":"<p>Freigabe von Bildschirmaufnahmen unter macOS Unter macOS muss es Anwendungen systemseitig erlaubt werden, den Bildschirm aufzunehmen. \u00d6ffnen Sie die Systemeinstellungen. W\u00e4hlen den Punkt Datenschutz &amp; Sicherheit. Hier finden Sie den Punkt Aufnahme von Bildschirm &amp; [&hellip;]<\/p>\n","protected":false},"author":5,"featured_media":0,"parent":5590,"menu_order":5,"comment_status":"closed","ping_status":"closed","template":"","meta":{"footnotes":""},"class_list":["post-1691","page","type-page","status-publish","hentry"],"_links":{"self":[{"href":"https:\/\/support.alfaview.com\/de\/wp-json\/wp\/v2\/pages\/1691","targetHints":{"allow":["GET"]}}],"collection":[{"href":"https:\/\/support.alfaview.com\/de\/wp-json\/wp\/v2\/pages"}],"about":[{"href":"https:\/\/support.alfaview.com\/de\/wp-json\/wp\/v2\/types\/page"}],"author":[{"embeddable":true,"href":"https:\/\/support.alfaview.com\/de\/wp-json\/wp\/v2\/users\/5"}],"replies":[{"embeddable":true,"href":"https:\/\/support.alfaview.com\/de\/wp-json\/wp\/v2\/comments?post=1691"}],"version-history":[{"count":0,"href":"https:\/\/support.alfaview.com\/de\/wp-json\/wp\/v2\/pages\/1691\/revisions"}],"up":[{"embeddable":true,"href":"https:\/\/support.alfaview.com\/de\/wp-json\/wp\/v2\/pages\/5590"}],"wp:attachment":[{"href":"https:\/\/support.alfaview.com\/de\/wp-json\/wp\/v2\/media?parent=1691"}],"curies":[{"name":"wp","href":"https:\/\/api.w.org\/{rel}","templated":true}]}}