{"id":1746,"date":"2023-11-21T13:18:12","date_gmt":"2023-11-21T13:18:12","guid":{"rendered":"https:\/\/support.alfaview.com\/?page_id=1746"},"modified":"2026-04-16T12:47:31","modified_gmt":"2026-04-16T12:47:31","slug":"release-notes","status":"publish","type":"page","link":"https:\/\/support.alfaview.com\/de\/release-notes\/","title":{"rendered":"Versionshinweise"},"content":{"rendered":"\n<h2 class=\"wp-block-heading\" class=\"wp-block-heading\" id=\"alfaview-client-version-9-26-5-16-04-2026\">alfaview Client Version 9.26.5 (16.04.2026)<a href=\"#alfaview-client-version-9-26-5-16-04-2026\" class=\"av-heading-anchor\"><i class=\"bi bi-link\"><\/i><\/a><\/h2>\n\n\n\n<figure class=\"wp-block-table\"><table class=\"has-white-background-color has-background\"><tbody><tr><td class=\"has-text-align-left\" data-align=\"left\"><strong>Neues<\/strong> <br><strong style=\"font-weight: bold;\">Featu<\/strong><b>re<\/b><\/td><td><strong>File Sharing<\/strong><br>Teilen Sie Dateien direkt in alfaview-Meetingr\u00e4umen mit anderen Teilnehmenden. Laden Sie Dateien \u00fcber eine Dateiauswahl oder per Drag-and-drop hoch und laden Sie geteilte Dateien auf Ihr Ger\u00e4t herunter. Moderierende k\u00f6nnen die Sichtbarkeit von Dateien und Upload-Berechtigungen pro Gruppe verwalten. <a href=\"https:\/\/support.alfaview.com\/de\/alfaview-app\/alfaview-room\/primary-and-secondary-controls\/file-sharing\/\">File Sharing<\/a> ist auf allen Plattformen verf\u00fcgbar, einschlie\u00dflich Windows, macOS, Linux, Android, iOS und dem Webclient.<\/td><\/tr><tr><td class=\"has-text-align-left\" data-align=\"left\"><strong>Feature<\/strong><br><strong>Update<\/strong><\/td><td><strong>Natives Kontextmen\u00fc f\u00fcr Textfelder<a href=\"#natives-kontextmen%C3%BC-f%C3%BCr-textfelder\" target=\"_blank\" rel=\"noreferrer noopener\"><\/a><\/strong><br>Alle Textfelder und Textanzeigen unter Windows und macOS bieten jetzt ein natives Kontextmen\u00fc per Rechtsklick mit Standardoptionen wie Kopieren, Einf\u00fcgen, Ausschneiden und Alles ausw\u00e4hlen.<\/td><\/tr><tr><td class=\"has-text-align-left\" data-align=\"left\"><strong>Technische Aktualisierung<\/strong><\/td><td><strong>Verwaltete Konfigurationsrichtlinien<a href=\"#verwaltete-konfigurationsrichtlinien\"><\/a><\/strong><br>IT-Administrierende k\u00f6nnen nun clientseitige Einschr\u00e4nkungen \u00fcber <a href=\"https:\/\/support.alfaview.com\/de\/miscellaneous\/for-it-administrators\/manage-alfaview-policies-via-windows-group-policy\/\">verwaltete Konfigurationsrichtlinien<\/a> durchsetzen. Unter Windows werden Richtlinien \u00fcber Gruppenrichtlinien bereitgestellt (ADMX-Vorlagen enthalten), unter macOS und Linux \u00fcber dateibasierte Konfiguration. Die erste unterst\u00fctzte Richtlinie erm\u00f6glicht es, die Dateifreigabe f\u00fcr alle Nutzenden in der Organisation vollst\u00e4ndig zu deaktivieren.<\/td><\/tr><tr><td class=\"has-text-align-left\" data-align=\"left\"><strong>Behoben in<br>v9.26.2<\/strong><\/td><td><strong>Stabilit\u00e4t des Webclients<\/strong><br>Problem behoben, bei dem der Webclient nicht mehr reagierte, wenn ein passcode-gesch\u00fctzter Raum erneut betreten wurde.<\/td><\/tr><tr><td class=\"has-text-align-left\" data-align=\"left\"><strong>Behoben in <br>v9.26.3<\/strong><\/td><td><strong>Leistung des Webclients<\/strong><br>Problem behoben, bei dem die Hintergrundunsch\u00e4rfe im Web-Client unter Firefox schw\u00e4cher dargestellt wurde als in anderen Browsern.<br><br>Verbesserte Leistung der Hintergrundunsch\u00e4rfe im Web-Client durch effizientere Bildverarbeitung.<br><br>Problem behoben, bei dem Audioverbindungen im Web-Client in gro\u00dfen Meetings fehlschlugen, wenn viele Teilnehmende gleichzeitig aktiv waren<\/td><\/tr><tr><td class=\"has-text-align-left\" data-align=\"left\"><strong>Behoben in <br>v9.26.4<\/strong><\/td><td><strong>Bildschirmfreigabe<\/strong><br>Problem behoben, bei dem der geteilte Ton w\u00e4hrend der Bildschirmfreigabe ausfiel, wenn das Mikrofon w\u00e4hrend der Bildschirmfreigabe ausgeschaltet wurde.<\/td><\/tr><tr><td class=\"has-text-align-left\" data-align=\"left\"><strong>Behoben in <br>v9.26.5<\/strong><\/td><td><strong>Kamera im Webclient<\/strong><br>Problem behoben, bei dem die Kameravorschau kurz flackerte, wenn die Kameraberechtigung in Firefox erteilt wurde.<br><br>Problem behoben, bei dem die Audioqualit\u00e4t bei Nutzung der Hintergrundunsch\u00e4rfe im Webclient beeintr\u00e4chtigt werden konnte.<\/td><\/tr><\/tbody><\/table><\/figure>\n\n\n\n<h2 class=\"wp-block-heading\" class=\"wp-block-heading\" id=\"alfaview-client-version-9-25-2-25-02-2026\">alfaview Client Version 9.25.2 (25.02.2026)<a href=\"#alfaview-client-version-9-25-2-25-02-2026\" class=\"av-heading-anchor\"><i class=\"bi bi-link\"><\/i><\/a><\/h2>\n\n\n\n<figure class=\"wp-block-table\"><table class=\"has-white-background-color has-background\"><tbody><tr><td class=\"has-text-align-left\" data-align=\"left\"><strong>Neues<\/strong> <br><strong style=\"font-weight: bold;\">Featu<\/strong><b>re<\/b><\/td><td><strong>Raum-Passcode<\/strong><br>R\u00e4ume k\u00f6nnen jetzt mit einem <a href=\"https:\/\/support.alfaview.com\/de\/administration\/room-management\/edit-room\/#raum-passcode\">Passcode<\/a> gesch\u00fctzt werden. Teilnehmende m\u00fcssen den korrekten Passcode eingeben, bevor sie einem gesch\u00fctzten Raum beitreten k\u00f6nnen. Ein integrierter Schutz begrenzt wiederholte Fehlversuche.<\/td><\/tr><tr><td class=\"has-text-align-left\" data-align=\"left\"><strong>Neues<\/strong><br><strong><strong><strong><strong><strong>Feature<\/strong><\/strong><\/strong><\/strong><\/strong><\/td><td><strong>Reaktionen<\/strong><br>Dr\u00fccken Sie sich w\u00e4hrend Meetings mit <a href=\"https:\/\/support.alfaview.com\/de\/alfaview-app\/alfaview-room\/primary-and-secondary-controls\/#hand-heben-reaktionen\" data-type=\"link\" data-id=\"https:\/\/support.alfaview.com\/de\/alfaview-app\/alfaview-room\/primary-and-secondary-controls\/#hand-heben-reaktionen\">Emoji-Reaktionen<\/a> aus. Senden Sie schnelle Reaktionen wie Applaus, Herzen oder Daumen hoch direkt \u00fcber die B\u00fchnensteuerung. Moderierende k\u00f6nnen zus\u00e4tzlich B\u00fchneneffekte im Vollbild f\u00fcr alle Teilnehmenden ausl\u00f6sen.<\/td><\/tr><tr><td class=\"has-text-align-left\" data-align=\"left\"><strong>Feature<\/strong><br><strong>Update<\/strong><\/td><td><strong>Verbesserte Audioqualit\u00e4t bei instabilen Verbindungen<\/strong><br>Die Sprach\u00fcbertragung nutzt jetzt eine schnellere und widerstandsf\u00e4higere Verbindungsmethode. Das Ergebnis sind sp\u00fcrbar geringere Verz\u00f6gerungen und deutlich bessere Audioqualit\u00e4t, besonders bei instabilen oder \u00fcberlasteten Netzwerken. Sollte die neue Verbindungsmethode nicht verf\u00fcgbar sein, wechselt alfaview nahtlos zur bisherigen Methode.<\/td><\/tr><tr><td class=\"has-text-align-left\" data-align=\"left\"><strong>Feature<\/strong><br><strong>Update<\/strong><\/td><td><strong>Galerieansicht mit einstellbarer Rastergr\u00f6\u00dfe<\/strong><br>Die Galerieansicht unterst\u00fctzt jetzt konfigurierbare Rastergr\u00f6\u00dfen mit bis zu 200 Video-Kacheln pro Seite. Die verf\u00fcgbaren Rasteroptionen werden pro Raum verwaltet, sodass Administrierende die maximale Anzahl sichtbarer Teilnehmer:innen je nach Raumkapazit\u00e4t steuern k\u00f6nnen.<\/td><\/tr><tr><td class=\"has-text-align-left\" data-align=\"left\"><strong>Feature<\/strong><br><strong>Update<\/strong><\/td><td><strong>Verbesserte Kamerakompatibilit\u00e4t unter Windows<\/strong><br>alfaview unterst\u00fctzt jetzt eine gr\u00f6\u00dfere Auswahl an Webcams und virtuellen Kameras unter Windows. Kompatibilit\u00e4tsprobleme, die zuvor verhindert hatten, dass bestimmte Ger\u00e4te erkannt oder genutzt werden konnten, wurden behoben.<\/td><\/tr><tr><td class=\"has-text-align-left\" data-align=\"left\"><strong>Feature<\/strong><br><strong>Update<\/strong><\/td><td><strong>Sch\u00e4rfere Schriftdarstellung unter Windows<\/strong><br>Die Textdarstellung unter Windows wurde mit intelligenten Einstellungen verbessert, die sich an Ihr Display anpassen. Monitore mit Standardaufl\u00f6sung zeigen sch\u00e4rferen Kleintext, w\u00e4hrend hochaufl\u00f6sende Displays glattere Konturen erhalten. Individuelle Schriftdarstellungsoptionen sind in den Barrierefreiheitseinstellungen verf\u00fcgbar.<\/td><\/tr><tr><td class=\"has-text-align-left\" data-align=\"left\"><strong>Feature<\/strong><br><strong>Update<\/strong><\/td><td><strong>Web-Client unterst\u00fctzt jetzt Safari und mobile Browser<\/strong><br>Der alfaview Web-Client ist nicht l\u00e4nger auf bestimmte Browser beschr\u00e4nkt. Safari und mobile Browser werden jetzt unterst\u00fctzt, sofern der Browser die notwendigen technischen Voraussetzungen erf\u00fcllt.<\/td><\/tr><tr><td class=\"has-text-align-left\" data-align=\"left\"><strong>Technische<\/strong><br><strong>Aktualisierungen<\/strong><\/td><td><strong>\u00c4nderungen am Audio-Transport<\/strong><br>Die Audiokommunikation nutzt jetzt eine zus\u00e4tzliche Verbindungsmethode neben der bisherigen. Dies kann zu zus\u00e4tzlichem Netzwerkverkehr f\u00fchren. Organisationen mit strikten Firewall-Konfigurationen sollten den Support f\u00fcr aktualisierte <a href=\"https:\/\/support.alfaview.com\/de\/miscellaneous\/technical-information\/system-and-network-requirements\/\" data-type=\"link\" data-id=\"https:\/\/support.alfaview.com\/de\/miscellaneous\/technical-information\/system-and-network-requirements\/\">Netzwerkanforderungen<\/a> kontaktieren.<\/td><\/tr><tr><td class=\"has-text-align-left\" data-align=\"left\"><strong>Behoben in <br>v9.25.0<\/strong><\/td><td><strong>Darstellungsfehler auf Android<\/strong><br>Darstellungsfehler behoben, der auf bestimmten Android-Ger\u00e4ten zu visuellen St\u00f6rungen f\u00fchrte.<br><br><strong>Hintergrundeffekte<br><\/strong>Problem behoben, bei dem Hintergrundeffekte auf manchen Ger\u00e4ten nicht korrekt zum Kamerabild ausgerichtet waren.<br><br><strong>Benachrichtigungst\u00f6ne im Warteraum<br><\/strong>Problem behoben, bei dem Benachrichtigungst\u00f6ne f\u00fcr Aufzeichnungen im Warteraum abgespielt wurden.<br><br><strong>Hochformatnutzung auf iOS-Ger\u00e4ten<br><\/strong>Kameraausrichtung auf iOS-Ger\u00e4ten bei Nutzung der Hochformat-Sperre oder umgekehrtem Hochformat korrigiert.<\/td><\/tr><\/tbody><\/table><\/figure>\n\n\n\n<div class=\"wp-block-group is-nowrap is-layout-flex wp-container-core-group-is-layout-ad2f72ca wp-block-group-is-layout-flex\">\n<div class=\"wp-block-columns is-layout-flex wp-container-core-columns-is-layout-9d6595d7 wp-block-columns-is-layout-flex\">\n<div class=\"wp-block-column is-layout-flow wp-block-column-is-layout-flow\">\n<div class=\"av-card\" onclick=\"location.href='https:\/\/support.alfaview.com\/de\/release-notes\/release-notes-2025\/'\">\n  <h2 id=\"versionshinweise-2025\"><a href=\"https:\/\/support.alfaview.com\/de\/release-notes\/release-notes-2025\/\" title=\"\">Versionshinweise 2025<\/a><a href=\"#versionshinweise-2025\" class=\"av-heading-anchor\"><i class=\"bi bi-link\"><\/i><\/a><\/h2>\n  <p>Lesen Sie hier die Versionshinweise aus 2025.<\/p>\n  <p><a href=\"https:\/\/support.alfaview.com\/de\/release-notes\/release-notes-2025\/\" title=\"\">Weiterlesen<\/a><\/p>\n<\/div>\n<\/div>\n\n\n\n<div class=\"wp-block-column is-layout-flow wp-block-column-is-layout-flow\">\n<div class=\"av-card\" onclick=\"location.href='\/de\/release-notes\/release-notes-2024'\">\n  <h2 id=\"versionshinweise-2024\"><a href=\"\/de\/release-notes\/release-notes-2024\" title=\"\">Versionshinweise 2024<\/a><a href=\"#versionshinweise-2024\" class=\"av-heading-anchor\"><i class=\"bi bi-link\"><\/i><\/a><\/h2>\n  <p>Lesen Sie hier die Versionshinweise aus 2024.<\/p>\n  <p><a href=\"\/de\/release-notes\/release-notes-2024\" title=\"\">Weiterlesen<\/a><\/p>\n<\/div>\n<\/div>\n\n\n\n<div class=\"wp-block-column is-layout-flow wp-block-column-is-layout-flow\">\n<div class=\"av-card\" onclick=\"location.href='\/de\/release-notes\/release-notes-2023'\">\n  <h2 id=\"versionshinweise-2023\"><a href=\"\/de\/release-notes\/release-notes-2023\" title=\"\">Versionshinweise 2023<\/a><a href=\"#versionshinweise-2023\" class=\"av-heading-anchor\"><i class=\"bi bi-link\"><\/i><\/a><\/h2>\n  <p>Lesen Sie hier die Versionshinweise aus 2023.<\/p>\n  <p><a href=\"\/de\/release-notes\/release-notes-2023\" title=\"\">Weiterlesen<\/a><\/p>\n<\/div>\n<\/div>\n<\/div>\n<\/div>\n\n\n\n<div style=\"height:50px\" aria-hidden=\"true\" class=\"wp-block-spacer\"><\/div>\n\n\n\n<div class=\"wp-block-group is-nowrap is-layout-flex wp-container-core-group-is-layout-ad2f72ca wp-block-group-is-layout-flex\">\n<div class=\"wp-block-columns is-layout-flex wp-container-core-columns-is-layout-9d6595d7 wp-block-columns-is-layout-flex\">\n<div class=\"wp-block-column is-layout-flow wp-block-column-is-layout-flow\">\n<div class=\"av-card\" onclick=\"location.href='\/de\/release-notes\/release-notes-2022'\">\n  <h2 id=\"versionshinweise-2022\"><a href=\"\/de\/release-notes\/release-notes-2022\" title=\"\">Versionshinweise 2022<\/a><a href=\"#versionshinweise-2022\" class=\"av-heading-anchor\"><i class=\"bi bi-link\"><\/i><\/a><\/h2>\n  <p>Lesen Sie hier die Versionshinweise aus 2022.<\/p>\n  <p><a href=\"\/de\/release-notes\/release-notes-2022\" title=\"\">Weiterlesen<\/a><\/p>\n<\/div>\n<\/div>\n\n\n\n<div class=\"wp-block-column is-layout-flow wp-block-column-is-layout-flow\">\n<div class=\"av-card\" onclick=\"location.href='\/de\/release-notes\/release-notes-2021'\">\n  <h2 id=\"versionshinweise-2021\"><a href=\"\/de\/release-notes\/release-notes-2021\" title=\"\">Versionshinweise 2021<\/a><a href=\"#versionshinweise-2021\" class=\"av-heading-anchor\"><i class=\"bi bi-link\"><\/i><\/a><\/h2>\n  <p>Lesen Sie hier die Versionshinweise aus 2021.<\/p>\n  <p><a href=\"\/de\/release-notes\/release-notes-2021\" title=\"\">Weiterlesen<\/a><\/p>\n<\/div>\n<\/div>\n\n\n\n<div class=\"wp-block-column is-layout-flow wp-block-column-is-layout-flow\">\n<div class=\"av-card\" onclick=\"location.href='\/de\/release-notes\/release-notes-2020'\">\n  <h2 id=\"versionshinweise-2020\"><a href=\"\/de\/release-notes\/release-notes-2020\" title=\"\">Versionshinweise 2020<\/a><a href=\"#versionshinweise-2020\" class=\"av-heading-anchor\"><i class=\"bi bi-link\"><\/i><\/a><\/h2>\n  <p>Lesen Sie hier die Versionshinweise aus 2020.<\/p>\n  <p><a href=\"\/de\/release-notes\/release-notes-2020\" title=\"\">Weiterlesen<\/a><\/p>\n<\/div>\n<\/div>\n\n\n\n<div class=\"wp-block-column is-layout-flow wp-block-column-is-layout-flow\">\n<div class=\"av-card\" onclick=\"location.href='\/de\/release-notes\/release-notes-2019'\">\n  <h2 id=\"versionshinweise-2019\"><a href=\"\/de\/release-notes\/release-notes-2019\" title=\"\">Versionshinweise 2019<\/a><a href=\"#versionshinweise-2019\" class=\"av-heading-anchor\"><i class=\"bi bi-link\"><\/i><\/a><\/h2>\n  <p>Lesen Sie hier die Versionshinweise aus 2019.<\/p>\n  <p><a href=\"\/de\/release-notes\/release-notes-2019\" title=\"\">Weiterlesen<\/a><\/p>\n<\/div>\n<\/div>\n<\/div>\n<\/div>\n","protected":false},"excerpt":{"rendered":"<p>alfaview Client Version 9.26.5 (16.04.2026) Neues Feature File SharingTeilen Sie Dateien direkt in alfaview-Meetingr\u00e4umen mit anderen Teilnehmenden. Laden Sie Dateien \u00fcber eine Dateiauswahl oder per Drag-and-drop hoch und laden Sie geteilte Dateien auf Ihr Ger\u00e4t [&hellip;]<\/p>\n","protected":false},"author":5,"featured_media":0,"parent":0,"menu_order":7,"comment_status":"closed","ping_status":"closed","template":"","meta":{"footnotes":""},"class_list":["post-1746","page","type-page","status-publish","hentry"],"_links":{"self":[{"href":"https:\/\/support.alfaview.com\/de\/wp-json\/wp\/v2\/pages\/1746","targetHints":{"allow":["GET"]}}],"collection":[{"href":"https:\/\/support.alfaview.com\/de\/wp-json\/wp\/v2\/pages"}],"about":[{"href":"https:\/\/support.alfaview.com\/de\/wp-json\/wp\/v2\/types\/page"}],"author":[{"embeddable":true,"href":"https:\/\/support.alfaview.com\/de\/wp-json\/wp\/v2\/users\/5"}],"replies":[{"embeddable":true,"href":"https:\/\/support.alfaview.com\/de\/wp-json\/wp\/v2\/comments?post=1746"}],"version-history":[{"count":26,"href":"https:\/\/support.alfaview.com\/de\/wp-json\/wp\/v2\/pages\/1746\/revisions"}],"predecessor-version":[{"id":11363,"href":"https:\/\/support.alfaview.com\/de\/wp-json\/wp\/v2\/pages\/1746\/revisions\/11363"}],"wp:attachment":[{"href":"https:\/\/support.alfaview.com\/de\/wp-json\/wp\/v2\/media?parent=1746"}],"curies":[{"name":"wp","href":"https:\/\/api.w.org\/{rel}","templated":true}]}}