{"id":190,"date":"2023-10-10T12:18:08","date_gmt":"2023-10-10T12:18:08","guid":{"rendered":"https:\/\/support.alfaview.com\/?page_id=190"},"modified":"2025-11-18T09:04:43","modified_gmt":"2025-11-18T09:04:43","slug":"invite-a-guest","status":"publish","type":"page","link":"https:\/\/support.alfaview.com\/de\/first-steps\/invite-a-guest\/","title":{"rendered":"G\u00e4ste einladen"},"content":{"rendered":"\n<div class=\"wp-block-columns is-layout-flex wp-container-core-columns-is-layout-9d6595d7 wp-block-columns-is-layout-flex\">\n<div class=\"wp-block-column is-layout-flow wp-block-column-is-layout-flow\" style=\"flex-basis:66.66%\">\n<p>Laden Sie als Raumadministrator:in G\u00e4ste, die nicht Teil Ihrer Company sind, in Ihren alfaview-Raum ein. Auch die Einladung in einen tempor\u00e4ren Meetingraum ist m\u00f6glich. Daf\u00fcr ben\u00f6tigt Ihr Gast kein eigenes alfaview-Benutzerkonto, sondern betritt den Raum \u00fcber einen Einladungslink.<\/p>\n<\/div>\n\n\n\n<div class=\"wp-block-column is-layout-flow wp-block-column-is-layout-flow\" style=\"flex-basis:33.33%\"><div class=\"wp-block-image\">\n<figure class=\"alignright size-full\"><a href=\"https:\/\/support.alfaview.com\/wp-content\/uploads\/2025\/11\/alfaview_gastlinks_de.png\"><img loading=\"lazy\" decoding=\"async\" width=\"780\" height=\"355\" src=\"https:\/\/support.alfaview.com\/wp-content\/uploads\/2025\/11\/alfaview_gastlinks_de.png\" alt=\"Gastlinks k\u00f6nnen in der Raumverwaltung angelegt werden. Hier k\u00f6nnen Personen pers\u00f6nlich eingeladen und ihnen Rollen zugewiesen werden.\" class=\"wp-image-8681\" srcset=\"https:\/\/support.alfaview.com\/wp-content\/uploads\/2025\/11\/alfaview_gastlinks_de.png 780w, https:\/\/support.alfaview.com\/wp-content\/uploads\/2025\/11\/alfaview_gastlinks_de-300x137.png 300w, https:\/\/support.alfaview.com\/wp-content\/uploads\/2025\/11\/alfaview_gastlinks_de-768x350.png 768w\" sizes=\"auto, (max-width: 780px) 100vw, 780px\" \/><\/a><figcaption class=\"wp-element-caption\">Gastlinks<\/figcaption><\/figure>\n<\/div><\/div>\n<\/div>\n\n\n\n<div class=\"wp-block-columns is-layout-flex wp-container-core-columns-is-layout-9d6595d7 wp-block-columns-is-layout-flex\">\n<div class=\"wp-block-column is-layout-flow wp-block-column-is-layout-flow\" style=\"flex-basis:66.66%\">\n<p>Sie k\u00f6nnen Ihre G\u00e4ste entweder mit einem personalisierten Gastlink oder einem allgemeinen Gruppenlink einladen. Weitere Informationen und eine Anleitung zur Erstellung von Einladungslinks finden Sie auf der Seite <a href=\"https:\/\/support.alfaview.com\/de\/administration\/room-management\/guest-link\/\">Gast- und Gruppenlinks<\/a>.<\/p>\n<\/div>\n\n\n\n<div class=\"wp-block-column is-layout-flow wp-block-column-is-layout-flow\" style=\"flex-basis:33.33%\"><div class=\"wp-block-image\">\n<figure class=\"alignright size-full\"><a href=\"https:\/\/support.alfaview.com\/wp-content\/uploads\/2025\/11\/alfaview_gruppenlinks_de.png\"><img loading=\"lazy\" decoding=\"async\" width=\"780\" height=\"355\" src=\"https:\/\/support.alfaview.com\/wp-content\/uploads\/2025\/11\/alfaview_gruppenlinks_de.png\" alt=\"Mehrere Personen k\u00f6nnen mit einem Gruppenlink gleichzeitig eingeladen werden. Einem Gruppenlink kann ebenfalls eine Rolle zugeteilt, au\u00dferdem kann er zeitlich begrenzt werden.\" class=\"wp-image-8683\" srcset=\"https:\/\/support.alfaview.com\/wp-content\/uploads\/2025\/11\/alfaview_gruppenlinks_de.png 780w, https:\/\/support.alfaview.com\/wp-content\/uploads\/2025\/11\/alfaview_gruppenlinks_de-300x137.png 300w, https:\/\/support.alfaview.com\/wp-content\/uploads\/2025\/11\/alfaview_gruppenlinks_de-768x350.png 768w\" sizes=\"auto, (max-width: 780px) 100vw, 780px\" \/><\/a><figcaption class=\"wp-element-caption\">Gruppenlinks<\/figcaption><\/figure>\n<\/div><\/div>\n<\/div>\n","protected":false},"excerpt":{"rendered":"<p>Laden Sie als Raumadministrator:in G\u00e4ste, die nicht Teil Ihrer Company sind, in Ihren alfaview-Raum ein. Auch die Einladung in einen tempor\u00e4ren Meetingraum ist m\u00f6glich. Daf\u00fcr ben\u00f6tigt Ihr Gast kein eigenes alfaview-Benutzerkonto, sondern betritt den Raum [&hellip;]<\/p>\n","protected":false},"author":6,"featured_media":0,"parent":66,"menu_order":35,"comment_status":"closed","ping_status":"closed","template":"","meta":{"footnotes":""},"class_list":["post-190","page","type-page","status-publish","hentry"],"_links":{"self":[{"href":"https:\/\/support.alfaview.com\/de\/wp-json\/wp\/v2\/pages\/190","targetHints":{"allow":["GET"]}}],"collection":[{"href":"https:\/\/support.alfaview.com\/de\/wp-json\/wp\/v2\/pages"}],"about":[{"href":"https:\/\/support.alfaview.com\/de\/wp-json\/wp\/v2\/types\/page"}],"author":[{"embeddable":true,"href":"https:\/\/support.alfaview.com\/de\/wp-json\/wp\/v2\/users\/6"}],"replies":[{"embeddable":true,"href":"https:\/\/support.alfaview.com\/de\/wp-json\/wp\/v2\/comments?post=190"}],"version-history":[{"count":0,"href":"https:\/\/support.alfaview.com\/de\/wp-json\/wp\/v2\/pages\/190\/revisions"}],"up":[{"embeddable":true,"href":"https:\/\/support.alfaview.com\/de\/wp-json\/wp\/v2\/pages\/66"}],"wp:attachment":[{"href":"https:\/\/support.alfaview.com\/de\/wp-json\/wp\/v2\/media?parent=190"}],"curies":[{"name":"wp","href":"https:\/\/api.w.org\/{rel}","templated":true}]}}