{"id":205,"date":"2023-10-10T12:47:00","date_gmt":"2023-10-10T12:47:00","guid":{"rendered":"https:\/\/support.alfaview.com\/?page_id=205"},"modified":"2025-10-30T10:08:00","modified_gmt":"2025-10-30T10:08:00","slug":"public-alfaview-test-rooms","status":"publish","type":"page","link":"https:\/\/support.alfaview.com\/de\/miscellaneous\/public-alfaview-test-rooms\/","title":{"rendered":"\u00d6ffentliche alfaview-Testr\u00e4ume"},"content":{"rendered":"\n<p>Testen Sie alfaview, ohne sich zu registrieren oder ein eigenes Benutzerkonto zu erstellen. Sie k\u00f6nnen die \u00f6ffentlichen Testr\u00e4ume als Moderator:in, Teilnehmer:in oder Zuschauer:in betreten und so die verschiedenen Funktionen und Berechtigungen testen.<\/p>\n\n\n\n<div class=\"wp-block-alfaview-callout\">\n<p>Bitte beachten Sie: die Testr\u00e4ume sind \u00f6ffentlich und f\u00fcr alle Personen zu jeder Zeit zug\u00e4nglich.<\/p>\n<\/div>\n\n\n\n<p>Klicken Sie auf den jeweiligen Link, um einen der drei Testr\u00e4ume als Moderator:in, Teilnehmer:in oder Zuschauer:in zu betreten.<\/p>\n\n\n\n<figure class=\"wp-block-table\"><table><tbody><tr><td><\/td><td><strong>Moderator:in<\/strong><\/td><td><strong>Teilnehmer:in<\/strong><\/td><td><strong>Zuschauer:in<\/strong><\/td><\/tr><tr><td><em><em>Testraum<\/em>&nbsp;1<\/em><\/td><td><a href=\"https:\/\/app.alfaview.com\/#\/join\/test\/7477056e-99cd-4626-94eb-8165cb8dea4c\/CmzEaM4rUOXpFasZp8f42gndP7F4ae0T\/v2\">Betreten<\/a><\/td><td><a href=\"https:\/\/app.alfaview.com\/#\/join\/test\/7477056e-99cd-4626-94eb-8165cb8dea4c\/AYzJUAnGdLQCS4zyGTAL322gvqYCyZJJ\/v2\">Betreten<\/a><\/td><td><a href=\"https:\/\/app.alfaview.com\/#\/join\/test\/7477056e-99cd-4626-94eb-8165cb8dea4c\/fgyqbBflV50yYNeDJFpVjrfL3ajO8WLG\/v2\">Betreten<\/a><\/td><\/tr><tr><td><em><em>Testraum<\/em>&nbsp;2<\/em><\/td><td><a href=\"https:\/\/app.alfaview.com\/#\/join\/test\/a8673a61-75b1-4d77-b17f-b0e1a8ea1c28\/00a951bf-e076-4d45-a35c-a2003ac1d6c5\">Betre<\/a><a href=\"https:\/\/app.alfaview.com\/#\/join\/test\/a8673a61-75b1-4d77-b17f-b0e1a8ea1c28\/t4yxHjDTPTJduHMUXgj84mYeZAGtIx6J\/v2\">t<\/a><a href=\"https:\/\/app.alfaview.com\/#\/join\/test\/a8673a61-75b1-4d77-b17f-b0e1a8ea1c28\/00a951bf-e076-4d45-a35c-a2003ac1d6c5\">en<\/a><\/td><td><a href=\"https:\/\/app.alfaview.com\/#\/join\/test\/a8673a61-75b1-4d77-b17f-b0e1a8ea1c28\/UwGjFU568Z0pfJ7pmURTZq1fCWaR0baT\/v2\">Betreten<\/a><\/td><td><a href=\"https:\/\/app.alfaview.com\/#\/join\/test\/a8673a61-75b1-4d77-b17f-b0e1a8ea1c28\/rIkQkvU6o7LuXRBiog9qucMQfWKXfKpz\/v2\">Betreten<\/a><\/td><\/tr><tr><td><em><em>Testraum<\/em>&nbsp;3<\/em><\/td><td><a href=\"https:\/\/app.alfaview.com\/#\/join\/test\/0b658c0d-f395-46a8-8fb7-c5a2dc95e013\/b8kRYA5SedqEBe75BjUY4cAGl1kvyvbk\/v2\">Betreten<\/a><\/td><td><a href=\"https:\/\/app.alfaview.com\/#\/join\/test\/0b658c0d-f395-46a8-8fb7-c5a2dc95e013\/hPPw5Sj6itMAvVwMNK9xWZgrgpIApoSz\/v2\">Betreten<\/a><\/td><td><a href=\"https:\/\/app.alfaview.com\/#\/join\/test\/0b658c0d-f395-46a8-8fb7-c5a2dc95e013\/kAlADlTfOj4ravYzmFludNYNnG8lT0X0\/v2\">Betreten<\/a><\/td><\/tr><\/tbody><\/table><\/figure>\n\n\n\n<p>Die \u00f6ffentlichen Testr\u00e4ume sind auch auf der&nbsp;<a href=\"https:\/\/alfaview.com\/de\/testrooms\/\">Webseite von alfaview<\/a>&nbsp;verf\u00fcgbar und k\u00f6nnen dort jederzeit zu Testzwecken betreten werden.<\/p>\n","protected":false},"excerpt":{"rendered":"<p>Testen Sie alfaview, ohne ein Konto anzulegen oder die App herunterzuladen: Betreten Sie unsere \u00f6ffentlichen alfaview-Testr\u00e4ume und sehen Sie sich alle Funktionen und Rollen an.<\/p>\n","protected":false},"author":3,"featured_media":0,"parent":1612,"menu_order":20,"comment_status":"closed","ping_status":"closed","template":"","meta":{"footnotes":""},"class_list":["post-205","page","type-page","status-publish","hentry"],"_links":{"self":[{"href":"https:\/\/support.alfaview.com\/de\/wp-json\/wp\/v2\/pages\/205","targetHints":{"allow":["GET"]}}],"collection":[{"href":"https:\/\/support.alfaview.com\/de\/wp-json\/wp\/v2\/pages"}],"about":[{"href":"https:\/\/support.alfaview.com\/de\/wp-json\/wp\/v2\/types\/page"}],"author":[{"embeddable":true,"href":"https:\/\/support.alfaview.com\/de\/wp-json\/wp\/v2\/users\/3"}],"replies":[{"embeddable":true,"href":"https:\/\/support.alfaview.com\/de\/wp-json\/wp\/v2\/comments?post=205"}],"version-history":[{"count":0,"href":"https:\/\/support.alfaview.com\/de\/wp-json\/wp\/v2\/pages\/205\/revisions"}],"up":[{"embeddable":true,"href":"https:\/\/support.alfaview.com\/de\/wp-json\/wp\/v2\/pages\/1612"}],"wp:attachment":[{"href":"https:\/\/support.alfaview.com\/de\/wp-json\/wp\/v2\/media?parent=205"}],"curies":[{"name":"wp","href":"https:\/\/api.w.org\/{rel}","templated":true}]}}