{"id":281,"date":"2023-10-11T10:07:02","date_gmt":"2023-10-11T10:07:02","guid":{"rendered":"https:\/\/support.alfaview.com\/?page_id=281"},"modified":"2026-03-26T07:58:03","modified_gmt":"2026-03-26T07:58:03","slug":"installation-mac","status":"publish","type":"page","link":"https:\/\/support.alfaview.com\/de\/first-steps\/installation-mac\/","title":{"rendered":"Download und Installation f\u00fcr Mac"},"content":{"rendered":"\n<p>Wenn Sie Ihre alfaview-App aktualisieren m\u00f6chten, finden Sie weitere Informationen auf der Seite <a href=\"https:\/\/support.alfaview.com\/de\/first-steps\/updates\/\">Updates<\/a>.<\/p>\n\n\n\n<div class=\"wp-block-alfaview-callout\">\n<p>Bitte beachten Sie die <a href=\"\/de\/first-steps\/getting-started\/system-and-network-requirements\/\">System- und Netzwerkanforderungen<\/a>.<\/p>\n<\/div>\n\n\n\n<div class=\"wp-block-columns is-layout-flex wp-container-core-columns-is-layout-9d6595d7 wp-block-columns-is-layout-flex\">\n<div class=\"wp-block-column is-layout-flow wp-block-column-is-layout-flow\">\n<ul class=\"wp-block-list\">\n<li>Laden Sie alfaview auf der <a href=\"https:\/\/alfaview.com\/de\/download\/\">Downloadseite<\/a> herunter. Klicken Sie daf\u00fcr auf die blaue Schaltfl\u00e4che <button class=\"av-button--primary av-button\" disabled=\"\" style=\"cursor: unset\">Download<\/button> unterhalb des Apple-Logos. Der Download beginnt automatisch.<\/li>\n\n\n\n<li>\u00d6ffnen Sie die Downloadliste mit einem Klick auf das Symbol <i class=\"bi bi-arrow-down-circle\"><\/i> <strong>Download<\/strong>. Warten Sie, bis der blaue Fortschrittsbalken abgeschlossen ist. \u00d6ffnen Sie die heruntergeladene Datei <strong>alfaview-mac-production<\/strong> mit einem Doppelklick in der Liste.<br>Alternativ k\u00f6nnen Sie die heruntergeladene Datei \u00fcber die Downloadliste in Ihrem Dock \u00f6ffnen. Klicken Sie dort auf <strong>alfaview-mac-production<\/strong>.<\/li>\n\n\n\n<li>Es \u00f6ffnet sich ein Fenster, das Sie durch den Installationsprozess f\u00fchrt. Folgen Sie den Anweisungen, um die Installation durchzuf\u00fchren.<\/li>\n\n\n\n<li>alfaview ist jetzt installiert und kann verwendet werden.<\/li>\n<\/ul>\n<\/div>\n\n\n\n<div class=\"wp-block-column is-layout-flow wp-block-column-is-layout-flow\"><div class=\"wp-block-image\">\n<figure class=\"alignright size-full\"><a href=\"https:\/\/support.alfaview.com\/wp-content\/uploads\/2025\/09\/alfaview_installation_mac_de-3.gif\"><img loading=\"lazy\" decoding=\"async\" width=\"500\" height=\"268\" src=\"https:\/\/support.alfaview.com\/wp-content\/uploads\/2025\/09\/alfaview_installation_mac_de-3.gif\" alt=\"Download und Installation auf einem Mac \u00fcber den Chrome Webbrowser.\" class=\"wp-image-6911\"\/><\/a><figcaption class=\"wp-element-caption\">Installation auf macOS<\/figcaption><\/figure>\n<\/div><\/div>\n<\/div>\n\n\n\n<p><\/p>\n","protected":false},"excerpt":{"rendered":"<p>Wenn Sie Ihre alfaview-App aktualisieren m\u00f6chten, finden Sie weitere Informationen auf der Seite Updates. Bitte beachten Sie die System- und Netzwerkanforderungen. Laden Sie alfaview auf der Downloadseite herunter. Klicken Sie daf\u00fcr auf die blaue Schaltfl\u00e4che [&hellip;]<\/p>\n","protected":false},"author":6,"featured_media":0,"parent":66,"menu_order":10,"comment_status":"closed","ping_status":"closed","template":"","meta":{"footnotes":""},"class_list":["post-281","page","type-page","status-publish","hentry"],"_links":{"self":[{"href":"https:\/\/support.alfaview.com\/de\/wp-json\/wp\/v2\/pages\/281","targetHints":{"allow":["GET"]}}],"collection":[{"href":"https:\/\/support.alfaview.com\/de\/wp-json\/wp\/v2\/pages"}],"about":[{"href":"https:\/\/support.alfaview.com\/de\/wp-json\/wp\/v2\/types\/page"}],"author":[{"embeddable":true,"href":"https:\/\/support.alfaview.com\/de\/wp-json\/wp\/v2\/users\/6"}],"replies":[{"embeddable":true,"href":"https:\/\/support.alfaview.com\/de\/wp-json\/wp\/v2\/comments?post=281"}],"version-history":[{"count":2,"href":"https:\/\/support.alfaview.com\/de\/wp-json\/wp\/v2\/pages\/281\/revisions"}],"predecessor-version":[{"id":10996,"href":"https:\/\/support.alfaview.com\/de\/wp-json\/wp\/v2\/pages\/281\/revisions\/10996"}],"up":[{"embeddable":true,"href":"https:\/\/support.alfaview.com\/de\/wp-json\/wp\/v2\/pages\/66"}],"wp:attachment":[{"href":"https:\/\/support.alfaview.com\/de\/wp-json\/wp\/v2\/media?parent=281"}],"curies":[{"name":"wp","href":"https:\/\/api.w.org\/{rel}","templated":true}]}}