{"id":3005,"date":"2024-03-07T14:11:27","date_gmt":"2024-03-07T14:11:27","guid":{"rendered":"https:\/\/support.alfaview.com\/?page_id=3005"},"modified":"2025-11-21T11:16:34","modified_gmt":"2025-11-21T11:16:34","slug":"registration-and-installation","status":"publish","type":"page","link":"https:\/\/support.alfaview.com\/de\/miscellaneous\/troubleshooting-and-log-files\/registration-and-installation\/","title":{"rendered":"Registrierung und Installation"},"content":{"rendered":"\n<p>Wir haben hier Hilfestellungen zu den h\u00e4ufigsten Problemen bei der Registrierung und Installation aufgelistet. Diese Auflistung soll Ihnen dabei helfen, das Problem selbstst\u00e4ndig zu beheben.<\/p>\n\n\n\n<p>Falls Sie die Probleme bei der Registrierung und Installation nicht l\u00f6sen k\u00f6nnen, kontaktieren Sie gerne <a href=\"https:\/\/support.alfaview.com\/de\/first-steps\/getting-started\/troubleshooting-and-log-files\/#ich-benoetige-unterstuetzung\">unseren Kundensupport.<\/a><\/p>\n\n\n\n<h2 class=\"wp-block-heading\" class=\"wp-block-heading\" id=\"registrierung\">Registrierung<a href=\"#registrierung\" class=\"av-heading-anchor\"><i class=\"bi bi-link\"><\/i><\/a><\/h2>\n\n\n\n<div class=\"wp-block-alfaview-callout\">\n<p>Sie m\u00fcssen sich nicht registrieren, wenn Sie einen Gastlink erhalten haben. Klicken Sie stattdessen auf den Link, um direkt zu Ihrem alfaview-Raum zu gelangen.<br>Weitere Informationen finden Sie auf der Seite <a href=\"https:\/\/support.alfaview.com\/de\/first-steps\/your-start-in-alfaview\/join-an-alfaview-room\/\">alfaview-Raum oder Meeting betreten<\/a>.<\/p>\n<\/div>\n\n\n\n<p>Falls Sie nach der Registrierung eines Benutzerkontos keine Best\u00e4tigungsmail erhalten haben, \u00fcberpr\u00fcfen Sie bitte Folgendes:<\/p>\n\n\n\n<ul class=\"wp-block-list\">\n<li>Bitte kontrollieren Sie den Spam-\/Junkordner Ihres E-Mail-Programms. Es kann vorkommen, dass die Best\u00e4tigungsmail falsch eingestuft wurde.<\/li>\n\n\n\n<li>Haben Sie Ihre E-Mail-Adresse korrekt eingegeben? F\u00fchren Sie die Registrierung im Zweifelsfall erneut durch.<\/li>\n\n\n\n<li>Falls Sie weiterhin keine Best\u00e4tigungsmail erhalten, wenden Sie sich an <a href=\"https:\/\/support.alfaview.com\/de\/first-steps\/getting-started\/troubleshooting-and-log-files\/#ich-benoetige-unterstuetzung\">unseren Support<\/a>.<\/li>\n<\/ul>\n\n\n\n<h2 class=\"wp-block-heading\" class=\"wp-block-heading\" id=\"passwort-vergessen\">Passwort vergessen<a href=\"#passwort-vergessen\" class=\"av-heading-anchor\"><i class=\"bi bi-link\"><\/i><\/a><\/h2>\n\n\n\n<p>Wenn Sie Ihr Passwort vergessen haben, ist eine erneute Registrierung nicht erforderlich. Nutzen Sie stattdessen die Funktion <a href=\"https:\/\/app.alfaview.com\/#\/reset-password\/\">Passwort vergessen<\/a> und folgen Sie den Anweisungen.<\/p>\n\n\n\n<h2 class=\"wp-block-heading\" class=\"wp-block-heading\" id=\"installation\">Installation<a href=\"#installation\" class=\"av-heading-anchor\"><i class=\"bi bi-link\"><\/i><\/a><\/h2>\n\n\n\n<p>Wenn die Installation nicht startet, kann dies unterschiedliche Ursachen haben:<\/p>\n\n\n\n<ul class=\"wp-block-list\">\n<li><strong><strong>Allgemeine L\u00f6sungsvorschl\u00e4ge<\/strong><\/strong>\n<ul class=\"wp-block-list\">\n<li>Bitte \u00fcberpr\u00fcfen Sie, ob der Installationsdialog im Hintergrund l\u00e4uft.<\/li>\n\n\n\n<li>\u00dcberpr\u00fcfen Sie in der Taskleiste Ihres Computers, ob die alfaview-App bereits im Hintergrund l\u00e4uft.<\/li>\n<\/ul>\n<\/li>\n<\/ul>\n\n\n\n<ul class=\"wp-block-list\">\n<li><strong>Microsoft Windows<\/strong><br>alfaview ben\u00f6tigt eine 64-Bit-Version des Betriebssystems. Bitte \u00fcberpr\u00fcfen Sie unter <strong>Systemsteuerung &gt; System &gt; Info &gt; Ger\u00e4tespezifikationen &gt; Systemtyp<\/strong>, ob Ihr System den <a href=\"https:\/\/support.alfaview.com\/de\/first-steps\/getting-started\/system-and-network-requirements\/\">Systemanforderungen<\/a> entspricht.<br>Eine Anleitung zur Installation finden Sie auf der Seite <a href=\"https:\/\/support.alfaview.com\/de\/first-steps\/getting-started\/installation-windows\/\">Installation f\u00fcr Windows<\/a>.<\/li>\n<\/ul>\n\n\n\n<div class=\"wp-block-alfaview-callout\">\n<p>Die alfaview-App kann unter Microsoft Windows nur auf <strong>64-Bit-Betriebssystemen<\/strong> installiert werden.<\/p>\n<\/div>\n\n\n\n<ul class=\"wp-block-list\">\n<li><strong>Apple macOS<br><\/strong>F\u00fcr alfaview ben\u00f6tigt Ihr Mac mindestens ein 10.13-Betriebssystem. Bitte \u00fcberpr\u00fcfen Sie unter <strong>Systemeinstellungen &gt; Allgemein &gt; \u00dcber<\/strong>, ob Ihr macOS den <a href=\"https:\/\/support.alfaview.com\/de\/miscellaneous\/technical-information\/system-and-network-requirements\/\" data-type=\"link\" data-id=\"https:\/\/support.alfaview.com\/de\/miscellaneous\/technical-information\/system-and-network-requirements\/\">Systemanforderungen<\/a> entspricht.<br>Eine Anleitung zur Installation finden Sie auf der Seite <a href=\"https:\/\/support.alfaview.com\/de\/first-steps\/getting-started\/installation-mac\/\">Installation f\u00fcr Mac<\/a>.<\/li>\n<\/ul>\n\n\n\n<div class=\"wp-block-alfaview-callout\">\n<p>Die alfaview-App kann unter Apple macOS nur auf einem <strong>10.13-Betriebssystem (<strong>High Sierra<\/strong><\/strong>)<strong> oder neuer<\/strong> installiert werden.<\/p>\n<\/div>\n\n\n\n<ul class=\"wp-block-list\">\n<li><strong>Linux<br><\/strong>alfaview kann derzeit auf Debian\/Ubuntu sowie auf Fedora\/RedHat Linux-Systemen installieren werden. Bitte \u00fcberpr\u00fcfen Sie, ob Ihr Rechner den <a href=\"https:\/\/support.alfaview.com\/de\/miscellaneous\/technical-information\/system-and-network-requirements\/\" data-type=\"link\" data-id=\"https:\/\/support.alfaview.com\/de\/miscellaneous\/technical-information\/system-and-network-requirements\/\">Systemanforderungen<\/a> entspricht.<br>Eine Anleitung zur Installation finden Sie auf der Seite <a href=\"https:\/\/support.alfaview.com\/de\/first-steps\/your-start-in-alfaview\/installation-linux-mobile\/\" data-type=\"link\" data-id=\"https:\/\/support.alfaview.com\/de\/first-steps\/your-start-in-alfaview\/installation-linux-mobile\/\">Installation f\u00fcr Linux<\/a>.<\/li>\n<\/ul>\n\n\n\n<div class=\"wp-block-alfaview-callout\">\n<p>Die alfaview-App kann unter Linux auf <strong>Debian-\/Ubuntu<\/strong>&#8211; oder <strong>Fedora-\/RedHat<\/strong>-Systemen installiert werden.<\/p>\n<\/div>\n\n\n\n<h2 class=\"wp-block-heading\" class=\"wp-block-heading\" id=\"alfaview-app\">alfaview-App<a href=\"#alfaview-app\" class=\"av-heading-anchor\"><i class=\"bi bi-link\"><\/i><\/a><\/h2>\n\n\n\n<p>Wenn Sie die alfaview-App starten und keine Raum- und Meetingliste sehen, kann das daran liegen, dass Sie noch keinen Zugang zu einem Raum haben. Bitte wenden Sie sich an eine:n Raumadministrator:in, um Zugang zu erhalten.<\/p>\n\n\n\n<p>Wenn Sie als Administrator:in Probleme mit der Verwaltung Ihrer alfaview-R\u00e4ume haben, finden Sie weitere Informationen auf der Seite <a href=\"https:\/\/support.alfaview.com\/de\/administration\/room-management\/\">Raumverwaltung<\/a> oder wenden Sie sich an <a href=\"https:\/\/support.alfaview.com\/de\/first-steps\/getting-started\/troubleshooting-and-log-files\/#ich-benoetige-unterstuetzung\">unseren Support<\/a>.<\/p>\n","protected":false},"excerpt":{"rendered":"<p>Wir haben hier Hilfestellungen zu den h\u00e4ufigsten Problemen bei der Registrierung und Installation aufgelistet. Diese Auflistung soll Ihnen dabei helfen, das Problem selbstst\u00e4ndig zu beheben. Falls Sie die Probleme bei der Registrierung und Installation nicht [&hellip;]<\/p>\n","protected":false},"author":5,"featured_media":0,"parent":406,"menu_order":0,"comment_status":"closed","ping_status":"closed","template":"","meta":{"footnotes":""},"class_list":["post-3005","page","type-page","status-publish","hentry"],"_links":{"self":[{"href":"https:\/\/support.alfaview.com\/de\/wp-json\/wp\/v2\/pages\/3005","targetHints":{"allow":["GET"]}}],"collection":[{"href":"https:\/\/support.alfaview.com\/de\/wp-json\/wp\/v2\/pages"}],"about":[{"href":"https:\/\/support.alfaview.com\/de\/wp-json\/wp\/v2\/types\/page"}],"author":[{"embeddable":true,"href":"https:\/\/support.alfaview.com\/de\/wp-json\/wp\/v2\/users\/5"}],"replies":[{"embeddable":true,"href":"https:\/\/support.alfaview.com\/de\/wp-json\/wp\/v2\/comments?post=3005"}],"version-history":[{"count":0,"href":"https:\/\/support.alfaview.com\/de\/wp-json\/wp\/v2\/pages\/3005\/revisions"}],"up":[{"embeddable":true,"href":"https:\/\/support.alfaview.com\/de\/wp-json\/wp\/v2\/pages\/406"}],"wp:attachment":[{"href":"https:\/\/support.alfaview.com\/de\/wp-json\/wp\/v2\/media?parent=3005"}],"curies":[{"name":"wp","href":"https:\/\/api.w.org\/{rel}","templated":true}]}}