{"id":3234,"date":"2024-04-02T13:00:17","date_gmt":"2024-04-02T13:00:17","guid":{"rendered":"https:\/\/support.alfaview.com\/miscellaneous\/security-guide\/"},"modified":"2026-03-27T08:59:42","modified_gmt":"2026-03-27T08:59:42","slug":"security-guide","status":"publish","type":"page","link":"https:\/\/support.alfaview.com\/de\/miscellaneous\/security-guide\/","title":{"rendered":"Sicherheitsleitfaden"},"content":{"rendered":"\n<p>Unser Ziel ist es, Ihre Erfahrung mit alfaview angenehm und sicher zu gestalten und Ihnen dabei zu helfen, sich mit anderen Menschen zu vernetzen. Wir bieten mit alfaview eine DSGVO-konforme Videokonferenzsoftware an und legen gro\u00dfen Wert darauf, dass Sie bei der Nutzung von alfaview bestm\u00f6glich gesch\u00fctzt sind. Zu diesem Zweck haben wir einen Sicherheitsleitfaden erstellt, der Ihnen einfache Tipps und Tricks f\u00fcr mehr Sicherheit gibt.<\/p>\n\n\n\n<ul class=\"wp-block-list\">\n<li><a href=\"https:\/\/support.alfaview.com\/de\/miscellaneous\/security-guide\/#ueberpruefen-sie-die-echtheit-der-alfaview-app\">\u00dcberpr\u00fcfen Sie die Echtheit der alfaview-App<\/a><\/li>\n\n\n\n<li><a href=\"https:\/\/support.alfaview.com\/de\/miscellaneous\/security-guide\/#aktualisieren-sie-die-alfaview-app-regelmaessig\">Aktualisieren Sie die alfaview-App regelm\u00e4\u00dfig<\/a><\/li>\n\n\n\n<li><a href=\"https:\/\/support.alfaview.com\/de\/miscellaneous\/security-guide\/#sichern-sie-ihr-passwort\">Sichern Sie Ihr Passwort<\/a><\/li>\n\n\n\n<li><a href=\"https:\/\/support.alfaview.com\/de\/miscellaneous\/security-guide\/#aktivieren-sie-die-zwei-faktor-authentifizierung\">Aktivieren Sie die Zwei-Faktor-Authentifizierung<\/a><\/li>\n\n\n\n<li><a href=\"https:\/\/support.alfaview.com\/de\/miscellaneous\/security-guide\/#pruefen-sie-e-mails-auf-echtheit\">Pr\u00fcfen Sie E-Mails auf Echtheit<\/a><\/li>\n\n\n\n<li><a href=\"https:\/\/support.alfaview.com\/de\/miscellaneous\/security-guide\/#alfaview-raum-mit-einladungslink-betreten\">alfaview-Raum mit Einladungslink betreten<\/a><\/li>\n\n\n\n<li><a href=\"https:\/\/support.alfaview.com\/de\/miscellaneous\/security-guide\/#sicherheitsvorkehrungen-als-moderatorin\">Sicherheitsvorkehrungen als Moderator:in<\/a><\/li>\n\n\n\n<li><a href=\"https:\/\/support.alfaview.com\/de\/miscellaneous\/security-guide\/#sicherheitsvorkehrungen-im-alfaview-raum\">Sicherheitsvorkehrungen im alfaview-Raum<\/a><a href=\"https:\/\/support.alfaview.com\/de\/miscellaneous\/security-guide\/#sicherheitsvorkehrungen-im-alfaview-raum\"><\/a><a href=\"https:\/\/support.alfaview.com\/de\/miscellaneous\/security-guide\/#sicherheitsvorkehrungen-als-moderatorin\"><\/a><a href=\"https:\/\/support.alfaview.com\/de\/miscellaneous\/security-guide\/#alfaview-raum-mit-einladungslink-betreten\"><\/a><a href=\"https:\/\/support.alfaview.com\/de\/miscellaneous\/security-guide\/#ich-habe-eine-e-mail-von-alfaview-erhalten\"><\/a><a href=\"https:\/\/support.alfaview.com\/de\/miscellaneous\/security-guide\/#aktivieren-sie-die-zwei-faktor-authentifizierung\"><\/a><a href=\"https:\/\/support.alfaview.com\/de\/miscellaneous\/security-guide\/#sichern-sie-ihr-passwort\"><\/a><a href=\"https:\/\/support.alfaview.com\/de\/miscellaneous\/security-guide\/#aktualisieren-sie-die-alfaview-app-regelmaessig\"><\/a><a href=\"https:\/\/support.alfaview.com\/de\/miscellaneous\/security-guide\/#ueberpruefen-sie-die-echtheit-der-alfaview-app\"><\/a><\/li>\n<\/ul>\n\n\n\n<h2 class=\"wp-block-heading\" class=\"wp-block-heading\" id=\"ueberpruefen-sie-die-echtheit-der-alfaview-app\">\u00dcberpr\u00fcfen Sie die Echtheit der alfaview-App<a href=\"#ueberpruefen-sie-die-echtheit-der-alfaview-app\" class=\"av-heading-anchor\"><i class=\"bi bi-link\"><\/i><\/a><\/h2>\n\n\n\n<div class=\"wp-block-alfaview-callout\">\n<p>Bitte laden Sie die alfaview-App ausschlie\u00dflich von <a href=\"https:\/\/alfaview.com\/de\/download\/\">unserer Webseite<\/a> oder den <a href=\"https:\/\/support.alfaview.com\/de\/first-steps\/getting-started\/installation-linux-mobile\/\">offiziellen App-Stores<\/a> herunter. Nach dem Download k\u00f6nnen Sie die Datei auf ihre Echtheit \u00fcberpr\u00fcfen.<\/p>\n<\/div>\n\n\n\n<h3 class=\"wp-block-heading\" class=\"wp-block-heading\" id=\"windows\">Windows<a href=\"#windows\" class=\"av-heading-anchor\"><i class=\"bi bi-link\"><\/i><\/a><\/h3>\n\n\n\n<div class=\"wp-block-columns is-layout-flex wp-container-core-columns-is-layout-9d6595d7 wp-block-columns-is-layout-flex\">\n<div class=\"wp-block-column is-layout-flow wp-block-column-is-layout-flow\">\n<ul class=\"wp-block-list\">\n<li>\u00d6ffnen Sie die Downloadliste und klicken Sie mit der rechten Maustaste auf die heruntergeladene alfaview-Datei.<\/li>\n\n\n\n<li>Klicken Sie nun auf <strong>Eigenschaften<\/strong>.<\/li>\n\n\n\n<li>Wechseln Sie im neuen Fenster in den Reiter <strong>Digitale Signaturen<\/strong>.<\/li>\n<\/ul>\n<\/div>\n\n\n\n<div class=\"wp-block-column is-layout-flow wp-block-column-is-layout-flow\"><div class=\"wp-block-image\">\n<figure class=\"alignright size-full\"><a href=\"https:\/\/support.alfaview.com\/wp-content\/uploads\/2026\/03\/alfaview_download_echtheit_de.png\"><img loading=\"lazy\" decoding=\"async\" width=\"780\" height=\"471\" src=\"https:\/\/support.alfaview.com\/wp-content\/uploads\/2026\/03\/alfaview_download_echtheit_de.png\" alt=\"Screenshot der Downloadliste. Die Eigenschaften des alfaview App Downloads sind ge\u00f6ffnet.\" class=\"wp-image-10955\" srcset=\"https:\/\/support.alfaview.com\/wp-content\/uploads\/2026\/03\/alfaview_download_echtheit_de.png 780w, https:\/\/support.alfaview.com\/wp-content\/uploads\/2026\/03\/alfaview_download_echtheit_de-300x181.png 300w, https:\/\/support.alfaview.com\/wp-content\/uploads\/2026\/03\/alfaview_download_echtheit_de-768x464.png 768w\" sizes=\"auto, (max-width: 780px) 100vw, 780px\" \/><\/a><figcaption class=\"wp-element-caption\">Eigenschaften des alfaview App Downloads<\/figcaption><\/figure>\n<\/div><\/div>\n<\/div>\n\n\n\n<div class=\"wp-block-columns is-layout-flex wp-container-core-columns-is-layout-9d6595d7 wp-block-columns-is-layout-flex\">\n<div class=\"wp-block-column is-layout-flow wp-block-column-is-layout-flow\">\n<ul class=\"wp-block-list\">\n<li>Dort k\u00f6nnen Sie die gew\u00fcnschte Signatur ausw\u00e4hlen und anschlie\u00dfend auf die Schaltfl\u00e4che <strong>Details <\/strong>klicken.<\/li>\n\n\n\n<li>Sie k\u00f6nnen sich nun das Zertifikat anzeigen lassen, um die Echtheit der Installationsdatei zu \u00fcberpr\u00fcfen.<\/li>\n<\/ul>\n<\/div>\n\n\n\n<div class=\"wp-block-column is-layout-flow wp-block-column-is-layout-flow\"><div class=\"wp-block-image\">\n<figure class=\"alignright size-full\"><a href=\"https:\/\/support.alfaview.com\/wp-content\/uploads\/2026\/03\/alfaview_download_echtheitszertifikat_de.png\"><img loading=\"lazy\" decoding=\"async\" width=\"780\" height=\"471\" src=\"https:\/\/support.alfaview.com\/wp-content\/uploads\/2026\/03\/alfaview_download_echtheitszertifikat_de.png\" alt=\"Screenshot der digitalen Signatur und des Zertifikats vom alfaview App Download.\" class=\"wp-image-10950\" srcset=\"https:\/\/support.alfaview.com\/wp-content\/uploads\/2026\/03\/alfaview_download_echtheitszertifikat_de.png 780w, https:\/\/support.alfaview.com\/wp-content\/uploads\/2026\/03\/alfaview_download_echtheitszertifikat_de-300x181.png 300w, https:\/\/support.alfaview.com\/wp-content\/uploads\/2026\/03\/alfaview_download_echtheitszertifikat_de-768x464.png 768w\" sizes=\"auto, (max-width: 780px) 100vw, 780px\" \/><\/a><figcaption class=\"wp-element-caption\">Digitale Signatur und Zertifikat des Downloads<\/figcaption><\/figure>\n<\/div><\/div>\n<\/div>\n\n\n\n<div class=\"wp-block-alfaview-callout\">\n<p>Sie k\u00f6nnen die Echtheit auch bei der bereits heruntergeladenen alfaview-App \u00fcberpr\u00fcfen. Suchen Sie daf\u00fcr die Datei auf Ihrem Computer und befolgen Sie die oben genannten Schritte.<\/p>\n<\/div>\n\n\n\n<h3 class=\"wp-block-heading\" class=\"wp-block-heading\" id=\"macos\">macOS<a href=\"#macos\" class=\"av-heading-anchor\"><i class=\"bi bi-link\"><\/i><\/a><\/h3>\n\n\n\n<ul class=\"wp-block-list\">\n<li>\u00d6ffnen Sie in den Systemeinstellungen den Bereich <strong>Datenschutz &amp; Sicherheit<\/strong>.<\/li>\n\n\n\n<li>Scrollen Sie nach unten zu <strong>Sicherheit<\/strong> und w\u00e4hlen Sie <strong>Apps erlauben von App Store &amp; Bekannte Entwicklungsteams<\/strong>.<\/li>\n\n\n\n<li>Durch diese Einstellungen k\u00f6nnen Sie sicherstellen, dass ausschlie\u00dflich zertifizierte und sichere Software installiert wird.<\/li>\n<\/ul>\n\n\n\n<h3 class=\"wp-block-heading\" class=\"wp-block-heading\" id=\"linux\">Linux<a href=\"#linux\" class=\"av-heading-anchor\"><i class=\"bi bi-link\"><\/i><\/a><\/h3>\n\n\n\n<div class=\"wp-block-columns is-layout-flex wp-container-core-columns-is-layout-9d6595d7 wp-block-columns-is-layout-flex\">\n<div class=\"wp-block-column is-layout-flow wp-block-column-is-layout-flow\">\n<p>Auf der <a href=\"https:\/\/alfaview.com\/de\/download\" data-type=\"link\" data-id=\"https:\/\/alfaview.com\/de\/download\">Downloadseite<\/a> von alfaview ist die Pr\u00fcfsumme als Download hinterlegt.<\/p>\n\n\n\n<p>Mit dieser k\u00f6nnen Sie die Echtheit der Installationsdatei \u00fcberpr\u00fcfen. <\/p>\n\n\n\n<p>Ist die Datei echt, ergibt die \u00dcberpr\u00fcfung <strong>OK<\/strong>:<\/p>\n\n\n\n<pre class=\"wp-block-code\"><code>$ sha256sum --check alfaview_9.26.3.deb.sha256\nalfaview_9.26.3.deb: OK<\/code><\/pre>\n<\/div>\n\n\n\n<div class=\"wp-block-column is-layout-flow wp-block-column-is-layout-flow\"><div class=\"wp-block-image\">\n<figure class=\"alignright size-full\"><a href=\"https:\/\/support.alfaview.com\/wp-content\/uploads\/2026\/03\/alfaview_download_linux_de.png\"><img loading=\"lazy\" decoding=\"async\" width=\"1000\" height=\"538\" src=\"https:\/\/support.alfaview.com\/wp-content\/uploads\/2026\/03\/alfaview_download_linux_de.png\" alt=\"Auf der Downloadseite von alfaview ist die Pr\u00fcfsumme f\u00fcr die Linux-Anwendung von alfaview hinterlegt.\" class=\"wp-image-11093\" srcset=\"https:\/\/support.alfaview.com\/wp-content\/uploads\/2026\/03\/alfaview_download_linux_de.png 1000w, https:\/\/support.alfaview.com\/wp-content\/uploads\/2026\/03\/alfaview_download_linux_de-300x161.png 300w, https:\/\/support.alfaview.com\/wp-content\/uploads\/2026\/03\/alfaview_download_linux_de-768x413.png 768w\" sizes=\"auto, (max-width: 1000px) 100vw, 1000px\" \/><\/a><figcaption class=\"wp-element-caption\">Linux Pr\u00fcfsumme auf der Downloadseite von alfaview<\/figcaption><\/figure>\n<\/div><\/div>\n<\/div>\n\n\n\n<p>Stimmen Pr\u00fcfsumme und Installationsdatei nicht \u00fcberein, erscheint das Ergebnis <strong>FAILED<\/strong>:<\/p>\n\n\n\n<pre class=\"wp-block-code\"><code>$ alfaview_9.26.3.deb: FAILED\nsha256sum: WARNING: 1 computed checksum did NOT match<\/code><\/pre>\n\n\n\n<h2 class=\"wp-block-heading\" class=\"wp-block-heading\" id=\"aktualisieren-sie-die-alfaview-app-regelmaessig\">Aktualisieren Sie die alfaview-App regelm\u00e4\u00dfig<a href=\"#aktualisieren-sie-die-alfaview-app-regelmaessig\" class=\"av-heading-anchor\"><i class=\"bi bi-link\"><\/i><\/a><\/h2>\n\n\n\n<p>Aktualisieren Sie die alfaview-App, sobald Ihnen ein Update angezeigt wird. Dadurch stellen Sie sicher, dass Sie die Software mit den neusten Sicherheitsvorkehrungen und Funktionen nutzen.<\/p>\n\n\n\n<h2 class=\"wp-block-heading\" class=\"wp-block-heading\" id=\"sichern-sie-ihr-passwort\">Sichern Sie Ihr Passwort<a href=\"#sichern-sie-ihr-passwort\" class=\"av-heading-anchor\"><i class=\"bi bi-link\"><\/i><\/a><\/h2>\n\n\n\n<div class=\"wp-block-alfaview-callout\">\n<p><strong>Geben Sie Ihr Passwort niemals an Dritte weiter.<br><\/strong>Unser Kundensupport wird Sie niemals nach Ihrem Passwort fragen &#8211; weder per E-Mail noch telefonisch.<\/p>\n<\/div>\n\n\n\n<p>Beim <a href=\"https:\/\/support.alfaview.com\/de\/first-steps\/getting-started\/signup-and-login\/\">Registrieren eines alfaview-Benutzerkontos<\/a> oder bei einer Einladung in eine Company m\u00fcssen Sie zu Beginn ein Passwort festlegen. Hierbei sind Sicherheitsanforderungen zu erf\u00fcllen, die Ihnen beim Erstellen des Passworts mitgeteilt werden. Erst, wenn alle Anforderungen durch das Passwort erf\u00fcllt werden, kann es f\u00fcr Ihr alfaview-Benutzerkonto eingestellt werden.<\/p>\n\n\n\n<p>Verwenden Sie ein Passwort nicht mehrfach. Passwort-Manager, z. B. KeePass oder der Microsoft Authenticator, helfen Ihnen, komplexe und individuelle Passw\u00f6rter zu verwenden, ohne den \u00dcberblick zu verlieren.<\/p>\n\n\n\n<div class=\"wp-block-alfaview-callout\">\n<p>Sie k\u00f6nnen Ihr Passwort jederzeit auf der <a href=\"https:\/\/support.alfaview.com\/de\/administration\/general\/adminstration-interface\/\">Verwaltungsoberfl\u00e4che<\/a> im <strong>Benutzerprofil<\/strong> aktualisieren. Weitere Informationen finden Sie auf der Seite <a href=\"https:\/\/support.alfaview.com\/de\/administration\/general\/personal-profile\/\">Benutzerprofil und Sicherheit<\/a>.<\/p>\n<\/div>\n\n\n\n<p>Falls Sie Ihr Passwort vergessen haben, nutzen Sie die Funktion <a href=\"https:\/\/app.alfaview.com\/#\/reset-password\/\">Passwort zur\u00fccksetzen<\/a>.<\/p>\n\n\n\n<h2 class=\"wp-block-heading\" class=\"wp-block-heading\" id=\"aktivieren-sie-die-zwei-faktor-authentifizierung\">Aktivieren Sie die Zwei-Faktor-Authentifizierung<a href=\"#aktivieren-sie-die-zwei-faktor-authentifizierung\" class=\"av-heading-anchor\"><i class=\"bi bi-link\"><\/i><\/a><\/h2>\n\n\n\n<p>Aktivieren Sie die Zwei-Faktor-Authentifizierung (2FA), um Ihr Benutzerkonto noch besser zu sch\u00fctzen. Bei jeder Anmeldung wird ein Verifizierungscode abgefragt, der von einer Authentifizierungsapp oder -software generiert wird.<\/p>\n\n\n\n<p>Auf der Seite <a href=\"https:\/\/support.alfaview.com\/de\/administration\/general\/two-factor-authentication\/\">Zwei-Faktor-Authentifizierung<\/a> finden Sie neben allen Informationen auch eine Anleitung, wie Sie diese Funktion aktivieren k\u00f6nnen.<\/p>\n\n\n\n<div class=\"wp-block-alfaview-callout\">\n<p>Bitte beachten Sie, dass Sie die alfaview-Version 9.2.0 oder neuer ben\u00f6tigen, um die Zwei-Faktor-Authentifizierung zu nutzen.<\/p>\n<\/div>\n\n\n\n<h2 class=\"wp-block-heading\" class=\"wp-block-heading\" id=\"pruefen-sie-e-mails-auf-echtheit\">Pr\u00fcfen Sie E-Mails auf Echtheit<a href=\"#pruefen-sie-e-mails-auf-echtheit\" class=\"av-heading-anchor\"><i class=\"bi bi-link\"><\/i><\/a><\/h2>\n\n\n\n<p>Sie erhalten eine systemgenerierte E-Mail von <strong>support@alfaview.com<\/strong>, wenn Sie zu einem alfaview-Raum, einem Meeting oder zu einer alfaview-Company eingeladen wurden oder wenn Sie Ihr Passwort zur\u00fccksetzen m\u00f6chten. Auch erhalten Sie eine E-Mail von dieser Adresse, wenn Sie Kontakt zu unserem Kundensupport aufgenommen haben oder um wichtige Informationen wie AGB-\u00c4nderungen mit Ihnen zu teilen.<\/p>\n\n\n\n<div class=\"wp-block-alfaview-callout\">\n<p>\u00dcberpr\u00fcfen Sie die E-Mail-Adresse auf Rechtschreibfehler oder falsche Zeichen, um sicherzustellen, dass es sich nicht um eine Phishing-E-Mail handelt.<\/p>\n<\/div>\n\n\n\n<p><strong>Einladungslink erhalten<\/strong><br>Einladungslinks k\u00f6nnen direkt \u00fcber alfaview erstellt und versendet werden. In diesem Fall erhalten Sie eine E-Mail von <strong>support@alfaview.com<\/strong> mit dem Einladungslink. <\/p>\n\n\n\n<p><strong>Haben Sie eine E-Mail mit Einladungslink von einer anderen E-Mail-Adresse erhalten?<\/strong><br>Einladungslinks k\u00f6nnen auch \u00fcber (firmen-)eigene Kommunikationskan\u00e4le versendet werden. \u00dcberpr\u00fcfen Sie, ob Sie den Absender oder die Absenderin kennen. Falls nicht, fragen Sie bei Ihrer Ansprechperson nach.<\/p>\n\n\n\n<p><strong>E-Mail von alfaview-Mitarbeitenden erhalten<\/strong><br>Sie werden vom alfaview-Kundensupport oder dem Vertriebsteam nur kontaktiert, wenn Sie zuvor eine Anfrage gestellt haben.<\/p>\n\n\n\n<ul class=\"wp-block-list\">\n<li>Wurde Ihnen die E-Mail von <strong>support@alfaview.com<\/strong> zugesendet?<br>Unser Supportteam kommuniziert ausschlie\u00dflich \u00fcber diese Mail-Adresse, wenn Anfragen beantwortet werden.<\/li>\n\n\n\n<li>Wurde Ihnen die E-Mail von einer anderen E-Mail-Adresse mit der Dom\u00e4ne <strong>@alfaview.com<\/strong> zugesendet?<br>In diesem Fall handelt es sich um eine E-Mail vom Vertriebsteam.<\/li>\n<\/ul>\n\n\n\n<div class=\"wp-block-alfaview-callout\">\n<p>Das Supportteam wird Sie <strong>niemals <\/strong>auffordern, Ihr Passwort, Ihre Kreditkartennummer oder andere Zahlungsinformationen zu versenden.<\/p>\n<\/div>\n\n\n\n<h2 class=\"wp-block-heading\" class=\"wp-block-heading\" id=\"alfaview-raum-mit-einladungslink-betreten\">alfaview-Raum mit Einladungslink betreten<a href=\"#alfaview-raum-mit-einladungslink-betreten\" class=\"av-heading-anchor\"><i class=\"bi bi-link\"><\/i><\/a><\/h2>\n\n\n\n<p>Wenn Sie auf einen zugesendeten Einladungslink klicken, werden Sie auf eine Webseite weitergeleitet. <a href=\"https:\/\/support.alfaview.com\/de\/first-steps\/your-start-in-alfaview\/join-an-alfaview-room\/\">Betreten Sie den alfaview-Raum<\/a> entweder \u00fcber die alfaview-App oder den Webclient.<\/p>\n\n\n\n<ul class=\"wp-block-list\">\n<li>\u00dcberpr\u00fcfen Sie, ob die Webadresse <strong>app.alfaview.com<\/strong> lautet.<\/li>\n\n\n\n<li>Bei einer Anmeldung mit einem Single Sign-On betreten Sie den alfaview-Raum \u00fcber eine Subdom\u00e4ne von alfaview.\n<ul class=\"wp-block-list\">\n<li>Die Webadresse eines Single Sign-Ons folgt der folgenden Struktur:&nbsp;<strong>subdom\u00e4ne.alfaview.com<\/strong>.<\/li>\n\n\n\n<li>\u00dcberpr\u00fcfen Sie, ob die Struktur der Webadresse korrekt ist.<\/li>\n<\/ul>\n<\/li>\n<\/ul>\n\n\n\n<h2 class=\"wp-block-heading\" class=\"wp-block-heading\" id=\"sicherheitsvorkehrungen-als-moderatorin\">Sicherheitsvorkehrungen als Moderator:in<a href=\"#sicherheitsvorkehrungen-als-moderatorin\" class=\"av-heading-anchor\"><i class=\"bi bi-link\"><\/i><\/a><\/h2>\n\n\n\n<figure class=\"wp-block-table\"><table><tbody><tr><td><strong>Einladungslinks zeitlich begrenzen<\/strong><\/td><td>Wenn Sie Gruppen- oder Gastlinks erstellen, sollten Sie die G\u00fcltigkeit zeitlich begrenzen. Die eingeladenen Personen k\u00f6nnen Ihren alfaview-Raum so nur f\u00fcr den vorgesehenen Zeitraum betreten.<br>Weitere Informationen finden Sie auf der Seite <a href=\"https:\/\/support.alfaview.com\/de\/administration\/room-management\/guest-link\/\">Gast- und Gruppenlinks<\/a>.<\/td><\/tr><tr><td><strong>Einladungslinks nicht \u00f6ffentlich zug\u00e4nglich machen<\/strong><\/td><td>Stellen Sie sicher, dass nur befugte Personen auf Ihre erstellten Einladungslinks zugreifen k\u00f6nnen.<br>Senden Sie daf\u00fcr den Einladungslink direkt an die Personen, die Sie in Ihren alfaview-Raum einladen m\u00f6chten, oder stellen Sie den Link nur in Ihrem Intranet zur Verf\u00fcgung.<\/td><\/tr><tr><td><strong>Passwortschutz nutzen<\/strong><\/td><td>Sie k\u00f6nnen jeden Raum jederzeit \u2013 direkt mit Erstellung des Raums oder in der nachtr\u00e4glichen Bearbeitung \u2013 mit einem Passwort sch\u00fctzen. Nutzen Sie diese Option um sicherzustellen, dass Ihrem Raum nur befugte Personen beitreten k\u00f6nnen. <br>Weitere Informationen finden Sie unter <a href=\"https:\/\/support.alfaview.com\/de\/administration\/room-management\/edit-room\/#passwortschutz\">Passwortschutz<\/a>.<\/td><\/tr><tr><td><strong>Berechtigungen gezielt ausw\u00e4hlen<\/strong><\/td><td>Bevor Sie einen Gruppen- oder Gastlink versenden, sollten Sie bewusst entscheiden, welche Rolle und damit welche Berechtigungen die eingeladenen Personen in Ihrem alfaview-Raum erhalten sollen. Dadurch k\u00f6nnen Sie unerw\u00fcnschte St\u00f6rfaktoren minimieren.<\/td><\/tr><\/tbody><\/table><\/figure>\n\n\n\n<h2 class=\"wp-block-heading\" class=\"wp-block-heading\" id=\"sicherheitsvorkehrungen-im-alfaview-raum\">Sicherheitsvorkehrungen im alfaview-Raum<a href=\"#sicherheitsvorkehrungen-im-alfaview-raum\" class=\"av-heading-anchor\"><i class=\"bi bi-link\"><\/i><\/a><\/h2>\n\n\n\n<p>Im alfaview-Raum k\u00f6nnen Sie individuelle Einstellungen f\u00fcr alle Teilnehmenden vornehmen. Die Informationen zu diesen Einstellungen und eine Anleitung, wie Sie diese vornehmen, finden Sie auf der Seite <a href=\"https:\/\/support.alfaview.com\/de\/alfaview-app\/alfaview-room\/moderator-controls\/\">Moderationsfunktionen<\/a>.<\/p>\n\n\n\n<figure class=\"wp-block-table\"><table><tbody><tr><td><strong>Warteraum<\/strong><\/td><td>Aktivieren Sie den Warteraum f\u00fcr Ihren alfaview-Raum, um sicherzustellen, dass nur eingeladene Personen oder Mitglieder Ihrer Company Zugang zu Ihrem Raum erhalten. Sie k\u00f6nnen die Personen im Warteraum einzeln zulassen.<br>Mit der <strong>alfaview-Version 9.11.0<\/strong> <strong>oder neuer<\/strong> k\u00f6nnen Sie den Warteraum betreten und mit wartenden Personen sprechen, bevor Sie diese zu Ihrem alfaview-Raum zulassen.<br>Weitere Informationen zur Einrichtung dieser Funktion finden Sie auf der Seite <a href=\"https:\/\/support.alfaview.com\/de\/alfaview-app\/alfaview-room\/waiting-room\/\">Warteraum<\/a>.<\/td><\/tr><tr><td><strong>Kamera erlauben<\/strong><\/td><td>Sie k\u00f6nnen einzelnen Teilnehmenden erlauben oder verbieten, die Kamera zu benutzen. Dadurch k\u00f6nnen Sie unerw\u00fcnschte Video\u00fcbertragungen verhindern.<br>Weitere Informationen finden Sie auf der Seite <a href=\"https:\/\/support.alfaview.com\/de\/alfaview-app\/alfaview-room\/waiting-room\/\"><\/a><a href=\"https:\/\/support.alfaview.com\/de\/alfaview-app\/alfaview-room\/moderator-controls\/\">Moderationsfunktionen<\/a>.<\/td><\/tr><tr><td><strong>Mikrofon erlauben<\/strong><\/td><td>Sie k\u00f6nnen einzelnen Teilnehmenden die Benutzung des Mikrofons erlauben oder verbieten, um unerw\u00fcnschte oder ungewollte Ger\u00e4usche zu vermeiden.<br>Weitere Informationen finden Sie auf der Seite <a href=\"https:\/\/support.alfaview.com\/de\/alfaview-app\/alfaview-room\/waiting-room\/\"><\/a><a href=\"https:\/\/support.alfaview.com\/de\/alfaview-app\/alfaview-room\/moderator-controls\/\">Moderationsfunktionen<\/a>.<\/td><\/tr><tr><td><strong>Bildschirmfreigabe erlauben<\/strong><\/td><td>Erlauben oder verbieten Sie die Bildschirmfreigabe von einzelnen Teilnehmenden, um unerw\u00fcnschtes Teilen von Inhalten zu verhindern.<br>Weitere Informationen finden Sie auf der Seite <a href=\"https:\/\/support.alfaview.com\/de\/alfaview-app\/alfaview-room\/waiting-room\/\"><\/a><a href=\"https:\/\/support.alfaview.com\/de\/alfaview-app\/alfaview-room\/moderator-controls\/\">Moderationsfunktionen<\/a>.<\/td><\/tr><tr><td><strong>Chat erlauben<\/strong><\/td><td>Sie k\u00f6nnen einzelnen Teilnehmenden die Nutzung des Chats erlauben oder verbieten, um st\u00f6rende oder unpassende Wortmeldungen zu unterbinden.<br>Weitere Informationen finden Sie auf der Seite <a href=\"https:\/\/support.alfaview.com\/de\/alfaview-app\/alfaview-room\/waiting-room\/\"><\/a><a href=\"https:\/\/support.alfaview.com\/de\/alfaview-app\/alfaview-room\/moderator-controls\/\">Moderationsfunktionen<\/a>.<\/td><\/tr><tr><td><strong>Person aus dem Raum entfernen<\/strong><\/td><td>Als Moderator:in oder Administrator:in k\u00f6nnen Sie andere Teilnehmende jederzeit aus dem alfaview-Raum entfernen.<br>Weitere Informationen finden Sie auf der Seite <a href=\"https:\/\/support.alfaview.com\/de\/alfaview-app\/alfaview-room\/waiting-room\/\"><\/a><a href=\"https:\/\/support.alfaview.com\/de\/alfaview-app\/alfaview-room\/moderator-controls\/\">Moderationsfunktionen<\/a>.<\/td><\/tr><\/tbody><\/table><\/figure>\n","protected":false},"excerpt":{"rendered":"<p>Der Sicherheitsleitfaden gibt Ihnen hilfreiche Tipps und Tricks f\u00fcr mehr Sicherheit, damit Ihre Erfahrung mit alfaview angenehm und sicher ist.<\/p>\n","protected":false},"author":5,"featured_media":0,"parent":1612,"menu_order":0,"comment_status":"closed","ping_status":"closed","template":"","meta":{"footnotes":""},"class_list":["post-3234","page","type-page","status-publish","hentry"],"_links":{"self":[{"href":"https:\/\/support.alfaview.com\/de\/wp-json\/wp\/v2\/pages\/3234","targetHints":{"allow":["GET"]}}],"collection":[{"href":"https:\/\/support.alfaview.com\/de\/wp-json\/wp\/v2\/pages"}],"about":[{"href":"https:\/\/support.alfaview.com\/de\/wp-json\/wp\/v2\/types\/page"}],"author":[{"embeddable":true,"href":"https:\/\/support.alfaview.com\/de\/wp-json\/wp\/v2\/users\/5"}],"replies":[{"embeddable":true,"href":"https:\/\/support.alfaview.com\/de\/wp-json\/wp\/v2\/comments?post=3234"}],"version-history":[{"count":9,"href":"https:\/\/support.alfaview.com\/de\/wp-json\/wp\/v2\/pages\/3234\/revisions"}],"predecessor-version":[{"id":11102,"href":"https:\/\/support.alfaview.com\/de\/wp-json\/wp\/v2\/pages\/3234\/revisions\/11102"}],"up":[{"embeddable":true,"href":"https:\/\/support.alfaview.com\/de\/wp-json\/wp\/v2\/pages\/1612"}],"wp:attachment":[{"href":"https:\/\/support.alfaview.com\/de\/wp-json\/wp\/v2\/media?parent=3234"}],"curies":[{"name":"wp","href":"https:\/\/api.w.org\/{rel}","templated":true}]}}