{"id":328,"date":"2023-10-12T07:58:07","date_gmt":"2023-10-12T07:58:07","guid":{"rendered":"https:\/\/support.alfaview.com\/?page_id=328"},"modified":"2026-04-17T12:19:14","modified_gmt":"2026-04-17T12:19:14","slug":"webclient","status":"publish","type":"page","link":"https:\/\/support.alfaview.com\/de\/miscellaneous\/webclient\/","title":{"rendered":"Webclient von alfaview"},"content":{"rendered":"\n<p>Mit dem Webclient k\u00f6nnen Sie alfaview auch ohne Installation nutzen, wenn die Raumadministration diese Funktion erlaubt hat. Derzeit werden die Browser <strong>Google Chrome<\/strong>, <strong>Microsoft Edge<\/strong> und <strong>Firefox<\/strong> unterst\u00fctzt.<\/p>\n\n\n\n<ul class=\"wp-block-list\">\n<li><a href=\"#beitritt-mit-einem-einladungslink\" data-type=\"link\" data-id=\"https:\/\/support.alfaview.com\/de\/miscellaneous\/webclient\/#beitritt-mit-einem-einladungslink\">Beitritt mit einem Einladungslink<\/a><\/li>\n\n\n\n<li><a href=\"#verwendung-mit-benutzerkonto\">Verwendung mit Benutzerkonto<\/a><\/li>\n\n\n\n<li><a href=\"#kamera-mikrofon-und-bildschirmuebertragung-freigeben-bei-google-chrome-microsoft-edge-und-firefox\">Kamera, Mikrofon und Bildschirm\u00fcbertragung freigeben bei Google Chrome, Microsoft Edge und Firefox<\/a><\/li>\n\n\n\n<li><a href=\"#kamera-mikrofon-und-bedienungshilfen-freigeben-unter-macos\">Kamera, Mikrofon und Bedienungshilfen freigeben unter macOS<\/a><\/li>\n<\/ul>\n\n\n\n<div class=\"wp-block-alfaview-callout\">\n<p>Auf mobilen Endger\u00e4ten wird der Webclient nicht unterst\u00fctzt. <a href=\"\/de\/first-steps\/getting-started\/installation-linux-mobile\/\">Installieren Sie die App<\/a> im App Store oder Play Store, um alfaview auf Ihrem mobilen Endger\u00e4t zu verwenden.<\/p>\n<\/div>\n\n\n\n<h2 class=\"wp-block-heading\" class=\"wp-block-heading\" id=\"beitritt-mit-einem-einladungslink\">Beitritt mit einem Einladungslink<a href=\"https:\/\/support.alfaview.com\/de\/first-steps\/getting-started\/webclient\/#beitritt-\u00fcber-einen-gast--bzw-gruppenlink\"><\/a><a href=\"#beitritt-mit-einem-einladungslink\" class=\"av-heading-anchor\"><i class=\"bi bi-link\"><\/i><\/a><\/h2>\n\n\n\n<div class=\"wp-block-columns is-layout-flex wp-container-core-columns-is-layout-9d6595d7 wp-block-columns-is-layout-flex\">\n<div class=\"wp-block-column is-layout-flow wp-block-column-is-layout-flow\" style=\"flex-basis:66.66%\">\n<ul class=\"wp-block-list\">\n<li>Klicken Sie auf den Einladungslink, der Ihnen zugesendet wurde. Alternativ k\u00f6nnen Sie den vollst\u00e4ndigen Link kopieren und in die Adresszeile Ihres Internetbrowsers einf\u00fcgen.<\/li>\n\n\n\n<li>Geben Sie Ihren Namen in das Eingabefeld ein, falls dieser noch nicht hinterlegt ist.<\/li>\n\n\n\n<li>Klicken Sie auf die Schaltfl\u00e4che <button class=\"av-button av-button--default\">Mit Browser betreten<\/button> .<\/li>\n\n\n\n<li>Akzeptieren Sie die Nutzungsrichtlinien und Datenschutzerkl\u00e4rung.<\/li>\n\n\n\n<li>Klicken Sie anschlie\u00dfend auf die Schaltfl\u00e4che <button class=\"av-button av-button--primary\">Betreten<\/button>. Sie werden nun zum ausgew\u00e4hlten alfaview-Raum weitergeleitet.<\/li>\n<\/ul>\n<\/div>\n\n\n\n<div class=\"wp-block-column is-layout-flow wp-block-column-is-layout-flow\" style=\"flex-basis:33.33%\"><div class=\"wp-block-image\">\n<figure class=\"alignright size-full\"><a href=\"https:\/\/support.alfaview.com\/wp-content\/uploads\/2025\/10\/alfaview_webclient_de-2.png\"><img loading=\"lazy\" decoding=\"async\" width=\"780\" height=\"437\" src=\"https:\/\/support.alfaview.com\/wp-content\/uploads\/2025\/10\/alfaview_webclient_de-2.png\" alt=\"alfaview-Raum als Gast betreten. Hier kann man seinen Namen eintragen und entscheiden, ob man mit der App oder dem Webclient beitreten m\u00f6chte.\" class=\"wp-image-8351\" srcset=\"https:\/\/support.alfaview.com\/wp-content\/uploads\/2025\/10\/alfaview_webclient_de-2.png 780w, https:\/\/support.alfaview.com\/wp-content\/uploads\/2025\/10\/alfaview_webclient_de-2-300x168.png 300w, https:\/\/support.alfaview.com\/wp-content\/uploads\/2025\/10\/alfaview_webclient_de-2-768x430.png 768w\" sizes=\"auto, (max-width: 780px) 100vw, 780px\" \/><\/a><figcaption class=\"wp-element-caption\">alfaview-Raum als Gast betreten<\/figcaption><\/figure>\n<\/div><\/div>\n<\/div>\n\n\n\n<div class=\"wp-block-alfaview-callout\">\n<p><strong><strong><strong><strong>Beachten Sie beim ersten Start des Webclients bitte folgende Hinweise<\/strong><\/strong><\/strong><\/strong>:<\/p>\n\n\n\n<ul class=\"wp-block-list\">\n<li>Erteilen Sie Ihrem Internetbrowser die n\u00f6tigen Berechtigungen, damit alfaview auf Ihre Kamera und Ihr Mikrofon zugreifen kann.<\/li>\n\n\n\n<li>F\u00fcr eine Bildschirm\u00fcbertragung auf einem Apple macOS-Ger\u00e4t m\u00fcssen zus\u00e4tzliche Berechtigungen erteilt werden. Sie finden weitere Informationen und eine Anleitung zur Berechtigungsfreigabe unter <a href=\"https:\/\/support.alfaview.com\/de\/miscellaneous\/webclient\/#kamera-mikrofon-und-bedienungshilfen-freigeben-unter-macos\">Kamera, Mikrofon und Bedienungshilfen freigeben unter macOS<\/a>.<\/li>\n<\/ul>\n<\/div>\n\n\n\n<h2 class=\"wp-block-heading\" class=\"wp-block-heading\" id=\"verwendung-mit-benutzerkonto\">Verwendung mit Benutzerkonto<a href=\"https:\/\/support.alfaview.com\/de\/first-steps\/getting-started\/webclient\/#verwendung-mit-benutzerkonto\"><\/a><a href=\"#verwendung-mit-benutzerkonto\" class=\"av-heading-anchor\"><i class=\"bi bi-link\"><\/i><\/a><\/h2>\n\n\n\n<div class=\"wp-block-columns is-layout-flex wp-container-core-columns-is-layout-9d6595d7 wp-block-columns-is-layout-flex\">\n<div class=\"wp-block-column is-layout-flow wp-block-column-is-layout-flow\" style=\"flex-basis:66.66%\">\n<ul class=\"wp-block-list\">\n<li>Melden Sie sich mit Ihrer E-Mailadresse und Ihrem Passwort auf der Startseite des <a href=\"https:\/\/webclient.alfaview.com\/\">Webclients<\/a> an.<\/li>\n\n\n\n<li>Es erscheint nun die Startseite mit Raum- und Meetingliste. Hier sehen Sie alle alfaview-R\u00e4ume, die Sie betreten k\u00f6nnen, sowie die von Ihnen erstellten Meetings.<\/li>\n\n\n\n<li>Um einen alfaview-Raum oder Meetingraum zu betreten, klicken Sie bitte auf die Schaltfl\u00e4che <button class=\"av-button--primary av-button\">Betreten<\/button> hinter dem Raum- oder Meetingnamen.<\/li>\n<\/ul>\n<\/div>\n\n\n\n<div class=\"wp-block-column is-layout-flow wp-block-column-is-layout-flow\" style=\"flex-basis:33.33%\"><div class=\"wp-block-image\">\n<figure class=\"alignright size-full\"><a href=\"https:\/\/support.alfaview.com\/wp-content\/uploads\/2025\/10\/alfaview_webclient-anmelden_de-1.png\"><img loading=\"lazy\" decoding=\"async\" width=\"1000\" height=\"504\" src=\"https:\/\/support.alfaview.com\/wp-content\/uploads\/2025\/10\/alfaview_webclient-anmelden_de-1.png\" alt=\"Anmeldebildschirm im Webclient\" class=\"wp-image-8353\" srcset=\"https:\/\/support.alfaview.com\/wp-content\/uploads\/2025\/10\/alfaview_webclient-anmelden_de-1.png 1000w, https:\/\/support.alfaview.com\/wp-content\/uploads\/2025\/10\/alfaview_webclient-anmelden_de-1-300x151.png 300w, https:\/\/support.alfaview.com\/wp-content\/uploads\/2025\/10\/alfaview_webclient-anmelden_de-1-768x387.png 768w\" sizes=\"auto, (max-width: 1000px) 100vw, 1000px\" \/><\/a><figcaption class=\"wp-element-caption\">Anmeldebildschirm<\/figcaption><\/figure>\n<\/div><\/div>\n<\/div>\n\n\n\n<div class=\"wp-block-alfaview-callout\">\n<p>Alternativ k\u00f6nnen Sie sich auch auf der Verwaltungsseite anmelden. Klicken Sie hier auf der Startseite auf die graue Schaltfl\u00e4che <button class=\"av-button av-button--default\">Mit Browser betreten<\/button>, um zur Raum- und Meetingliste des Webclients zu gelangen.<\/p>\n<\/div>\n\n\n\n<h2 class=\"wp-block-heading\" class=\"wp-block-heading\" id=\"kamera-mikrofon-und-bildschirmuebertragung-freigeben-bei-google-chrome-microsoft-edge-und-firefox\">Kamera, Mikrofon und Bildschirm\u00fcbertragung freigeben bei Google Chrome, Microsoft Edge und Firefox<a href=\"#kamera-mikrofon-und-bildschirmuebertragung-freigeben-bei-google-chrome-microsoft-edge-und-firefox\" class=\"av-heading-anchor\"><i class=\"bi bi-link\"><\/i><\/a><\/h2>\n\n\n\n<div class=\"wp-block-columns is-not-stacked-on-mobile is-layout-flex wp-container-core-columns-is-layout-9d6595d7 wp-block-columns-is-layout-flex\">\n<div class=\"wp-block-column is-layout-flow wp-block-column-is-layout-flow\">\n<p>Beim ersten Start des Webclients wird Ihr Browser den Zugriff auf die Kamera und das Mikrofon anfragen. Bitte best\u00e4tigen Sie diese Anfrage, um alle Funktionen von alfaview nutzen zu k\u00f6nnen.<\/p>\n\n\n\n<p>Bei den Internetbrowsern Google Chrome, Microsoft Edge und Firefox sind keine zus\u00e4tzliche Berechtigungen n\u00f6tig, um eine Bildschirm\u00fcbertragung zu starten.<\/p>\n<\/div>\n\n\n\n<div class=\"wp-block-column is-layout-flow wp-block-column-is-layout-flow\" style=\"flex-basis:250px\"><div class=\"wp-block-image\">\n<figure class=\"alignright size-full\"><a href=\"https:\/\/support.alfaview.com\/wp-content\/uploads\/2025\/10\/alfaview_webclient-kamera-mikrofon-freigabe_de-1.png\"><img loading=\"lazy\" decoding=\"async\" width=\"1000\" height=\"538\" src=\"https:\/\/support.alfaview.com\/wp-content\/uploads\/2025\/10\/alfaview_webclient-kamera-mikrofon-freigabe_de-1.png\" alt=\"Beim ersten Start des Webclients wird der Zugriff auf die Kamera und das Mikrofon angefordert.\" class=\"wp-image-8356\" srcset=\"https:\/\/support.alfaview.com\/wp-content\/uploads\/2025\/10\/alfaview_webclient-kamera-mikrofon-freigabe_de-1.png 1000w, https:\/\/support.alfaview.com\/wp-content\/uploads\/2025\/10\/alfaview_webclient-kamera-mikrofon-freigabe_de-1-300x161.png 300w, https:\/\/support.alfaview.com\/wp-content\/uploads\/2025\/10\/alfaview_webclient-kamera-mikrofon-freigabe_de-1-768x413.png 768w\" sizes=\"auto, (max-width: 1000px) 100vw, 1000px\" \/><\/a><figcaption class=\"wp-element-caption\">Browserberechtigung f\u00fcr Kamera und Mikrofon<\/figcaption><\/figure>\n<\/div><\/div>\n<\/div>\n\n\n\n<h2 class=\"wp-block-heading\" class=\"wp-block-heading\" id=\"kamera-mikrofon-und-bedienungshilfen-freigeben-unter-macos\">Kamera, Mikrofon und Bedienungshilfen freigeben unter macOS<a href=\"#kamera-mikrofon-und-bedienungshilfen-freigeben-unter-macos\" class=\"av-heading-anchor\"><i class=\"bi bi-link\"><\/i><\/a><\/h2>\n\n\n\n<div class=\"wp-block-columns is-not-stacked-on-mobile is-layout-flex wp-container-core-columns-is-layout-9d6595d7 wp-block-columns-is-layout-flex\">\n<div class=\"wp-block-column is-layout-flow wp-block-column-is-layout-flow\">\n<p>Beim ersten Start des Webclients von alfaview unter macOS erscheint eine Aufforderung, den Zugriff auf Kamera und Mikrofon freizugeben. Die Freigabe wird ben\u00f6tigt, um das Kamerabild und den Ton zu den anderen Teilnehmer:innen zu \u00fcbertragen.<\/p>\n\n\n\n<p>Diese Freigaben k\u00f6nnen jederzeit widerrufen werden:<\/p>\n\n\n\n<ul class=\"wp-block-list\">\n<li>Klicken Sie daf\u00fcr in den Systemeinstellungen auf <strong>Datenschutz &amp; Sicherheit<\/strong>.<\/li>\n\n\n\n<li>Dann entweder auf <strong>Kamera<\/strong>, <strong>Mikrofon<\/strong> oder <strong>Aufnahme von Bildschirm &amp; Systemaudio<\/strong> klicken.<\/li>\n\n\n\n<li>Um den Zugriff zu verhindern, muss das Feld neben dem Symbol Ihres pr\u00e4ferierten Browsers deaktiviert werden.<\/li>\n\n\n\n<li>Wird der Zugriff verhindert, erfolgt die Aufforderung den Zugriff wieder zu gestatten erneut, sobald alfaview versucht, die Kamera oder das Mikrofon zu verwenden.<\/li>\n\n\n\n<li>Die Freigabe der Bedienungshilfen wird ben\u00f6tigt, falls die Funktion Push-To-Talk (PTT) verwendet wird. Genau wie die Freigabe f\u00fcr Mikrofon und Kamera kann diese ebenfalls widerrufen werden.<\/li>\n<\/ul>\n<\/div>\n\n\n\n<div class=\"wp-block-column is-layout-flow wp-block-column-is-layout-flow\" style=\"flex-basis:250px\"><div class=\"wp-block-image\">\n<figure class=\"alignright size-full\"><a href=\"https:\/\/support.alfaview.com\/wp-content\/uploads\/2025\/10\/alfaview_mac-systemeinstellungen-kamera_de-1.png\"><img loading=\"lazy\" decoding=\"async\" width=\"780\" height=\"577\" src=\"https:\/\/support.alfaview.com\/wp-content\/uploads\/2025\/10\/alfaview_mac-systemeinstellungen-kamera_de-1.png\" alt=\"Unter macOS kann alfaview die Berechtigung zur Nutzung von Kamera und Mikrofon in den Systemeinstellungen entzogen werden.\" class=\"wp-image-8361\" srcset=\"https:\/\/support.alfaview.com\/wp-content\/uploads\/2025\/10\/alfaview_mac-systemeinstellungen-kamera_de-1.png 780w, https:\/\/support.alfaview.com\/wp-content\/uploads\/2025\/10\/alfaview_mac-systemeinstellungen-kamera_de-1-300x222.png 300w, https:\/\/support.alfaview.com\/wp-content\/uploads\/2025\/10\/alfaview_mac-systemeinstellungen-kamera_de-1-768x568.png 768w\" sizes=\"auto, (max-width: 780px) 100vw, 780px\" \/><\/a><figcaption class=\"wp-element-caption\">Kamerazugriff freigeben unter macOS<\/figcaption><\/figure>\n<\/div>\n\n<div class=\"wp-block-image\">\n<figure class=\"alignright size-full\"><a href=\"https:\/\/support.alfaview.com\/wp-content\/uploads\/2025\/10\/alfaview_systemeinstellungen-bildschirmfreigabe_de-2.png\"><img loading=\"lazy\" decoding=\"async\" width=\"780\" height=\"577\" src=\"https:\/\/support.alfaview.com\/wp-content\/uploads\/2025\/10\/alfaview_systemeinstellungen-bildschirmfreigabe_de-2.png\" alt=\"Unter macOS kann alfaview die Berechtigung zur Nutzung der Bildschirmfreigabe in den Systemeinstellungen entzogen bzw. gegeben werden.\" class=\"wp-image-8367\" srcset=\"https:\/\/support.alfaview.com\/wp-content\/uploads\/2025\/10\/alfaview_systemeinstellungen-bildschirmfreigabe_de-2.png 780w, https:\/\/support.alfaview.com\/wp-content\/uploads\/2025\/10\/alfaview_systemeinstellungen-bildschirmfreigabe_de-2-300x222.png 300w, https:\/\/support.alfaview.com\/wp-content\/uploads\/2025\/10\/alfaview_systemeinstellungen-bildschirmfreigabe_de-2-768x568.png 768w\" sizes=\"auto, (max-width: 780px) 100vw, 780px\" \/><\/a><figcaption class=\"wp-element-caption\">Systemeinstellungen zur Bildschirmfreigabe unter macOS<\/figcaption><\/figure>\n<\/div><\/div>\n<\/div>\n","protected":false},"excerpt":{"rendered":"<p>Betreten Sie alfaview-R\u00e4ume, ohne die App zu installieren.<br \/>\nDiese Funktion muss von Raumadministrator:innen freigeschaltet werden.<\/p>\n","protected":false},"author":2,"featured_media":0,"parent":1612,"menu_order":5,"comment_status":"closed","ping_status":"closed","template":"","meta":{"footnotes":""},"class_list":["post-328","page","type-page","status-publish","hentry"],"_links":{"self":[{"href":"https:\/\/support.alfaview.com\/de\/wp-json\/wp\/v2\/pages\/328","targetHints":{"allow":["GET"]}}],"collection":[{"href":"https:\/\/support.alfaview.com\/de\/wp-json\/wp\/v2\/pages"}],"about":[{"href":"https:\/\/support.alfaview.com\/de\/wp-json\/wp\/v2\/types\/page"}],"author":[{"embeddable":true,"href":"https:\/\/support.alfaview.com\/de\/wp-json\/wp\/v2\/users\/2"}],"replies":[{"embeddable":true,"href":"https:\/\/support.alfaview.com\/de\/wp-json\/wp\/v2\/comments?post=328"}],"version-history":[{"count":2,"href":"https:\/\/support.alfaview.com\/de\/wp-json\/wp\/v2\/pages\/328\/revisions"}],"predecessor-version":[{"id":11541,"href":"https:\/\/support.alfaview.com\/de\/wp-json\/wp\/v2\/pages\/328\/revisions\/11541"}],"up":[{"embeddable":true,"href":"https:\/\/support.alfaview.com\/de\/wp-json\/wp\/v2\/pages\/1612"}],"wp:attachment":[{"href":"https:\/\/support.alfaview.com\/de\/wp-json\/wp\/v2\/media?parent=328"}],"curies":[{"name":"wp","href":"https:\/\/api.w.org\/{rel}","templated":true}]}}