{"id":359,"date":"2023-10-12T08:34:34","date_gmt":"2023-10-12T08:34:34","guid":{"rendered":"https:\/\/support.alfaview.com\/?page_id=359"},"modified":"2026-03-26T08:07:37","modified_gmt":"2026-03-26T08:07:37","slug":"signup-and-login","status":"publish","type":"page","link":"https:\/\/support.alfaview.com\/de\/first-steps\/signup-and-login\/","title":{"rendered":"Registrierung und Anmeldung"},"content":{"rendered":"\n<ul class=\"wp-block-list\">\n<li><a href=\"https:\/\/support.alfaview.com\/de\/first-steps\/signup-and-login\/#alfaview-fuer-unternehmen-non-profit-bildung-und-events\">alfaview f\u00fcr Unternehmen, Non-Profit, Bildung und Events<\/a><\/li>\n\n\n\n<li><a href=\"https:\/\/support.alfaview.com\/de\/first-steps\/signup-and-login\/#alfaview-fuer-privatpersonen\">alfaview f\u00fcr Privatpersonen<\/a><a href=\"https:\/\/support.alfaview.com\/de\/first-steps\/getting-started\/signup-and-login\/#alfaview-fuer-privatpersonen\"><\/a><\/li>\n\n\n\n<li><a href=\"https:\/\/support.alfaview.com\/de\/first-steps\/signup-and-login\/#anmeldung-als-benutzerin\">Anmeldung als Benutzer:in<\/a><a href=\"https:\/\/support.alfaview.com\/de\/first-steps\/getting-started\/signup-and-login\/#anmeldung-als-benutzer\"><\/a><a href=\"https:\/\/support.alfaview.com\/de\/first-steps\/getting-started\/signup-and-login\/#anmeldung-als-benutzerin\"><\/a><\/li>\n\n\n\n<li><a href=\"https:\/\/support.alfaview.com\/de\/first-steps\/signup-and-login\/#anmeldung-mit-einladungslink\">Anmeldung mit Einladungslink<\/a><a href=\"https:\/\/support.alfaview.com\/de\/first-steps\/getting-started\/signup-and-login\/#anmeldung-als-gast\"><\/a><a href=\"https:\/\/support.alfaview.com\/de\/first-steps\/getting-started\/signup-and-login\/#anmeldung-mit-einladungslink\"><\/a><\/li>\n<\/ul>\n\n\n\n<h2 class=\"wp-block-heading\" class=\"wp-block-heading\" id=\"alfaview-fuer-unternehmen-non-profit-bildung-und-events\">alfaview f\u00fcr Unternehmen, Non-Profit, Bildung und Events<a href=\"#alfaview-fuer-unternehmen-non-profit-bildung-und-events\" class=\"av-heading-anchor\"><i class=\"bi bi-link\"><\/i><\/a><\/h2>\n\n\n\n<p>Nutzen Sie alfaview im professionellen Umfeld, um gemeinsam zu arbeiten, zu lernen oder Meetings abzuhalten. Laden Sie dazu weitere Benutzer:innen sowie G\u00e4ste in Ihre alfaview-Company ein.<\/p>\n\n\n\n<h3 class=\"wp-block-heading\" class=\"wp-block-heading\" id=\"company-buchen\">Company buchen<a href=\"#company-buchen\" class=\"av-heading-anchor\"><i class=\"bi bi-link\"><\/i><\/a><\/h3>\n\n\n\n<p>Nutzen Sie den&nbsp;<a href=\"https:\/\/alfaview.com\/de\/pricing\/\">Tarifrechner<\/a>&nbsp;auf der alfaview-Webseite, um eine alfaview-Company zu buchen, die auf Ihre W\u00fcnsche und Anforderungen zugeschnitten ist.<\/p>\n\n\n\n<ul class=\"wp-block-list\">\n<li>Sobald Ihre Company vom alfaview-Team angelegt wurde, erhalten Sie eine E-Mail mit einem Link, \u00fcber den Sie ein Passwort f\u00fcr Ihr Benutzerkonto erstellen k\u00f6nnen.<\/li>\n\n\n\n<li>Melden Sie sich mit Ihrer E-Mail-Adresse und Ihrem Passwort in der alfaview-App, im Webclient sowie auf der alfaview-Verwaltungsoberfl\u00e4che an. Sie k\u00f6nnen nun weitere&nbsp;<a href=\"https:\/\/support.alfaview.com\/de\/administration\/user-management\/invite-user\/\">Benutzer:innen anlegen<\/a>,&nbsp;<a href=\"https:\/\/support.alfaview.com\/de\/administration\/room-management\/guest-link\/\">G\u00e4ste einladen<\/a>&nbsp;und Ihre&nbsp;<a href=\"https:\/\/support.alfaview.com\/de\/administration\/room-management\/\">alfaview-R\u00e4ume konfigurieren<\/a>.<\/li>\n\n\n\n<li>Wenn Sie Ihren bestehenden Tarif \u00e4ndern m\u00f6chten, wenden Sie sich bitte an Ihren Kundenberater, Ihre Kundenberaterin oder das <a href=\"https:\/\/alfaview.com\/de\/contact\/\">alfaview-Team<\/a>.<\/li>\n<\/ul>\n\n\n\n<h2 class=\"wp-block-heading\" class=\"wp-block-heading\" id=\"alfaview-fuer-privatpersonen\">alfaview f\u00fcr Privatpersonen<a href=\"https:\/\/support.alfaview.com\/de\/first-steps\/getting-started\/signup-and-login\/#anmeldung-als-benutzer\"><\/a><a href=\"#alfaview-fuer-privatpersonen\" class=\"av-heading-anchor\"><i class=\"bi bi-link\"><\/i><\/a><\/h2>\n\n\n\n<p>Als Privatperson k\u00f6nnen Sie alfaview mit dem <strong>Tarif Free<\/strong> dauerhaft kostenlos nutzen. Mit der Registrierung erhalten Sie ein Benutzerkonto sowie eine eigene Company mit einem alfaview-Raum. Sie k\u00f6nnen <a href=\"https:\/\/support.alfaview.com\/de\/administration\/meetings\/\">Meetings erstellen<\/a>, <a href=\"https:\/\/support.alfaview.com\/de\/administration\/user-management\/invite-user\/\">Benutzer:innen zu Ihrer Company hinzuf\u00fcgen<\/a> und <a href=\"https:\/\/support.alfaview.com\/de\/administration\/room-management\/guest-link\/\">G\u00e4ste einladen<\/a>. Bitte beachten Sie, dass dieser kostenlose Tarif nur f\u00fcr den privaten Gebrauch zur Verf\u00fcgung steht.<\/p>\n\n\n\n<div class=\"wp-block-columns is-layout-flex wp-container-core-columns-is-layout-9d6595d7 wp-block-columns-is-layout-flex\">\n<div class=\"wp-block-column is-layout-flow wp-block-column-is-layout-flow\" style=\"flex-basis:66.66%\">\n<ul class=\"wp-block-list\">\n<li>\u00d6ffnen Sie die <a href=\"https:\/\/alfaview.com\/de\/pricing\/\">Tarifseite<\/a> auf der alfaview-Webseite.<\/li>\n\n\n\n<li>Wechseln Sie in den Reiter <strong>Privat<\/strong>.<\/li>\n\n\n\n<li>Klicken Sie auf die Schaltfl\u00e4che <button class=\"av-button av-button--primary\">Jetzt kostenlos registrieren<\/button>.<\/li>\n\n\n\n<li>Sie gelangen nun zum Registrierungsformular.<\/li>\n<\/ul>\n\n\n\n<p>Erstellen Sie nun Ihre eigene Company mit dem dazugeh\u00f6rigen Benutzerkonto.<\/p>\n\n\n\n<ul class=\"wp-block-list\">\n<li>Klicken Sie in das Eingabefeld <strong>Name der alfaview-Company<\/strong>, um Ihrer alfaview-Company einen Namen zu geben.<\/li>\n\n\n\n<li>Geben Sie anschlie\u00dfend in den folgenden Eingabefeldern Ihre E-Mail-Adresse sowie Ihren Vor- und Nachnamen ein.<\/li>\n<\/ul>\n<\/div>\n\n\n\n<div class=\"wp-block-column is-layout-flow wp-block-column-is-layout-flow\" style=\"flex-basis:33.33%\"><div class=\"wp-block-image\">\n<figure class=\"alignright size-full\"><a href=\"https:\/\/support.alfaview.com\/wp-content\/uploads\/2025\/11\/alfaview_free-company-erstellen_de.png\"><img loading=\"lazy\" decoding=\"async\" width=\"400\" height=\"435\" src=\"https:\/\/support.alfaview.com\/wp-content\/uploads\/2025\/11\/alfaview_free-company-erstellen_de.png\" alt=\"Registrierungsseite des alfaview-Kontos f\u00fcr Privatpersonen\" class=\"wp-image-10158\" srcset=\"https:\/\/support.alfaview.com\/wp-content\/uploads\/2025\/11\/alfaview_free-company-erstellen_de.png 400w, https:\/\/support.alfaview.com\/wp-content\/uploads\/2025\/11\/alfaview_free-company-erstellen_de-276x300.png 276w\" sizes=\"auto, (max-width: 400px) 100vw, 400px\" \/><\/a><figcaption class=\"wp-element-caption\">Nutzen Sie alfaview als Privatperson kostenlos<\/figcaption><\/figure>\n<\/div><\/div>\n<\/div>\n\n\n\n<div class=\"wp-block-alfaview-callout\">\n<p><strong><strong>Bitte beachten Sie, dass diese E-Mail-Adresse fest mit Ihrer alfaview-Company verkn\u00fcpft ist und eine nachtr\u00e4gliche \u00c4nderung der E-Mail-Adresse nicht m\u00f6glich ist.<\/strong><\/strong><\/p>\n<\/div>\n\n\n\n<ul class=\"wp-block-list\">\n<li>Klicken Sie auf die Schaltfl\u00e4che <button class=\"av-button--primary av-button\">Company erstellen<\/button>, um die Registrierung abzuschlie\u00dfen.<\/li>\n<\/ul>\n\n\n\n<h2 class=\"wp-block-heading\" class=\"wp-block-heading\" id=\"anmeldung-als-benutzerin\">Anmeldung als Benutzer:in<a href=\"https:\/\/support.alfaview.com\/de\/first-steps\/getting-started\/signup-and-login\/#anmeldung-als-gast\"><\/a><a href=\"#anmeldung-als-benutzerin\" class=\"av-heading-anchor\"><i class=\"bi bi-link\"><\/i><\/a><\/h2>\n\n\n\n<p>Benutzer:innen erhalten ein eigenes Benutzerkonto, das einer oder mehreren Companys zugeordnet ist. Sie k\u00f6nnen sich mit diesem Benutzerkonto in der alfaview-App, dem Webclient sowie der Verwaltungsoberfl\u00e4che anmelden. In der Verwaltung k\u00f6nnen Sie Einstellungen am eigenen Profil vornehmen und alle alfaview-R\u00e4ume, f\u00fcr die Sie eine Berechtigung haben, betreten.<\/p>\n\n\n\n<div class=\"wp-block-columns is-layout-flex wp-container-core-columns-is-layout-9d6595d7 wp-block-columns-is-layout-flex\">\n<div class=\"wp-block-column is-layout-flow wp-block-column-is-layout-flow\" style=\"flex-basis:66.66%\">\n<ul class=\"wp-block-list\">\n<li>Geben Sie beim ersten Start der alfaview-App Ihre Benutzerdaten ein. Die Anmeldung wird dauerhaft gespeichert und ist nur erforderlich, wenn Sie sich explizit abmelden.<\/li>\n\n\n\n<li>Das <a href=\"https:\/\/support.alfaview.com\/de\/administration\/general\/personal-profile\/\">Benutzerprofil<\/a> kann \u00fcber die <a href=\"https:\/\/app.alfaview.com\/#\/login\">Verwaltungsoberfl\u00e4che<\/a> aktualisiert werden.<\/li>\n<\/ul>\n<\/div>\n\n\n\n<div class=\"wp-block-column is-layout-flow wp-block-column-is-layout-flow\" style=\"flex-basis:33.33%\"><div class=\"wp-block-image\">\n<figure class=\"alignright size-full\"><a href=\"https:\/\/support.alfaview.com\/wp-content\/uploads\/2025\/11\/alfaview_login-app_de.png\"><img loading=\"lazy\" decoding=\"async\" width=\"1000\" height=\"536\" src=\"https:\/\/support.alfaview.com\/wp-content\/uploads\/2025\/11\/alfaview_login-app_de.png\" alt=\"Anmeldungsseite der alfaview-App.\" class=\"wp-image-8689\" srcset=\"https:\/\/support.alfaview.com\/wp-content\/uploads\/2025\/11\/alfaview_login-app_de.png 1000w, https:\/\/support.alfaview.com\/wp-content\/uploads\/2025\/11\/alfaview_login-app_de-300x161.png 300w, https:\/\/support.alfaview.com\/wp-content\/uploads\/2025\/11\/alfaview_login-app_de-768x412.png 768w\" sizes=\"auto, (max-width: 1000px) 100vw, 1000px\" \/><\/a><figcaption class=\"wp-element-caption\">Anmeldung in der alfaview-App <\/figcaption><\/figure>\n<\/div><\/div>\n<\/div>\n\n\n\n<h2 class=\"wp-block-heading\" class=\"wp-block-heading\" id=\"anmeldung-mit-einladungslink\">Anmeldung mit Einladungslink<a href=\"#anmeldung-mit-einladungslink\" class=\"av-heading-anchor\"><i class=\"bi bi-link\"><\/i><\/a><\/h2>\n\n\n\n<p>Sie besitzen als Gast kein eigenes Benutzerkonto. Stattdessen betreten Sie den alfaview-Raum \u00fcber den Einladungslink, der Ihnen geschickt wurde.<\/p>\n\n\n\n<div class=\"wp-block-columns is-layout-flex wp-container-core-columns-is-layout-9d6595d7 wp-block-columns-is-layout-flex\">\n<div class=\"wp-block-column is-layout-flow wp-block-column-is-layout-flow\" style=\"flex-basis:66.66%\">\n<ul class=\"wp-block-list\">\n<li>Klicken Sie auf den Einladungslink. Alternativ k\u00f6nnen Sie den kompletten Link kopieren und in die Adresszeile Ihres Internetbrowsers einf\u00fcgen.<\/li>\n\n\n\n<li>Falls Ihr Name nicht bereits eingetragen ist, klicken Sie in das Eingabefeld <strong>Ihr Name<\/strong>. Geben Sie Ihren Namen ein.<\/li>\n\n\n\n<li>Klicken Sie auf die Schaltfl\u00e4che <button class=\"av-button av-button--primary\">Mit alfaview-App betreten<\/button>, um den Raum in der App zu betreten. Alternativ k\u00f6nnen Sie den Raum auch \u00fcber den Webclient von alfaview betreten. Klicken Sie daf\u00fcr auf die Schaltfl\u00e4che <button class=\"av-button av-button--default\">Mit Browser betreten<\/button>.<\/li>\n<\/ul>\n<\/div>\n\n\n\n<div class=\"wp-block-column is-layout-flow wp-block-column-is-layout-flow\" style=\"flex-basis:33.33%\"><div class=\"wp-block-image\">\n<figure class=\"alignright size-full\"><a href=\"https:\/\/support.alfaview.com\/wp-content\/uploads\/2025\/11\/alfaview_meetingeinladung-beitreten_de.png\"><img loading=\"lazy\" decoding=\"async\" width=\"780\" height=\"444\" src=\"https:\/\/support.alfaview.com\/wp-content\/uploads\/2025\/11\/alfaview_meetingeinladung-beitreten_de.png\" alt=\"Den Raum als Gast betreten. Hier kann der Name eingetragen sowie entschieden werden, ob man \u00fcber die App oder den Webclient beitreten m\u00f6chte.\" class=\"wp-image-8691\" srcset=\"https:\/\/support.alfaview.com\/wp-content\/uploads\/2025\/11\/alfaview_meetingeinladung-beitreten_de.png 780w, https:\/\/support.alfaview.com\/wp-content\/uploads\/2025\/11\/alfaview_meetingeinladung-beitreten_de-300x171.png 300w, https:\/\/support.alfaview.com\/wp-content\/uploads\/2025\/11\/alfaview_meetingeinladung-beitreten_de-768x437.png 768w\" sizes=\"auto, (max-width: 780px) 100vw, 780px\" \/><\/a><figcaption class=\"wp-element-caption\">alfaview-Raum als Gast betreten<\/figcaption><\/figure>\n<\/div><\/div>\n<\/div>\n\n\n\n<div class=\"wp-block-alfaview-callout\">\n<p>Wir empfehlen die Nutzung der alfaview-App, da der Zugang \u00fcber den Internetbrowser von der Raumadministration deaktiviert werden kann. Auch bei mobilen Endger\u00e4ten ist ein Beitritt \u00fcber den Internetbrowser nicht m\u00f6glich.<\/p>\n<\/div>\n","protected":false},"excerpt":{"rendered":"<p>alfaview f\u00fcr Unternehmen, Non-Profit, Bildung und Events alfaview f\u00fcr Privatpersonen Anmeldung als Benutzer:in Anmeldung mit Einladungslink alfaview f\u00fcr Unternehmen, Non-Profit, Bildung und Events Nutzen Sie alfaview im professionellen Umfeld, um gemeinsam zu arbeiten, zu lernen [&hellip;]<\/p>\n","protected":false},"author":2,"featured_media":0,"parent":66,"menu_order":25,"comment_status":"closed","ping_status":"closed","template":"","meta":{"footnotes":""},"class_list":["post-359","page","type-page","status-publish","hentry"],"_links":{"self":[{"href":"https:\/\/support.alfaview.com\/de\/wp-json\/wp\/v2\/pages\/359","targetHints":{"allow":["GET"]}}],"collection":[{"href":"https:\/\/support.alfaview.com\/de\/wp-json\/wp\/v2\/pages"}],"about":[{"href":"https:\/\/support.alfaview.com\/de\/wp-json\/wp\/v2\/types\/page"}],"author":[{"embeddable":true,"href":"https:\/\/support.alfaview.com\/de\/wp-json\/wp\/v2\/users\/2"}],"replies":[{"embeddable":true,"href":"https:\/\/support.alfaview.com\/de\/wp-json\/wp\/v2\/comments?post=359"}],"version-history":[{"count":1,"href":"https:\/\/support.alfaview.com\/de\/wp-json\/wp\/v2\/pages\/359\/revisions"}],"predecessor-version":[{"id":10999,"href":"https:\/\/support.alfaview.com\/de\/wp-json\/wp\/v2\/pages\/359\/revisions\/10999"}],"up":[{"embeddable":true,"href":"https:\/\/support.alfaview.com\/de\/wp-json\/wp\/v2\/pages\/66"}],"wp:attachment":[{"href":"https:\/\/support.alfaview.com\/de\/wp-json\/wp\/v2\/media?parent=359"}],"curies":[{"name":"wp","href":"https:\/\/api.w.org\/{rel}","templated":true}]}}