{"id":427,"date":"2023-10-13T06:28:53","date_gmt":"2023-10-13T06:28:53","guid":{"rendered":"https:\/\/support.alfaview.com\/?page_id=427"},"modified":"2026-03-26T08:01:51","modified_gmt":"2026-03-26T08:01:51","slug":"updates","status":"publish","type":"page","link":"https:\/\/support.alfaview.com\/de\/first-steps\/updates\/","title":{"rendered":"Updates"},"content":{"rendered":"\n<p>Sobald eine neue Version verf\u00fcgbar ist, erscheint beim Start von alfaview ein entsprechender Hinweis.<\/p>\n\n\n\n<div class=\"wp-block-columns is-layout-flex wp-container-core-columns-is-layout-9d6595d7 wp-block-columns-is-layout-flex\">\n<div class=\"wp-block-column is-layout-flow wp-block-column-is-layout-flow\" style=\"flex-basis:66.66%\">\n<ul class=\"wp-block-list\">\n<li>Klicken Sie auf die Schaltfl\u00e4che <button class=\"av-button--primary av-button\">Update installieren<\/button>, um den Vorgang zu starten.\n<ul class=\"wp-block-list\">\n<li><strong>Microsoft Windows:<\/strong> Die Anwendung wird automatisch beendet, aktualisiert und neu gestartet.<\/li>\n\n\n\n<li><strong>Apple macOS<\/strong>: Die Anwendung wird automatisch beendet und das Installationsfenster wird ge\u00f6ffnet. Folgen Sie den Anweisungen, um die Installation durchzuf\u00fchren. Sobald die aktuelle Version installiert wurde, wird alfaview gestartet.<\/li>\n\n\n\n<li><strong>Linux: <\/strong>Die Anwendung <strong>wird nicht automatisch aktualisiert<\/strong>. Um immer die aktuelle Version zu nutzen, besuchen Sie bitte regelm\u00e4\u00dfig die <a href=\"https:\/\/alfaview.com\/de\/download\" data-type=\"link\" data-id=\"https:\/\/alfaview.com\/de\/download\">Download-Seite<\/a> und folgen Sie den <a href=\"https:\/\/support.alfaview.com\/de\/first-steps\/installation-linux-mobile\/\" data-type=\"link\" data-id=\"https:\/\/support.alfaview.com\/de\/first-steps\/your-start-in-alfaview\/installation-linux-mobile\/\">Anweisungen zur Installation<\/a> f\u00fcr Linux-Systeme.<\/li>\n<\/ul>\n<\/li>\n<\/ul>\n<\/div>\n\n\n\n<div class=\"wp-block-column is-layout-flow wp-block-column-is-layout-flow\" style=\"flex-basis:33.33%\"><div class=\"wp-block-image\">\n<figure class=\"alignright size-full\"><a href=\"https:\/\/support.alfaview.com\/wp-content\/uploads\/2025\/11\/alfaview_update_app_de.png\"><img loading=\"lazy\" decoding=\"async\" width=\"400\" height=\"349\" src=\"https:\/\/support.alfaview.com\/wp-content\/uploads\/2025\/11\/alfaview_update_app_de.png\" alt=\"Das Update-Fenster von alfaview. Sobald eine neue Version verf\u00fcgbar ist, \u00f6ffnet es sich beim Start der App. Sie k\u00f6nnen das Update installieren oder \u00fcberspringen.\" class=\"wp-image-8696\" srcset=\"https:\/\/support.alfaview.com\/wp-content\/uploads\/2025\/11\/alfaview_update_app_de.png 400w, https:\/\/support.alfaview.com\/wp-content\/uploads\/2025\/11\/alfaview_update_app_de-300x262.png 300w\" sizes=\"auto, (max-width: 400px) 100vw, 400px\" \/><\/a><figcaption class=\"wp-element-caption\">Neue Version verf\u00fcgbar <\/figcaption><\/figure>\n<\/div><\/div>\n<\/div>\n\n\n\n<div class=\"wp-block-alfaview-callout\">\n<p>Bei optionalen Updates (z. B. eine neue Beta-Version) besteht die M\u00f6glichkeit den Vorgang zu \u00fcberspringen. Detaillierte Informationen zu den Inhalten der Updates finden Sie auf der Seite <a href=\"https:\/\/support.alfaview.com\/de\/release-notes\/\">Versionshinweise<\/a>.<\/p>\n<\/div>\n\n\n\n<h2 class=\"wp-block-heading\" class=\"wp-block-heading\" id=\"updates-auf-mobilen-endgeraeten\">Updates auf mobilen Endger\u00e4ten<a href=\"#updates-auf-mobilen-endgeraeten\" class=\"av-heading-anchor\"><i class=\"bi bi-link\"><\/i><\/a><\/h2>\n\n\n\n<p>Um die alfaview-App auf dem neuesten Stand zu halten, k\u00f6nnen Sie die automatischen Updates in den Einstellungen Ihres Ger\u00e4ts aktivieren oder die Apps manuell \u00fcber den jeweiligen App Store aktualisieren. <\/p>\n\n\n\n<h3 class=\"wp-block-heading\" class=\"wp-block-heading\" id=\"android\">Android<a href=\"#android\" class=\"av-heading-anchor\"><i class=\"bi bi-link\"><\/i><\/a><\/h3>\n\n\n\n<ul class=\"wp-block-list\">\n<li><strong>Automatische Updates:<\/strong>\n<ul class=\"wp-block-list\">\n<li>\u00d6ffnen Sie den Google Play Store.<\/li>\n\n\n\n<li>Tippen Sie auf Ihr Profilsymbol (rechts oben).<\/li>\n\n\n\n<li>W\u00e4hlen Sie &#8222;Apps und Ger\u00e4te verwalten&#8220;.<\/li>\n\n\n\n<li>Gehen Sie auf den Reiter &#8222;Verwalten&#8220;.<\/li>\n\n\n\n<li>Tippen Sie in der App-Liste auf alfaview. <\/li>\n\n\n\n<li>\u00d6ffnen Sie mit einem Tippen das 3-Punkt-Men\u00fc (oben rechts) und setzen Sie ein H\u00e4kchen neben &#8222;Autom. Updates an&#8220;.<br><\/li>\n<\/ul>\n<\/li>\n\n\n\n<li><strong>Manuelle Updates:<\/strong>\n<ul class=\"wp-block-list\">\n<li>\u00d6ffnen Sie den Google Play Store.<\/li>\n\n\n\n<li>Tippen Sie auf Ihr Profilsymbol (rechts oben).<\/li>\n\n\n\n<li>W\u00e4hlen Sie &#8222;Apps und Ger\u00e4te verwalten&#8220;.<\/li>\n\n\n\n<li>Tippen Sie neben der alfaview-App auf &#8222;Aktualisieren&#8220;.<\/li>\n<\/ul>\n<\/li>\n<\/ul>\n\n\n\n<h3 class=\"wp-block-heading\" class=\"wp-block-heading\" id=\"apple-ios\">Apple iOS<a href=\"#apple-ios\" class=\"av-heading-anchor\"><i class=\"bi bi-link\"><\/i><\/a><\/h3>\n\n\n\n<ul class=\"wp-block-list\">\n<li><strong>Automatische Updates:<\/strong>\n<ul class=\"wp-block-list\">\n<li>\u00d6ffnen Sie die Einstellungen.<\/li>\n\n\n\n<li>W\u00e4hlen Sie &#8222;App Store&#8220;.<\/li>\n\n\n\n<li>Aktivieren Sie die Option &#8222;Apps automatisch aktualisieren&#8220;.<br><\/li>\n<\/ul>\n<\/li>\n\n\n\n<li><strong>Manuelle Updates:<\/strong>\n<ul class=\"wp-block-list\">\n<li>\u00d6ffnen Sie den App Store.<\/li>\n\n\n\n<li>Tippen Sie auf Ihr Profilsymbol.<\/li>\n\n\n\n<li>Scrollen Sie nach unten, um ausstehende Updates anzuzeigen.<\/li>\n\n\n\n<li>Tippen Sie neben der alfaview-App auf &#8222;Aktualisieren&#8220;.<\/li>\n<\/ul>\n<\/li>\n<\/ul>\n","protected":false},"excerpt":{"rendered":"<p>Erfahren Sie, wie Sie neue Updates installieren k\u00f6nnen, sobald sie verf\u00fcgbar sind.<\/p>\n","protected":false},"author":2,"featured_media":0,"parent":66,"menu_order":20,"comment_status":"closed","ping_status":"closed","template":"","meta":{"footnotes":""},"class_list":["post-427","page","type-page","status-publish","hentry"],"_links":{"self":[{"href":"https:\/\/support.alfaview.com\/de\/wp-json\/wp\/v2\/pages\/427","targetHints":{"allow":["GET"]}}],"collection":[{"href":"https:\/\/support.alfaview.com\/de\/wp-json\/wp\/v2\/pages"}],"about":[{"href":"https:\/\/support.alfaview.com\/de\/wp-json\/wp\/v2\/types\/page"}],"author":[{"embeddable":true,"href":"https:\/\/support.alfaview.com\/de\/wp-json\/wp\/v2\/users\/2"}],"replies":[{"embeddable":true,"href":"https:\/\/support.alfaview.com\/de\/wp-json\/wp\/v2\/comments?post=427"}],"version-history":[{"count":1,"href":"https:\/\/support.alfaview.com\/de\/wp-json\/wp\/v2\/pages\/427\/revisions"}],"predecessor-version":[{"id":10998,"href":"https:\/\/support.alfaview.com\/de\/wp-json\/wp\/v2\/pages\/427\/revisions\/10998"}],"up":[{"embeddable":true,"href":"https:\/\/support.alfaview.com\/de\/wp-json\/wp\/v2\/pages\/66"}],"wp:attachment":[{"href":"https:\/\/support.alfaview.com\/de\/wp-json\/wp\/v2\/media?parent=427"}],"curies":[{"name":"wp","href":"https:\/\/api.w.org\/{rel}","templated":true}]}}