{"id":475,"date":"2023-10-13T06:59:36","date_gmt":"2023-10-13T06:59:36","guid":{"rendered":"https:\/\/support.alfaview.com\/?page_id=475"},"modified":"2026-04-01T09:10:37","modified_gmt":"2026-04-01T09:10:37","slug":"adminstration-interface","status":"publish","type":"page","link":"https:\/\/support.alfaview.com\/de\/administration\/general\/adminstration-interface\/","title":{"rendered":"Verwaltungsoberfl\u00e4che"},"content":{"rendered":"\n<div class=\"wp-block-columns is-layout-flex wp-container-core-columns-is-layout-9d6595d7 wp-block-columns-is-layout-flex\">\n<div class=\"wp-block-column is-layout-flow wp-block-column-is-layout-flow\" style=\"flex-basis:66.66%\">\n<p>\u00dcber die Administrationsoberfl\u00e4che k\u00f6nnen Sie alfaview an Ihre Strukturen anpassen. Sie k\u00f6nnen Ihre <a href=\"\/de\/administration\/account-management\/\">Company<\/a>, Ihr <a href=\"https:\/\/support.alfaview.com\/de\/administration\/general\/personal-profile\/\">Profil<\/a>, Ihre <a href=\"https:\/\/support.alfaview.com\/de\/administration\/room-management\/\">R\u00e4ume<\/a> und <a href=\"https:\/\/support.alfaview.com\/de\/administration\/meetings\/\">Meetings<\/a> verwalten sowie <a href=\"https:\/\/support.alfaview.com\/de\/administration\/user-management\/\">Benutzer:innen<\/a> und <a href=\"https:\/\/support.alfaview.com\/de\/administration\/room-management\/guest-link\/\">G\u00e4ste<\/a> einladen und verwalten.<\/p>\n\n\n\n<p>Melden Sie sich daf\u00fcr auf der <a href=\"https:\/\/app.alfaview.com\/login\">Verwaltungsoberfl\u00e4che<\/a> an.<\/p>\n<\/div>\n\n\n\n<div class=\"wp-block-column is-layout-flow wp-block-column-is-layout-flow\" style=\"flex-basis:33.33%\"><div class=\"wp-block-image\">\n<figure class=\"alignright size-full\"><a href=\"https:\/\/support.alfaview.com\/wp-content\/uploads\/2026\/04\/alfaview_verwaltung_de.png\"><img loading=\"lazy\" decoding=\"async\" width=\"1000\" height=\"538\" src=\"https:\/\/support.alfaview.com\/wp-content\/uploads\/2026\/04\/alfaview_verwaltung_de.png\" alt=\"Die Verwaltungsoberfl\u00e4che von alfaview.\" class=\"wp-image-11284\" srcset=\"https:\/\/support.alfaview.com\/wp-content\/uploads\/2026\/04\/alfaview_verwaltung_de.png 1000w, https:\/\/support.alfaview.com\/wp-content\/uploads\/2026\/04\/alfaview_verwaltung_de-300x161.png 300w, https:\/\/support.alfaview.com\/wp-content\/uploads\/2026\/04\/alfaview_verwaltung_de-768x413.png 768w\" sizes=\"auto, (max-width: 1000px) 100vw, 1000px\" \/><\/a><figcaption class=\"wp-element-caption\">Verwaltungsoberfl\u00e4che<\/figcaption><\/figure>\n<\/div><\/div>\n<\/div>\n\n\n\n<div class=\"wp-block-alfaview-callout\">\n<p><strong>Company wechseln:<\/strong><br>Falls Sie mit Ihrer Email-Adresse in mehreren Companys angelegt sind, k\u00f6nnen Sie unten links im Men\u00fc zwischen den verschiedenen <a href=\"https:\/\/support.alfaview.com\/de\/alfaview-app\/home-screen\/switching-accounts\/\">Companys wechseln<\/a>.<\/p>\n<\/div>\n","protected":false},"excerpt":{"rendered":"<p>Die Verwaltungsoberfl\u00e4che im Webbrowser erm\u00f6glicht es Ihnen, alfaview an Ihre Strukturen anzupassen.<br \/>\nPassen Sie Ihr pers\u00f6nliches Profil an und verwalten Sie Ihre Company, R\u00e4ume und Meetings. Sie k\u00f6nnen hier auch neue Benutzer:innen und G\u00e4ste einladen und verwalten.<\/p>\n","protected":false},"author":3,"featured_media":0,"parent":466,"menu_order":0,"comment_status":"closed","ping_status":"closed","template":"","meta":{"footnotes":""},"class_list":["post-475","page","type-page","status-publish","hentry"],"_links":{"self":[{"href":"https:\/\/support.alfaview.com\/de\/wp-json\/wp\/v2\/pages\/475","targetHints":{"allow":["GET"]}}],"collection":[{"href":"https:\/\/support.alfaview.com\/de\/wp-json\/wp\/v2\/pages"}],"about":[{"href":"https:\/\/support.alfaview.com\/de\/wp-json\/wp\/v2\/types\/page"}],"author":[{"embeddable":true,"href":"https:\/\/support.alfaview.com\/de\/wp-json\/wp\/v2\/users\/3"}],"replies":[{"embeddable":true,"href":"https:\/\/support.alfaview.com\/de\/wp-json\/wp\/v2\/comments?post=475"}],"version-history":[{"count":1,"href":"https:\/\/support.alfaview.com\/de\/wp-json\/wp\/v2\/pages\/475\/revisions"}],"predecessor-version":[{"id":11285,"href":"https:\/\/support.alfaview.com\/de\/wp-json\/wp\/v2\/pages\/475\/revisions\/11285"}],"up":[{"embeddable":true,"href":"https:\/\/support.alfaview.com\/de\/wp-json\/wp\/v2\/pages\/466"}],"wp:attachment":[{"href":"https:\/\/support.alfaview.com\/de\/wp-json\/wp\/v2\/media?parent=475"}],"curies":[{"name":"wp","href":"https:\/\/api.w.org\/{rel}","templated":true}]}}