{"id":5212,"date":"2025-01-09T08:11:45","date_gmt":"2025-01-09T08:11:45","guid":{"rendered":"https:\/\/support.alfaview.com\/?page_id=5212"},"modified":"2026-04-01T08:04:17","modified_gmt":"2026-04-01T08:04:17","slug":"video-settings","status":"publish","type":"page","link":"https:\/\/support.alfaview.com\/de\/alfaview-app\/alfaview-room\/primary-and-secondary-controls\/settings\/video-settings\/","title":{"rendered":"Videoeinstellungen"},"content":{"rendered":"\n<div class=\"wp-block-columns is-layout-flex wp-container-core-columns-is-layout-9d6595d7 wp-block-columns-is-layout-flex\">\n<div class=\"wp-block-column is-layout-flow wp-block-column-is-layout-flow\" style=\"flex-basis:66.66%\">\n<p>Im Reiter&nbsp;<strong>Einstellungen<\/strong>&nbsp;stehen Ihnen verschiedene Optionen f\u00fcr Ihre Videoeinstellungen zur Verf\u00fcgung. Neben Ihrer Kamera k\u00f6nnen Sie auch virtuelle Hintergr\u00fcnde ausw\u00e4hlen oder die Bandbreitennutzung der Bildschirmfreigabe und die Qualit\u00e4t Ihrer Zweitkamera einstellen.<\/p>\n\n\n\n<p>\u00d6ffnen Sie die Einstellungen im Funktionsmen\u00fc mit einem Klick auf das Symbol&nbsp;<img decoding=\"async\" class=\"wp-image-2116\" style=\"width: 20px;\" src=\"https:\/\/support.alfaview.com\/wp-content\/uploads\/2023\/12\/icon-settings.png\" alt=\"Symbol Einstellungen\">&nbsp;<strong>Einstellungen<\/strong>. Klicken Sie anschlie\u00dfend auf den Men\u00fcpunkt&nbsp;<strong>Video<\/strong>.<\/p>\n\n\n\n<h2 class=\"wp-block-heading\" class=\"wp-block-heading\" id=\"kamera\">Kamera<a href=\"#kamera\" class=\"av-heading-anchor\"><i class=\"bi bi-link\"><\/i><\/a><\/h2>\n\n\n\n<p>Klicken Sie auf den Men\u00fcpunkt&nbsp;<strong>Kamera<\/strong>, um die Kamera auszuw\u00e4hlen, deren Video Sie \u00fcbertragen m\u00f6chten. Hier sehen Sie auch eine Vorschau, wie Ihr Video aussieht, wenn Sie es \u00fcbertragen.<\/p>\n\n\n\n<h2 class=\"wp-block-heading\" class=\"wp-block-heading\" id=\"virtuelle-hintergruende\">Virtuelle Hintergr\u00fcnde<a href=\"#virtuelle-hintergruende\" class=\"av-heading-anchor\"><i class=\"bi bi-link\"><\/i><\/a><\/h2>\n\n\n\n<p>Im Men\u00fcpunkt&nbsp;<strong>Virtuelle Hintergr\u00fcnde<\/strong>&nbsp;k\u00f6nnen Sie Ihren Hintergrund entweder durch eine Farbe oder einen bereitgestellten Hintergrund ersetzen. Au\u00dferdem k\u00f6nnen Sie hier Ihren Hintergrund weichzeichnen.<\/p>\n\n\n\n<h3 class=\"wp-block-heading\" class=\"wp-block-heading\" id=\"farbige-hintergruende\">Farbige Hintergr\u00fcnde<a href=\"#farbige-hintergruende\" class=\"av-heading-anchor\"><i class=\"bi bi-link\"><\/i><\/a><\/h3>\n\n\n\n<p>W\u00e4hlen Sie im Reiter&nbsp;<strong>Farbige Hintergr\u00fcnde<\/strong>&nbsp;zwischen einfarbigen Hintergr\u00fcnden und Hintergr\u00fcnden mit Farbverlauf. Klicken Sie auf den gew\u00fcnschten Hintergrund.<\/p>\n<\/div>\n\n\n\n<div class=\"wp-block-column is-layout-flow wp-block-column-is-layout-flow\" style=\"flex-basis:33.33%\"><div class=\"wp-block-image\">\n<figure class=\"alignright size-full\"><img loading=\"lazy\" decoding=\"async\" width=\"400\" height=\"898\" src=\"https:\/\/support.alfaview.com\/wp-content\/uploads\/2026\/04\/alfaview_video_einstellungen_de.png\" alt=\"Die Videoeinstellungen in alfaview. Hier ist die Liste aller angeschlossenen Kameras. Au\u00dferdem gibt es hier die Videovorschau und virtuelle Hintergr\u00fcnde k\u00f6nnen eingestellt werden.\" class=\"wp-image-11267\" srcset=\"https:\/\/support.alfaview.com\/wp-content\/uploads\/2026\/04\/alfaview_video_einstellungen_de.png 400w, https:\/\/support.alfaview.com\/wp-content\/uploads\/2026\/04\/alfaview_video_einstellungen_de-134x300.png 134w\" sizes=\"auto, (max-width: 400px) 100vw, 400px\" \/><figcaption class=\"wp-element-caption\">Auswahlmen\u00fc f\u00fcr Ihre Kamera<\/figcaption><\/figure>\n<\/div><\/div>\n<\/div>\n\n\n\n<h3 class=\"wp-block-heading\" class=\"wp-block-heading\" id=\"standard-hintergruende\">Standard Hintergr\u00fcnde<a href=\"#standard-hintergruende\" class=\"av-heading-anchor\"><i class=\"bi bi-link\"><\/i><\/a><\/h3>\n\n\n\n<div class=\"wp-block-columns is-layout-flex wp-container-core-columns-is-layout-9d6595d7 wp-block-columns-is-layout-flex\">\n<div class=\"wp-block-column is-layout-flow wp-block-column-is-layout-flow\" style=\"flex-basis:66.66%\">\n<p>Im Reiter&nbsp;<strong>Standard Hintergr\u00fcnde<\/strong>&nbsp;k\u00f6nnen Sie Ihren Hintergrund weichzeichnen. Klicken Sie dazu auf das Vorschaubild&nbsp;<strong>Weichzeichnen<\/strong>. Um das Auswahlmen\u00fc zu \u00f6ffnen und die St\u00e4rke der Unsch\u00e4rfe einzustellen, k\u00f6nnen Sie auf das Tropfensymbol&nbsp;<strong>St\u00e4rke der Unsch\u00e4rfe&nbsp;<\/strong>in der rechten oberen Ecke des Vorschaubildes klicken.<\/p>\n\n\n\n<p>Klicken Sie auf eines der anderen Vorschaubilder, um einen der angezeigten Standardhintergr\u00fcnde auszuw\u00e4hlen.<\/p>\n\n\n\n<p>Wenn Sie die Funktion der virtuellen Hintergr\u00fcnde deaktivieren m\u00f6chten, klicken Sie auf die Option&nbsp;<strong>Kein<\/strong>.<\/p>\n\n\n\n<h3 class=\"wp-block-heading\" class=\"wp-block-heading\" id=\"arbeitszimmer-hintergruende\">Arbeitszimmer Hintergr\u00fcnde<a href=\"#arbeitszimmer-hintergruende\" class=\"av-heading-anchor\"><i class=\"bi bi-link\"><\/i><\/a><\/h3>\n\n\n\n<p>Im Reiter&nbsp;<strong>Arbeitszimmer Hintergr\u00fcnde<\/strong>&nbsp;stehen Ihnen weitere virtuelle Hintergrundbilder zur Verf\u00fcgung. Klicken Sie auf das Vorschaubild, um den gew\u00fcnschten Hintergrund zu w\u00e4hlen.<\/p>\n<\/div>\n\n\n\n<div class=\"wp-block-column is-layout-flow wp-block-column-is-layout-flow\" style=\"flex-basis:33.33%\"><div class=\"wp-block-image\">\n<figure class=\"alignright size-full\"><img loading=\"lazy\" decoding=\"async\" width=\"520\" height=\"696\" src=\"https:\/\/support.alfaview.com\/wp-content\/uploads\/2025\/09\/alfaview_video-hintergrund_de.png\" alt=\"\" class=\"wp-image-7194\" srcset=\"https:\/\/support.alfaview.com\/wp-content\/uploads\/2025\/09\/alfaview_video-hintergrund_de.png 520w, https:\/\/support.alfaview.com\/wp-content\/uploads\/2025\/09\/alfaview_video-hintergrund_de-224x300.png 224w\" sizes=\"auto, (max-width: 520px) 100vw, 520px\" \/><figcaption class=\"wp-element-caption\">Auswahlmen\u00fc f\u00fcr virtuelle Hintergr\u00fcnde<\/figcaption><\/figure>\n<\/div><\/div>\n<\/div>\n\n\n\n<h2 class=\"wp-block-heading\" class=\"wp-block-heading\" id=\"bandbreitennutzung-bildschirmfreigabe\">Bandbreitennutzung Bildschirmfreigabe<a href=\"#bandbreitennutzung-bildschirmfreigabe\" class=\"av-heading-anchor\"><i class=\"bi bi-link\"><\/i><\/a><\/h2>\n\n\n\n<div class=\"wp-block-columns is-layout-flex wp-container-core-columns-is-layout-9d6595d7 wp-block-columns-is-layout-flex\">\n<div class=\"wp-block-column is-layout-flow wp-block-column-is-layout-flow\" style=\"flex-basis:66.66%\">\n<p>Entscheiden Sie, ob die Bandbreitennutzung bei der Bildschirmfreigabe&nbsp;<strong>Normal<\/strong>&nbsp;oder&nbsp;<strong>Reduziert<\/strong>&nbsp;sein soll. Eine reduzierte Bandbreitennutzung ist bei einer instabilen Internetverbindung von Vorteil, da Ihre Bildschirm\u00fcbertragung weiterhin \u00fcbertragen wird.<\/p>\n\n\n\n<h2 class=\"wp-block-heading\" class=\"wp-block-heading\" id=\"qualitaet-der-zweitkamera\">Qualit\u00e4t der Zweitkamera<a href=\"#qualitaet-der-zweitkamera\" class=\"av-heading-anchor\"><i class=\"bi bi-link\"><\/i><\/a><\/h2>\n\n\n\n<p>W\u00e4hlen Sie im Auswahlmen\u00fc&nbsp;<strong>Qualit\u00e4t der Zweitkamera<\/strong>&nbsp;zwischen den Videoaufl\u00f6sungen 480p, 720p und 1080p.<\/p>\n\n\n\n<h2 class=\"wp-block-heading\" class=\"wp-block-heading\" id=\"verbesserte-videoqualitaet\">Verbesserte Videoqualit\u00e4t<a href=\"#verbesserte-videoqualitaet\" class=\"av-heading-anchor\"><i class=\"bi bi-link\"><\/i><\/a><\/h2>\n\n\n\n<p>Aktivieren Sie die&nbsp;<strong>verbesserte Videoqualit\u00e4t<\/strong>, indem Sie auf den Schalter klicken. Wenn diese Funktion aktiviert ist, werden die Farbe und Sch\u00e4rfe des Videos angepasst, um die Qualit\u00e4t zu verbessern.<\/p>\n\n\n\n<h2 class=\"wp-block-heading\" class=\"wp-block-heading\" id=\"mein-video-fuer-mich-spiegeln\">Mein Video f\u00fcr mich spiegeln<a href=\"#mein-video-fuer-mich-spiegeln\" class=\"av-heading-anchor\"><i class=\"bi bi-link\"><\/i><\/a><\/h2>\n\n\n\n<p>Spiegeln Sie Ihr Video f\u00fcr sich selbst, indem Sie auf den Schalter klicken. Ihr Video wird den anderen Teilnehmenden im alfaview-Raum ungespiegelt angezeigt.<\/p>\n<\/div>\n\n\n\n<div class=\"wp-block-column is-layout-flow wp-block-column-is-layout-flow\" style=\"flex-basis:33.33%\"><div class=\"wp-block-image\">\n<figure class=\"alignright size-full\"><img loading=\"lazy\" decoding=\"async\" width=\"400\" height=\"887\" src=\"https:\/\/support.alfaview.com\/wp-content\/uploads\/2026\/04\/alfaview_alle-videoeinstellungen_de.png\" alt=\"Die Videoeinstellungen von alfaview. Hier k\u00f6nnen die Kameraeinstellungen sowie Hintergr\u00fcnde angepasst werden.\" class=\"wp-image-11268\" srcset=\"https:\/\/support.alfaview.com\/wp-content\/uploads\/2026\/04\/alfaview_alle-videoeinstellungen_de.png 400w, https:\/\/support.alfaview.com\/wp-content\/uploads\/2026\/04\/alfaview_alle-videoeinstellungen_de-135x300.png 135w\" sizes=\"auto, (max-width: 400px) 100vw, 400px\" \/><figcaption class=\"wp-element-caption\">Die Videoeinstellungen<\/figcaption><\/figure>\n<\/div><\/div>\n<\/div>\n\n\n\n<h2 class=\"wp-block-heading\" class=\"wp-block-heading\" id=\"legacy-kamera-modus\">Legacy-Kamera-Modus<a href=\"#legacy-kamera-modus\" class=\"av-heading-anchor\"><i class=\"bi bi-link\"><\/i><\/a><\/h2>\n\n\n\n<div class=\"wp-block-alfaview-callout\">\n<p>Diese Einstellung gibt es nur bei \u00e4lteren Ger\u00e4ten oder externen Kameras.<\/p>\n<\/div>\n\n\n\n<p>Erh\u00f6ht die Kompatibilit\u00e4t durch die Nutzung von Legacy-Kamera-Schnittstellen. Aktivieren Sie diese Option, wenn Ihre Kamera mit der Standard-Einstellung nicht funktioniert.<\/p>\n\n\n\n<p><\/p>\n","protected":false},"excerpt":{"rendered":"<p>Im Reiter&nbsp;Einstellungen&nbsp;stehen Ihnen verschiedene Optionen f\u00fcr Ihre Videoeinstellungen zur Verf\u00fcgung. Neben Ihrer Kamera k\u00f6nnen Sie auch virtuelle Hintergr\u00fcnde ausw\u00e4hlen oder die Bandbreitennutzung der Bildschirmfreigabe und die Qualit\u00e4t Ihrer Zweitkamera einstellen. \u00d6ffnen Sie die Einstellungen im [&hellip;]<\/p>\n","protected":false},"author":5,"featured_media":0,"parent":1031,"menu_order":2,"comment_status":"closed","ping_status":"closed","template":"","meta":{"footnotes":""},"class_list":["post-5212","page","type-page","status-publish","hentry"],"_links":{"self":[{"href":"https:\/\/support.alfaview.com\/de\/wp-json\/wp\/v2\/pages\/5212","targetHints":{"allow":["GET"]}}],"collection":[{"href":"https:\/\/support.alfaview.com\/de\/wp-json\/wp\/v2\/pages"}],"about":[{"href":"https:\/\/support.alfaview.com\/de\/wp-json\/wp\/v2\/types\/page"}],"author":[{"embeddable":true,"href":"https:\/\/support.alfaview.com\/de\/wp-json\/wp\/v2\/users\/5"}],"replies":[{"embeddable":true,"href":"https:\/\/support.alfaview.com\/de\/wp-json\/wp\/v2\/comments?post=5212"}],"version-history":[{"count":2,"href":"https:\/\/support.alfaview.com\/de\/wp-json\/wp\/v2\/pages\/5212\/revisions"}],"predecessor-version":[{"id":11271,"href":"https:\/\/support.alfaview.com\/de\/wp-json\/wp\/v2\/pages\/5212\/revisions\/11271"}],"up":[{"embeddable":true,"href":"https:\/\/support.alfaview.com\/de\/wp-json\/wp\/v2\/pages\/1031"}],"wp:attachment":[{"href":"https:\/\/support.alfaview.com\/de\/wp-json\/wp\/v2\/media?parent=5212"}],"curies":[{"name":"wp","href":"https:\/\/api.w.org\/{rel}","templated":true}]}}