{"id":557,"date":"2023-10-13T07:08:42","date_gmt":"2023-10-13T07:08:42","guid":{"rendered":"https:\/\/support.alfaview.com\/?page_id=557"},"modified":"2025-11-19T14:16:22","modified_gmt":"2025-11-19T14:16:22","slug":"personal-profile","status":"publish","type":"page","link":"https:\/\/support.alfaview.com\/de\/administration\/general\/personal-profile\/","title":{"rendered":"Benutzerprofil und Sicherheit"},"content":{"rendered":"\n<div class=\"wp-block-columns is-layout-flex wp-container-core-columns-is-layout-9d6595d7 wp-block-columns-is-layout-flex\">\n<div class=\"wp-block-column is-layout-flow wp-block-column-is-layout-flow\" style=\"flex-basis:66.66%\">\n<p>Das Benutzerprofil bietet die M\u00f6glichkeit, pers\u00f6nliche Einstellungen und Berechtigungen einzusehen. Sie k\u00f6nnen hier au\u00dferdem Ihr Passwort \u00e4ndern und die Zwei-Faktor-Authentifizierung verwalten.<\/p>\n\n\n\n<ul class=\"wp-block-list\">\n<li>Melden Sie sich auf der <a href=\"https:\/\/app.alfaview.com\/#\/login\">Verwaltungsseite von alfaview<\/a> an.<\/li>\n\n\n\n<li>Klicken Sie im Men\u00fc links neben der Verwaltungsoberfl\u00e4che auf <strong>Profil<\/strong>.<\/li>\n<\/ul>\n<\/div>\n\n\n\n<div class=\"wp-block-column is-layout-flow wp-block-column-is-layout-flow\" style=\"flex-basis:33.33%\"><div class=\"wp-block-image\">\n<figure class=\"alignright size-full\"><a href=\"https:\/\/support.alfaview.com\/wp-content\/uploads\/2025\/10\/alfaview_verwaltung-profil_de.png\"><img loading=\"lazy\" decoding=\"async\" width=\"1000\" height=\"538\" src=\"https:\/\/support.alfaview.com\/wp-content\/uploads\/2025\/10\/alfaview_verwaltung-profil_de.png\" alt=\"Das Benutzerprofil in der Verwaltungsoberfl\u00e4che von alfaview.\" class=\"wp-image-8084\" srcset=\"https:\/\/support.alfaview.com\/wp-content\/uploads\/2025\/10\/alfaview_verwaltung-profil_de.png 1000w, https:\/\/support.alfaview.com\/wp-content\/uploads\/2025\/10\/alfaview_verwaltung-profil_de-300x161.png 300w, https:\/\/support.alfaview.com\/wp-content\/uploads\/2025\/10\/alfaview_verwaltung-profil_de-768x413.png 768w\" sizes=\"auto, (max-width: 1000px) 100vw, 1000px\" \/><\/a><figcaption class=\"wp-element-caption\">Benutzerprofil<\/figcaption><\/figure>\n<\/div><\/div>\n<\/div>\n\n\n\n<h2 class=\"wp-block-heading\" class=\"wp-block-heading\" id=\"ihr-profil\">Ihr Profil<a href=\"#ihr-profil\" class=\"av-heading-anchor\"><i class=\"bi bi-link\"><\/i><\/a><\/h2>\n\n\n\n<p>Im Reiter <strong>Profil<\/strong> k\u00f6nnen Sie sehen, welche <a href=\"https:\/\/support.alfaview.com\/de\/administration\/general\/user-permissions\/\">Benutzerberechtigungen<\/a> Sie innerhalb Ihrer Company haben. Sie k\u00f6nnen hier auch Ihre pers\u00f6nlichen Daten anpassen.<\/p>\n\n\n\n<ul class=\"wp-block-list\">\n<li>Klicken Sie in die Eingabefelder, um Titel, Initialen, Ihren Vor- und Nachnamen sowie Ihre Stadt einzugeben.<\/li>\n\n\n\n<li>Klicken Sie auf die Schaltfl\u00e4che <button class=\"av-button av-button--primary\">Speichern<\/button>, um die \u00c4nderungen zu \u00fcbernehmen.<\/li>\n<\/ul>\n\n\n\n<p>Sie k\u00f6nnen hier auch die Anzeigesprache der Administrationsoberfl\u00e4che w\u00e4hlen.<\/p>\n\n\n\n<ul class=\"wp-block-list\">\n<li>Klicken Sie auf das Auswahlmen\u00fc unter <strong>Sprache<\/strong>. W\u00e4hlen Sie in der Liste zwischen <strong>Deutsch <\/strong>und <strong>Englisch<\/strong>.<\/li>\n\n\n\n<li>Klicken Sie auf die Schaltfl\u00e4che <button class=\"av-button av-button--primary\">Speichern<\/button>, um die \u00c4nderungen zu \u00fcbernehmen.<\/li>\n<\/ul>\n\n\n\n<h2 class=\"wp-block-heading\" class=\"wp-block-heading\" id=\"passwort-aendern\">Passwort \u00e4ndern<a href=\"#passwort-aendern\" class=\"av-heading-anchor\"><i class=\"bi bi-link\"><\/i><\/a><\/h2>\n\n\n\n<p>Sie k\u00f6nnen Ihr Passwort im Reiter <strong>Passwort \u00e4ndern<\/strong> aktualisieren.<\/p>\n\n\n\n<div class=\"wp-block-columns is-layout-flex wp-container-core-columns-is-layout-9d6595d7 wp-block-columns-is-layout-flex\">\n<div class=\"wp-block-column is-layout-flow wp-block-column-is-layout-flow\" style=\"flex-basis:66.66%\">\n<ul class=\"wp-block-list\">\n<li>Geben Sie im ersten Eingabefeld Ihr aktuelles Passwort ein.<\/li>\n\n\n\n<li>Geben Sie anschlie\u00dfend Ihr neues Passwort im zweiten Eingabefeld ein.<\/li>\n\n\n\n<li>Best\u00e4tigen Sie Ihr neues Passwort durch erneute Eingabe im dritten Eingabefeld.<\/li>\n\n\n\n<li>Klicken Sie auf die Schaltfl\u00e4che <button class=\"av-button av-button--primary\">Speichern<\/button>, um die \u00c4nderungen an Ihrem Passwort zu \u00fcbernehmen.<\/li>\n<\/ul>\n<\/div>\n\n\n\n<div class=\"wp-block-column is-layout-flow wp-block-column-is-layout-flow\" style=\"flex-basis:33.33%\"><div class=\"wp-block-image\">\n<figure class=\"alignright size-full\"><a href=\"https:\/\/support.alfaview.com\/wp-content\/uploads\/2025\/10\/alfaview_verwaltung-passwort_de.png\"><img loading=\"lazy\" decoding=\"async\" width=\"1000\" height=\"538\" src=\"https:\/\/support.alfaview.com\/wp-content\/uploads\/2025\/10\/alfaview_verwaltung-passwort_de.png\" alt=\"Im Benutzerprofil kann das Passwort ge\u00e4ndert werden.\" class=\"wp-image-8086\" srcset=\"https:\/\/support.alfaview.com\/wp-content\/uploads\/2025\/10\/alfaview_verwaltung-passwort_de.png 1000w, https:\/\/support.alfaview.com\/wp-content\/uploads\/2025\/10\/alfaview_verwaltung-passwort_de-300x161.png 300w, https:\/\/support.alfaview.com\/wp-content\/uploads\/2025\/10\/alfaview_verwaltung-passwort_de-768x413.png 768w\" sizes=\"auto, (max-width: 1000px) 100vw, 1000px\" \/><\/a><figcaption class=\"wp-element-caption\">Passwort \u00e4ndern<\/figcaption><\/figure>\n<\/div><\/div>\n<\/div>\n\n\n\n<div class=\"wp-block-alfaview-callout\">\n<p>Sobald Sie Ihr Passwort ge\u00e4ndert haben, m\u00fcssen Sie sich erneut anmelden.<br>Sollten Sie Ihr Passwort vergessen haben, verwenden Sie bitte die Funktion&nbsp;<a href=\"https:\/\/app.alfaview.com\/#\/reset-password\/\">Passwort Zur\u00fccksetzen<\/a>, um ein neues Passwort per E-Mail zu erhalten.<\/p>\n<\/div>\n\n\n\n<h2 class=\"wp-block-heading\" class=\"wp-block-heading\" id=\"zwei-faktor-authentifizierung\">Zwei-Faktor-Authentifizierung<a href=\"https:\/\/support.alfaview.com\/de\/administration\/general\/personal-profile\/#zwei-faktor-authentifizierung\"><\/a><a href=\"https:\/\/support.alfaview.com\/de\/administration\/general\/personal-profile\/#two-factor-authentication\"><\/a><a href=\"#zwei-faktor-authentifizierung\" class=\"av-heading-anchor\"><i class=\"bi bi-link\"><\/i><\/a><\/h2>\n\n\n\n<div class=\"wp-block-columns is-layout-flex wp-container-core-columns-is-layout-9d6595d7 wp-block-columns-is-layout-flex\">\n<div class=\"wp-block-column is-layout-flow wp-block-column-is-layout-flow\" style=\"flex-basis:66.66%\">\n<p>Mit der Zwei-Faktor-Authentifizierung k\u00f6nnen Sie Ihren Account noch besser sch\u00fctzen.<br>Wenn diese Option aktiviert ist, wird bei jedem Login ein Authentifizierungscode abgefragt, der von einer Authentifizierungs-App oder Software generiert wird.<\/p>\n\n\n\n<p>Auf der Seite <a href=\"\/de\/administration\/general\/two-factor-authentication\/\">Zwei-Faktor-Authentifizierung<\/a> finden Sie weitere Informationen sowie eine Anleitung zur Aktivierung.<\/p>\n<\/div>\n\n\n\n<div class=\"wp-block-column is-layout-flow wp-block-column-is-layout-flow\" style=\"flex-basis:33.33%\"><div class=\"wp-block-image\">\n<figure class=\"alignright size-full\"><a href=\"https:\/\/support.alfaview.com\/wp-content\/uploads\/2025\/10\/alfaview_2fa_de.png\"><img loading=\"lazy\" decoding=\"async\" width=\"400\" height=\"419\" src=\"https:\/\/support.alfaview.com\/wp-content\/uploads\/2025\/10\/alfaview_2fa_de.png\" alt=\"Wenn man die Zwei-Faktor-Authentifizierung eingestellt hat, muss immer ein Code eingegeben werden, wenn man sich in der alfaview einloggt.\" class=\"wp-image-8088\" srcset=\"https:\/\/support.alfaview.com\/wp-content\/uploads\/2025\/10\/alfaview_2fa_de.png 400w, https:\/\/support.alfaview.com\/wp-content\/uploads\/2025\/10\/alfaview_2fa_de-286x300.png 286w\" sizes=\"auto, (max-width: 400px) 100vw, 400px\" \/><\/a><figcaption class=\"wp-element-caption\">Authentifizierung des Logins<\/figcaption><\/figure>\n<\/div><\/div>\n<\/div>\n","protected":false},"excerpt":{"rendered":"<p>Aktualisieren Sie Ihre pers\u00f6nlichen Informationen (z. B. Name und Stadt), \u00e4ndern Sie Ihr Passwort oder verwalten Sie die Zwei-Faktor-Authentifizierung.<\/p>\n","protected":false},"author":3,"featured_media":0,"parent":466,"menu_order":5,"comment_status":"closed","ping_status":"closed","template":"","meta":{"footnotes":""},"class_list":["post-557","page","type-page","status-publish","hentry"],"_links":{"self":[{"href":"https:\/\/support.alfaview.com\/de\/wp-json\/wp\/v2\/pages\/557","targetHints":{"allow":["GET"]}}],"collection":[{"href":"https:\/\/support.alfaview.com\/de\/wp-json\/wp\/v2\/pages"}],"about":[{"href":"https:\/\/support.alfaview.com\/de\/wp-json\/wp\/v2\/types\/page"}],"author":[{"embeddable":true,"href":"https:\/\/support.alfaview.com\/de\/wp-json\/wp\/v2\/users\/3"}],"replies":[{"embeddable":true,"href":"https:\/\/support.alfaview.com\/de\/wp-json\/wp\/v2\/comments?post=557"}],"version-history":[{"count":0,"href":"https:\/\/support.alfaview.com\/de\/wp-json\/wp\/v2\/pages\/557\/revisions"}],"up":[{"embeddable":true,"href":"https:\/\/support.alfaview.com\/de\/wp-json\/wp\/v2\/pages\/466"}],"wp:attachment":[{"href":"https:\/\/support.alfaview.com\/de\/wp-json\/wp\/v2\/media?parent=557"}],"curies":[{"name":"wp","href":"https:\/\/api.w.org\/{rel}","templated":true}]}}