{"id":565,"date":"2023-10-13T08:02:45","date_gmt":"2023-10-13T08:02:45","guid":{"rendered":"https:\/\/support.alfaview.com\/?page_id=565"},"modified":"2025-11-18T11:09:36","modified_gmt":"2025-11-18T11:09:36","slug":"switching-accounts","status":"publish","type":"page","link":"https:\/\/support.alfaview.com\/de\/alfaview-app\/home-screen\/switching-accounts\/","title":{"rendered":"Company wechseln"},"content":{"rendered":"\n<p>Falls Sie mit einer E-Mail-Adresse mehrere Benutzerkonten in verschiedenen alfaview-Companys haben, k\u00f6nnen Sie zwischen den Companys wechseln.<\/p>\n\n\n\n<h2 class=\"wp-block-heading\" class=\"wp-block-heading\" id=\"in-der-app\">In der App<a href=\"#in-der-app\" class=\"av-heading-anchor\"><i class=\"bi bi-link\"><\/i><\/a><\/h2>\n\n\n\n<h3 class=\"wp-block-heading\" class=\"wp-block-heading\" id=\"beim-start-der-app\">Beim Start der App<a href=\"#beim-start-der-app\" class=\"av-heading-anchor\"><i class=\"bi bi-link\"><\/i><\/a><\/h3>\n\n\n\n<div class=\"wp-block-columns is-layout-flex wp-container-core-columns-is-layout-9d6595d7 wp-block-columns-is-layout-flex\">\n<div class=\"wp-block-column is-layout-flow wp-block-column-is-layout-flow\" style=\"flex-basis:66.66%\">\n<ul class=\"wp-block-list\">\n<li>Starten Sie alfaview. Wenn Sie noch nicht angemeldet sind, geben Sie bitte Ihren Benutzernamen und Ihr Passwort in die Anmeldemaske ein.<\/li>\n\n\n\n<li>Es \u00f6ffnet sich ein Auswahlfenster mit allen verf\u00fcgbaren Companys. W\u00e4hlen Sie die Company aus der Liste, die Sie betreten m\u00f6chten.<\/li>\n\n\n\n<li>Klicken Sie neben dem Namen der Company auf die Schaltfl\u00e4che <button class=\"av-button av-button--primary\">Ausw\u00e4hlen<\/button>.<\/li>\n\n\n\n<li>Nun sehen Sie alle f\u00fcr Sie zug\u00e4nglichen alfaview-R\u00e4ume der Company in der Raumliste.<\/li>\n<\/ul>\n<\/div>\n\n\n\n<div class=\"wp-block-column is-layout-flow wp-block-column-is-layout-flow\" style=\"flex-basis:33.33%\"><div class=\"wp-block-image\">\n<figure class=\"alignright size-large\"><a href=\"https:\/\/support.alfaview.com\/wp-content\/uploads\/2025\/09\/alfaview_company-wechseln_de-1024x550.png\"><img loading=\"lazy\" decoding=\"async\" width=\"1024\" height=\"550\" src=\"https:\/\/support.alfaview.com\/wp-content\/uploads\/2025\/09\/alfaview_company-wechseln_de-1024x550.png\" alt=\"Eine Liste mit allen verf\u00fcgbaren Companies erscheint beim Start von alfaview. Neben jeder Company ist ein &quot;Beitreten&quot;-Button.\" class=\"wp-image-6959\" srcset=\"https:\/\/support.alfaview.com\/wp-content\/uploads\/2025\/09\/alfaview_company-wechseln_de-1024x550.png 1024w, https:\/\/support.alfaview.com\/wp-content\/uploads\/2025\/09\/alfaview_company-wechseln_de-300x161.png 300w, https:\/\/support.alfaview.com\/wp-content\/uploads\/2025\/09\/alfaview_company-wechseln_de-768x413.png 768w, https:\/\/support.alfaview.com\/wp-content\/uploads\/2025\/09\/alfaview_company-wechseln_de-1536x826.png 1536w, https:\/\/support.alfaview.com\/wp-content\/uploads\/2025\/09\/alfaview_company-wechseln_de.png 1920w\" sizes=\"auto, (max-width: 1024px) 100vw, 1024px\" \/><\/a><figcaption class=\"wp-element-caption\">Company w\u00e4hlen<\/figcaption><\/figure>\n<\/div><\/div>\n<\/div>\n\n\n\n<h3 class=\"wp-block-heading\" class=\"wp-block-heading\" id=\"company-wechseln\">Company wechseln<a href=\"#company-wechseln\" class=\"av-heading-anchor\"><i class=\"bi bi-link\"><\/i><\/a><\/h3>\n\n\n\n<div class=\"wp-block-columns is-layout-flex wp-container-core-columns-is-layout-9d6595d7 wp-block-columns-is-layout-flex\">\n<div class=\"wp-block-column is-layout-flow wp-block-column-is-layout-flow\" style=\"flex-basis:66.66%\">\n<p>Wenn Sie sich bereits in der alfaview-App oder dem Webclient befinden, k\u00f6nnen Sie die Company ebenfalls wechseln.<\/p>\n\n\n\n<ul class=\"wp-block-list\">\n<li>Gehen Sie zur Raum- und Meetingliste und klicken Sie auf die Schaltfl\u00e4che <button class=\"av-button av-button--default\">Company wechseln<\/button> in der oberen rechten Ecke.<\/li>\n\n\n\n<li>W\u00e4hlen Sie die Company, in die Sie wechseln m\u00f6chten. Klicken Sie neben dem Namen der Company auf die Schalfl\u00e4che <button class=\"av-button av-button--primary\">Ausw\u00e4hlen<\/button>.<\/li>\n<\/ul>\n<\/div>\n\n\n\n<div class=\"wp-block-column is-layout-flow wp-block-column-is-layout-flow\" style=\"flex-basis:33.33%\"><div class=\"wp-block-image\">\n<figure class=\"alignright size-large\"><a href=\"https:\/\/support.alfaview.com\/wp-content\/uploads\/2025\/09\/alfaview_company-wechseln-raumliste_de-1024x550.png\"><img loading=\"lazy\" decoding=\"async\" width=\"1024\" height=\"550\" src=\"https:\/\/support.alfaview.com\/wp-content\/uploads\/2025\/09\/alfaview_company-wechseln-raumliste_de-1024x550.png\" alt=\"Die Company kann \u00fcber die Raumliste gewechselt werden. Hier ist in der oberen rechten Ecke der Anwendung ein &quot;Company wechseln&quot;-Button.\" class=\"wp-image-6961\" srcset=\"https:\/\/support.alfaview.com\/wp-content\/uploads\/2025\/09\/alfaview_company-wechseln-raumliste_de-1024x550.png 1024w, https:\/\/support.alfaview.com\/wp-content\/uploads\/2025\/09\/alfaview_company-wechseln-raumliste_de-300x161.png 300w, https:\/\/support.alfaview.com\/wp-content\/uploads\/2025\/09\/alfaview_company-wechseln-raumliste_de-768x413.png 768w, https:\/\/support.alfaview.com\/wp-content\/uploads\/2025\/09\/alfaview_company-wechseln-raumliste_de-1536x826.png 1536w, https:\/\/support.alfaview.com\/wp-content\/uploads\/2025\/09\/alfaview_company-wechseln-raumliste_de.png 1920w\" sizes=\"auto, (max-width: 1024px) 100vw, 1024px\" \/><\/a><figcaption class=\"wp-element-caption\">Company wechseln in der Raumliste<\/figcaption><\/figure>\n<\/div><\/div>\n<\/div>\n\n\n\n<h2 class=\"wp-block-heading\" class=\"wp-block-heading\" id=\"auf-der-verwaltungsoberflaeche\">Auf der Verwaltungsoberfl\u00e4che<a href=\"#auf-der-verwaltungsoberflaeche\" class=\"av-heading-anchor\"><i class=\"bi bi-link\"><\/i><\/a><\/h2>\n\n\n\n<ul class=\"wp-block-list\">\n<li>Melden Sie sich auf der <a href=\"https:\/\/app.alfaview.com\/#\/login\">Verwaltungsoberfl\u00e4che<\/a> an.<\/li>\n\n\n\n<li>Klicken Sie im Men\u00fc auf der linken Seite auf die Schaltfl\u00e4che <button class=\"av-button av-button--default\">Company wechseln<\/button>.<\/li>\n\n\n\n<li>W\u00e4hlen Sie die Company, in die Sie wechseln m\u00f6chten. Klicken Sie neben dem Namen der Company auf die Schaltfl\u00e4che <button class=\"av-button av-button--primary\">Ausw\u00e4hlen<\/button>.<\/li>\n<\/ul>\n","protected":false},"excerpt":{"rendered":"<p>Sie sind bei mehreren Companys registriert?<br \/>\nWechseln Sie schnell und einfach zwischen den Companys.<\/p>\n","protected":false},"author":2,"featured_media":0,"parent":493,"menu_order":5,"comment_status":"closed","ping_status":"closed","template":"","meta":{"footnotes":""},"class_list":["post-565","page","type-page","status-publish","hentry"],"_links":{"self":[{"href":"https:\/\/support.alfaview.com\/de\/wp-json\/wp\/v2\/pages\/565","targetHints":{"allow":["GET"]}}],"collection":[{"href":"https:\/\/support.alfaview.com\/de\/wp-json\/wp\/v2\/pages"}],"about":[{"href":"https:\/\/support.alfaview.com\/de\/wp-json\/wp\/v2\/types\/page"}],"author":[{"embeddable":true,"href":"https:\/\/support.alfaview.com\/de\/wp-json\/wp\/v2\/users\/2"}],"replies":[{"embeddable":true,"href":"https:\/\/support.alfaview.com\/de\/wp-json\/wp\/v2\/comments?post=565"}],"version-history":[{"count":0,"href":"https:\/\/support.alfaview.com\/de\/wp-json\/wp\/v2\/pages\/565\/revisions"}],"up":[{"embeddable":true,"href":"https:\/\/support.alfaview.com\/de\/wp-json\/wp\/v2\/pages\/493"}],"wp:attachment":[{"href":"https:\/\/support.alfaview.com\/de\/wp-json\/wp\/v2\/media?parent=565"}],"curies":[{"name":"wp","href":"https:\/\/api.w.org\/{rel}","templated":true}]}}