{"id":595,"date":"2023-10-13T08:28:05","date_gmt":"2023-10-13T08:28:05","guid":{"rendered":"https:\/\/support.alfaview.com\/?page_id=595"},"modified":"2026-04-17T10:08:56","modified_gmt":"2026-04-17T10:08:56","slug":"user-permissions","status":"publish","type":"page","link":"https:\/\/support.alfaview.com\/de\/administration\/general\/user-permissions\/","title":{"rendered":"Benutzerberechtigungen"},"content":{"rendered":"\n<p>Alle Benutzer:innen verf\u00fcgen \u00fcber bestimmte Berechtigungen, die bei der Einladung in eine Company festgelegt und sp\u00e4ter aktualisiert werden k\u00f6nnen. Nur Benutzer:innen mit der Berechtigung <strong>Benutzer:innen verwalten<\/strong> k\u00f6nnen Berechtigungen erteilen und entziehen. Sie k\u00f6nnen nur die Berechtigungen erteilen, die Sie selbst besitzen. Es ist nicht m\u00f6glich, dass Sie sich Ihre eigenen Berechtigungen entziehen.<\/p>\n\n\n\n<div class=\"wp-block-alfaview-callout\">\n<p>Bitte beachten Sie, dass zur Vergabe oder Entziehung der Berechtigung <strong>Company-Einstellungen verwalten<\/strong> \u00fcber diese Berechtigung verf\u00fcgt werden muss. Die Berechtigung <strong>Benutzer:innen verwalten<\/strong> allein ist nicht ausreichend.<\/p>\n<\/div>\n\n\n\n<h2 class=\"wp-block-heading\" class=\"wp-block-heading\" id=\"hierarchischer-aufbau-der-berechtigungen\">Hierarchischer Aufbau der Berechtigungen<a href=\"#hierarchischer-aufbau-der-berechtigungen\" class=\"av-heading-anchor\"><i class=\"bi bi-link\"><\/i><\/a><\/h2>\n\n\n\n<p>Berechtigungen sind hierarchisch aufgebaut und folgen der Baumstruktur. Wenn Benutzer:innen eine \u00fcbergeordnete Berechtigung besitzen, erhalten sie automatisch auch die untergeordnete Berechtigung. Im Gegensatz dazu k\u00f6nnen niedrige Berechtigungen vergeben werden, ohne dass die \u00fcbergeordnete Berechtigung ebenfalls gew\u00e4hrt wird.<\/p>\n\n\n\n<div class=\"wp-block-columns is-layout-flex wp-container-core-columns-is-layout-9d6595d7 wp-block-columns-is-layout-flex\">\n<div class=\"wp-block-column is-layout-flow wp-block-column-is-layout-flow\" style=\"flex-basis:66.66%\">\n<ul class=\"wp-block-list\">\n<li>Company-Einstellungen verwalten\n<ul class=\"wp-block-list\">\n<li>Alle Namen von Benutzer:innen anzeigen<\/li>\n\n\n\n<li>Benutzer:innen verwalten\n<ul class=\"wp-block-list\">\n<li>Alle Benutzer:innen anzeigen<\/li>\n<\/ul>\n<\/li>\n\n\n\n<li>R\u00e4ume verwalten\n<ul class=\"wp-block-list\">\n<li>Alle R\u00e4ume anzeigen<\/li>\n\n\n\n<li>Raum erstellen<\/li>\n<\/ul>\n<\/li>\n<\/ul>\n<\/li>\n<\/ul>\n<\/div>\n\n\n\n<div class=\"wp-block-column is-layout-flow wp-block-column-is-layout-flow\" style=\"flex-basis:33.33%\"><div class=\"wp-block-image\">\n<figure class=\"alignright size-full\"><a href=\"https:\/\/support.alfaview.com\/wp-content\/uploads\/2025\/10\/alfaview_benutzerberechtigungen_de-1.png\"><img loading=\"lazy\" decoding=\"async\" width=\"400\" height=\"357\" src=\"https:\/\/support.alfaview.com\/wp-content\/uploads\/2025\/10\/alfaview_benutzerberechtigungen_de-1.png\" alt=\"In der Verwaltungsoberfl\u00e4che k\u00f6nnen Benutzer:innen verschiedene Berechtigungen zugeteilt werden. \" class=\"wp-image-8121\" srcset=\"https:\/\/support.alfaview.com\/wp-content\/uploads\/2025\/10\/alfaview_benutzerberechtigungen_de-1.png 400w, https:\/\/support.alfaview.com\/wp-content\/uploads\/2025\/10\/alfaview_benutzerberechtigungen_de-1-300x268.png 300w\" sizes=\"auto, (max-width: 400px) 100vw, 400px\" \/><\/a><figcaption class=\"wp-element-caption\">Aufbau der Benutzerberechtigungen<\/figcaption><\/figure>\n<\/div><\/div>\n<\/div>\n\n\n\n<div class=\"wp-block-alfaview-callout\">\n<p>Wenn Sie API Keys nutzen, empfehlen wir, dass Sie einzelne Benutzerprofile f\u00fcr die verschiedenen API Keys (z. B. Raum erstellen, Benutzer:innen einladen) erstellen. So wird Ihre Company bei einem Verlust des API Keys bestm\u00f6glich gesch\u00fctzt.<\/p>\n<\/div>\n\n\n\n<h2 class=\"wp-block-heading\" class=\"wp-block-heading\" id=\"berechtigungen-und-ihre-eigenschaften\">Berechtigungen und ihre Eigenschaften<a href=\"#berechtigungen-und-ihre-eigenschaften\" class=\"av-heading-anchor\"><i class=\"bi bi-link\"><\/i><\/a><\/h2>\n\n\n\n<figure class=\"wp-block-table av-two-col-table is-style-stripes\"><table><thead><tr><th>Berechtigung<\/th><th>Definition<\/th><\/tr><\/thead><tbody><tr><td><a href=\"https:\/\/support.alfaview.com\/de\/administration\/account-management\/\">Company<\/a>-Einstellungen verwalten<\/td><td>Benutzer:innen mit dieser Berechtigung k\u00f6nnen in der Verwaltung von alfaview auf den Reiter Company zugreifen. Dort k\u00f6nnen die folgenden Einstellungen verwaltet werden:<br><br>&#8211; Name der Company<br>&#8211; Datenschutzhinweise des Gastgebers<br>&#8211; Company dauerhaft l\u00f6schen<br>&#8211; Einblick in die Kontingente der Company<br>&#8211; Einblicke in die Nutzung der Company<br>&#8211; API Keys<br>&#8211; Add-Ins<br>&#8211; Branding<\/td><\/tr><tr><td>Alle Namen von Benutzer:innen anzeigen<\/td><td>Mit dieser Berechtigung werden die Namen der anderen Benutzer:innen, die sich derzeit in einem alfaview-Raum befinden, in der Raum- und Teilnehmerliste angezeigt.<br>Ohne diese Berechtigung wird nur die Anzahl der Benutzer:innen, die online sind, angezeigt.<\/td><\/tr><tr><td><a href=\"https:\/\/support.alfaview.com\/de\/administration\/user-management\/\">Benutzer:innen <\/a>verwalten<\/td><td>Diese Berechtigung erlaubt es dem Benutzer oder der Benutzerin in der Verwaltung auf den Reiter Benutzer zuzugreifen und anderen Benutzer:innen Berechtigungen zu vergeben oder zu entziehen. Dort k\u00f6nnen die folgenden Einstellungen verwaltet werden:<br><br>&#8211; Benutzer:innen einladen<br>&#8211; Benutzer:innen bearbeiten (Berechtigungen anpassen, Passwort per E-Mail zur\u00fccksetzen)<br>&#8211; Benutzer:innen l\u00f6schen<\/td><\/tr><tr><td>Alle Benutzer:innen anzeigen<\/td><td>Benutzer:innen mit dieser Berechtigung k\u00f6nnen auf den Reiter Benutzer in der Verwaltung zugreifen. Dort werden ihnen alle aktuellen Benutzer:innen sowie die ausstehenden Benutzer:innen angezeigt.<br>Diese Berechtigung erleichtert es Raumadministrator:innen, Benutzer:innen den Zugang zu einem Raum zu gew\u00e4hren.<\/td><\/tr><tr><td><a href=\"https:\/\/support.alfaview.com\/de\/administration\/room-management\/\">R\u00e4ume<\/a> verwalten<\/td><td>Diese Berechtigung erlaubt es dem Benutzer oder der Benutzerin in der Verwaltung auf den Reiter R\u00e4ume zuzugreifen. Dort k\u00f6nnen die folgenden Einstellungen verwaltet werden:<br><br>&#8211; Erstellung von R\u00e4umen und Abteilungen<br>&#8211; Bearbeitung aller R\u00e4ume und Abteilungen (einschlie\u00dflich der Raum-Features, Gast- und Gruppenlinks und der Anwesenheitsliste)<br>&#8211; L\u00f6schung von R\u00e4umen und Abteilungen<br>&#8211; Anordnung der R\u00e4ume und Abteilungen<\/td><\/tr><tr><td>Alle R\u00e4ume anzeigen<\/td><td>Diese Berechtigung erlaubt es den Benutzenden, alle R\u00e4ume, f\u00fcr die sie Verwaltungsrechte haben, in der Verwaltung, der alfaview-App und im Webclient zu sehen.<\/td><\/tr><tr><td><a href=\"https:\/\/support.alfaview.com\/de\/administration\/room-management\/create-room\/\">Raum erstellen<\/a><\/td><td>Mit einem entsprechenden Kontingent k\u00f6nnen Benutzer:innen mit dieser Berechtigung einen neuen alfaview-Raum erstellen.<\/td><\/tr><\/tbody><\/table><\/figure>\n\n\n\n<p><\/p>\n","protected":false},"excerpt":{"rendered":"<p>Legen Sie fest, ob die Benutzer:innen nur eine Liste der Benutzernamen einsehen, R\u00e4ume erstellen oder die gesamte Company verwalten d\u00fcrfen.<\/p>\n","protected":false},"author":3,"featured_media":0,"parent":466,"menu_order":9,"comment_status":"closed","ping_status":"closed","template":"","meta":{"footnotes":""},"class_list":["post-595","page","type-page","status-publish","hentry"],"_links":{"self":[{"href":"https:\/\/support.alfaview.com\/de\/wp-json\/wp\/v2\/pages\/595","targetHints":{"allow":["GET"]}}],"collection":[{"href":"https:\/\/support.alfaview.com\/de\/wp-json\/wp\/v2\/pages"}],"about":[{"href":"https:\/\/support.alfaview.com\/de\/wp-json\/wp\/v2\/types\/page"}],"author":[{"embeddable":true,"href":"https:\/\/support.alfaview.com\/de\/wp-json\/wp\/v2\/users\/3"}],"replies":[{"embeddable":true,"href":"https:\/\/support.alfaview.com\/de\/wp-json\/wp\/v2\/comments?post=595"}],"version-history":[{"count":1,"href":"https:\/\/support.alfaview.com\/de\/wp-json\/wp\/v2\/pages\/595\/revisions"}],"predecessor-version":[{"id":11505,"href":"https:\/\/support.alfaview.com\/de\/wp-json\/wp\/v2\/pages\/595\/revisions\/11505"}],"up":[{"embeddable":true,"href":"https:\/\/support.alfaview.com\/de\/wp-json\/wp\/v2\/pages\/466"}],"wp:attachment":[{"href":"https:\/\/support.alfaview.com\/de\/wp-json\/wp\/v2\/media?parent=595"}],"curies":[{"name":"wp","href":"https:\/\/api.w.org\/{rel}","templated":true}]}}