{"id":635,"date":"2023-10-13T13:23:00","date_gmt":"2023-10-13T13:23:00","guid":{"rendered":"https:\/\/support.alfaview.com\/?page_id=635"},"modified":"2026-04-01T11:18:41","modified_gmt":"2026-04-01T11:18:41","slug":"delete-company","status":"publish","type":"page","link":"https:\/\/support.alfaview.com\/de\/administration\/company\/delete-company\/","title":{"rendered":"Company l\u00f6schen"},"content":{"rendered":"\n<p>Um Ihre Company zu l\u00f6schen, melden Sie sich bitte auf der&nbsp;<a href=\"https:\/\/app.alfaview.com\/#\/login\">Verwaltungsoberfl\u00e4che<\/a>&nbsp;an.<\/p>\n\n\n\n<div class=\"wp-block-alfaview-callout\">\n<p>Bitte beachten Sie: Nur Eigent\u00fcmer:innen einer Company k\u00f6nnen diese l\u00f6schen. Au\u00dferdem ben\u00f6tigen Sie die <a href=\"https:\/\/support.alfaview.com\/de\/administration\/general\/user-permissions\/\" data-type=\"page\" data-id=\"595\">Berechtigung<\/a> &#8222;Unternehmenseinstellungen verwalten&#8220;.<\/p>\n<\/div>\n\n\n\n<div class=\"wp-block-columns is-layout-flex wp-container-core-columns-is-layout-9d6595d7 wp-block-columns-is-layout-flex\">\n<div class=\"wp-block-column is-layout-flow wp-block-column-is-layout-flow\" style=\"flex-basis:66.66%\">\n<p>Klicken Sie auf&nbsp;<strong>Company<\/strong>&nbsp;im Men\u00fc auf der linken Seite. Dieser Reiter ist nur f\u00fcr Eigent\u00fcmer:innen der Company sichtbar.<br>Durch einen Klick auf die Schaltfl\u00e4che <button class=\"av-button av-button--error\">Company l\u00f6schen<\/button> \u00f6ffnet sich ein Fenster.<\/p>\n\n\n\n<p><br>Best\u00e4tigen Sie hier durch einen erneuten Klick auf die Schaltfl\u00e4che <button class=\"av-button av-button--error\"> Company l\u00f6schen<\/button>, dass Sie Ihre Company l\u00f6schen m\u00f6chten.<\/p>\n<\/div>\n\n\n\n<div class=\"wp-block-column is-layout-flow wp-block-column-is-layout-flow\" style=\"flex-basis:33.33%\"><div class=\"wp-block-image\">\n<figure class=\"alignright size-full\"><a href=\"https:\/\/support.alfaview.com\/wp-content\/uploads\/2026\/04\/alfaview_company-loeschen_de-1.png\"><img loading=\"lazy\" decoding=\"async\" width=\"1000\" height=\"538\" src=\"https:\/\/support.alfaview.com\/wp-content\/uploads\/2026\/04\/alfaview_company-loeschen_de-1.png\" alt=\"In der Verwaltungsoberfl\u00e4che kann unter dem Reiter &quot;Company&quot; die Company gel\u00f6scht werden.\" class=\"wp-image-11312\" srcset=\"https:\/\/support.alfaview.com\/wp-content\/uploads\/2026\/04\/alfaview_company-loeschen_de-1.png 1000w, https:\/\/support.alfaview.com\/wp-content\/uploads\/2026\/04\/alfaview_company-loeschen_de-1-300x161.png 300w, https:\/\/support.alfaview.com\/wp-content\/uploads\/2026\/04\/alfaview_company-loeschen_de-1-768x413.png 768w\" sizes=\"auto, (max-width: 1000px) 100vw, 1000px\" \/><\/a><figcaption class=\"wp-element-caption\">Company l\u00f6schen<\/figcaption><\/figure>\n<\/div>\n\n<div class=\"wp-block-image\">\n<figure class=\"alignright size-full\"><a href=\"https:\/\/support.alfaview.com\/wp-content\/uploads\/2025\/10\/alfaview_company-loeschen-bestaetigung_de-2.png\"><img loading=\"lazy\" decoding=\"async\" width=\"400\" height=\"247\" src=\"https:\/\/support.alfaview.com\/wp-content\/uploads\/2025\/10\/alfaview_company-loeschen-bestaetigung_de-2.png\" alt=\"Best\u00e4tigung, dass man die Company wirklich l\u00f6schen will. Hier muss noch einmal auf &quot;Company l\u00f6schen&quot; geklickt werden.\" class=\"wp-image-8303\" srcset=\"https:\/\/support.alfaview.com\/wp-content\/uploads\/2025\/10\/alfaview_company-loeschen-bestaetigung_de-2.png 400w, https:\/\/support.alfaview.com\/wp-content\/uploads\/2025\/10\/alfaview_company-loeschen-bestaetigung_de-2-300x185.png 300w\" sizes=\"auto, (max-width: 400px) 100vw, 400px\" \/><\/a><figcaption class=\"wp-element-caption\">L\u00f6schen der Company best\u00e4tigen<\/figcaption><\/figure>\n<\/div><\/div>\n<\/div>\n\n\n\n<div class=\"wp-block-columns is-layout-flex wp-container-core-columns-is-layout-9d6595d7 wp-block-columns-is-layout-flex\">\n<div class=\"wp-block-column is-layout-flow wp-block-column-is-layout-flow\" style=\"flex-basis:66.66%\">\n<p>Im Nachgang erhalten Sie eine E-Mail, in der sich Link zur Best\u00e4tigung des L\u00f6schvorgangs befindet. Mit einem Klick auf <button class=\"av-button--primary av-button\">L\u00f6schen best\u00e4tigen<\/button>, \u00f6ffnet sich ein Dialogfenster.<\/p>\n<\/div>\n\n\n\n<div class=\"wp-block-column is-layout-flow wp-block-column-is-layout-flow\" style=\"flex-basis:33.33%\"><div class=\"wp-block-image\">\n<figure class=\"alignright size-full\"><a href=\"https:\/\/support.alfaview.com\/wp-content\/uploads\/2025\/10\/alfaview_company-loeschen-bestaetigung-email_de-1.png\"><img loading=\"lazy\" decoding=\"async\" width=\"400\" height=\"340\" src=\"https:\/\/support.alfaview.com\/wp-content\/uploads\/2025\/10\/alfaview_company-loeschen-bestaetigung-email_de-1.png\" alt=\"Die Email-Best\u00e4tigung, dass man die Company wirklich l\u00f6schen will. Hier muss auf den Button &quot;L\u00f6schen best\u00e4tigen&quot; geklickt werden.\" class=\"wp-image-8305\" srcset=\"https:\/\/support.alfaview.com\/wp-content\/uploads\/2025\/10\/alfaview_company-loeschen-bestaetigung-email_de-1.png 400w, https:\/\/support.alfaview.com\/wp-content\/uploads\/2025\/10\/alfaview_company-loeschen-bestaetigung-email_de-1-300x255.png 300w\" sizes=\"auto, (max-width: 400px) 100vw, 400px\" \/><\/a><figcaption class=\"wp-element-caption\">L\u00f6schen der Company E-Mail<\/figcaption><\/figure>\n<\/div><\/div>\n<\/div>\n\n\n\n<div class=\"wp-block-columns is-layout-flex wp-container-core-columns-is-layout-9d6595d7 wp-block-columns-is-layout-flex\">\n<div class=\"wp-block-column is-layout-flow wp-block-column-is-layout-flow\" style=\"flex-basis:66.66%\">\n<p>In diesem Dialog m\u00fcssen Sie das L\u00f6schen nochmals best\u00e4tigen. Anschlie\u00dfend wird Ihre Company endg\u00fcltig gel\u00f6scht.<\/p>\n<\/div>\n\n\n\n<div class=\"wp-block-column is-layout-flow wp-block-column-is-layout-flow\" style=\"flex-basis:33.33%\"><div class=\"wp-block-image\">\n<figure class=\"alignright size-full\"><a href=\"https:\/\/support.alfaview.com\/wp-content\/uploads\/2025\/10\/alfaview_company-loeschen-finale-bestaetigung_de-1.png\"><img loading=\"lazy\" decoding=\"async\" width=\"1000\" height=\"504\" src=\"https:\/\/support.alfaview.com\/wp-content\/uploads\/2025\/10\/alfaview_company-loeschen-finale-bestaetigung_de-1.png\" alt=\"Dialogfenster mit der finalen Best\u00e4tigung, dass man die Company l\u00f6schen will.\" class=\"wp-image-8307\" srcset=\"https:\/\/support.alfaview.com\/wp-content\/uploads\/2025\/10\/alfaview_company-loeschen-finale-bestaetigung_de-1.png 1000w, https:\/\/support.alfaview.com\/wp-content\/uploads\/2025\/10\/alfaview_company-loeschen-finale-bestaetigung_de-1-300x151.png 300w, https:\/\/support.alfaview.com\/wp-content\/uploads\/2025\/10\/alfaview_company-loeschen-finale-bestaetigung_de-1-768x387.png 768w\" sizes=\"auto, (max-width: 1000px) 100vw, 1000px\" \/><\/a><figcaption class=\"wp-element-caption\">Dialogfenster Company l\u00f6schen<\/figcaption><\/figure>\n<\/div><\/div>\n<\/div>\n\n\n\n<div class=\"wp-block-alfaview-callout\">\n<p>Bitte beachten Sie, dass mit der L\u00f6schung einer Company alle Daten (Benutzer, R\u00e4ume, Gast- und Gruppenlinks) gel\u00f6scht werden und Sie alle Zug\u00e4nge verlieren. <br><strong>Die L\u00f6schung ist endg\u00fcltig und kann nicht r\u00fcckg\u00e4ngig gemacht werden.<\/strong><\/p>\n<\/div>\n\n\n\n<p><\/p>\n","protected":false},"excerpt":{"rendered":"<p>Folgen Sie unserer Anleitung, um Ihre Company endg\u00fcltig zu l\u00f6schen.<br \/>\nBitte beachten Sie, dass Sie mit der L\u00f6schung jeglichen Zugriff auf die Daten Ihrer Company verlieren.<\/p>\n","protected":false},"author":3,"featured_media":0,"parent":4524,"menu_order":5,"comment_status":"closed","ping_status":"closed","template":"","meta":{"footnotes":""},"class_list":["post-635","page","type-page","status-publish","hentry"],"_links":{"self":[{"href":"https:\/\/support.alfaview.com\/de\/wp-json\/wp\/v2\/pages\/635","targetHints":{"allow":["GET"]}}],"collection":[{"href":"https:\/\/support.alfaview.com\/de\/wp-json\/wp\/v2\/pages"}],"about":[{"href":"https:\/\/support.alfaview.com\/de\/wp-json\/wp\/v2\/types\/page"}],"author":[{"embeddable":true,"href":"https:\/\/support.alfaview.com\/de\/wp-json\/wp\/v2\/users\/3"}],"replies":[{"embeddable":true,"href":"https:\/\/support.alfaview.com\/de\/wp-json\/wp\/v2\/comments?post=635"}],"version-history":[{"count":1,"href":"https:\/\/support.alfaview.com\/de\/wp-json\/wp\/v2\/pages\/635\/revisions"}],"predecessor-version":[{"id":11313,"href":"https:\/\/support.alfaview.com\/de\/wp-json\/wp\/v2\/pages\/635\/revisions\/11313"}],"up":[{"embeddable":true,"href":"https:\/\/support.alfaview.com\/de\/wp-json\/wp\/v2\/pages\/4524"}],"wp:attachment":[{"href":"https:\/\/support.alfaview.com\/de\/wp-json\/wp\/v2\/media?parent=635"}],"curies":[{"name":"wp","href":"https:\/\/api.w.org\/{rel}","templated":true}]}}