{"id":925,"date":"2023-10-18T08:17:54","date_gmt":"2023-10-18T08:17:54","guid":{"rendered":"https:\/\/support.alfaview.com\/?page_id=925"},"modified":"2025-12-03T15:05:56","modified_gmt":"2025-12-03T15:05:56","slug":"cancel-meeting","status":"publish","type":"page","link":"https:\/\/support.alfaview.com\/de\/administration\/meetings\/cancel-meeting\/","title":{"rendered":"Meeting absagen"},"content":{"rendered":"\n<div class=\"wp-block-columns is-layout-flex wp-container-core-columns-is-layout-9d6595d7 wp-block-columns-is-layout-flex\">\n<div class=\"wp-block-column is-layout-flow wp-block-column-is-layout-flow\" style=\"flex-basis:66.66%\">\n<p>Um ein Meeting abzusagen, klicken Sie auf das Kontextmen\u00fc&nbsp;<img decoding=\"async\" class=\"wp-image-2122\" style=\"width: 20px;\" src=\"https:\/\/support.alfaview.com\/wp-content\/uploads\/2023\/12\/dots.png\" alt=\"Symbol Kontextmen\u00fc\">&nbsp;neben dem Meeting in der Raumliste und w\u00e4hlen Sie&nbsp;<strong>Meeting bearbeiten<\/strong>. Durch einen Klick auf <button class=\"av-button av-button--error\">Meeting absagen<\/button> wird Ihr Meeting gel\u00f6scht und alle eingetragenen Teilnehmer:innen werden per E-Mail \u00fcber die Absage informiert.<\/p>\n\n\n\n<div class=\"wp-block-alfaview-callout\">\n<p>Bitte beachten Sie, dass Sie Teilnehmer:innen, die nicht \u00fcber die alfaview-Verwaltung eingeladen wurden, selbst \u00fcber die Absage des Meetings informieren m\u00fcssen.<\/p>\n<\/div>\n<\/div>\n\n\n\n<div class=\"wp-block-column is-layout-flow wp-block-column-is-layout-flow\" style=\"flex-basis:33.33%\"><div class=\"wp-block-image\">\n<figure class=\"alignright size-full\"><a href=\"https:\/\/support.alfaview.com\/wp-content\/uploads\/2025\/12\/alfaview_meeting-bearbeiten_de-1.png\"><img loading=\"lazy\" decoding=\"async\" width=\"780\" height=\"769\" src=\"https:\/\/support.alfaview.com\/wp-content\/uploads\/2025\/12\/alfaview_meeting-bearbeiten_de-1.png\" alt=\"In der Bearbeitungsmaske von Meetings kann das Meeting auch abgesagt werden. Daf\u00fcr gibt es einen roten Button unten links in der Maske.\" class=\"wp-image-10269\" srcset=\"https:\/\/support.alfaview.com\/wp-content\/uploads\/2025\/12\/alfaview_meeting-bearbeiten_de-1.png 780w, https:\/\/support.alfaview.com\/wp-content\/uploads\/2025\/12\/alfaview_meeting-bearbeiten_de-1-300x296.png 300w, https:\/\/support.alfaview.com\/wp-content\/uploads\/2025\/12\/alfaview_meeting-bearbeiten_de-1-768x757.png 768w\" sizes=\"auto, (max-width: 780px) 100vw, 780px\" \/><\/a><figcaption class=\"wp-element-caption\">Meeting absagen<\/figcaption><\/figure>\n<\/div><\/div>\n<\/div>\n","protected":false},"excerpt":{"rendered":"<p>Sagen Sie Meetings ab, die noch nicht begonnen haben.<br \/>\nAlle Personen, die \u00fcber die Verwaltungsoberfl\u00e4che eingeladen wurden, k\u00f6nnen \u00fcber eine automatisch generierte E-Mail \u00fcber die Absage informiert werden.<\/p>\n","protected":false},"author":3,"featured_media":0,"parent":828,"menu_order":10,"comment_status":"closed","ping_status":"closed","template":"","meta":{"footnotes":""},"class_list":["post-925","page","type-page","status-publish","hentry"],"_links":{"self":[{"href":"https:\/\/support.alfaview.com\/de\/wp-json\/wp\/v2\/pages\/925","targetHints":{"allow":["GET"]}}],"collection":[{"href":"https:\/\/support.alfaview.com\/de\/wp-json\/wp\/v2\/pages"}],"about":[{"href":"https:\/\/support.alfaview.com\/de\/wp-json\/wp\/v2\/types\/page"}],"author":[{"embeddable":true,"href":"https:\/\/support.alfaview.com\/de\/wp-json\/wp\/v2\/users\/3"}],"replies":[{"embeddable":true,"href":"https:\/\/support.alfaview.com\/de\/wp-json\/wp\/v2\/comments?post=925"}],"version-history":[{"count":0,"href":"https:\/\/support.alfaview.com\/de\/wp-json\/wp\/v2\/pages\/925\/revisions"}],"up":[{"embeddable":true,"href":"https:\/\/support.alfaview.com\/de\/wp-json\/wp\/v2\/pages\/828"}],"wp:attachment":[{"href":"https:\/\/support.alfaview.com\/de\/wp-json\/wp\/v2\/media?parent=925"}],"curies":[{"name":"wp","href":"https:\/\/api.w.org\/{rel}","templated":true}]}}